{"id":7545,"date":"2024-03-18T14:53:51","date_gmt":"2024-03-18T13:53:51","guid":{"rendered":"https:\/\/www.catene3c.it\/kardanwellen\/"},"modified":"2024-06-02T00:06:39","modified_gmt":"2024-06-01T22:06:39","slug":"kardanwellen","status":"publish","type":"page","link":"https:\/\/www.catene3c.it\/de\/einsatzbereiche\/kardanwellen\/","title":{"rendered":"Kardanwellen"},"content":{"rendered":"\t\t<div data-elementor-type=\"wp-page\" data-elementor-id=\"7545\" class=\"elementor elementor-7545 elementor-6878\" data-elementor-post-type=\"page\">\n\t\t\t\t<div class=\"elementor-element elementor-element-3695405 e-con-full e-flex e-con e-parent\" data-id=\"3695405\" data-element_type=\"container\" data-e-type=\"container\">\n\t\t\t\t<div class=\"elementor-element elementor-element-3551789 elementor-widget elementor-widget-template\" data-id=\"3551789\" data-element_type=\"widget\" data-e-type=\"widget\" data-widget_type=\"template.default\">\n\t\t\t\t<div class=\"elementor-widget-container\">\n\t\t\t\t\t\t\t<div class=\"elementor-template\">\n\t\t\t\t\t<div data-elementor-type=\"container\" data-elementor-id=\"8466\" class=\"elementor elementor-8466 elementor-2010\" data-elementor-post-type=\"elementor_library\">\n\t\t\t\t<div class=\"elementor-element elementor-element-113d4101 e-flex e-con-boxed e-con e-parent\" data-id=\"113d4101\" data-element_type=\"container\" data-e-type=\"container\" data-settings=\"{&quot;background_background&quot;:&quot;classic&quot;}\">\n\t\t\t\t\t<div class=\"e-con-inner\">\n\t\t\t\t<div class=\"elementor-element elementor-element-f435937 elementor-widget elementor-widget-shortcode\" data-id=\"f435937\" data-element_type=\"widget\" data-e-type=\"widget\" data-widget_type=\"shortcode.default\">\n\t\t\t\t\t\t\t<div class=\"elementor-shortcode\"><nav aria-label=\"breadcrumbs\" class=\"rank-math-breadcrumb\"><p><span class=\"last\">Home<\/span><\/p><\/nav><\/div>\n\t\t\t\t\t\t<\/div>\n\t\t\t\t\t<\/div>\n\t\t\t\t<\/div>\n\t\t\t\t<\/div>\n\t\t\t\t<\/div>\n\t\t\t\t\t\t<\/div>\n\t\t\t\t<\/div>\n\t\t\t\t<\/div>\n\t\t<div class=\"elementor-element elementor-element-ce860b7 e-flex e-con-boxed e-con e-parent\" data-id=\"ce860b7\" data-element_type=\"container\" data-e-type=\"container\">\n\t\t\t\t\t<div class=\"e-con-inner\">\n\t\t<div class=\"elementor-element elementor-element-0e38830 e-con-full e-flex e-con e-child\" data-id=\"0e38830\" data-element_type=\"container\" data-e-type=\"container\" data-settings=\"{&quot;background_background&quot;:&quot;classic&quot;}\">\n\t\t\t\t<\/div>\n\t\t<div class=\"elementor-element elementor-element-f975f49 e-con-full e-flex e-con e-child\" data-id=\"f975f49\" data-element_type=\"container\" data-e-type=\"container\">\n\t\t\t\t<div class=\"elementor-element elementor-element-19290bb elementor-widget elementor-widget-text-editor\" data-id=\"19290bb\" data-element_type=\"widget\" data-e-type=\"widget\" data-widget_type=\"text-editor.default\">\n\t\t\t\t\t\t\t\t\t<p>3C CATENE ist auf die Herstellung von Sicherheitsketten f\u00fcr Kardanwellen spezialisiert.<br \/>Die an einem der stillstehenden Komponenten des Traktors oder des Anbauger\u00e4ts befestigte Kette verhindert ein Mitdrehen der Schutzvorrichtung mit der rotierenden Welle im Fall, dass die Kontaktstellen unzureichend geschmiert sind.<\/p>\n<p>Zum Gew\u00e4hrleisten einer guten Witterungsbest\u00e4ndigkeit ist die Kettenoberfl\u00e4che normalerweise elektrolytisch verzinkt oder tropenfest gestaltet.<\/p>\n<p>Auch die Lieferung von Kettenst\u00fccken in den ben\u00f6tigten L\u00e4ngen ist m\u00f6glich; sie sind an den Kettenenden bereits mit Karabinerhaken oder Ringen zum Befestigen der Haube versehen.<\/p>\n\t\t\t\t\t\t\t\t<\/div>\n\t\t\t\t<div class=\"elementor-element elementor-element-f159ae7 elementor-mobile-align-justify elementor-widget elementor-widget-button\" data-id=\"f159ae7\" data-element_type=\"widget\" data-e-type=\"widget\" data-widget_type=\"button.default\">\n\t\t\t\t\t\t\t\t\t\t<a class=\"elementor-button elementor-button-link elementor-size-sm\" href=\"https:\/\/www.catene3c.it\/settori-di-utilizzo\/\">\n\t\t\t\t\t\t<span class=\"elementor-button-content-wrapper\">\n\t\t\t\t\t\t\t\t\t<span class=\"elementor-button-text\">Zur\u00fcck zu den Verwendungsm\u00f6glichkeiten<\/span>\n\t\t\t\t\t<\/span>\n\t\t\t\t\t<\/a>\n\t\t\t\t\t\t\t\t<\/div>\n\t\t\t\t<\/div>\n\t\t\t\t\t<\/div>\n\t\t\t\t<\/div>\n\t\t\t\t<\/div>\n\t\t","protected":false},"excerpt":{"rendered":"<p>3C CATENE ist auf die Herstellung von Sicherheitsketten f\u00fcr Kardanwellen spezialisiert.Die an einem der stillstehenden Komponenten des Traktors oder des Anbauger\u00e4ts befestigte Kette verhindert ein Mitdrehen der Schutzvorrichtung mit der rotierenden Welle im Fall, dass die Kontaktstellen unzureichend geschmiert sind. Zum Gew\u00e4hrleisten einer guten Witterungsbest\u00e4ndigkeit ist die Kettenoberfl\u00e4che normalerweise elektrolytisch verzinkt oder tropenfest gestaltet. Auch [&hellip;]<\/p>\n","protected":false},"author":6,"featured_media":6760,"parent":7698,"menu_order":0,"comment_status":"closed","ping_status":"closed","template":"","meta":{"footnotes":""},"class_list":["post-7545","page","type-page","status-publish","has-post-thumbnail","hentry"],"_links":{"self":[{"href":"https:\/\/www.catene3c.it\/de\/wp-json\/wp\/v2\/pages\/7545","targetHints":{"allow":["GET"]}}],"collection":[{"href":"https:\/\/www.catene3c.it\/de\/wp-json\/wp\/v2\/pages"}],"about":[{"href":"https:\/\/www.catene3c.it\/de\/wp-json\/wp\/v2\/types\/page"}],"author":[{"embeddable":true,"href":"https:\/\/www.catene3c.it\/de\/wp-json\/wp\/v2\/users\/6"}],"replies":[{"embeddable":true,"href":"https:\/\/www.catene3c.it\/de\/wp-json\/wp\/v2\/comments?post=7545"}],"version-history":[{"count":1,"href":"https:\/\/www.catene3c.it\/de\/wp-json\/wp\/v2\/pages\/7545\/revisions"}],"predecessor-version":[{"id":7546,"href":"https:\/\/www.catene3c.it\/de\/wp-json\/wp\/v2\/pages\/7545\/revisions\/7546"}],"up":[{"embeddable":true,"href":"https:\/\/www.catene3c.it\/de\/wp-json\/wp\/v2\/pages\/7698"}],"wp:featuredmedia":[{"embeddable":true,"href":"https:\/\/www.catene3c.it\/de\/wp-json\/wp\/v2\/media\/6760"}],"wp:attachment":[{"href":"https:\/\/www.catene3c.it\/de\/wp-json\/wp\/v2\/media?parent=7545"}],"curies":[{"name":"wp","href":"https:\/\/api.w.org\/{rel}","templated":true}]}}