{"id":7671,"date":"2024-03-18T16:26:10","date_gmt":"2024-03-18T15:26:10","guid":{"rendered":"https:\/\/www.catene3c.it\/verschluesse-ventile-anschluesse\/"},"modified":"2024-06-02T00:06:43","modified_gmt":"2024-06-01T22:06:43","slug":"verschluesse-ventile-anschluesse","status":"publish","type":"page","link":"https:\/\/www.catene3c.it\/de\/einsatzbereiche\/verschluesse-ventile-anschluesse\/","title":{"rendered":"Verschl\u00fcsse, Ventile, Anschl\u00fcsse"},"content":{"rendered":"\t\t<div data-elementor-type=\"wp-page\" data-elementor-id=\"7671\" class=\"elementor elementor-7671 elementor-6926\" data-elementor-post-type=\"page\">\n\t\t\t\t<div class=\"elementor-element elementor-element-3695405 e-con-full e-flex e-con e-parent\" data-id=\"3695405\" data-element_type=\"container\" data-e-type=\"container\">\n\t\t\t\t<div class=\"elementor-element elementor-element-3551789 elementor-widget elementor-widget-template\" data-id=\"3551789\" data-element_type=\"widget\" data-e-type=\"widget\" data-widget_type=\"template.default\">\n\t\t\t\t<div class=\"elementor-widget-container\">\n\t\t\t\t\t\t\t<div class=\"elementor-template\">\n\t\t\t\t\t<div data-elementor-type=\"container\" data-elementor-id=\"8466\" class=\"elementor elementor-8466 elementor-2010\" data-elementor-post-type=\"elementor_library\">\n\t\t\t\t<div class=\"elementor-element elementor-element-113d4101 e-flex e-con-boxed e-con e-parent\" data-id=\"113d4101\" data-element_type=\"container\" data-e-type=\"container\" data-settings=\"{&quot;background_background&quot;:&quot;classic&quot;}\">\n\t\t\t\t\t<div class=\"e-con-inner\">\n\t\t\t\t<div class=\"elementor-element elementor-element-f435937 elementor-widget elementor-widget-shortcode\" data-id=\"f435937\" data-element_type=\"widget\" data-e-type=\"widget\" data-widget_type=\"shortcode.default\">\n\t\t\t\t\t\t\t<div class=\"elementor-shortcode\"><nav aria-label=\"breadcrumbs\" class=\"rank-math-breadcrumb\"><p><span class=\"last\">Home<\/span><\/p><\/nav><\/div>\n\t\t\t\t\t\t<\/div>\n\t\t\t\t\t<\/div>\n\t\t\t\t<\/div>\n\t\t\t\t<\/div>\n\t\t\t\t<\/div>\n\t\t\t\t\t\t<\/div>\n\t\t\t\t<\/div>\n\t\t\t\t<\/div>\n\t\t<div class=\"elementor-element elementor-element-ce860b7 e-flex e-con-boxed e-con e-parent\" data-id=\"ce860b7\" data-element_type=\"container\" data-e-type=\"container\">\n\t\t\t\t\t<div class=\"e-con-inner\">\n\t\t<div class=\"elementor-element elementor-element-0e38830 e-con-full e-flex e-con e-child\" data-id=\"0e38830\" data-element_type=\"container\" data-e-type=\"container\" data-settings=\"{&quot;background_background&quot;:&quot;classic&quot;}\">\n\t\t\t\t<\/div>\n\t\t<div class=\"elementor-element elementor-element-f975f49 e-con-full e-flex e-con e-child\" data-id=\"f975f49\" data-element_type=\"container\" data-e-type=\"container\">\n\t\t\t\t<div class=\"elementor-element elementor-element-19290bb elementor-widget elementor-widget-text-editor\" data-id=\"19290bb\" data-element_type=\"widget\" data-e-type=\"widget\" data-widget_type=\"text-editor.default\">\n\t\t\t\t\t\t\t\t\t<p>3C CATENE ist auf die Herstellung von Ketten zum Festmachen von Verschl\u00fcssen, Ventilen und Anschl\u00fcssen spezialisiert.<br><span style=\"text-align: var(--text-align); color: var( --e-global-color-text ); font-family: var( --e-global-typography-62c4f24-font-family ), Sans-serif; font-size: var( --e-global-typography-62c4f24-font-size ); font-weight: var( --e-global-typography-62c4f24-font-weight ); letter-spacing: var( --e-global-typography-62c4f24-letter-spacing ); word-spacing: var( --e-global-typography-62c4f24-word-spacing );\">Die Aufgabe dieser Ketten ist es, Kappen oder andere Bauteile mit der festen Struktur von Ausr\u00fcstungen zu verbinden und zu verhindern, dass sie herunterfallen, entfernt werden oder verloren gehen.<\/span><\/p>\n<p>Wir k\u00f6nnen Ketten auch direkt in St\u00fccke einer gew\u00fcnschten L\u00e4nge schneiden und deren Kettenenden bereits mit Haken oder Ringen zur Befestigung an eine Struktur versehen. Die Kettenst\u00fccke k\u00f6nnen in allen Gr\u00f6\u00dfen und in allen im Katalog angegebenen Ausf\u00fchrungen geliefert werden.<\/p><p>Eine lange Lebensdauer versprechen Edelstahlketten; sie rosten nicht und ihre Oberfl\u00e4chen bleiben stets gl\u00e4nzend und sauber.<\/p>\t\t\t\t\t\t\t\t<\/div>\n\t\t\t\t<div class=\"elementor-element elementor-element-3397ab5 elementor-mobile-align-justify elementor-widget elementor-widget-button\" data-id=\"3397ab5\" data-element_type=\"widget\" data-e-type=\"widget\" data-widget_type=\"button.default\">\n\t\t\t\t\t\t\t\t\t\t<a class=\"elementor-button elementor-button-link elementor-size-sm\" href=\"https:\/\/www.catene3c.it\/settori-di-utilizzo\/\">\n\t\t\t\t\t\t<span class=\"elementor-button-content-wrapper\">\n\t\t\t\t\t\t\t\t\t<span class=\"elementor-button-text\">Zur\u00fcck zu den Verwendungsm\u00f6glichkeiten<\/span>\n\t\t\t\t\t<\/span>\n\t\t\t\t\t<\/a>\n\t\t\t\t\t\t\t\t<\/div>\n\t\t\t\t<\/div>\n\t\t\t\t\t<\/div>\n\t\t\t\t<\/div>\n\t\t\t\t<\/div>\n\t\t","protected":false},"excerpt":{"rendered":"<p>3C CATENE ist auf die Herstellung von Ketten zum Festmachen von Verschl\u00fcssen, Ventilen und Anschl\u00fcssen spezialisiert.Die Aufgabe dieser Ketten ist es, Kappen oder andere Bauteile mit der festen Struktur von Ausr\u00fcstungen zu verbinden und zu verhindern, dass sie herunterfallen, entfernt werden oder verloren gehen. Wir k\u00f6nnen Ketten auch direkt in St\u00fccke einer gew\u00fcnschten L\u00e4nge schneiden [&hellip;]<\/p>\n","protected":false},"author":6,"featured_media":6854,"parent":7698,"menu_order":0,"comment_status":"closed","ping_status":"closed","template":"","meta":{"footnotes":""},"class_list":["post-7671","page","type-page","status-publish","has-post-thumbnail","hentry"],"_links":{"self":[{"href":"https:\/\/www.catene3c.it\/de\/wp-json\/wp\/v2\/pages\/7671","targetHints":{"allow":["GET"]}}],"collection":[{"href":"https:\/\/www.catene3c.it\/de\/wp-json\/wp\/v2\/pages"}],"about":[{"href":"https:\/\/www.catene3c.it\/de\/wp-json\/wp\/v2\/types\/page"}],"author":[{"embeddable":true,"href":"https:\/\/www.catene3c.it\/de\/wp-json\/wp\/v2\/users\/6"}],"replies":[{"embeddable":true,"href":"https:\/\/www.catene3c.it\/de\/wp-json\/wp\/v2\/comments?post=7671"}],"version-history":[{"count":1,"href":"https:\/\/www.catene3c.it\/de\/wp-json\/wp\/v2\/pages\/7671\/revisions"}],"predecessor-version":[{"id":7672,"href":"https:\/\/www.catene3c.it\/de\/wp-json\/wp\/v2\/pages\/7671\/revisions\/7672"}],"up":[{"embeddable":true,"href":"https:\/\/www.catene3c.it\/de\/wp-json\/wp\/v2\/pages\/7698"}],"wp:featuredmedia":[{"embeddable":true,"href":"https:\/\/www.catene3c.it\/de\/wp-json\/wp\/v2\/media\/6854"}],"wp:attachment":[{"href":"https:\/\/www.catene3c.it\/de\/wp-json\/wp\/v2\/media?parent=7671"}],"curies":[{"name":"wp","href":"https:\/\/api.w.org\/{rel}","templated":true}]}}