{"id":7710,"date":"2023-09-19T17:09:57","date_gmt":"2023-09-19T15:09:57","guid":{"rendered":"https:\/\/www.catene3c.it\/geschichte\/"},"modified":"2024-06-03T22:55:24","modified_gmt":"2024-06-03T20:55:24","slug":"geschichte","status":"publish","type":"page","link":"https:\/\/www.catene3c.it\/de\/geschichte\/","title":{"rendered":"Geschichte"},"content":{"rendered":"\t\t<div data-elementor-type=\"wp-page\" data-elementor-id=\"7710\" class=\"elementor elementor-7710 elementor-969\" data-elementor-post-type=\"page\">\n\t\t\t\t<div class=\"elementor-element elementor-element-e3ef7ed e-con-full e-flex e-con e-parent\" data-id=\"e3ef7ed\" data-element_type=\"container\" data-e-type=\"container\">\n\t\t\t\t<div class=\"elementor-element elementor-element-d5f8e5d elementor-widget elementor-widget-template\" data-id=\"d5f8e5d\" data-element_type=\"widget\" data-e-type=\"widget\" data-widget_type=\"template.default\">\n\t\t\t\t<div class=\"elementor-widget-container\">\n\t\t\t\t\t\t\t<div class=\"elementor-template\">\n\t\t\t\t\t<div data-elementor-type=\"container\" data-elementor-id=\"8466\" class=\"elementor elementor-8466 elementor-2010\" data-elementor-post-type=\"elementor_library\">\n\t\t\t\t<div class=\"elementor-element elementor-element-113d4101 e-flex e-con-boxed e-con e-parent\" data-id=\"113d4101\" data-element_type=\"container\" data-e-type=\"container\" data-settings=\"{&quot;background_background&quot;:&quot;classic&quot;}\">\n\t\t\t\t\t<div class=\"e-con-inner\">\n\t\t\t\t<div class=\"elementor-element elementor-element-f435937 elementor-widget elementor-widget-shortcode\" data-id=\"f435937\" data-element_type=\"widget\" data-e-type=\"widget\" data-widget_type=\"shortcode.default\">\n\t\t\t\t\t\t\t<div class=\"elementor-shortcode\"><nav aria-label=\"breadcrumbs\" class=\"rank-math-breadcrumb\"><p><span class=\"last\">Home<\/span><\/p><\/nav><\/div>\n\t\t\t\t\t\t<\/div>\n\t\t\t\t\t<\/div>\n\t\t\t\t<\/div>\n\t\t\t\t<\/div>\n\t\t\t\t<\/div>\n\t\t\t\t\t\t<\/div>\n\t\t\t\t<\/div>\n\t\t\t\t<\/div>\n\t\t<div class=\"elementor-element elementor-element-83b13f4 e-flex e-con-boxed e-con e-parent\" data-id=\"83b13f4\" data-element_type=\"container\" data-e-type=\"container\">\n\t\t\t\t\t<div class=\"e-con-inner\">\n\t\t<div class=\"elementor-element elementor-element-89956d8 e-flex e-con-boxed e-con e-child\" data-id=\"89956d8\" data-element_type=\"container\" data-e-type=\"container\">\n\t\t\t\t\t<div class=\"e-con-inner\">\n\t\t\t\t<div class=\"elementor-element elementor-element-65f56cd elementor-widget-mobile__width-initial elementor-widget elementor-widget-image\" data-id=\"65f56cd\" data-element_type=\"widget\" data-e-type=\"widget\" data-widget_type=\"image.default\">\n\t\t\t\t\t\t\t\t\t\t\t\t\t\t\t<img fetchpriority=\"high\" decoding=\"async\" width=\"800\" height=\"600\" src=\"https:\/\/www.catene3c.it\/wp-content\/uploads\/2024\/03\/3C-Catene-Storia-01-1024x768.webp\" class=\"attachment-large size-large wp-image-7010\" alt=\"3C Catene -\" srcset=\"https:\/\/www.catene3c.it\/wp-content\/uploads\/2024\/03\/3C-Catene-Storia-01-1024x768.webp 1024w, https:\/\/www.catene3c.it\/wp-content\/uploads\/2024\/03\/3C-Catene-Storia-01-300x225.webp 300w, https:\/\/www.catene3c.it\/wp-content\/uploads\/2024\/03\/3C-Catene-Storia-01-768x576.webp 768w, https:\/\/www.catene3c.it\/wp-content\/uploads\/2024\/03\/3C-Catene-Storia-01-600x450.webp 600w, https:\/\/www.catene3c.it\/wp-content\/uploads\/2024\/03\/3C-Catene-Storia-01.webp 1200w\" sizes=\"(max-width: 800px) 100vw, 800px\" title=\"3C Catene -\">\t\t\t\t\t\t\t\t\t\t\t\t\t\t\t<\/div>\n\t\t\t\t<div class=\"elementor-element elementor-element-cd8b704 elementor-widget-mobile__width-initial elementor-widget elementor-widget-image\" data-id=\"cd8b704\" data-element_type=\"widget\" data-e-type=\"widget\" data-widget_type=\"image.default\">\n\t\t\t\t\t\t\t\t\t\t\t\t\t\t\t<img decoding=\"async\" width=\"800\" height=\"600\" src=\"https:\/\/www.catene3c.it\/wp-content\/uploads\/2024\/03\/3C-Catene-Storia-02-1024x768.webp\" class=\"attachment-large size-large wp-image-7015\" alt=\"3C Catene -\" srcset=\"https:\/\/www.catene3c.it\/wp-content\/uploads\/2024\/03\/3C-Catene-Storia-02-1024x768.webp 1024w, https:\/\/www.catene3c.it\/wp-content\/uploads\/2024\/03\/3C-Catene-Storia-02-300x225.webp 300w, https:\/\/www.catene3c.it\/wp-content\/uploads\/2024\/03\/3C-Catene-Storia-02-768x576.webp 768w, https:\/\/www.catene3c.it\/wp-content\/uploads\/2024\/03\/3C-Catene-Storia-02-600x450.webp 600w, https:\/\/www.catene3c.it\/wp-content\/uploads\/2024\/03\/3C-Catene-Storia-02.webp 1200w\" sizes=\"(max-width: 800px) 100vw, 800px\" title=\"3C Catene -\">\t\t\t\t\t\t\t\t\t\t\t\t\t\t\t<\/div>\n\t\t\t\t<div class=\"elementor-element elementor-element-ec12fe8 elementor-widget-mobile__width-initial elementor-widget elementor-widget-image\" data-id=\"ec12fe8\" data-element_type=\"widget\" data-e-type=\"widget\" data-widget_type=\"image.default\">\n\t\t\t\t\t\t\t\t\t\t\t\t\t\t\t<img decoding=\"async\" width=\"800\" height=\"600\" src=\"https:\/\/www.catene3c.it\/wp-content\/uploads\/2024\/03\/3C-Catene-Storia-03-1024x768.webp\" class=\"attachment-large size-large wp-image-7020\" alt=\"3C Catene -\" srcset=\"https:\/\/www.catene3c.it\/wp-content\/uploads\/2024\/03\/3C-Catene-Storia-03-1024x768.webp 1024w, https:\/\/www.catene3c.it\/wp-content\/uploads\/2024\/03\/3C-Catene-Storia-03-300x225.webp 300w, https:\/\/www.catene3c.it\/wp-content\/uploads\/2024\/03\/3C-Catene-Storia-03-768x576.webp 768w, https:\/\/www.catene3c.it\/wp-content\/uploads\/2024\/03\/3C-Catene-Storia-03-600x450.webp 600w, https:\/\/www.catene3c.it\/wp-content\/uploads\/2024\/03\/3C-Catene-Storia-03.webp 1200w\" sizes=\"(max-width: 800px) 100vw, 800px\" title=\"3C Catene -\">\t\t\t\t\t\t\t\t\t\t\t\t\t\t\t<\/div>\n\t\t\t\t<div class=\"elementor-element elementor-element-d8a5bff elementor-widget-mobile__width-initial elementor-widget elementor-widget-image\" data-id=\"d8a5bff\" data-element_type=\"widget\" data-e-type=\"widget\" data-widget_type=\"image.default\">\n\t\t\t\t\t\t\t\t\t\t\t\t\t\t\t<img loading=\"lazy\" decoding=\"async\" width=\"800\" height=\"600\" src=\"https:\/\/www.catene3c.it\/wp-content\/uploads\/2024\/03\/3C-Catene-Storia-04-1024x768.webp\" class=\"attachment-large size-large wp-image-7025\" alt=\"3C Catene -\" srcset=\"https:\/\/www.catene3c.it\/wp-content\/uploads\/2024\/03\/3C-Catene-Storia-04-1024x768.webp 1024w, https:\/\/www.catene3c.it\/wp-content\/uploads\/2024\/03\/3C-Catene-Storia-04-300x225.webp 300w, https:\/\/www.catene3c.it\/wp-content\/uploads\/2024\/03\/3C-Catene-Storia-04-768x576.webp 768w, https:\/\/www.catene3c.it\/wp-content\/uploads\/2024\/03\/3C-Catene-Storia-04-600x450.webp 600w, https:\/\/www.catene3c.it\/wp-content\/uploads\/2024\/03\/3C-Catene-Storia-04.webp 1200w\" sizes=\"(max-width: 800px) 100vw, 800px\" title=\"3C Catene -\">\t\t\t\t\t\t\t\t\t\t\t\t\t\t\t<\/div>\n\t\t\t\t\t<\/div>\n\t\t\t\t<\/div>\n\t\t\t\t<div class=\"elementor-element elementor-element-4f90fef elementor-widget elementor-widget-text-editor\" data-id=\"4f90fef\" data-element_type=\"widget\" data-e-type=\"widget\" data-widget_type=\"text-editor.default\">\n\t\t\t\t\t\t\t\t\t<p>Unsere Geschichte setzt haupts\u00e4chlich auf Werte, weniger auf wirtschaftliche Ergebnisse; sie zeichnet sich durch ihre nutzbringenden regionalen Beziehungen und Kooperationen aus, durch die unsere T\u00e4tigkeit einen Mehrwert bei der Herstellung von Metallketten erh\u00e4lt.<\/p>\n<p>Das Unternehmen 3C Catene wurde 1973 von Giampietro Cortiana und anderen Gesellschaftern als Personengesellschaft gegr\u00fcndet. 1988 \u00fcbernahmen wir, die S\u00f6hne Walter und Luca, das Unternehmen als Alleineigent\u00fcmer. Seitdem f\u00fchrten wir das Unternehmen gemeinsam zu marktweitem Erfolg. Der Gang an die B\u00f6rse und die Umwandlung in eine Aktiengesellschaft im Jahr 2007 festigte die Position des Unternehmens international.<\/p>\n<p>Im M\u00e4rz 2000 erzielte 3C Catene die Zertifizierung f\u00fcr das Qualit\u00e4tsmanagement UNI EN ISO 9001 \u2013 f\u00fcr uns eine Verpflichtung, uns stetig zu verbessern und Schritt mit den sich \u00e4ndernden Marktanforderungen zu halten.<\/p>\n<p>Im April 2020 wurde dem Unternehmen au\u00dferdem die Zertifizierung f\u00fcr das Umweltmanagementsystem UNI EN ISO 14001 zuerkannt, eine Anerkennung unseres kontinuierlichen Engagements, das Unternehmen nachhaltig zu gestalten.<\/p>\n<p>Auszeichnungen, beispielsweise 2009 der 3. Platz beim Projekt BenchArt (lombardische Handwerksbetriebe, die f\u00fcr ihre \u201eQualit\u00e4t und Innovation in der Produktion\u201c ausgezeichnet werden) und 2017 der 1. Preis beim Wettbewerb WELFARE INDEX PMI (Bereich Handwerk), zeugen von unserer hervorragenden Qualit\u00e4t bei der Herstellung von kleinen Metallketten.<\/p>\n<p>Wir sind stolz auf unsere Mitgliedschaft bei \u201eConfartigianato Imprese\u201c; dabei nehmen wir im universit\u00e4ren und wissenschaftlichen Bereich aktiv an innovativen Projekten, Forschungsprojekten und der Forschung in der Region Lecco teil.<\/p>\n<p>Weiterhin f\u00f6rdern wir regional Kooperationen mit Schulen, Vereinen und Institutionen mit dem Ziel der Einbindung von Jugendlichen und Studenten in Orientierungs-, Schul- und Ausbildungsprojekte und der Verbreitung der im Handwerk g\u00e4ngigen Kultur, Ethik und Werte; sie sind fundamental, sowohl in unserem Sektor als auch beim Herstellen von Metallketten.<\/p>\n<p>Die Vergangenheit im Blick und die Zukunft im Visier unterliegt unsere Geschichte einer stetigen Evolution.<\/p>\n\t\t\t\t\t\t\t\t<\/div>\n\t\t\t\t\t<\/div>\n\t\t\t\t<\/div>\n\t\t\t\t<\/div>\n\t\t","protected":false},"excerpt":{"rendered":"<p>Unsere Geschichte setzt haupts\u00e4chlich auf Werte, weniger auf wirtschaftliche Ergebnisse; sie zeichnet sich durch ihre nutzbringenden regionalen Beziehungen und Kooperationen aus, durch die unsere T\u00e4tigkeit einen Mehrwert bei der Herstellung von Metallketten erh\u00e4lt. Das Unternehmen 3C Catene wurde 1973 von Giampietro Cortiana und anderen Gesellschaftern als Personengesellschaft gegr\u00fcndet. 1988 \u00fcbernahmen wir, die S\u00f6hne Walter und [&hellip;]<\/p>\n","protected":false},"author":6,"featured_media":0,"parent":0,"menu_order":0,"comment_status":"closed","ping_status":"closed","template":"","meta":{"footnotes":""},"class_list":["post-7710","page","type-page","status-publish","hentry"],"_links":{"self":[{"href":"https:\/\/www.catene3c.it\/de\/wp-json\/wp\/v2\/pages\/7710","targetHints":{"allow":["GET"]}}],"collection":[{"href":"https:\/\/www.catene3c.it\/de\/wp-json\/wp\/v2\/pages"}],"about":[{"href":"https:\/\/www.catene3c.it\/de\/wp-json\/wp\/v2\/types\/page"}],"author":[{"embeddable":true,"href":"https:\/\/www.catene3c.it\/de\/wp-json\/wp\/v2\/users\/6"}],"replies":[{"embeddable":true,"href":"https:\/\/www.catene3c.it\/de\/wp-json\/wp\/v2\/comments?post=7710"}],"version-history":[{"count":1,"href":"https:\/\/www.catene3c.it\/de\/wp-json\/wp\/v2\/pages\/7710\/revisions"}],"predecessor-version":[{"id":7711,"href":"https:\/\/www.catene3c.it\/de\/wp-json\/wp\/v2\/pages\/7710\/revisions\/7711"}],"wp:attachment":[{"href":"https:\/\/www.catene3c.it\/de\/wp-json\/wp\/v2\/media?parent=7710"}],"curies":[{"name":"wp","href":"https:\/\/api.w.org\/{rel}","templated":true}]}}