{"id":7714,"date":"2023-09-19T17:10:29","date_gmt":"2023-09-19T15:10:29","guid":{"rendered":"https:\/\/www.catene3c.it\/unternehmenspolitik\/"},"modified":"2026-02-21T16:38:15","modified_gmt":"2026-02-21T15:38:15","slug":"unternehmenspolitik","status":"publish","type":"page","link":"https:\/\/www.catene3c.it\/de\/unternehmenspolitik\/","title":{"rendered":"Unternehmenspolitik"},"content":{"rendered":"\t\t<div data-elementor-type=\"wp-page\" data-elementor-id=\"7714\" class=\"elementor elementor-7714 elementor-971\" data-elementor-post-type=\"page\">\n\t\t\t\t<div class=\"elementor-element elementor-element-64f8ff4 e-con-full e-flex e-con e-parent\" data-id=\"64f8ff4\" data-element_type=\"container\" data-e-type=\"container\">\n\t\t\t\t<div class=\"elementor-element elementor-element-76d9ec2 elementor-widget elementor-widget-template\" data-id=\"76d9ec2\" data-element_type=\"widget\" data-e-type=\"widget\" data-widget_type=\"template.default\">\n\t\t\t\t<div class=\"elementor-widget-container\">\n\t\t\t\t\t\t\t<div class=\"elementor-template\">\n\t\t\t\t\t<div data-elementor-type=\"container\" data-elementor-id=\"8466\" class=\"elementor elementor-8466 elementor-2010\" data-elementor-post-type=\"elementor_library\">\n\t\t\t\t<div class=\"elementor-element elementor-element-113d4101 e-flex e-con-boxed e-con e-parent\" data-id=\"113d4101\" data-element_type=\"container\" data-e-type=\"container\" data-settings=\"{&quot;background_background&quot;:&quot;classic&quot;}\">\n\t\t\t\t\t<div class=\"e-con-inner\">\n\t\t\t\t<div class=\"elementor-element elementor-element-f435937 elementor-widget elementor-widget-shortcode\" data-id=\"f435937\" data-element_type=\"widget\" data-e-type=\"widget\" data-widget_type=\"shortcode.default\">\n\t\t\t\t\t\t\t<div class=\"elementor-shortcode\"><nav aria-label=\"breadcrumbs\" class=\"rank-math-breadcrumb\"><p><span class=\"last\">Home<\/span><\/p><\/nav><\/div>\n\t\t\t\t\t\t<\/div>\n\t\t\t\t\t<\/div>\n\t\t\t\t<\/div>\n\t\t\t\t<\/div>\n\t\t\t\t<\/div>\n\t\t\t\t\t\t<\/div>\n\t\t\t\t<\/div>\n\t\t\t\t<\/div>\n\t\t<div class=\"elementor-element elementor-element-4d2d331 e-flex e-con-boxed e-con e-parent\" data-id=\"4d2d331\" data-element_type=\"container\" data-e-type=\"container\">\n\t\t\t\t\t<div class=\"e-con-inner\">\n\t\t<div class=\"elementor-element elementor-element-7653ee1 e-flex e-con-boxed e-con e-child\" data-id=\"7653ee1\" data-element_type=\"container\" data-e-type=\"container\">\n\t\t\t\t\t<div class=\"e-con-inner\">\n\t\t\t\t<div class=\"elementor-element elementor-element-9fc1bf9 elementor-widget elementor-widget-image\" data-id=\"9fc1bf9\" data-element_type=\"widget\" data-e-type=\"widget\" data-widget_type=\"image.default\">\n\t\t\t\t\t\t\t\t\t\t\t\t\t\t\t<img fetchpriority=\"high\" decoding=\"async\" width=\"800\" height=\"600\" src=\"https:\/\/www.catene3c.it\/wp-content\/uploads\/2024\/03\/3C-Catene-Politica-aziendale-01-1024x768.webp\" class=\"attachment-large size-large wp-image-7118\" alt=\"3C Catene -\" srcset=\"https:\/\/www.catene3c.it\/wp-content\/uploads\/2024\/03\/3C-Catene-Politica-aziendale-01-1024x768.webp 1024w, https:\/\/www.catene3c.it\/wp-content\/uploads\/2024\/03\/3C-Catene-Politica-aziendale-01-300x225.webp 300w, https:\/\/www.catene3c.it\/wp-content\/uploads\/2024\/03\/3C-Catene-Politica-aziendale-01-768x576.webp 768w, https:\/\/www.catene3c.it\/wp-content\/uploads\/2024\/03\/3C-Catene-Politica-aziendale-01-600x450.webp 600w, https:\/\/www.catene3c.it\/wp-content\/uploads\/2024\/03\/3C-Catene-Politica-aziendale-01.webp 1200w\" sizes=\"(max-width: 800px) 100vw, 800px\" title=\"3C Catene -\">\t\t\t\t\t\t\t\t\t\t\t\t\t\t\t<\/div>\n\t\t\t\t<div class=\"elementor-element elementor-element-1a84c93 elementor-widget elementor-widget-image\" data-id=\"1a84c93\" data-element_type=\"widget\" data-e-type=\"widget\" data-widget_type=\"image.default\">\n\t\t\t\t\t\t\t\t\t\t\t\t\t\t\t<img decoding=\"async\" width=\"800\" height=\"600\" src=\"https:\/\/www.catene3c.it\/wp-content\/uploads\/2024\/03\/3C-Catene-Politica-aziendale-02-1024x768.webp\" class=\"attachment-large size-large wp-image-7123\" alt=\"3C Catene -\" srcset=\"https:\/\/www.catene3c.it\/wp-content\/uploads\/2024\/03\/3C-Catene-Politica-aziendale-02-1024x768.webp 1024w, https:\/\/www.catene3c.it\/wp-content\/uploads\/2024\/03\/3C-Catene-Politica-aziendale-02-300x225.webp 300w, https:\/\/www.catene3c.it\/wp-content\/uploads\/2024\/03\/3C-Catene-Politica-aziendale-02-768x576.webp 768w, https:\/\/www.catene3c.it\/wp-content\/uploads\/2024\/03\/3C-Catene-Politica-aziendale-02-600x450.webp 600w, https:\/\/www.catene3c.it\/wp-content\/uploads\/2024\/03\/3C-Catene-Politica-aziendale-02.webp 1200w\" sizes=\"(max-width: 800px) 100vw, 800px\" title=\"3C Catene -\">\t\t\t\t\t\t\t\t\t\t\t\t\t\t\t<\/div>\n\t\t\t\t<div class=\"elementor-element elementor-element-ecbb3cd elementor-widget elementor-widget-image\" data-id=\"ecbb3cd\" data-element_type=\"widget\" data-e-type=\"widget\" data-widget_type=\"image.default\">\n\t\t\t\t\t\t\t\t\t\t\t\t\t\t\t<img decoding=\"async\" width=\"800\" height=\"600\" src=\"https:\/\/www.catene3c.it\/wp-content\/uploads\/2024\/03\/3C-Catene-Politica-aziendale-03-1024x768.webp\" class=\"attachment-large size-large wp-image-7128\" alt=\"3C Catene -\" srcset=\"https:\/\/www.catene3c.it\/wp-content\/uploads\/2024\/03\/3C-Catene-Politica-aziendale-03-1024x768.webp 1024w, https:\/\/www.catene3c.it\/wp-content\/uploads\/2024\/03\/3C-Catene-Politica-aziendale-03-300x225.webp 300w, https:\/\/www.catene3c.it\/wp-content\/uploads\/2024\/03\/3C-Catene-Politica-aziendale-03-768x576.webp 768w, https:\/\/www.catene3c.it\/wp-content\/uploads\/2024\/03\/3C-Catene-Politica-aziendale-03-600x450.webp 600w, https:\/\/www.catene3c.it\/wp-content\/uploads\/2024\/03\/3C-Catene-Politica-aziendale-03.webp 1200w\" sizes=\"(max-width: 800px) 100vw, 800px\" title=\"3C Catene -\">\t\t\t\t\t\t\t\t\t\t\t\t\t\t\t<\/div>\n\t\t\t\t<div class=\"elementor-element elementor-element-2723db4 elementor-widget elementor-widget-image\" data-id=\"2723db4\" data-element_type=\"widget\" data-e-type=\"widget\" data-widget_type=\"image.default\">\n\t\t\t\t\t\t\t\t\t\t\t\t\t\t\t<img loading=\"lazy\" decoding=\"async\" width=\"800\" height=\"600\" src=\"https:\/\/www.catene3c.it\/wp-content\/uploads\/2024\/03\/3C-Catene-Politica-aziendale-04-1024x768.webp\" class=\"attachment-large size-large wp-image-7133\" alt=\"3C Catene -\" srcset=\"https:\/\/www.catene3c.it\/wp-content\/uploads\/2024\/03\/3C-Catene-Politica-aziendale-04-1024x768.webp 1024w, https:\/\/www.catene3c.it\/wp-content\/uploads\/2024\/03\/3C-Catene-Politica-aziendale-04-300x225.webp 300w, https:\/\/www.catene3c.it\/wp-content\/uploads\/2024\/03\/3C-Catene-Politica-aziendale-04-768x576.webp 768w, https:\/\/www.catene3c.it\/wp-content\/uploads\/2024\/03\/3C-Catene-Politica-aziendale-04-600x450.webp 600w, https:\/\/www.catene3c.it\/wp-content\/uploads\/2024\/03\/3C-Catene-Politica-aziendale-04.webp 1200w\" sizes=\"(max-width: 800px) 100vw, 800px\" title=\"3C Catene -\">\t\t\t\t\t\t\t\t\t\t\t\t\t\t\t<\/div>\n\t\t\t\t\t<\/div>\n\t\t\t\t<\/div>\n\t\t\t\t<div class=\"elementor-element elementor-element-a3be3d5 elementor-widget elementor-widget-text-editor\" data-id=\"a3be3d5\" data-element_type=\"widget\" data-e-type=\"widget\" data-widget_type=\"text-editor.default\">\n\t\t\t\t\t\t\t\t\t<p>Mit dem Ziel der Schaffung eines universellen und effizienten Unternehmenssystems werden darin alle Qualit\u00e4ts-, Umwelt-, Gesundheits- und Sicherheitsaspekte integriert. Die Qualit\u00e4ts- und Umweltsysteme besitzen Zertifizierungen gem\u00e4\u00df ISO 9001:2015 und ISO 14001:2015. <\/p><p>Die Unternehmenspolitik unterliegt unter Ber\u00fccksichtigung der einschl\u00e4gigen Gesetze einer stetigen Aktualisierung und wird allen Unternehmensebenen bekannt gegeben; dies erm\u00f6glicht eine effiziente \u00dcberpr\u00fcfung auf organisatorischer Ebene und die Aus\u00fcbung verschiedener Prozesse, die durch das Anwenden von Verfahren und das Einbeziehen aller Unternehmensfunktionen erfolgen.<br>Die Unternehmenspolitik muss den Werten und den unternehmerischen Visionen stets und \u00fcberall entsprechen, damit die gesetzten Ziele erreicht werden.<\/p><p>Alle Parteien m\u00fcssen ihre jeweiligen Aufgaben verantwortungsvoll erf\u00fcllen k\u00f6nnen; daf\u00fcr stehen ihnen eine entsprechende Ausbildung sowie die gemeinsame Nutzung bzw. Anwendung spezifischer, operativer Prozeduren zur Verf\u00fcgung, und zwar f\u00fcr jeden Unternehmensbereich und jede Arbeitsphase.<br>\u00dcberpr\u00fcfungen und Kontrollen werden auf allen Ebenen organisiert; sie gew\u00e4hrleisten, dass in den verschiedenen Unternehmensprozessen alle Gesetzes- und Unternehmensvorschriften angewandt werden.<\/p>\t\t\t\t\t\t\t\t<\/div>\n\t\t\t\t<div class=\"elementor-element elementor-element-d42ff57 elementor-widget elementor-widget-text-editor\" data-id=\"d42ff57\" data-element_type=\"widget\" data-e-type=\"widget\" data-widget_type=\"text-editor.default\">\n\t\t\t\t\t\t\t\t\t<h5>Qualit\u00e4tspolitik<\/h5><ul><li>Das Erf\u00fcllen von Kundenbed\u00fcrfnissen ist oberstes Unternehmensziel. Dies wollen wir mithilfe der Qualit\u00e4t unserer Produkte und Serviceleistungen, die wir zu einem wettbewerbsf\u00e4higen Preis anbieten, sowie durch das professionelle Auftreten unseres gesamten Mitarbeiterstabs erreichen. Unser Ziel ist, dass wir unsere Kunden an uns binden k\u00f6nnen und dass sie unserem Unternehmen stets ihr Vertrauen schenken.<\/li><li>Eine Konstante all unserer Unternehmensaktivit\u00e4ten ist unsere innovative Forschung. Dies gilt sowohl f\u00fcr unsere Produkte als auch f\u00fcr Verfahren. Die angestrebten Ziele sind Leistungssteigerung bei gleichzeitig verbesserter Produktsicherheit sowie der Schutz der Umwelt.<\/li><li>Unsere Organisation stellt den Menschen immer ins Zentrum der Aufmerksamkeit, und zwar durch Beteiligung und Verantwortung innerhalb des Projekts und durch dessen Teilhabe an der Unternehmensphilosophie. Jeder Mitarbeiter muss sich stets seiner Aufgabenbereiche bewusst sein und wissen, worauf er seine Bem\u00fchungen konzentrieren muss. Teamarbeit und die Einbindung des gesamten Personals werden auf allen Ebenen jedes operativen Bereichs gef\u00f6rdert.<\/li><li>Lieferanten und externe Ressourcen gelten als integrale Bestandteile der Unternehmensproduktion. Sie sind verpflichtet, unsere Unternehmensvisionen zu teilen und m\u00fcssen von der Zusammenarbeit mit uns \u00fcberzeugt sein.<\/li><\/ul>\t\t\t\t\t\t\t\t<\/div>\n\t\t\t\t<div class=\"elementor-element elementor-element-385995e elementor-widget elementor-widget-text-editor\" data-id=\"385995e\" data-element_type=\"widget\" data-e-type=\"widget\" data-widget_type=\"text-editor.default\">\n\t\t\t\t\t\t\t\t\t<h5>Umweltpolitik<\/h5>\n<ul>\n<li>Wir stellen uns die Aufgabe, Umweltvorschriften nicht nur einzuhalten, sondern spezifische Strategien anzuwenden, um alle negativen Auswirkungen unserer Produktions- und Verwaltungsprozesse bestm\u00f6glich zu begrenzen.<\/li>\n<li>Wir stellen jeden Prozess des Unternehmens auf den Pr\u00fcfstand, nicht nur im Hinblick auf Leistungsziele und maximale Effizienz, sondern ebenfalls in Bezug auf das Vermeiden von Ressourcenverschwendung und Umweltverschmutzung jeglicher Art.<\/li>\n<li>Unser Ziel ist es, bei unserer unternehmerischen T\u00e4tigkeit das Erzeugen von Abf\u00e4llen weitm\u00f6glichst zu reduzieren.<\/li>\n<li>Nachhaltigkeit liegt uns am Herzen, deshalb sind wir dabei, stetig den Anteil unserer selbst erzeugten Energie unserem Bedarf anzupassen.<\/li>\n<\/ul>\t\t\t\t\t\t\t\t<\/div>\n\t\t\t\t<div class=\"elementor-element elementor-element-1b234ff elementor-widget elementor-widget-text-editor\" data-id=\"1b234ff\" data-element_type=\"widget\" data-e-type=\"widget\" data-widget_type=\"text-editor.default\">\n\t\t\t\t\t\t\t\t\t<h5>Sicherheitspolitik<\/h5><ul><li>Wir \u00fcberwachen kontinuierlich die Sicherheit der bei uns arbeitenden Menschen und gew\u00e4hrleisten ihre Gesundheit. Aus diesem Grund sorgen wir daf\u00fcr, dass die Arbeitsumgebungen, Anlagen, Maschinen und Ausr\u00fcstungen stets den Anforderungen und den Normen entsprechen und dass alle Unternehmensprozesse menschengerecht ablaufen.<\/li><li>\u2022 Unser Ziel ist die Herstellung und der Verkauf von sicheren und gesundheitsvertr\u00e4glichen Produkten f\u00fcr die Nutzer.<\/li><li>Wir wollen eine Unternehmensmentalit\u00e4t erreichen, bei der alle Beteiligten \u201eSicherheit und Gesundheit am Arbeitsplatz\u201c als Lebensphilosophie verstehen, die sie durch sichere und bewusste Verhaltensweisen umsetzen, und die alle gesetzlichen Verpflichtungen weit \u00fcbertrifft.<\/li><li>Unser Bestreben ist es, \u00fcberall dort menschliche Beziehungen herzustellen, an denen Abh\u00e4ngigkeitsverh\u00e4ltnisse bestehen, sodass alle Beteiligten ruhig und stressfrei ihrer Arbeit nachgehen k\u00f6nnen und keine potenziellen Ursachen f\u00fcr Arbeitsunf\u00e4lle und Berufskrankheiten entstehen.<\/li><\/ul>\t\t\t\t\t\t\t\t<\/div>\n\t\t\t\t\t<\/div>\n\t\t\t\t<\/div>\n\t\t\t\t<\/div>\n\t\t","protected":false},"excerpt":{"rendered":"<p>Mit dem Ziel der Schaffung eines universellen und effizienten Unternehmenssystems werden darin alle Qualit\u00e4ts-, Umwelt-, Gesundheits- und Sicherheitsaspekte integriert. Die Qualit\u00e4ts- und Umweltsysteme besitzen Zertifizierungen gem\u00e4\u00df ISO 9001:2015 und ISO 14001:2015. Die Unternehmenspolitik unterliegt unter Ber\u00fccksichtigung der einschl\u00e4gigen Gesetze einer stetigen Aktualisierung und wird allen Unternehmensebenen bekannt gegeben; dies erm\u00f6glicht eine effiziente \u00dcberpr\u00fcfung auf organisatorischer [&hellip;]<\/p>\n","protected":false},"author":6,"featured_media":0,"parent":0,"menu_order":0,"comment_status":"closed","ping_status":"closed","template":"","meta":{"footnotes":""},"class_list":["post-7714","page","type-page","status-publish","hentry"],"_links":{"self":[{"href":"https:\/\/www.catene3c.it\/de\/wp-json\/wp\/v2\/pages\/7714","targetHints":{"allow":["GET"]}}],"collection":[{"href":"https:\/\/www.catene3c.it\/de\/wp-json\/wp\/v2\/pages"}],"about":[{"href":"https:\/\/www.catene3c.it\/de\/wp-json\/wp\/v2\/types\/page"}],"author":[{"embeddable":true,"href":"https:\/\/www.catene3c.it\/de\/wp-json\/wp\/v2\/users\/6"}],"replies":[{"embeddable":true,"href":"https:\/\/www.catene3c.it\/de\/wp-json\/wp\/v2\/comments?post=7714"}],"version-history":[{"count":2,"href":"https:\/\/www.catene3c.it\/de\/wp-json\/wp\/v2\/pages\/7714\/revisions"}],"predecessor-version":[{"id":11377,"href":"https:\/\/www.catene3c.it\/de\/wp-json\/wp\/v2\/pages\/7714\/revisions\/11377"}],"wp:attachment":[{"href":"https:\/\/www.catene3c.it\/de\/wp-json\/wp\/v2\/media?parent=7714"}],"curies":[{"name":"wp","href":"https:\/\/api.w.org\/{rel}","templated":true}]}}