{"id":7716,"date":"2023-09-19T17:11:06","date_gmt":"2023-09-19T15:11:06","guid":{"rendered":"https:\/\/www.catene3c.it\/produktionsprozess\/"},"modified":"2024-06-03T23:04:42","modified_gmt":"2024-06-03T21:04:42","slug":"produktionsprozess","status":"publish","type":"page","link":"https:\/\/www.catene3c.it\/de\/produktionsprozess\/","title":{"rendered":"Produktionsprozess"},"content":{"rendered":"\t\t<div data-elementor-type=\"wp-page\" data-elementor-id=\"7716\" class=\"elementor elementor-7716 elementor-973\" data-elementor-post-type=\"page\">\n\t\t\t\t<div class=\"elementor-element elementor-element-e7c1ea2 e-con-full e-flex e-con e-parent\" data-id=\"e7c1ea2\" data-element_type=\"container\" data-e-type=\"container\">\n\t\t\t\t<div class=\"elementor-element elementor-element-431d23d elementor-widget elementor-widget-template\" data-id=\"431d23d\" data-element_type=\"widget\" data-e-type=\"widget\" data-widget_type=\"template.default\">\n\t\t\t\t<div class=\"elementor-widget-container\">\n\t\t\t\t\t\t\t<div class=\"elementor-template\">\n\t\t\t\t\t<div data-elementor-type=\"container\" data-elementor-id=\"8466\" class=\"elementor elementor-8466 elementor-2010\" data-elementor-post-type=\"elementor_library\">\n\t\t\t\t<div class=\"elementor-element elementor-element-113d4101 e-flex e-con-boxed e-con e-parent\" data-id=\"113d4101\" data-element_type=\"container\" data-e-type=\"container\" data-settings=\"{&quot;background_background&quot;:&quot;classic&quot;}\">\n\t\t\t\t\t<div class=\"e-con-inner\">\n\t\t\t\t<div class=\"elementor-element elementor-element-f435937 elementor-widget elementor-widget-shortcode\" data-id=\"f435937\" data-element_type=\"widget\" data-e-type=\"widget\" data-widget_type=\"shortcode.default\">\n\t\t\t\t\t\t\t<div class=\"elementor-shortcode\"><nav aria-label=\"breadcrumbs\" class=\"rank-math-breadcrumb\"><p><span class=\"last\">Home<\/span><\/p><\/nav><\/div>\n\t\t\t\t\t\t<\/div>\n\t\t\t\t\t<\/div>\n\t\t\t\t<\/div>\n\t\t\t\t<\/div>\n\t\t\t\t<\/div>\n\t\t\t\t\t\t<\/div>\n\t\t\t\t<\/div>\n\t\t\t\t<\/div>\n\t\t<div class=\"elementor-element elementor-element-c8f9a50 e-flex e-con-boxed e-con e-parent\" data-id=\"c8f9a50\" data-element_type=\"container\" data-e-type=\"container\">\n\t\t\t\t\t<div class=\"e-con-inner\">\n\t\t<div class=\"elementor-element elementor-element-56de393 e-flex e-con-boxed e-con e-child\" data-id=\"56de393\" data-element_type=\"container\" data-e-type=\"container\">\n\t\t\t\t\t<div class=\"e-con-inner\">\n\t\t\t\t<div class=\"elementor-element elementor-element-ae6f2f7 elementor-widget-mobile__width-initial elementor-widget elementor-widget-image\" data-id=\"ae6f2f7\" data-element_type=\"widget\" data-e-type=\"widget\" data-widget_type=\"image.default\">\n\t\t\t\t\t\t\t\t\t\t\t\t\t\t\t<img fetchpriority=\"high\" decoding=\"async\" width=\"800\" height=\"1000\" src=\"https:\/\/www.catene3c.it\/wp-content\/uploads\/2024\/01\/3C-Catene-processo-produttivo-01.webp\" class=\"attachment-large size-large wp-image-2974\" alt=\"3C Catene -\" srcset=\"https:\/\/www.catene3c.it\/wp-content\/uploads\/2024\/01\/3C-Catene-processo-produttivo-01.webp 800w, https:\/\/www.catene3c.it\/wp-content\/uploads\/2024\/01\/3C-Catene-processo-produttivo-01-240x300.webp 240w, https:\/\/www.catene3c.it\/wp-content\/uploads\/2024\/01\/3C-Catene-processo-produttivo-01-768x960.webp 768w, https:\/\/www.catene3c.it\/wp-content\/uploads\/2024\/01\/3C-Catene-processo-produttivo-01-600x750.webp 600w\" sizes=\"(max-width: 800px) 100vw, 800px\" title=\"3C Catene -\">\t\t\t\t\t\t\t\t\t\t\t\t\t\t\t<\/div>\n\t\t\t\t<div class=\"elementor-element elementor-element-b2afd29 elementor-widget-mobile__width-initial elementor-widget elementor-widget-image\" data-id=\"b2afd29\" data-element_type=\"widget\" data-e-type=\"widget\" data-widget_type=\"image.default\">\n\t\t\t\t\t\t\t\t\t\t\t\t\t\t\t<img decoding=\"async\" width=\"800\" height=\"1000\" src=\"https:\/\/www.catene3c.it\/wp-content\/uploads\/2024\/03\/3C-Catene-Processo-produttivo-azienda-02.webp\" class=\"attachment-large size-large wp-image-7039\" alt=\"3C Catene -\" srcset=\"https:\/\/www.catene3c.it\/wp-content\/uploads\/2024\/03\/3C-Catene-Processo-produttivo-azienda-02.webp 800w, https:\/\/www.catene3c.it\/wp-content\/uploads\/2024\/03\/3C-Catene-Processo-produttivo-azienda-02-240x300.webp 240w, https:\/\/www.catene3c.it\/wp-content\/uploads\/2024\/03\/3C-Catene-Processo-produttivo-azienda-02-768x960.webp 768w, https:\/\/www.catene3c.it\/wp-content\/uploads\/2024\/03\/3C-Catene-Processo-produttivo-azienda-02-600x750.webp 600w\" sizes=\"(max-width: 800px) 100vw, 800px\" title=\"3C Catene -\">\t\t\t\t\t\t\t\t\t\t\t\t\t\t\t<\/div>\n\t\t\t\t<div class=\"elementor-element elementor-element-9f7e870 elementor-widget-mobile__width-initial elementor-widget elementor-widget-image\" data-id=\"9f7e870\" data-element_type=\"widget\" data-e-type=\"widget\" data-widget_type=\"image.default\">\n\t\t\t\t\t\t\t\t\t\t\t\t\t\t\t<img decoding=\"async\" width=\"800\" height=\"1000\" src=\"https:\/\/www.catene3c.it\/wp-content\/uploads\/2024\/02\/3C-Catene-Processo-produttivo-azienda-2.webp\" class=\"attachment-large size-large wp-image-4856\" alt=\"3C Catene -\" srcset=\"https:\/\/www.catene3c.it\/wp-content\/uploads\/2024\/02\/3C-Catene-Processo-produttivo-azienda-2.webp 800w, https:\/\/www.catene3c.it\/wp-content\/uploads\/2024\/02\/3C-Catene-Processo-produttivo-azienda-2-240x300.webp 240w, https:\/\/www.catene3c.it\/wp-content\/uploads\/2024\/02\/3C-Catene-Processo-produttivo-azienda-2-768x960.webp 768w, https:\/\/www.catene3c.it\/wp-content\/uploads\/2024\/02\/3C-Catene-Processo-produttivo-azienda-2-600x750.webp 600w\" sizes=\"(max-width: 800px) 100vw, 800px\" title=\"3C Catene -\">\t\t\t\t\t\t\t\t\t\t\t\t\t\t\t<\/div>\n\t\t\t\t<div class=\"elementor-element elementor-element-774b08b elementor-widget-mobile__width-initial elementor-widget elementor-widget-image\" data-id=\"774b08b\" data-element_type=\"widget\" data-e-type=\"widget\" data-widget_type=\"image.default\">\n\t\t\t\t\t\t\t\t\t\t\t\t\t\t\t<img loading=\"lazy\" decoding=\"async\" width=\"800\" height=\"1000\" src=\"https:\/\/www.catene3c.it\/wp-content\/uploads\/2024\/01\/3C-Catene-processo-produttivo-04.webp\" class=\"attachment-large size-large wp-image-2986\" alt=\"3C Catene -\" srcset=\"https:\/\/www.catene3c.it\/wp-content\/uploads\/2024\/01\/3C-Catene-processo-produttivo-04.webp 800w, https:\/\/www.catene3c.it\/wp-content\/uploads\/2024\/01\/3C-Catene-processo-produttivo-04-240x300.webp 240w, https:\/\/www.catene3c.it\/wp-content\/uploads\/2024\/01\/3C-Catene-processo-produttivo-04-768x960.webp 768w, https:\/\/www.catene3c.it\/wp-content\/uploads\/2024\/01\/3C-Catene-processo-produttivo-04-600x750.webp 600w\" sizes=\"(max-width: 800px) 100vw, 800px\" title=\"3C Catene -\">\t\t\t\t\t\t\t\t\t\t\t\t\t\t\t<\/div>\n\t\t\t\t\t<\/div>\n\t\t\t\t<\/div>\n\t\t\t\t<div class=\"elementor-element elementor-element-6956c70 elementor-widget elementor-widget-text-editor\" data-id=\"6956c70\" data-element_type=\"widget\" data-e-type=\"widget\" data-widget_type=\"text-editor.default\">\n\t\t\t\t\t\t\t\t\t<p>Unser Maschinenpark, der 37 Biege- und Schwei\u00dfmaschinen umfasst, die leistungsstark in einen automatischen Produktionszyklus eingebunden sind, ist das Fundament, durch das wir aktuell in Italien der f\u00fchrende Hersteller von kleinen, geschwei\u00dften Ketten sind. Unsere t\u00e4gliche Herstellung liegt bei 35.000 m Kette, deren Durchmesser 1,30 bis 3,90 mm betr\u00e4gt.<\/p>\n<p>Zur Gew\u00e4hrleistung der Effizienz und Qualit\u00e4t des Produktionsprozesses projektieren und entwickeln wir die Maschinen selbst und halten sie technisch auf dem neuesten Stand. Dadurch sind wir hinsichtlich des Preis-Leistungs-Verh\u00e4ltnisses und der Produktionsflexibilit\u00e4t \u00e4u\u00dferst wettbewerbsf\u00e4hig und garantieren bei unseren Produkten f\u00fcr hohe Standards in Bezug auf Funktionalit\u00e4t sowie Abmessungs- und Formgenauigkeit.<\/p>\n<p>Wir verarbeiten ausschlie\u00dflich Materialien h\u00f6chster Qualit\u00e4t, beispielsweise kohlenstoffarmen Stahl und rostfreien Stahl (AISI 304 und AISI 316). Ausgehend von Rundstahl als Basisprodukt schneiden und biegen unsere Maschinen einzelne Glieder, setzen diese zu einer Endloskette zusammen und verschwei\u00dfen sie in einem Arbeitsgang.<\/p>\n<p>W\u00e4hrend der Kettenherstellung unterliegen alle Produkte einer strengen Qualit\u00e4tskontrolle. Sie garantiert f\u00fcr die Einhaltung von exakten und verb\u00fcrgen Abmessungen sowie f\u00fcr eine einheitliche Qualit\u00e4tsg\u00fcte ab dem ersten Kettenglied. Unsere Ma\u00dftoleranzen \u00fcbertreffen die aktuellen, markt\u00fcblichen Standards und garantieren f\u00fcr eine \u00dcbereinstimmung der Nennabmessungen mit den tats\u00e4chlichen Produktabmessungen.<\/p>\n<p>Da in unseren Prozessen keine gef\u00e4hrlichen Substanzen genutzt werden, garantieren wir f\u00fcr die Sicherheit unserer Produkte und den Schutz der Umwelt.<\/p>\n<p>Intern \u00fcbernehmen wir alle zus\u00e4tzlichen Arbeiten sowie das Verpacken der Ketten, die dadurch sofort verkaufs- und gebrauchsfertig sind. Die Oberfl\u00e4chenbehandlung vergeben wir extern an regionale, qualifizierte Partner.<\/p>\n<p>Au\u00dfer der Kettenherstellung erlaubt unser Produktionsverfahren auch die Produktion einzelner Kettenglieder \u2013 ebenfalls aus denselben hochwertigen Materialien.<\/p><p>In Bezug auf die Liefermengen sind wir \u00e4u\u00dferst flexibel; wir liefern gro\u00dfe Chargen ebenso wie einige hundert Kettenmeter aus.<\/p>\t\t\t\t\t\t\t\t<\/div>\n\t\t\t\t\t<\/div>\n\t\t\t\t<\/div>\n\t\t\t\t<\/div>\n\t\t","protected":false},"excerpt":{"rendered":"<p>Unser Maschinenpark, der 37 Biege- und Schwei\u00dfmaschinen umfasst, die leistungsstark in einen automatischen Produktionszyklus eingebunden sind, ist das Fundament, durch das wir aktuell in Italien der f\u00fchrende Hersteller von kleinen, geschwei\u00dften Ketten sind. Unsere t\u00e4gliche Herstellung liegt bei 35.000 m Kette, deren Durchmesser 1,30 bis 3,90 mm betr\u00e4gt. Zur Gew\u00e4hrleistung der Effizienz und Qualit\u00e4t des [&hellip;]<\/p>\n","protected":false},"author":6,"featured_media":0,"parent":0,"menu_order":0,"comment_status":"closed","ping_status":"closed","template":"","meta":{"footnotes":""},"class_list":["post-7716","page","type-page","status-publish","hentry"],"_links":{"self":[{"href":"https:\/\/www.catene3c.it\/de\/wp-json\/wp\/v2\/pages\/7716","targetHints":{"allow":["GET"]}}],"collection":[{"href":"https:\/\/www.catene3c.it\/de\/wp-json\/wp\/v2\/pages"}],"about":[{"href":"https:\/\/www.catene3c.it\/de\/wp-json\/wp\/v2\/types\/page"}],"author":[{"embeddable":true,"href":"https:\/\/www.catene3c.it\/de\/wp-json\/wp\/v2\/users\/6"}],"replies":[{"embeddable":true,"href":"https:\/\/www.catene3c.it\/de\/wp-json\/wp\/v2\/comments?post=7716"}],"version-history":[{"count":1,"href":"https:\/\/www.catene3c.it\/de\/wp-json\/wp\/v2\/pages\/7716\/revisions"}],"predecessor-version":[{"id":7717,"href":"https:\/\/www.catene3c.it\/de\/wp-json\/wp\/v2\/pages\/7716\/revisions\/7717"}],"wp:attachment":[{"href":"https:\/\/www.catene3c.it\/de\/wp-json\/wp\/v2\/media?parent=7716"}],"curies":[{"name":"wp","href":"https:\/\/api.w.org\/{rel}","templated":true}]}}