{"id":7728,"date":"2023-07-27T15:34:29","date_gmt":"2023-07-27T13:34:29","guid":{"rendered":"https:\/\/www.catene3c.it\/oberflaechenbehandlungen\/"},"modified":"2024-07-14T00:00:48","modified_gmt":"2024-07-13T22:00:48","slug":"oberflaechenbehandlungen","status":"publish","type":"page","link":"https:\/\/www.catene3c.it\/de\/oberflaechenbehandlungen\/","title":{"rendered":"Oberfl\u00e4chenbehandlungen"},"content":{"rendered":"\t\t<div data-elementor-type=\"wp-page\" data-elementor-id=\"7728\" class=\"elementor elementor-7728 elementor-579\" data-elementor-post-type=\"page\">\n\t\t\t\t<div class=\"elementor-element elementor-element-8fd9ae6 e-con-full e-flex e-con e-parent\" data-id=\"8fd9ae6\" data-element_type=\"container\" data-e-type=\"container\">\n\t\t\t\t<div class=\"elementor-element elementor-element-aaeb1a3 elementor-widget elementor-widget-template\" data-id=\"aaeb1a3\" data-element_type=\"widget\" data-e-type=\"widget\" data-widget_type=\"template.default\">\n\t\t\t\t<div class=\"elementor-widget-container\">\n\t\t\t\t\t\t\t<div class=\"elementor-template\">\n\t\t\t\t\t<div data-elementor-type=\"container\" data-elementor-id=\"8466\" class=\"elementor elementor-8466 elementor-2010\" data-elementor-post-type=\"elementor_library\">\n\t\t\t\t<div class=\"elementor-element elementor-element-113d4101 e-flex e-con-boxed e-con e-parent\" data-id=\"113d4101\" data-element_type=\"container\" data-e-type=\"container\" data-settings=\"{&quot;background_background&quot;:&quot;classic&quot;}\">\n\t\t\t\t\t<div class=\"e-con-inner\">\n\t\t\t\t<div class=\"elementor-element elementor-element-f435937 elementor-widget elementor-widget-shortcode\" data-id=\"f435937\" data-element_type=\"widget\" data-e-type=\"widget\" data-widget_type=\"shortcode.default\">\n\t\t\t\t\t\t\t<div class=\"elementor-shortcode\"><nav aria-label=\"breadcrumbs\" class=\"rank-math-breadcrumb\"><p><span class=\"last\">Home<\/span><\/p><\/nav><\/div>\n\t\t\t\t\t\t<\/div>\n\t\t\t\t\t<\/div>\n\t\t\t\t<\/div>\n\t\t\t\t<\/div>\n\t\t\t\t<\/div>\n\t\t\t\t\t\t<\/div>\n\t\t\t\t<\/div>\n\t\t\t\t<\/div>\n\t\t<div class=\"elementor-element elementor-element-e4fb5fd e-flex e-con-boxed e-con e-parent\" data-id=\"e4fb5fd\" data-element_type=\"container\" data-e-type=\"container\">\n\t\t\t\t\t<div class=\"e-con-inner\">\n\t\t\t\t<div class=\"elementor-element elementor-element-b54612f elementor-widget elementor-widget-text-editor\" data-id=\"b54612f\" data-element_type=\"widget\" data-e-type=\"widget\" data-widget_type=\"text-editor.default\">\n\t\t\t\t\t\t\t\t\t<p>Je nach Kundenwunsch stehen f\u00fcr alle Kettenartikel unterschiedliche Oberfl\u00e4chenbehandlungen zur Verf\u00fcgung, entsprechen der Nutzungsart, dem \u00e4sthetischem Aspekt oder dem Witterungseinfluss.<\/p>\n\t\t\t\t\t\t\t\t<\/div>\n\t\t<div class=\"elementor-element elementor-element-8984faa e-grid e-con-boxed e-con e-child\" data-id=\"8984faa\" data-element_type=\"container\" data-e-type=\"container\">\n\t\t\t\t\t<div class=\"e-con-inner\">\n\t\t\t\t<div class=\"elementor-element elementor-element-efaa13a elementor-position-top elementor-widget elementor-widget-image-box\" data-id=\"efaa13a\" data-element_type=\"widget\" data-e-type=\"widget\" data-widget_type=\"image-box.default\">\n\t\t\t\t\t<div class=\"elementor-image-box-wrapper\"><figure class=\"elementor-image-box-img\"><a href=\"https:\/\/www.catene3c.it\/de\/oberflaechenbehandlungen\/rohe-kette\/\" tabindex=\"-1\"><img decoding=\"async\" width=\"300\" height=\"120\" src=\"https:\/\/www.catene3c.it\/wp-content\/uploads\/2023\/12\/3c-catene-finitura-grezza-300x120.jpg\" class=\"attachment-medium size-medium wp-image-1583\" alt=\"3C Catene -\" title=\"3C Catene -\" srcset=\"https:\/\/www.catene3c.it\/wp-content\/uploads\/2023\/12\/3c-catene-finitura-grezza-300x120.jpg 300w, https:\/\/www.catene3c.it\/wp-content\/uploads\/2023\/12\/3c-catene-finitura-grezza-1024x410.jpg 1024w, https:\/\/www.catene3c.it\/wp-content\/uploads\/2023\/12\/3c-catene-finitura-grezza-768x307.jpg 768w, https:\/\/www.catene3c.it\/wp-content\/uploads\/2023\/12\/3c-catene-finitura-grezza-1536x615.jpg 1536w, https:\/\/www.catene3c.it\/wp-content\/uploads\/2023\/12\/3c-catene-finitura-grezza-600x240.jpg 600w, https:\/\/www.catene3c.it\/wp-content\/uploads\/2023\/12\/3c-catene-finitura-grezza.jpg 1772w\" sizes=\"(max-width: 300px) 100vw, 300px\" \/><\/a><\/figure><div class=\"elementor-image-box-content\"><h5 class=\"elementor-image-box-title\"><a href=\"https:\/\/www.catene3c.it\/de\/oberflaechenbehandlungen\/rohe-kette\/\">Rohe Kette<\/a><\/h5><\/div><\/div>\t\t\t\t<\/div>\n\t\t\t\t<div class=\"elementor-element elementor-element-dc10017 elementor-position-top elementor-widget elementor-widget-image-box\" data-id=\"dc10017\" data-element_type=\"widget\" data-e-type=\"widget\" data-widget_type=\"image-box.default\">\n\t\t\t\t\t<div class=\"elementor-image-box-wrapper\"><figure class=\"elementor-image-box-img\"><a href=\"https:\/\/www.catene3c.it\/de\/oberflaechenbehandlungen\/polierte-kette\/\" tabindex=\"-1\"><img decoding=\"async\" width=\"300\" height=\"120\" src=\"https:\/\/www.catene3c.it\/wp-content\/uploads\/2023\/12\/3c-catene-finitura-lucida-300x120.jpg\" class=\"attachment-medium size-medium wp-image-1584\" alt=\"3C Catene -\" title=\"3C Catene -\" srcset=\"https:\/\/www.catene3c.it\/wp-content\/uploads\/2023\/12\/3c-catene-finitura-lucida-300x120.jpg 300w, https:\/\/www.catene3c.it\/wp-content\/uploads\/2023\/12\/3c-catene-finitura-lucida-1024x410.jpg 1024w, https:\/\/www.catene3c.it\/wp-content\/uploads\/2023\/12\/3c-catene-finitura-lucida-768x307.jpg 768w, https:\/\/www.catene3c.it\/wp-content\/uploads\/2023\/12\/3c-catene-finitura-lucida-1536x615.jpg 1536w, https:\/\/www.catene3c.it\/wp-content\/uploads\/2023\/12\/3c-catene-finitura-lucida-600x240.jpg 600w, https:\/\/www.catene3c.it\/wp-content\/uploads\/2023\/12\/3c-catene-finitura-lucida.jpg 1772w\" sizes=\"(max-width: 300px) 100vw, 300px\" \/><\/a><\/figure><div class=\"elementor-image-box-content\"><h5 class=\"elementor-image-box-title\"><a href=\"https:\/\/www.catene3c.it\/de\/oberflaechenbehandlungen\/polierte-kette\/\">Polierte Kette<\/a><\/h5><\/div><\/div>\t\t\t\t<\/div>\n\t\t\t\t<div class=\"elementor-element elementor-element-c8dbb3f elementor-position-top elementor-widget elementor-widget-image-box\" data-id=\"c8dbb3f\" data-element_type=\"widget\" data-e-type=\"widget\" data-widget_type=\"image-box.default\">\n\t\t\t\t\t<div class=\"elementor-image-box-wrapper\"><figure class=\"elementor-image-box-img\"><a href=\"https:\/\/www.catene3c.it\/de\/oberflaechenbehandlungen\/vernickelte-kette\/\" tabindex=\"-1\"><img decoding=\"async\" width=\"300\" height=\"120\" src=\"https:\/\/www.catene3c.it\/wp-content\/uploads\/2023\/12\/3c-catene-finitura-nichelata-300x120.jpg\" class=\"attachment-medium size-medium wp-image-1582\" alt=\"3C Catene -\" title=\"3C Catene -\" srcset=\"https:\/\/www.catene3c.it\/wp-content\/uploads\/2023\/12\/3c-catene-finitura-nichelata-300x120.jpg 300w, https:\/\/www.catene3c.it\/wp-content\/uploads\/2023\/12\/3c-catene-finitura-nichelata-1024x410.jpg 1024w, https:\/\/www.catene3c.it\/wp-content\/uploads\/2023\/12\/3c-catene-finitura-nichelata-768x307.jpg 768w, https:\/\/www.catene3c.it\/wp-content\/uploads\/2023\/12\/3c-catene-finitura-nichelata-1536x615.jpg 1536w, https:\/\/www.catene3c.it\/wp-content\/uploads\/2023\/12\/3c-catene-finitura-nichelata-600x240.jpg 600w, https:\/\/www.catene3c.it\/wp-content\/uploads\/2023\/12\/3c-catene-finitura-nichelata.jpg 1772w\" sizes=\"(max-width: 300px) 100vw, 300px\" \/><\/a><\/figure><div class=\"elementor-image-box-content\"><h5 class=\"elementor-image-box-title\"><a href=\"https:\/\/www.catene3c.it\/de\/oberflaechenbehandlungen\/vernickelte-kette\/\">Vernickelte Kette<\/a><\/h5><\/div><\/div>\t\t\t\t<\/div>\n\t\t\t\t<div class=\"elementor-element elementor-element-2601586 elementor-position-top elementor-widget elementor-widget-image-box\" data-id=\"2601586\" data-element_type=\"widget\" data-e-type=\"widget\" data-widget_type=\"image-box.default\">\n\t\t\t\t\t<div class=\"elementor-image-box-wrapper\"><figure class=\"elementor-image-box-img\"><a href=\"https:\/\/www.catene3c.it\/de\/oberflaechenbehandlungen\/vermessingte-kette\/\" tabindex=\"-1\"><img loading=\"lazy\" decoding=\"async\" width=\"300\" height=\"120\" src=\"https:\/\/www.catene3c.it\/wp-content\/uploads\/2023\/12\/3c-catene-finitura-ottonata-300x120.jpg\" class=\"attachment-medium size-medium wp-image-1581\" alt=\"3C Catene -\" title=\"3C Catene -\" srcset=\"https:\/\/www.catene3c.it\/wp-content\/uploads\/2023\/12\/3c-catene-finitura-ottonata-300x120.jpg 300w, https:\/\/www.catene3c.it\/wp-content\/uploads\/2023\/12\/3c-catene-finitura-ottonata-1024x410.jpg 1024w, https:\/\/www.catene3c.it\/wp-content\/uploads\/2023\/12\/3c-catene-finitura-ottonata-768x307.jpg 768w, https:\/\/www.catene3c.it\/wp-content\/uploads\/2023\/12\/3c-catene-finitura-ottonata-1536x615.jpg 1536w, https:\/\/www.catene3c.it\/wp-content\/uploads\/2023\/12\/3c-catene-finitura-ottonata-600x240.jpg 600w, https:\/\/www.catene3c.it\/wp-content\/uploads\/2023\/12\/3c-catene-finitura-ottonata.jpg 1772w\" sizes=\"(max-width: 300px) 100vw, 300px\" \/><\/a><\/figure><div class=\"elementor-image-box-content\"><h5 class=\"elementor-image-box-title\"><a href=\"https:\/\/www.catene3c.it\/de\/oberflaechenbehandlungen\/vermessingte-kette\/\">Vermessingte Kette<\/a><\/h5><\/div><\/div>\t\t\t\t<\/div>\n\t\t\t\t<div class=\"elementor-element elementor-element-d949526 elementor-position-top elementor-widget elementor-widget-image-box\" data-id=\"d949526\" data-element_type=\"widget\" data-e-type=\"widget\" data-widget_type=\"image-box.default\">\n\t\t\t\t\t<div class=\"elementor-image-box-wrapper\"><figure class=\"elementor-image-box-img\"><a href=\"https:\/\/www.catene3c.it\/de\/oberflaechenbehandlungen\/kette-aus-antikem-messing\/\" tabindex=\"-1\"><img loading=\"lazy\" decoding=\"async\" width=\"300\" height=\"120\" src=\"https:\/\/www.catene3c.it\/wp-content\/uploads\/2023\/12\/3c-catene-finitura-ottone-antico-300x120.jpg\" class=\"attachment-medium size-medium wp-image-1580\" alt=\"3C Catene -\" title=\"3C Catene -\" srcset=\"https:\/\/www.catene3c.it\/wp-content\/uploads\/2023\/12\/3c-catene-finitura-ottone-antico-300x120.jpg 300w, https:\/\/www.catene3c.it\/wp-content\/uploads\/2023\/12\/3c-catene-finitura-ottone-antico-1024x410.jpg 1024w, https:\/\/www.catene3c.it\/wp-content\/uploads\/2023\/12\/3c-catene-finitura-ottone-antico-768x307.jpg 768w, https:\/\/www.catene3c.it\/wp-content\/uploads\/2023\/12\/3c-catene-finitura-ottone-antico-1536x615.jpg 1536w, https:\/\/www.catene3c.it\/wp-content\/uploads\/2023\/12\/3c-catene-finitura-ottone-antico-600x240.jpg 600w, https:\/\/www.catene3c.it\/wp-content\/uploads\/2023\/12\/3c-catene-finitura-ottone-antico.jpg 1772w\" sizes=\"(max-width: 300px) 100vw, 300px\" \/><\/a><\/figure><div class=\"elementor-image-box-content\"><h5 class=\"elementor-image-box-title\"><a href=\"https:\/\/www.catene3c.it\/de\/oberflaechenbehandlungen\/kette-aus-antikem-messing\/\">Kette aus antikem Messing<\/a><\/h5><\/div><\/div>\t\t\t\t<\/div>\n\t\t\t\t<div class=\"elementor-element elementor-element-1ab097c elementor-position-top elementor-widget elementor-widget-image-box\" data-id=\"1ab097c\" data-element_type=\"widget\" data-e-type=\"widget\" data-widget_type=\"image-box.default\">\n\t\t\t\t\t<div class=\"elementor-image-box-wrapper\"><figure class=\"elementor-image-box-img\"><a href=\"https:\/\/www.catene3c.it\/de\/oberflaechenbehandlungen\/bronzierte-kette\/\" tabindex=\"-1\"><img loading=\"lazy\" decoding=\"async\" width=\"300\" height=\"120\" src=\"https:\/\/www.catene3c.it\/wp-content\/uploads\/2023\/12\/3c-catene-finitura-bronzata-300x120.jpg\" class=\"attachment-medium size-medium wp-image-1579\" alt=\"3C Catene -\" title=\"3C Catene -\" srcset=\"https:\/\/www.catene3c.it\/wp-content\/uploads\/2023\/12\/3c-catene-finitura-bronzata-300x120.jpg 300w, https:\/\/www.catene3c.it\/wp-content\/uploads\/2023\/12\/3c-catene-finitura-bronzata-1024x410.jpg 1024w, https:\/\/www.catene3c.it\/wp-content\/uploads\/2023\/12\/3c-catene-finitura-bronzata-768x307.jpg 768w, https:\/\/www.catene3c.it\/wp-content\/uploads\/2023\/12\/3c-catene-finitura-bronzata-1536x615.jpg 1536w, https:\/\/www.catene3c.it\/wp-content\/uploads\/2023\/12\/3c-catene-finitura-bronzata-600x240.jpg 600w, https:\/\/www.catene3c.it\/wp-content\/uploads\/2023\/12\/3c-catene-finitura-bronzata.jpg 1772w\" sizes=\"(max-width: 300px) 100vw, 300px\" \/><\/a><\/figure><div class=\"elementor-image-box-content\"><h5 class=\"elementor-image-box-title\"><a href=\"https:\/\/www.catene3c.it\/de\/oberflaechenbehandlungen\/bronzierte-kette\/\">Bronzierte Kette<\/a><\/h5><\/div><\/div>\t\t\t\t<\/div>\n\t\t\t\t<div class=\"elementor-element elementor-element-20d2cdc elementor-position-top elementor-widget elementor-widget-image-box\" data-id=\"20d2cdc\" data-element_type=\"widget\" data-e-type=\"widget\" data-widget_type=\"image-box.default\">\n\t\t\t\t\t<div class=\"elementor-image-box-wrapper\"><figure class=\"elementor-image-box-img\"><a href=\"https:\/\/www.catene3c.it\/de\/oberflaechenbehandlungen\/verkupferte-kette\/\" tabindex=\"-1\"><img loading=\"lazy\" decoding=\"async\" width=\"300\" height=\"120\" src=\"https:\/\/www.catene3c.it\/wp-content\/uploads\/2023\/12\/3c-catene-finitura-ramata-300x120.jpg\" class=\"attachment-medium size-medium wp-image-1578\" alt=\"3C Catene -\" title=\"3C Catene -\" srcset=\"https:\/\/www.catene3c.it\/wp-content\/uploads\/2023\/12\/3c-catene-finitura-ramata-300x120.jpg 300w, https:\/\/www.catene3c.it\/wp-content\/uploads\/2023\/12\/3c-catene-finitura-ramata-1024x410.jpg 1024w, https:\/\/www.catene3c.it\/wp-content\/uploads\/2023\/12\/3c-catene-finitura-ramata-768x307.jpg 768w, https:\/\/www.catene3c.it\/wp-content\/uploads\/2023\/12\/3c-catene-finitura-ramata-1536x615.jpg 1536w, https:\/\/www.catene3c.it\/wp-content\/uploads\/2023\/12\/3c-catene-finitura-ramata-600x240.jpg 600w, https:\/\/www.catene3c.it\/wp-content\/uploads\/2023\/12\/3c-catene-finitura-ramata.jpg 1772w\" sizes=\"(max-width: 300px) 100vw, 300px\" \/><\/a><\/figure><div class=\"elementor-image-box-content\"><h5 class=\"elementor-image-box-title\"><a href=\"https:\/\/www.catene3c.it\/de\/oberflaechenbehandlungen\/verkupferte-kette\/\">Verkupferte Kette<\/a><\/h5><\/div><\/div>\t\t\t\t<\/div>\n\t\t\t\t<div class=\"elementor-element elementor-element-0fb2186 elementor-position-top elementor-widget elementor-widget-image-box\" data-id=\"0fb2186\" data-element_type=\"widget\" data-e-type=\"widget\" data-widget_type=\"image-box.default\">\n\t\t\t\t\t<div class=\"elementor-image-box-wrapper\"><figure class=\"elementor-image-box-img\"><a href=\"https:\/\/www.catene3c.it\/de\/oberflaechenbehandlungen\/vernickelte-kette-schwarz\/\" tabindex=\"-1\"><img loading=\"lazy\" decoding=\"async\" width=\"300\" height=\"120\" src=\"https:\/\/www.catene3c.it\/wp-content\/uploads\/2023\/12\/3c-catene-finitura-nichel-nero-300x120.jpg\" class=\"attachment-medium size-medium wp-image-1577\" alt=\"3C Catene -\" title=\"3C Catene -\" srcset=\"https:\/\/www.catene3c.it\/wp-content\/uploads\/2023\/12\/3c-catene-finitura-nichel-nero-300x120.jpg 300w, https:\/\/www.catene3c.it\/wp-content\/uploads\/2023\/12\/3c-catene-finitura-nichel-nero-1024x410.jpg 1024w, https:\/\/www.catene3c.it\/wp-content\/uploads\/2023\/12\/3c-catene-finitura-nichel-nero-768x307.jpg 768w, https:\/\/www.catene3c.it\/wp-content\/uploads\/2023\/12\/3c-catene-finitura-nichel-nero-1536x615.jpg 1536w, https:\/\/www.catene3c.it\/wp-content\/uploads\/2023\/12\/3c-catene-finitura-nichel-nero-600x240.jpg 600w, https:\/\/www.catene3c.it\/wp-content\/uploads\/2023\/12\/3c-catene-finitura-nichel-nero.jpg 1772w\" sizes=\"(max-width: 300px) 100vw, 300px\" \/><\/a><\/figure><div class=\"elementor-image-box-content\"><h5 class=\"elementor-image-box-title\"><a href=\"https:\/\/www.catene3c.it\/de\/oberflaechenbehandlungen\/vernickelte-kette-schwarz\/\">Vernickelte Kette, schwarz<\/a><\/h5><\/div><\/div>\t\t\t\t<\/div>\n\t\t\t\t<div class=\"elementor-element elementor-element-0a6cb04 elementor-position-top elementor-widget elementor-widget-image-box\" data-id=\"0a6cb04\" data-element_type=\"widget\" data-e-type=\"widget\" data-widget_type=\"image-box.default\">\n\t\t\t\t\t<div class=\"elementor-image-box-wrapper\"><figure class=\"elementor-image-box-img\"><a href=\"https:\/\/www.catene3c.it\/de\/oberflaechenbehandlungen\/verzinkte-kette\/\" tabindex=\"-1\"><img loading=\"lazy\" decoding=\"async\" width=\"300\" height=\"120\" src=\"https:\/\/www.catene3c.it\/wp-content\/uploads\/2023\/12\/3c-catene-finitura-zincata-300x120.jpg\" class=\"attachment-medium size-medium wp-image-1576\" alt=\"3C Catene -\" title=\"3C Catene -\" srcset=\"https:\/\/www.catene3c.it\/wp-content\/uploads\/2023\/12\/3c-catene-finitura-zincata-300x120.jpg 300w, https:\/\/www.catene3c.it\/wp-content\/uploads\/2023\/12\/3c-catene-finitura-zincata-1024x410.jpg 1024w, https:\/\/www.catene3c.it\/wp-content\/uploads\/2023\/12\/3c-catene-finitura-zincata-768x307.jpg 768w, https:\/\/www.catene3c.it\/wp-content\/uploads\/2023\/12\/3c-catene-finitura-zincata-1536x615.jpg 1536w, https:\/\/www.catene3c.it\/wp-content\/uploads\/2023\/12\/3c-catene-finitura-zincata-600x240.jpg 600w, https:\/\/www.catene3c.it\/wp-content\/uploads\/2023\/12\/3c-catene-finitura-zincata.jpg 1772w\" sizes=\"(max-width: 300px) 100vw, 300px\" \/><\/a><\/figure><div class=\"elementor-image-box-content\"><h5 class=\"elementor-image-box-title\"><a href=\"https:\/\/www.catene3c.it\/de\/oberflaechenbehandlungen\/verzinkte-kette\/\">Verzinkte Kette<\/a><\/h5><\/div><\/div>\t\t\t\t<\/div>\n\t\t\t\t<div class=\"elementor-element elementor-element-6c3fe2d elementor-position-top elementor-widget elementor-widget-image-box\" data-id=\"6c3fe2d\" data-element_type=\"widget\" data-e-type=\"widget\" data-widget_type=\"image-box.default\">\n\t\t\t\t\t<div class=\"elementor-image-box-wrapper\"><figure class=\"elementor-image-box-img\"><a href=\"https:\/\/www.catene3c.it\/de\/oberflaechenbehandlungen\/tropenfeste-kette\/\" tabindex=\"-1\"><img loading=\"lazy\" decoding=\"async\" width=\"300\" height=\"120\" src=\"https:\/\/www.catene3c.it\/wp-content\/uploads\/2023\/12\/3c-catene-finitura-tropicalizata-300x120.jpg\" class=\"attachment-medium size-medium wp-image-1575\" alt=\"3C Catene -\" title=\"3C Catene -\" srcset=\"https:\/\/www.catene3c.it\/wp-content\/uploads\/2023\/12\/3c-catene-finitura-tropicalizata-300x120.jpg 300w, https:\/\/www.catene3c.it\/wp-content\/uploads\/2023\/12\/3c-catene-finitura-tropicalizata-1024x410.jpg 1024w, https:\/\/www.catene3c.it\/wp-content\/uploads\/2023\/12\/3c-catene-finitura-tropicalizata-768x307.jpg 768w, https:\/\/www.catene3c.it\/wp-content\/uploads\/2023\/12\/3c-catene-finitura-tropicalizata-1536x615.jpg 1536w, https:\/\/www.catene3c.it\/wp-content\/uploads\/2023\/12\/3c-catene-finitura-tropicalizata-600x240.jpg 600w, https:\/\/www.catene3c.it\/wp-content\/uploads\/2023\/12\/3c-catene-finitura-tropicalizata.jpg 1772w\" sizes=\"(max-width: 300px) 100vw, 300px\" \/><\/a><\/figure><div class=\"elementor-image-box-content\"><h5 class=\"elementor-image-box-title\"><a href=\"https:\/\/www.catene3c.it\/de\/oberflaechenbehandlungen\/tropenfeste-kette\/\">Tropenfeste Kette<\/a><\/h5><\/div><\/div>\t\t\t\t<\/div>\n\t\t\t\t<div class=\"elementor-element elementor-element-d79d0d6 elementor-position-top elementor-widget elementor-widget-image-box\" data-id=\"d79d0d6\" data-element_type=\"widget\" data-e-type=\"widget\" data-widget_type=\"image-box.default\">\n\t\t\t\t\t<div class=\"elementor-image-box-wrapper\"><figure class=\"elementor-image-box-img\"><a href=\"https:\/\/www.catene3c.it\/de\/oberflaechenbehandlungen\/lackierte-kette\/\" tabindex=\"-1\"><img loading=\"lazy\" decoding=\"async\" width=\"300\" height=\"120\" src=\"https:\/\/www.catene3c.it\/wp-content\/uploads\/2023\/12\/3c-catene-finitura-verniciata-tricolore-300x120.jpg\" class=\"attachment-medium size-medium wp-image-1574\" alt=\"3C Catene -\" title=\"3C Catene -\" srcset=\"https:\/\/www.catene3c.it\/wp-content\/uploads\/2023\/12\/3c-catene-finitura-verniciata-tricolore-300x120.jpg 300w, https:\/\/www.catene3c.it\/wp-content\/uploads\/2023\/12\/3c-catene-finitura-verniciata-tricolore.jpg 500w\" sizes=\"(max-width: 300px) 100vw, 300px\" \/><\/a><\/figure><div class=\"elementor-image-box-content\"><h5 class=\"elementor-image-box-title\"><a href=\"https:\/\/www.catene3c.it\/de\/oberflaechenbehandlungen\/lackierte-kette\/\">Lackierte Kette<\/a><\/h5><\/div><\/div>\t\t\t\t<\/div>\n\t\t\t\t<div class=\"elementor-element elementor-element-1c9e30f elementor-position-top elementor-widget elementor-widget-image-box\" data-id=\"1c9e30f\" data-element_type=\"widget\" data-e-type=\"widget\" data-widget_type=\"image-box.default\">\n\t\t\t\t\t<div class=\"elementor-image-box-wrapper\"><figure class=\"elementor-image-box-img\"><a href=\"https:\/\/www.catene3c.it\/de\/oberflaechenbehandlungen\/feuerverzinkte-kette\/\" tabindex=\"-1\"><img loading=\"lazy\" decoding=\"async\" width=\"300\" height=\"120\" src=\"https:\/\/www.catene3c.it\/wp-content\/uploads\/2023\/12\/3c-catene-finitura-zincata-a-caldo-300x120.jpg\" class=\"attachment-medium size-medium wp-image-1572\" alt=\"3C Catene -\" title=\"3C Catene -\" srcset=\"https:\/\/www.catene3c.it\/wp-content\/uploads\/2023\/12\/3c-catene-finitura-zincata-a-caldo-300x120.jpg 300w, https:\/\/www.catene3c.it\/wp-content\/uploads\/2023\/12\/3c-catene-finitura-zincata-a-caldo-1024x410.jpg 1024w, https:\/\/www.catene3c.it\/wp-content\/uploads\/2023\/12\/3c-catene-finitura-zincata-a-caldo-768x307.jpg 768w, https:\/\/www.catene3c.it\/wp-content\/uploads\/2023\/12\/3c-catene-finitura-zincata-a-caldo-1536x615.jpg 1536w, https:\/\/www.catene3c.it\/wp-content\/uploads\/2023\/12\/3c-catene-finitura-zincata-a-caldo-600x240.jpg 600w, https:\/\/www.catene3c.it\/wp-content\/uploads\/2023\/12\/3c-catene-finitura-zincata-a-caldo.jpg 1772w\" sizes=\"(max-width: 300px) 100vw, 300px\" \/><\/a><\/figure><div class=\"elementor-image-box-content\"><h5 class=\"elementor-image-box-title\"><a href=\"https:\/\/www.catene3c.it\/de\/oberflaechenbehandlungen\/feuerverzinkte-kette\/\">Feuerverzinkte Kette<\/a><\/h5><\/div><\/div>\t\t\t\t<\/div>\n\t\t\t\t\t<\/div>\n\t\t\t\t<\/div>\n\t\t\t\t<div class=\"elementor-element elementor-element-6f2632b elementor-widget elementor-widget-text-editor\" data-id=\"6f2632b\" data-element_type=\"widget\" data-e-type=\"widget\" data-widget_type=\"text-editor.default\">\n\t\t\t\t\t\t\t\t\t<p><strong>Als Beschichtungen stehen zur Verf\u00fcgung:<\/strong><br \/>&#8211; elektrogalvanische Behandlungen<br \/>&#8211; Pulverbeschichtung<\/p>\n<p><strong>Die Behandlungen sind weder f\u00fcr den Menschen noch f\u00fcr die Umwelt giftig oder sch\u00e4dlich.<br \/><\/strong> F\u00fcr externe Eins\u00e4tze empfehlen wir folgende Oberfl\u00e4chenbehandlungen: VERZINKT, TROPENFEST, LACKIERT.<br \/>Lackierte Ausf\u00fchrungen stehen nur f\u00fcr Ketten mit einem Durchmesser ab 2 mm zur Verf\u00fcgung.<\/p>\n\t\t\t\t\t\t\t\t<\/div>\n\t\t\t\t\t<\/div>\n\t\t\t\t<\/div>\n\t\t\t\t<\/div>\n\t\t","protected":false},"excerpt":{"rendered":"<p>Je nach Kundenwunsch stehen f\u00fcr alle Kettenartikel unterschiedliche Oberfl\u00e4chenbehandlungen zur Verf\u00fcgung, entsprechen der Nutzungsart, dem \u00e4sthetischem Aspekt oder dem Witterungseinfluss. Rohe Kette Polierte Kette Vernickelte Kette Vermessingte Kette Kette aus antikem Messing Bronzierte Kette Verkupferte Kette Vernickelte Kette, schwarz Verzinkte Kette Tropenfeste Kette Lackierte Kette Feuerverzinkte Kette Als Beschichtungen stehen zur Verf\u00fcgung:&#8211; elektrogalvanische Behandlungen&#8211; Pulverbeschichtung [&hellip;]<\/p>\n","protected":false},"author":6,"featured_media":0,"parent":0,"menu_order":0,"comment_status":"closed","ping_status":"closed","template":"","meta":{"footnotes":""},"class_list":["post-7728","page","type-page","status-publish","hentry"],"_links":{"self":[{"href":"https:\/\/www.catene3c.it\/de\/wp-json\/wp\/v2\/pages\/7728","targetHints":{"allow":["GET"]}}],"collection":[{"href":"https:\/\/www.catene3c.it\/de\/wp-json\/wp\/v2\/pages"}],"about":[{"href":"https:\/\/www.catene3c.it\/de\/wp-json\/wp\/v2\/types\/page"}],"author":[{"embeddable":true,"href":"https:\/\/www.catene3c.it\/de\/wp-json\/wp\/v2\/users\/6"}],"replies":[{"embeddable":true,"href":"https:\/\/www.catene3c.it\/de\/wp-json\/wp\/v2\/comments?post=7728"}],"version-history":[{"count":5,"href":"https:\/\/www.catene3c.it\/de\/wp-json\/wp\/v2\/pages\/7728\/revisions"}],"predecessor-version":[{"id":8730,"href":"https:\/\/www.catene3c.it\/de\/wp-json\/wp\/v2\/pages\/7728\/revisions\/8730"}],"wp:attachment":[{"href":"https:\/\/www.catene3c.it\/de\/wp-json\/wp\/v2\/media?parent=7728"}],"curies":[{"name":"wp","href":"https:\/\/api.w.org\/{rel}","templated":true}]}}