{"id":7865,"date":"2023-12-06T17:05:00","date_gmt":"2023-12-06T16:05:00","guid":{"rendered":"https:\/\/www.catene3c.it\/verpackungen\/kettenstueck-als-wicklung\/"},"modified":"2024-07-15T09:23:51","modified_gmt":"2024-07-15T07:23:51","slug":"kettenstueck-als-wicklung","status":"publish","type":"page","link":"https:\/\/www.catene3c.it\/de\/verpackungen\/kettenstueck-als-wicklung\/","title":{"rendered":"Kettenst\u00fcck als Wicklung"},"content":{"rendered":"\t\t<div data-elementor-type=\"wp-page\" data-elementor-id=\"7865\" class=\"elementor elementor-7865 elementor-1534\" data-elementor-post-type=\"page\">\n\t\t\t\t<div class=\"elementor-element elementor-element-334be89 e-con-full e-flex e-con e-parent\" data-id=\"334be89\" data-element_type=\"container\" data-e-type=\"container\">\n\t\t\t\t<div class=\"elementor-element elementor-element-b0f4a8b elementor-widget elementor-widget-template\" data-id=\"b0f4a8b\" data-element_type=\"widget\" data-e-type=\"widget\" data-widget_type=\"template.default\">\n\t\t\t\t<div class=\"elementor-widget-container\">\n\t\t\t\t\t\t\t<div class=\"elementor-template\">\n\t\t\t\t\t<div data-elementor-type=\"container\" data-elementor-id=\"8466\" class=\"elementor elementor-8466 elementor-2010\" data-elementor-post-type=\"elementor_library\">\n\t\t\t\t<div class=\"elementor-element elementor-element-113d4101 e-flex e-con-boxed e-con e-parent\" data-id=\"113d4101\" data-element_type=\"container\" data-e-type=\"container\" data-settings=\"{&quot;background_background&quot;:&quot;classic&quot;}\">\n\t\t\t\t\t<div class=\"e-con-inner\">\n\t\t\t\t<div class=\"elementor-element elementor-element-f435937 elementor-widget elementor-widget-shortcode\" data-id=\"f435937\" data-element_type=\"widget\" data-e-type=\"widget\" data-widget_type=\"shortcode.default\">\n\t\t\t\t\t\t\t<div class=\"elementor-shortcode\"><nav aria-label=\"breadcrumbs\" class=\"rank-math-breadcrumb\"><p><span class=\"last\">Home<\/span><\/p><\/nav><\/div>\n\t\t\t\t\t\t<\/div>\n\t\t\t\t\t<\/div>\n\t\t\t\t<\/div>\n\t\t\t\t<\/div>\n\t\t\t\t<\/div>\n\t\t\t\t\t\t<\/div>\n\t\t\t\t<\/div>\n\t\t\t\t<\/div>\n\t\t<div class=\"elementor-element elementor-element-db624a2 e-flex e-con-boxed e-con e-parent\" data-id=\"db624a2\" data-element_type=\"container\" data-e-type=\"container\">\n\t\t\t\t\t<div class=\"e-con-inner\">\n\t\t\t\t<div class=\"elementor-element elementor-element-35610f2 elementor-widget elementor-widget-text-editor\" data-id=\"35610f2\" data-element_type=\"widget\" data-e-type=\"widget\" data-widget_type=\"text-editor.default\">\n\t\t\t\t\t\t\t\t\t<p>Die Kettenst\u00fccke werden gem\u00e4\u00df Kundenwunsch in Form mehrerer Wicklungen geliefert.<br \/>Durch Abtrennen der Bindung entstehen einzelne Kettenst\u00fccke.<\/p>\n\t\t\t\t\t\t\t\t<\/div>\n\t\t<div class=\"elementor-element elementor-element-78bca95 e-flex e-con-boxed e-con e-child\" data-id=\"78bca95\" data-element_type=\"container\" data-e-type=\"container\">\n\t\t\t\t\t<div class=\"e-con-inner\">\n\t\t\t\t<div class=\"elementor-element elementor-element-72e410c elementor-widget elementor-widget-image\" data-id=\"72e410c\" data-element_type=\"widget\" data-e-type=\"widget\" data-widget_type=\"image.default\">\n\t\t\t\t\t\t\t\t\t\t\t\t\t\t\t<img fetchpriority=\"high\" decoding=\"async\" width=\"800\" height=\"534\" src=\"https:\/\/www.catene3c.it\/wp-content\/uploads\/2024\/01\/3C-Catene-Spezzoni-in-matasse-1024x683.webp\" class=\"attachment-large size-large wp-image-3955\" alt=\"3C Catene -\" srcset=\"https:\/\/www.catene3c.it\/wp-content\/uploads\/2024\/01\/3C-Catene-Spezzoni-in-matasse-1024x683.webp 1024w, https:\/\/www.catene3c.it\/wp-content\/uploads\/2024\/01\/3C-Catene-Spezzoni-in-matasse-300x200.webp 300w, https:\/\/www.catene3c.it\/wp-content\/uploads\/2024\/01\/3C-Catene-Spezzoni-in-matasse-768x512.webp 768w, https:\/\/www.catene3c.it\/wp-content\/uploads\/2024\/01\/3C-Catene-Spezzoni-in-matasse-600x400.webp 600w, https:\/\/www.catene3c.it\/wp-content\/uploads\/2024\/01\/3C-Catene-Spezzoni-in-matasse.webp 1200w\" sizes=\"(max-width: 800px) 100vw, 800px\" title=\"3C Catene -\">\t\t\t\t\t\t\t\t\t\t\t\t\t\t\t<\/div>\n\t\t\t\t\t<\/div>\n\t\t\t\t<\/div>\n\t\t\t\t\t<\/div>\n\t\t\t\t<\/div>\n\t\t<div class=\"elementor-element elementor-element-be56fb1 e-flex e-con-boxed e-con e-parent\" data-id=\"be56fb1\" data-element_type=\"container\" data-e-type=\"container\">\n\t\t\t\t\t<div class=\"e-con-inner\">\n\t\t\t\t<div class=\"elementor-element elementor-element-ce564f0 elementor-mobile-align-justify elementor-widget elementor-widget-button\" data-id=\"ce564f0\" data-element_type=\"widget\" data-e-type=\"widget\" data-widget_type=\"button.default\">\n\t\t\t\t\t\t\t\t\t\t<a class=\"elementor-button elementor-button-link elementor-size-sm\" href=\"https:\/\/www.catene3c.it\/de\/verpackungen\/\">\n\t\t\t\t\t\t<span class=\"elementor-button-content-wrapper\">\n\t\t\t\t\t\t\t\t\t<span class=\"elementor-button-text\">Zur\u00fcck zu Verpackungen<\/span>\n\t\t\t\t\t<\/span>\n\t\t\t\t\t<\/a>\n\t\t\t\t\t\t\t\t<\/div>\n\t\t\t\t<div class=\"elementor-element elementor-element-ec6caf3 elementor-mobile-align-justify elementor-widget elementor-widget-button\" data-id=\"ec6caf3\" data-element_type=\"widget\" data-e-type=\"widget\" data-widget_type=\"button.default\">\n\t\t\t\t\t\t\t\t\t\t<a class=\"elementor-button elementor-button-link elementor-size-sm\" href=\"https:\/\/www.catene3c.it\/de\/katalog\/\">\n\t\t\t\t\t\t<span class=\"elementor-button-content-wrapper\">\n\t\t\t\t\t\t\t\t\t<span class=\"elementor-button-text\">Sehen Sie unseren Katalog<\/span>\n\t\t\t\t\t<\/span>\n\t\t\t\t\t<\/a>\n\t\t\t\t\t\t\t\t<\/div>\n\t\t\t\t<div class=\"elementor-element elementor-element-d9c69ff elementor-mobile-align-justify show-for-catalogo elementor-widget elementor-widget-button\" data-id=\"d9c69ff\" data-element_type=\"widget\" data-e-type=\"widget\" id=\"go-back\" data-widget_type=\"button.default\">\n\t\t\t\t\t\t\t\t\t\t<a class=\"elementor-button elementor-button-link elementor-size-sm\" href=\"#\">\n\t\t\t\t\t\t<span class=\"elementor-button-content-wrapper\">\n\t\t\t\t\t\t\t\t\t<span class=\"elementor-button-text\">Zur\u00fcck zum Katalog<\/span>\n\t\t\t\t\t<\/span>\n\t\t\t\t\t<\/a>\n\t\t\t\t\t\t\t\t<\/div>\n\t\t\t\t\t<\/div>\n\t\t\t\t<\/div>\n\t\t\t\t<\/div>\n\t\t","protected":false},"excerpt":{"rendered":"<p>Die Kettenst\u00fccke werden gem\u00e4\u00df Kundenwunsch in Form mehrerer Wicklungen geliefert.Durch Abtrennen der Bindung entstehen einzelne Kettenst\u00fccke. Zur\u00fcck zu Verpackungen Sehen Sie unseren Katalog Zur\u00fcck zum Katalog<\/p>\n","protected":false},"author":6,"featured_media":0,"parent":7746,"menu_order":0,"comment_status":"closed","ping_status":"closed","template":"","meta":{"footnotes":""},"class_list":["post-7865","page","type-page","status-publish","hentry"],"_links":{"self":[{"href":"https:\/\/www.catene3c.it\/de\/wp-json\/wp\/v2\/pages\/7865","targetHints":{"allow":["GET"]}}],"collection":[{"href":"https:\/\/www.catene3c.it\/de\/wp-json\/wp\/v2\/pages"}],"about":[{"href":"https:\/\/www.catene3c.it\/de\/wp-json\/wp\/v2\/types\/page"}],"author":[{"embeddable":true,"href":"https:\/\/www.catene3c.it\/de\/wp-json\/wp\/v2\/users\/6"}],"replies":[{"embeddable":true,"href":"https:\/\/www.catene3c.it\/de\/wp-json\/wp\/v2\/comments?post=7865"}],"version-history":[{"count":3,"href":"https:\/\/www.catene3c.it\/de\/wp-json\/wp\/v2\/pages\/7865\/revisions"}],"predecessor-version":[{"id":8833,"href":"https:\/\/www.catene3c.it\/de\/wp-json\/wp\/v2\/pages\/7865\/revisions\/8833"}],"up":[{"embeddable":true,"href":"https:\/\/www.catene3c.it\/de\/wp-json\/wp\/v2\/pages\/7746"}],"wp:attachment":[{"href":"https:\/\/www.catene3c.it\/de\/wp-json\/wp\/v2\/media?parent=7865"}],"curies":[{"name":"wp","href":"https:\/\/api.w.org\/{rel}","templated":true}]}}