{"id":7922,"date":"2024-01-05T11:28:00","date_gmt":"2024-01-05T10:28:00","guid":{"rendered":"https:\/\/www.catene3c.it\/service-charta\/"},"modified":"2024-07-09T10:06:36","modified_gmt":"2024-07-09T08:06:36","slug":"service-charta","status":"publish","type":"page","link":"https:\/\/www.catene3c.it\/de\/service-charta\/","title":{"rendered":"Service-charta"},"content":{"rendered":"\t\t<div data-elementor-type=\"wp-page\" data-elementor-id=\"7922\" class=\"elementor elementor-7922 elementor-2169\" data-elementor-post-type=\"page\">\n\t\t\t\t<div class=\"elementor-element elementor-element-cdc12c4 e-con-full e-flex e-con e-parent\" data-id=\"cdc12c4\" data-element_type=\"container\" data-e-type=\"container\">\n\t\t\t\t<div class=\"elementor-element elementor-element-b5b374f elementor-widget elementor-widget-template\" data-id=\"b5b374f\" data-element_type=\"widget\" data-e-type=\"widget\" data-widget_type=\"template.default\">\n\t\t\t\t<div class=\"elementor-widget-container\">\n\t\t\t\t\t\t\t<div class=\"elementor-template\">\n\t\t\t\t\t<div data-elementor-type=\"container\" data-elementor-id=\"8466\" class=\"elementor elementor-8466 elementor-2010\" data-elementor-post-type=\"elementor_library\">\n\t\t\t\t<div class=\"elementor-element elementor-element-113d4101 e-flex e-con-boxed e-con e-parent\" data-id=\"113d4101\" data-element_type=\"container\" data-e-type=\"container\" data-settings=\"{&quot;background_background&quot;:&quot;classic&quot;}\">\n\t\t\t\t\t<div class=\"e-con-inner\">\n\t\t\t\t<div class=\"elementor-element elementor-element-f435937 elementor-widget elementor-widget-shortcode\" data-id=\"f435937\" data-element_type=\"widget\" data-e-type=\"widget\" data-widget_type=\"shortcode.default\">\n\t\t\t\t\t\t\t<div class=\"elementor-shortcode\"><nav aria-label=\"breadcrumbs\" class=\"rank-math-breadcrumb\"><p><span class=\"last\">Home<\/span><\/p><\/nav><\/div>\n\t\t\t\t\t\t<\/div>\n\t\t\t\t\t<\/div>\n\t\t\t\t<\/div>\n\t\t\t\t<\/div>\n\t\t\t\t<\/div>\n\t\t\t\t\t\t<\/div>\n\t\t\t\t<\/div>\n\t\t\t\t<\/div>\n\t\t<div class=\"elementor-element elementor-element-9a6e101 e-flex e-con-boxed e-con e-parent\" data-id=\"9a6e101\" data-element_type=\"container\" data-e-type=\"container\">\n\t\t\t\t\t<div class=\"e-con-inner\">\n\t\t\t\t<div class=\"elementor-element elementor-element-e1fe29d elementor-widget elementor-widget-text-editor\" data-id=\"e1fe29d\" data-element_type=\"widget\" data-e-type=\"widget\" data-widget_type=\"text-editor.default\">\n\t\t\t\t\t\t\t\t\t<p>Wir m\u00f6chten mit dem Kunden die <strong>Service-Charta<\/strong> und die <strong>Allgemeinen Verkaufsbedingungen<\/strong> mit der Zielsetzung teilen, alle bestehenden kaufm\u00e4nnischen\/beziehungstechnischen Aspekte deutlich zum Ausdruck zu bringen. Die Absicht besteht darin, <strong>die Klarheit in den Gesch\u00e4ftsbeziehungen zu beg\u00fcnstigen<\/strong>, um m\u00f6gliche Missverst\u00e4ndnisse, Missst\u00e4nde, Zeit- und Ressourcenverschwendung vor allem w\u00e4hrend der Phase des Erstkontakts zu vermeiden. <\/p>\n\t\t\t\t\t\t\t\t<\/div>\n\t\t\t\t<div class=\"elementor-element elementor-element-c84580f elementor-widget-divider--view-line elementor-widget elementor-widget-divider\" data-id=\"c84580f\" data-element_type=\"widget\" data-e-type=\"widget\" data-widget_type=\"divider.default\">\n\t\t\t\t\t\t\t<div class=\"elementor-divider\">\n\t\t\t<span class=\"elementor-divider-separator\">\n\t\t\t\t\t\t<\/span>\n\t\t<\/div>\n\t\t\t\t\t\t<\/div>\n\t\t\t\t<div class=\"elementor-element elementor-element-7efa0b3 elementor-widget elementor-widget-heading\" data-id=\"7efa0b3\" data-element_type=\"widget\" data-e-type=\"widget\" data-widget_type=\"heading.default\">\n\t\t\t\t\t<h3 class=\"elementor-heading-title elementor-size-default\">Service-charta<\/h3>\t\t\t\t<\/div>\n\t\t\t\t<div class=\"elementor-element elementor-element-32e6246 elementor-widget elementor-widget-text-editor\" data-id=\"32e6246\" data-element_type=\"widget\" data-e-type=\"widget\" data-widget_type=\"text-editor.default\">\n\t\t\t\t\t\t\t\t\t<p><strong>ANTWORTZEITEN<\/strong><br \/>In Anbetracht einer erhaltenen Angebotsanfrage ist 3C CATENE bestrebt, das Angebot innerhalb folgender Fristen an den KUNDEN zu senden:<br \/>&#8211; Einen Arbeitstag f\u00fcr Anfragen mit Standard-Artikeln und\/oder Handelsbedingungen.<br \/>&#8211; Drei Arbeitstage f\u00fcr Anfragen mit Nicht-Standard-Artikeln und\/oder Handelsbedingungen oder f\u00fcr besonders komplexe individuelle Gestaltungen.<br \/>F\u00fcr verwalterische oder kaufm\u00e4nnische Anfragen ist 3C CATENE bestrebt, die Antwort innerhalb eines Arbeitstages zu liefern.<\/p>\n<p><strong>PREISE<\/strong><br \/>Bei jeder Ausstellung einer neuen Preisliste schickt 3C CATENE eine Kopie an den Kunden. Die Preisliste gibt die Preise und n\u00fctzlichen Informationen f\u00fcr Katalogartikel wieder und ist in den Standard-Versionen und, f\u00fcr Kunden, die individuell gestaltete Produkte kaufen, in der Version \u201cNicht-Standard\u201d vorhanden. Die betreffende Preisliste bleibt g\u00fcltig, bis 3C CATENE eine gegenteilige Mitteilung macht. Die aktualisierte Version der geltenden Preisliste wird in jedem Fall auf der Webseite des Unternehmens innerhalb des Abschnittes.   <br \/>F\u00fcr geplante Auftr\u00e4ge werden die individuell gestalteten Preislisten mit den einzelnen Kunden analysiert und besprochen und f\u00fcr einen bestimmten Zeitraum blockiert.<\/p>\n<p><strong>GESCH\u00c4FTSBEDINGUNGEN<\/strong><br \/>Am Anfang jeder kaufm\u00e4nnischen Beziehung wird jedem KUNDEN, im Fall von folgenden Variationen und\/oder Aktualisierungen, das Dokument \u201cKaufm\u00e4nnische Bedingungen Mod. KAT 4\u201d geliefert. Es fasst alle bestehenden Lieferbedingungen (Zahlungsmodalit\u00e4ten, eventuelle Bankverbindung, Rabatte, Porto, Transport, verschiedene Anmerkungen\u2026) zusammen.<\/p>\n<p><strong>GESCH\u00c4FTSZEITEN<\/strong><br \/>Die \u00d6ffnungs-\/Schlie\u00dfungszeiten der B\u00fcros und Zeiten f\u00fcr die Auslieferung\/Abholung der Waren sind auf der Webseite des Unternehmens im Abschnitt <a href=\"https:\/\/www.catene3c.it\/contatti\/richiesta-informazioni\">Kontakte<\/a>.<\/p>\n<p><strong>INDIVIDUELLE GESTALTUNG VON PRODUKTEN UND SERVICELEISTUNGEN<\/strong><br \/>3C CATENE ist st\u00e4ndig bestrebt, den Erfordernissen des KUNDEN in allen Aspekten entgegenzukommen, egal ob es sich dabei um die individuelle Gestaltung der Produkte und Serviceleistungen oder um besondere Anfragen handelt, die innerhalb kaufm\u00e4nnischer Beziehungen entstehen k\u00f6nnen. Deshalb ist die Zielsetzung von 3C CATENE, Anfragen jedes einzelnen KUNDEN \u201cbei der individuellen Gestaltung zu standardisieren\u201d, damit diese Sonderanfertigungen f\u00fcr ihn zu einem Standard werden, auf den er immer z\u00e4hlen kann. <\/p>\n<p><strong>TRANSPARENZ, KLARHEIT UND RECHTZEITIGKEIT DER INFORMATIONEN<\/strong><br \/>Die st\u00e4ndige Bem\u00fchung von 3C CATENE besteht darin, dem KUNDEN alle n\u00fctzlichen Informationen zu liefern, um ihm zu erlauben, das f\u00fcr ihn am besten geeignete Produkt und die entsprechenden Kaufbedingungen auszuw\u00e4hlen. Die Kommunikationsinstrumente von 3C CATENE (Webseite, Katalog und Preisliste, k\u00e4ufm\u00e4nnische Brosch\u00fcren, Karte mit kaufm\u00e4nnischen Bedingungen, Angebote) sind immer auf dem neuesten Stand und geben alle n\u00fctzlichen Informationen f\u00fcr den KUNDEN wieder, damit dieser in klarer und eindeutiger Weise ein Angebot anfordern oder eine Bestellung t\u00e4tigen kann. Die Aktualisierung der Informationen erfolgt in Echtzeit auf der Webseite oder wird dem KUNDEN umgehend in der sinnvollsten Art mitgeteilt.  <br \/>Die \u201cAllgemeinen Verkaufsbedingungen\u201d gelten f\u00fcr die Beziehungen mit Unternehmen und professionellen Branchenmitarbeitern.<br \/>Sie werden zu <strong>einem festen Bestandteil des Kaufvertrages<\/strong> und die entsprechenden Bez\u00fcge werden auf jeder ausgestellten Auftragsbest\u00e4tigung erw\u00e4hnt. Eventuell andere und\/oder gegens\u00e4tzliche Bedingungen werden nicht anerkannt, au\u00dfer wenn 3C CATENE diese dem KUNDEN schriftlich anerkannt hat. <\/p>\n\t\t\t\t\t\t\t\t<\/div>\n\t\t\t\t<div class=\"elementor-element elementor-element-002e82d elementor-widget-divider--view-line elementor-widget elementor-widget-divider\" data-id=\"002e82d\" data-element_type=\"widget\" data-e-type=\"widget\" data-widget_type=\"divider.default\">\n\t\t\t\t\t\t\t<div class=\"elementor-divider\">\n\t\t\t<span class=\"elementor-divider-separator\">\n\t\t\t\t\t\t<\/span>\n\t\t<\/div>\n\t\t\t\t\t\t<\/div>\n\t\t\t\t<div class=\"elementor-element elementor-element-5868231 elementor-widget elementor-widget-heading\" data-id=\"5868231\" data-element_type=\"widget\" data-e-type=\"widget\" data-widget_type=\"heading.default\">\n\t\t\t\t\t<h3 class=\"elementor-heading-title elementor-size-default\">Allgemeine verkaufsbedingungen<\/h3>\t\t\t\t<\/div>\n\t\t\t\t<div class=\"elementor-element elementor-element-aa2a3ff elementor-widget elementor-widget-text-editor\" data-id=\"aa2a3ff\" data-element_type=\"widget\" data-e-type=\"widget\" data-widget_type=\"text-editor.default\">\n\t\t\t\t\t\t\t\t\t<p><strong>ALLGEMEIN<\/strong><br \/>&#8211; Au\u00dfer wenn ausdr\u00fccklich zwischen den Parteien anders in der Auftragsbest\u00e4tigung vereinbart, verstehen sich die vorliegenden Verkaufs- und Lieferbedingungen als fester Bestandteil einer jeglichen Vertragsbeziehung, die die Lieferung der im Handel befindlichen Produkte von 3C CATENE zum Gegenstand hat. Falls es Unstimmigkeiten zwischen den im Auftrag enthaltenen vorliegenden Vertragsbedingungen und den Spezifischen Bedingungen gibt, haben die Spezifischen Bedingungen Vorrang. Voraussetzung hierzu ist, dass sie ausdr\u00fccklich und in schriftlicher Form von 3C CATENE best\u00e4tigt wurden. <\/p>\n<p><strong>KAUFAUFTR\u00c4GE<\/strong><br \/>&#8211; Der Mindestkaufbetrag f\u00fcr den ersten Auftrag wird auf 200,00 \u20ac ausschlie\u00dflich Verpackungen, Transport und Mwst. festgelegt.<br \/>&#8211; F\u00fcr Rechnungen mit Betr\u00e4gen von weniger als 200,00 \u20ac, die die Bezahlung mit Bankbest\u00e4tigung vorsehen, wird der Betrag von 2 \u20ac in Rechnung gestellt.<br \/>&#8211; Die Auftr\u00e4ge m\u00fcssen in schriftlicher Form erfolgen, um Missverst\u00e4ndnisse zu vermeiden und 3C CATENE zu erm\u00f6glichen, alle Erfordernisse des KUNDEN zu verstehen.<br \/>&#8211; Die Auftr\u00e4ge werden erst nach der Annahme vonseiten 3C CATENE und der entsprechenden Zusendung der schriftlichen Auftragsbest\u00e4tigung bindend.<br \/>Die Auftragsbest\u00e4tigung gibt alle f\u00fcr die Bearbeitung des Auftrags notwendigen Elemente an. Wenn der KUNDE nicht innerhalb eines Arbeitstages nach der \u00dcbertragung desselben eine Meldung oder Beschwerde eingibt, versteht sich die von 3C CATENE \u00fcbertragene Auftragsbest\u00e4tigung als perfekt mit dem Willen des KUNDEN \u00fcbereinstimmend. Die Best\u00e4tigung wird immer geschickt innerhalb von: <br \/>&#8211; Einem Arbeitstag f\u00fcr Auftr\u00e4ge mit Standard-Artikeln und\/oder Handelsbedingungen.<br \/>&#8211; Drei Arbeitstagen f\u00fcr Auftr\u00e4ge mit Nicht-Standard-Artikeln und\/oder Handelsbedingungen oder f\u00fcr individuell gestaltete Artikel und\/oder Bedingungen.<br \/>Falls also die Best\u00e4tigung nach der Zusendung eines Auftrages an 3C CATENE nicht innerhalb der oben angegebenen Fristen erfolgt, sollte der KUNDE 3C CATENE zur \u00dcberpr\u00fcfung der Sendung oder der eventuell erneuten Zusendung derselben kontaktieren.<br \/>&#8211; \u00c4nderungen an den in Ausf\u00fchrung befindlichen Auftr\u00e4gen sind nicht zul\u00e4ssig, wenn keine vorherige schriftliche Best\u00e4tigung von 3C CATENE erfolgt.<br \/>&#8211; 3C CATENE beh\u00e4lt sich das Recht vor, die eventuelle Stornierung von Auftr\u00e4gen auf Anfrage des KUNDEN zu bewerten.<br \/>&#8211; F\u00fcr Artikel mit Verpackungen, die keine \u201cSchachteln\u201d sind, k\u00f6nnen die gelieferten Mengen, unabh\u00e4ngig von der ausgedr\u00fcckten Ma\u00dfeinheit (m, kg, N\u00b0, usw.), eine Variation von +\/- 5 % gegen\u00fcber der bestellten und auf der Auftragsbest\u00e4tigung angegebenen Menge erfahren, ohne dass dies einen Einfluss auf die G\u00fcltigkeit des Vertrages hat, selbst wenn in den Spezifischen Bedingungen nicht \u201ccirca\u201d angegeben ist.<\/p>\n<p><strong>PREIS<\/strong><br \/>&#8211; Der Verkaufspreis wird in der Auftragsbest\u00e4tigung ebenso wie eventuelle Rabatte angegeben. Alles was nicht ausdr\u00fccklich in der Auftragsbest\u00e4tigung angegeben ist, verpflichtet 3C CATENE in keinerlei Weise. <br \/><strong>ZAHLUNGEN<\/strong><br \/>&#8211; Die Bezahlungen m\u00fcssen direkt bei 3C CATENE in vereinbarter Form, Ma\u00df und Zeit eingehen und k\u00f6nnen aus keinem Grund ausgesetzt oder versp\u00e4tet werden. Das Risiko der \u00dcbertragung der Betr\u00e4ge geht, unabh\u00e4ngig vom bevorzugten Zahlungssystem, zu Lasten des KUNDEN. Die Zahlungen m\u00fcssen in \u00dcbereinstimmung damit erfolgen, was hinsichtlich der Zahlungsbedingungen vereinbart und in der Auftragsbest\u00e4tigung angegeben wurde  <br \/>&#8211; Der KUNDE hat kein Anrecht, Zahlungen aufgrund von Garantieforderungen oder anderen nicht von 3C CATENE anerkannten Beanstandungen einzubehalten.<br \/>&#8211; Sofern der KUNDE nicht innerhalb der festgelegten Fristen bezahlt, hat 3C CATENE ab der Anfangsf\u00e4lligkeit bis zur tats\u00e4chlichen Bezahlung Anrecht auf Zinsen auf die f\u00e4llige Summe.<br \/>&#8211; Im Falle einer Zahlungsverz\u00f6gerung gegen\u00fcber den vereinbarten Fristen und au\u00dfer bei andersartiger schriftlicher Vereinbarung mit 3C CATENE, ist der KUNDE darum angehalten, 3C CATENE die Verzugszinsen auf die verfallenen Betr\u00e4ge zu entsprechen.<br \/>Der angewendete Zinssatz ist um zwei Punkte h\u00f6her als der Euribor-Zins auf drei Monate, gem\u00e4\u00df der Ver\u00f6ffentlichung von \u201cIl sole 24 Ore\u201d am F\u00e4lligkeitsdatum der Bezahlung oder bei der letzten Ver\u00f6ffentlichung vor diesem Tag.<br \/>&#8211; Wenn keine Bezahlung erfolgt, beh\u00e4lt sich 3C CATENE das Recht vor, die vom KUNDEN bestellten Warenlieferungen auszusetzen und\/oder zu stornieren, auch wenn 3C CATENE bereits eine schriftliche Auftragsbest\u00e4tigung ausgestellt hat.<\/p>\n<p><strong>REKLAMATIONEN<\/strong><br \/>&#8211; Eventuelle Abweichungen und Anomalien gegen\u00fcber der Bestellung bei den Produkten m\u00fcssen vom KUNDEN w\u00e4hrend der Eingangskontrollen erhoben und innerhalb von 8 Arbeitstagen ab der Warenlieferung an den KUNDEN schriftlich mitgeteilt werden.<br \/>&#8211; Warenr\u00fcckgaben werden nur akzeptiert, wenn sie vorher mit 3C CATENE (auch einschlie\u00dflich der Transportmodalit\u00e4ten) vereinbart und von diesem Unternehmen autorisiert wurden.<br \/>Die zur\u00fcckgegebenen Waren und entsprechenden Packungen und Verpackungen m\u00fcssen in jedem Fall im gleichen Zustand eingehen, wie sie geliefert wurden.<br \/>&#8211; Falls die Reklamation von 3C CATENE akzeptiert wurde, ist die Haftung des Unternehmens in jedem Fall auf den Austausch des defekten Produktes oder die eventuelle R\u00fcckerstattung seines Wertes gem\u00e4\u00df Auftragsbest\u00e4tigung beschr\u00e4nkt.<\/p>\n<p><strong>VERPACKUNGEN<\/strong><br \/>&#8211; Im Fall der kaufm\u00e4nnischen Bedingung \u201cVerpackung wird belastet\u201d, wird der entsprechende Betrag zum Kostenpreis verrechnet.<br \/>&#8211; Im Fall der kaufm\u00e4nnischen Bedingung \u201cVerpackung zur\u00fcckzugeben\u201d, sorgt der KUNDE f\u00fcr die R\u00fcckgabe der Verpackung, wie auf dem zusammenfassenden Dokument der lagernden Verpackungen angegeben (Mod. PRLC 1), das 3C CATENE jedes Monatsende schickt.<br \/>&#8211; Die zur\u00fcckzugebenden Verpackungen m\u00fcssen sein:<br \/>&#8211; Im Fall der mit \u201c3C CATENE\u201d markierten Kisten: Die gleichen, die erhalten wurden.<br \/>&#8211; Im Fall von anderen Verpackungen, die gleichen, die erhalten wurden oder andere, solange sie in gutem Zustand sind und die gleiche Funktionsf\u00e4higkeit haben.<\/p>\n<p><strong>LIEFERBEDINGUNGEN UND VERSAND DER MATERIALIEN<\/strong><br \/>&#8211; Au\u00dfer wenn die Lieferfrist ausdr\u00fccklich in der Auftragsbest\u00e4tigung als \u201cesecutivo\u201d (&#8218;exekutiv&#8216;) angegeben ist, haben die Lieferzeiten Hinweischarakter (mit einem Toleranzwert, der in der Auftragsbest\u00e4tigung angegeben ist) und beziehen sich auf Arbeitstage.<br \/>&#8211; Unter lieferbereiten Waren versteht man Waren, die im Augenblick der Verf\u00fcgbarkeitsanfrage f\u00fcr den Verkauf verf\u00fcgbar sind \u201cau\u00dfer sie wurden verkauft\u201d.<br \/>&#8211; 3C CATENE ist bestrebt die vereinbarten Lieferfristen zu ber\u00fccksichtigen. Tatsachen, die die Lieferung der Materialien verhindern oder verz\u00f6gern, wie zum Beispiel, aber nicht darauf beschr\u00e4nkt: Versp\u00e4tete Lieferungen in der Lieferkette und andere Tatsachen, die die Produktion und\/oder Bearbeitung verhindern oder verz\u00f6gern, werden traditionell als H\u00f6here Gewalt betrachtet und 3C CATENE kann nicht f\u00fcr die Lieferverz\u00f6gerung haftbar gehalten werden. <br \/>&#8211; In den oben genannten F\u00e4llen kann 3C CATENE die Lieferung verz\u00f6gern, solange die Ursachen f\u00fcr die Verz\u00f6gerung anhalten.<\/p>\n<p><strong>TRANSPORT<\/strong><br \/>&#8211; Die Transporte verstehen sich, wenn nicht schriftlich anderweitig vereinbart, als zu Lasten des KUNDEN. Trotzdem kann 3C CATENE auch im Fall von \u201cTransport frei Werk\u201d auf Anfrage des KUNDEN direkt den Transporteur kontaktieren, um sich \u00fcber den Versand zu verst\u00e4ndigen, wenn die Ware bereit ist. Die Haftung f\u00fcr den Transport bleibt in jedem Fall immer zu Lasten des KUNDEN.  <\/p>\n<p><strong>HAFTBARKEIT<\/strong><br \/>&#8211; 3C CATENE verpflichtet sich, dem KUNDEN Produkte in \u00dcbereinstimmung mit den vereinbarten Bedingungen und unter Ber\u00fccksichtigung der geltenden Normen zu liefern. Es ist in jedem Fall die Pflicht des KUNDEN, die Qualit\u00e4t und Eignung der gelieferten Ware gegen\u00fcber der Verwendung zu \u00fcberpr\u00fcfen, f\u00fcr die das Produkt bestimmt ist, bevor es eingesetzt wird. Deswegen \u00fcbernimmt 3C CATENE keine Verantwortung f\u00fcr entstehende Sch\u00e4den, die w\u00e4hrend des Einsatzes seiner Produkte auftreten k\u00f6nnten, wenn nicht die geeigneten Eingangskontrollen durch den KUNDEN ausgef\u00fchrt wurden und die entsprechende Mitteilung an 3C CATENE erfolgte.  <br \/>&#8211; 3C CATENE lehnt jegliche Haftung f\u00fcr die unsachgem\u00e4\u00dfe Verwendung der gelieferten Produkte ab.<br \/>&#8211; Auf Anfrage des KUNDEN werden Bescheinigungen bez\u00fcglich des Rohmaterials und\/oder der Endprodukte oder Erkl\u00e4rungen erlassen, dass spezifische Gesetze und\/oder geltende Normen ber\u00fccksichtigt werden. Jeder, der diese Bescheinigungen sowohl in der Form als auch in den Inhalten ab\u00e4ndert und\/oder modifiziert, wird gewarnt. <\/p>\n<p><strong>SCHUTZ DER PERS\u00d6NLICHEN DATEN<\/strong><br \/>&#8211; Im Rahmen der Vertragsbeziehungen hat 3C CATENE das Recht, die auf den KUNDEN bezogenen Daten nach den geltenden Normen zu speichern, zu \u00fcbertragen, neu auszuarbeiten und zu l\u00f6schen.<br \/>&#8211; Die Parteien verpflichten sich zu h\u00f6chster Verschwiegenheit gegen\u00fcber Dritten bez\u00fcglich dessen, was sie w\u00e4hrend der zwischen ihnen erlebten Vertragsbedingungen erfahren haben.<\/p>\n<p><strong>ZUST\u00c4NDIGER GERICHTSHOF UND ANWENDBARES GESETZ<\/strong><br \/>&#8211; Die Vertr\u00e4ge werden von der geltenden italienischen Gesetzgebung geregelt. Jegliche Beanstandung bez\u00fcglich der Interpretation oder Ausf\u00fchrung des Verkaufsvertrages befreit den KUNDEN nicht von der Ber\u00fccksichtigung der vereinbarten Zahlungsbedingungen und bringt keine Verl\u00e4ngerung der vereinbarten Fristen mit sich. <br \/>&#8211; F\u00fcr jeglichen Streitfall wird ausschlie\u00dflich das Gericht von Lecco zust\u00e4ndig sein.<\/p>\n\t\t\t\t\t\t\t\t<\/div>\n\t\t\t\t\t<\/div>\n\t\t\t\t<\/div>\n\t\t\t\t<\/div>\n\t\t","protected":false},"excerpt":{"rendered":"<p>Wir m\u00f6chten mit dem Kunden die Service-Charta und die Allgemeinen Verkaufsbedingungen mit der Zielsetzung teilen, alle bestehenden kaufm\u00e4nnischen\/beziehungstechnischen Aspekte deutlich zum Ausdruck zu bringen. Die Absicht besteht darin, die Klarheit in den Gesch\u00e4ftsbeziehungen zu beg\u00fcnstigen, um m\u00f6gliche Missverst\u00e4ndnisse, Missst\u00e4nde, Zeit- und Ressourcenverschwendung vor allem w\u00e4hrend der Phase des Erstkontakts zu vermeiden. Service-charta ANTWORTZEITENIn Anbetracht einer [&hellip;]<\/p>\n","protected":false},"author":6,"featured_media":0,"parent":0,"menu_order":0,"comment_status":"closed","ping_status":"closed","template":"","meta":{"footnotes":""},"class_list":["post-7922","page","type-page","status-publish","hentry"],"_links":{"self":[{"href":"https:\/\/www.catene3c.it\/de\/wp-json\/wp\/v2\/pages\/7922","targetHints":{"allow":["GET"]}}],"collection":[{"href":"https:\/\/www.catene3c.it\/de\/wp-json\/wp\/v2\/pages"}],"about":[{"href":"https:\/\/www.catene3c.it\/de\/wp-json\/wp\/v2\/types\/page"}],"author":[{"embeddable":true,"href":"https:\/\/www.catene3c.it\/de\/wp-json\/wp\/v2\/users\/6"}],"replies":[{"embeddable":true,"href":"https:\/\/www.catene3c.it\/de\/wp-json\/wp\/v2\/comments?post=7922"}],"version-history":[{"count":1,"href":"https:\/\/www.catene3c.it\/de\/wp-json\/wp\/v2\/pages\/7922\/revisions"}],"predecessor-version":[{"id":7923,"href":"https:\/\/www.catene3c.it\/de\/wp-json\/wp\/v2\/pages\/7922\/revisions\/7923"}],"wp:attachment":[{"href":"https:\/\/www.catene3c.it\/de\/wp-json\/wp\/v2\/media?parent=7922"}],"curies":[{"name":"wp","href":"https:\/\/api.w.org\/{rel}","templated":true}]}}