{"id":7930,"date":"2023-12-06T17:13:00","date_gmt":"2023-12-06T16:13:00","guid":{"rendered":"https:\/\/www.catene3c.it\/oberflaechenbehandlungen\/bronzierte-kette\/"},"modified":"2024-07-15T09:24:42","modified_gmt":"2024-07-15T07:24:42","slug":"bronzierte-kette","status":"publish","type":"page","link":"https:\/\/www.catene3c.it\/de\/oberflaechenbehandlungen\/bronzierte-kette\/","title":{"rendered":"Bronzierte Kette"},"content":{"rendered":"\t\t<div data-elementor-type=\"wp-page\" data-elementor-id=\"7930\" class=\"elementor elementor-7930 elementor-1500\" data-elementor-post-type=\"page\">\n\t\t\t\t<div class=\"elementor-element elementor-element-164898e e-con-full e-flex e-con e-parent\" data-id=\"164898e\" data-element_type=\"container\" data-e-type=\"container\">\n\t\t\t\t<div class=\"elementor-element elementor-element-1bbf568 elementor-widget elementor-widget-template\" data-id=\"1bbf568\" data-element_type=\"widget\" data-e-type=\"widget\" data-widget_type=\"template.default\">\n\t\t\t\t<div class=\"elementor-widget-container\">\n\t\t\t\t\t\t\t<div class=\"elementor-template\">\n\t\t\t\t\t<div data-elementor-type=\"container\" data-elementor-id=\"8466\" class=\"elementor elementor-8466 elementor-2010\" data-elementor-post-type=\"elementor_library\">\n\t\t\t\t<div class=\"elementor-element elementor-element-113d4101 e-flex e-con-boxed e-con e-parent\" data-id=\"113d4101\" data-element_type=\"container\" data-e-type=\"container\" data-settings=\"{&quot;background_background&quot;:&quot;classic&quot;}\">\n\t\t\t\t\t<div class=\"e-con-inner\">\n\t\t\t\t<div class=\"elementor-element elementor-element-f435937 elementor-widget elementor-widget-shortcode\" data-id=\"f435937\" data-element_type=\"widget\" data-e-type=\"widget\" data-widget_type=\"shortcode.default\">\n\t\t\t\t\t\t\t<div class=\"elementor-shortcode\"><nav aria-label=\"breadcrumbs\" class=\"rank-math-breadcrumb\"><p><span class=\"last\">Home<\/span><\/p><\/nav><\/div>\n\t\t\t\t\t\t<\/div>\n\t\t\t\t\t<\/div>\n\t\t\t\t<\/div>\n\t\t\t\t<\/div>\n\t\t\t\t<\/div>\n\t\t\t\t\t\t<\/div>\n\t\t\t\t<\/div>\n\t\t\t\t<\/div>\n\t\t<div class=\"elementor-element elementor-element-e5822e7 e-flex e-con-boxed e-con e-parent\" data-id=\"e5822e7\" data-element_type=\"container\" data-e-type=\"container\">\n\t\t\t\t\t<div class=\"e-con-inner\">\n\t\t<div class=\"elementor-element elementor-element-2f02ced e-con-full e-flex e-con e-child\" data-id=\"2f02ced\" data-element_type=\"container\" data-e-type=\"container\">\n\t\t\t\t<div class=\"elementor-element elementor-element-dc00f42 elementor-widget elementor-widget-image\" data-id=\"dc00f42\" data-element_type=\"widget\" data-e-type=\"widget\" data-widget_type=\"image.default\">\n\t\t\t\t\t\t\t\t\t\t\t\t\t\t\t\t<a href=\"https:\/\/www.catene3c.it\/wp-content\/uploads\/2023\/12\/3c-catene-finitura-bronzata.jpg\" data-elementor-open-lightbox=\"yes\" data-e-action-hash=\"#elementor-action%3Aaction%3Dlightbox%26settings%3DeyJpZCI6MjU0MiwidXJsIjoiaHR0cHM6XC9cL3d3dy5jYXRlbmUzYy5pdFwvd3AtY29udGVudFwvdXBsb2Fkc1wvMjAyM1wvMTJcLzNjLWNhdGVuZS1maW5pdHVyYS1icm9uemF0YS5qcGcifQ%3D%3D\">\n\t\t\t\t\t\t\t<img fetchpriority=\"high\" decoding=\"async\" width=\"800\" height=\"320\" src=\"https:\/\/www.catene3c.it\/wp-content\/uploads\/2023\/12\/3c-catene-finitura-bronzata-1024x410.jpg\" class=\"attachment-large size-large wp-image-2542\" alt=\"3C Catene -\" srcset=\"https:\/\/www.catene3c.it\/wp-content\/uploads\/2023\/12\/3c-catene-finitura-bronzata-1024x410.jpg 1024w, https:\/\/www.catene3c.it\/wp-content\/uploads\/2023\/12\/3c-catene-finitura-bronzata-300x120.jpg 300w, https:\/\/www.catene3c.it\/wp-content\/uploads\/2023\/12\/3c-catene-finitura-bronzata-768x307.jpg 768w, https:\/\/www.catene3c.it\/wp-content\/uploads\/2023\/12\/3c-catene-finitura-bronzata-1536x615.jpg 1536w, https:\/\/www.catene3c.it\/wp-content\/uploads\/2023\/12\/3c-catene-finitura-bronzata-600x240.jpg 600w, https:\/\/www.catene3c.it\/wp-content\/uploads\/2023\/12\/3c-catene-finitura-bronzata.jpg 1772w\" sizes=\"(max-width: 800px) 100vw, 800px\" title=\"3C Catene -\">\t\t\t\t\t\t\t\t<\/a>\n\t\t\t\t\t\t\t\t\t\t\t\t\t\t\t<\/div>\n\t\t\t\t<div class=\"elementor-element elementor-element-9d758cd elementor-widget elementor-widget-image\" data-id=\"9d758cd\" data-element_type=\"widget\" data-e-type=\"widget\" data-widget_type=\"image.default\">\n\t\t\t\t\t\t\t\t\t\t\t\t\t\t\t\t<a href=\"https:\/\/www.catene3c.it\/wp-content\/uploads\/2023\/12\/3c-catene-finitura-bronzata-bg.jpg\" data-elementor-open-lightbox=\"yes\" data-e-action-hash=\"#elementor-action%3Aaction%3Dlightbox%26settings%3DeyJpZCI6MjYzMCwidXJsIjoiaHR0cHM6XC9cL3d3dy5jYXRlbmUzYy5pdFwvd3AtY29udGVudFwvdXBsb2Fkc1wvMjAyM1wvMTJcLzNjLWNhdGVuZS1maW5pdHVyYS1icm9uemF0YS1iZy5qcGcifQ%3D%3D\">\n\t\t\t\t\t\t\t<img decoding=\"async\" width=\"800\" height=\"322\" src=\"https:\/\/www.catene3c.it\/wp-content\/uploads\/2023\/12\/3c-catene-finitura-bronzata-bg.jpg\" class=\"attachment-large size-large wp-image-2630\" alt=\"3C Catene -\" srcset=\"https:\/\/www.catene3c.it\/wp-content\/uploads\/2023\/12\/3c-catene-finitura-bronzata-bg.jpg 1000w, https:\/\/www.catene3c.it\/wp-content\/uploads\/2023\/12\/3c-catene-finitura-bronzata-bg-300x121.jpg 300w, https:\/\/www.catene3c.it\/wp-content\/uploads\/2023\/12\/3c-catene-finitura-bronzata-bg-768x310.jpg 768w, https:\/\/www.catene3c.it\/wp-content\/uploads\/2023\/12\/3c-catene-finitura-bronzata-bg-600x242.jpg 600w\" sizes=\"(max-width: 800px) 100vw, 800px\" title=\"3C Catene -\">\t\t\t\t\t\t\t\t<\/a>\n\t\t\t\t\t\t\t\t\t\t\t\t\t\t\t<\/div>\n\t\t\t\t<\/div>\n\t\t<div class=\"elementor-element elementor-element-10658ca e-con-full e-flex e-con e-child\" data-id=\"10658ca\" data-element_type=\"container\" data-e-type=\"container\">\n\t\t\t\t<div class=\"elementor-element elementor-element-cc42508 elementor-widget elementor-widget-text-editor\" data-id=\"cc42508\" data-element_type=\"widget\" data-e-type=\"widget\" data-widget_type=\"text-editor.default\">\n\t\t\t\t\t\t\t\t\t<p><strong>Beschichtungsart:<\/strong> ELEKTROGALVANISCHE BRONZEBESCHICHTUNG. Die Behandlung besteht darin, die Kette mit einer d\u00fcnnen Bronzeschutzschicht zu \u00fcberziehen, die ihr nicht nur ein \u00e4sthetisches Aussehen verleiht, sondern auch den Oxidationsprozess bei Kontakt mit der Witterung verlangsamt. <\/p>\n<p><strong>Oberfl\u00e4cheneigenschaften:<\/strong> Die Standardschichtst\u00e4rke der Bronzebeschichtung ist 1 micron (Richtwert).<\/p>\n<p><strong>Anwendungsbereich:<\/strong> Die bronzebeschichtete Kette ist ausschlie\u00dflich f\u00fcr den Innenbereich geeignet.<\/p>\n<p><strong>Einsatzbereiche:<\/strong> Bekleidung, Schuhe\/Lederwaren, Landwirtschaft, Inneneinrichtung.<\/p>\n<p><strong>Eignung:<\/strong> REACH, ROHS.<\/p>\n\t\t\t\t\t\t\t\t<\/div>\n\t\t\t\t<\/div>\n\t\t\t\t\t<\/div>\n\t\t\t\t<\/div>\n\t\t<div class=\"elementor-element elementor-element-79600ae e-flex e-con-boxed e-con e-parent\" data-id=\"79600ae\" data-element_type=\"container\" data-e-type=\"container\">\n\t\t\t\t\t<div class=\"e-con-inner\">\n\t\t\t\t<div class=\"elementor-element elementor-element-b283d2f elementor-mobile-align-justify elementor-widget elementor-widget-button\" data-id=\"b283d2f\" data-element_type=\"widget\" data-e-type=\"widget\" data-widget_type=\"button.default\">\n\t\t\t\t\t\t\t\t\t\t<a class=\"elementor-button elementor-button-link elementor-size-sm\" href=\"https:\/\/www.catene3c.it\/de\/oberflaechenbehandlungen\/\">\n\t\t\t\t\t\t<span class=\"elementor-button-content-wrapper\">\n\t\t\t\t\t\t\t\t\t<span class=\"elementor-button-text\">Zur\u00fcck zu den Oberfl\u00e4chenbehandlungen<\/span>\n\t\t\t\t\t<\/span>\n\t\t\t\t\t<\/a>\n\t\t\t\t\t\t\t\t<\/div>\n\t\t\t\t<div class=\"elementor-element elementor-element-927a8ab elementor-mobile-align-justify elementor-widget elementor-widget-button\" data-id=\"927a8ab\" data-element_type=\"widget\" data-e-type=\"widget\" data-widget_type=\"button.default\">\n\t\t\t\t\t\t\t\t\t\t<a class=\"elementor-button elementor-button-link elementor-size-sm\" href=\"https:\/\/www.catene3c.it\/de\/katalog\/\">\n\t\t\t\t\t\t<span class=\"elementor-button-content-wrapper\">\n\t\t\t\t\t\t\t\t\t<span class=\"elementor-button-text\">Sehen Sie unseren Katalog<\/span>\n\t\t\t\t\t<\/span>\n\t\t\t\t\t<\/a>\n\t\t\t\t\t\t\t\t<\/div>\n\t\t\t\t<div class=\"elementor-element elementor-element-baae813 elementor-mobile-align-justify show-for-catalogo elementor-widget elementor-widget-button\" data-id=\"baae813\" data-element_type=\"widget\" data-e-type=\"widget\" id=\"go-back\" data-widget_type=\"button.default\">\n\t\t\t\t\t\t\t\t\t\t<a class=\"elementor-button elementor-button-link elementor-size-sm\" href=\"#\">\n\t\t\t\t\t\t<span class=\"elementor-button-content-wrapper\">\n\t\t\t\t\t\t\t\t\t<span class=\"elementor-button-text\">Zur\u00fcck zum Katalog<\/span>\n\t\t\t\t\t<\/span>\n\t\t\t\t\t<\/a>\n\t\t\t\t\t\t\t\t<\/div>\n\t\t\t\t\t<\/div>\n\t\t\t\t<\/div>\n\t\t\t\t<\/div>\n\t\t","protected":false},"excerpt":{"rendered":"<p>Beschichtungsart: ELEKTROGALVANISCHE BRONZEBESCHICHTUNG. Die Behandlung besteht darin, die Kette mit einer d\u00fcnnen Bronzeschutzschicht zu \u00fcberziehen, die ihr nicht nur ein \u00e4sthetisches Aussehen verleiht, sondern auch den Oxidationsprozess bei Kontakt mit der Witterung verlangsamt. Oberfl\u00e4cheneigenschaften: Die Standardschichtst\u00e4rke der Bronzebeschichtung ist 1 micron (Richtwert). Anwendungsbereich: Die bronzebeschichtete Kette ist ausschlie\u00dflich f\u00fcr den Innenbereich geeignet. Einsatzbereiche: Bekleidung, Schuhe\/Lederwaren, [&hellip;]<\/p>\n","protected":false},"author":6,"featured_media":0,"parent":7728,"menu_order":0,"comment_status":"closed","ping_status":"closed","template":"","meta":{"footnotes":""},"class_list":["post-7930","page","type-page","status-publish","hentry"],"_links":{"self":[{"href":"https:\/\/www.catene3c.it\/de\/wp-json\/wp\/v2\/pages\/7930","targetHints":{"allow":["GET"]}}],"collection":[{"href":"https:\/\/www.catene3c.it\/de\/wp-json\/wp\/v2\/pages"}],"about":[{"href":"https:\/\/www.catene3c.it\/de\/wp-json\/wp\/v2\/types\/page"}],"author":[{"embeddable":true,"href":"https:\/\/www.catene3c.it\/de\/wp-json\/wp\/v2\/users\/6"}],"replies":[{"embeddable":true,"href":"https:\/\/www.catene3c.it\/de\/wp-json\/wp\/v2\/comments?post=7930"}],"version-history":[{"count":2,"href":"https:\/\/www.catene3c.it\/de\/wp-json\/wp\/v2\/pages\/7930\/revisions"}],"predecessor-version":[{"id":8844,"href":"https:\/\/www.catene3c.it\/de\/wp-json\/wp\/v2\/pages\/7930\/revisions\/8844"}],"up":[{"embeddable":true,"href":"https:\/\/www.catene3c.it\/de\/wp-json\/wp\/v2\/pages\/7728"}],"wp:attachment":[{"href":"https:\/\/www.catene3c.it\/de\/wp-json\/wp\/v2\/media?parent=7930"}],"curies":[{"name":"wp","href":"https:\/\/api.w.org\/{rel}","templated":true}]}}