{"id":8018,"date":"2023-12-06T17:17:00","date_gmt":"2023-12-06T16:17:00","guid":{"rendered":"https:\/\/www.catene3c.it\/oberflaechenbehandlungen\/tropenfeste-kette\/"},"modified":"2024-07-15T09:24:33","modified_gmt":"2024-07-15T07:24:33","slug":"tropenfeste-kette","status":"publish","type":"page","link":"https:\/\/www.catene3c.it\/de\/oberflaechenbehandlungen\/tropenfeste-kette\/","title":{"rendered":"Tropenfeste Kette"},"content":{"rendered":"\t\t<div data-elementor-type=\"wp-page\" data-elementor-id=\"8018\" class=\"elementor elementor-8018 elementor-1508\" data-elementor-post-type=\"page\">\n\t\t\t\t<div class=\"elementor-element elementor-element-c40f8f1 e-con-full e-flex e-con e-parent\" data-id=\"c40f8f1\" data-element_type=\"container\" data-e-type=\"container\">\n\t\t\t\t<div class=\"elementor-element elementor-element-eed3b43 elementor-widget elementor-widget-template\" data-id=\"eed3b43\" data-element_type=\"widget\" data-e-type=\"widget\" data-widget_type=\"template.default\">\n\t\t\t\t<div class=\"elementor-widget-container\">\n\t\t\t\t\t\t\t<div class=\"elementor-template\">\n\t\t\t\t\t<div data-elementor-type=\"container\" data-elementor-id=\"8466\" class=\"elementor elementor-8466 elementor-2010\" data-elementor-post-type=\"elementor_library\">\n\t\t\t\t<div class=\"elementor-element elementor-element-113d4101 e-flex e-con-boxed e-con e-parent\" data-id=\"113d4101\" data-element_type=\"container\" data-e-type=\"container\" data-settings=\"{&quot;background_background&quot;:&quot;classic&quot;}\">\n\t\t\t\t\t<div class=\"e-con-inner\">\n\t\t\t\t<div class=\"elementor-element elementor-element-f435937 elementor-widget elementor-widget-shortcode\" data-id=\"f435937\" data-element_type=\"widget\" data-e-type=\"widget\" data-widget_type=\"shortcode.default\">\n\t\t\t\t\t\t\t<div class=\"elementor-shortcode\"><nav aria-label=\"breadcrumbs\" class=\"rank-math-breadcrumb\"><p><span class=\"last\">Home<\/span><\/p><\/nav><\/div>\n\t\t\t\t\t\t<\/div>\n\t\t\t\t\t<\/div>\n\t\t\t\t<\/div>\n\t\t\t\t<\/div>\n\t\t\t\t<\/div>\n\t\t\t\t\t\t<\/div>\n\t\t\t\t<\/div>\n\t\t\t\t<\/div>\n\t\t<div class=\"elementor-element elementor-element-bbb6e40 e-flex e-con-boxed e-con e-parent\" data-id=\"bbb6e40\" data-element_type=\"container\" data-e-type=\"container\">\n\t\t\t\t\t<div class=\"e-con-inner\">\n\t\t<div class=\"elementor-element elementor-element-ad2cc4c e-con-full e-flex e-con e-child\" data-id=\"ad2cc4c\" data-element_type=\"container\" data-e-type=\"container\">\n\t\t\t\t<div class=\"elementor-element elementor-element-db38b99 elementor-widget elementor-widget-image\" data-id=\"db38b99\" data-element_type=\"widget\" data-e-type=\"widget\" data-widget_type=\"image.default\">\n\t\t\t\t\t\t\t\t\t\t\t\t\t\t\t\t<a href=\"https:\/\/www.catene3c.it\/wp-content\/uploads\/2023\/12\/3c-catene-finitura-tropicalizata.jpg\" data-elementor-open-lightbox=\"yes\" data-e-action-hash=\"#elementor-action%3Aaction%3Dlightbox%26settings%3DeyJpZCI6MjUyNiwidXJsIjoiaHR0cHM6XC9cL3d3dy5jYXRlbmUzYy5pdFwvd3AtY29udGVudFwvdXBsb2Fkc1wvMjAyM1wvMTJcLzNjLWNhdGVuZS1maW5pdHVyYS10cm9waWNhbGl6YXRhLmpwZyJ9\">\n\t\t\t\t\t\t\t<img fetchpriority=\"high\" decoding=\"async\" width=\"800\" height=\"320\" src=\"https:\/\/www.catene3c.it\/wp-content\/uploads\/2023\/12\/3c-catene-finitura-tropicalizata-1024x410.jpg\" class=\"attachment-large size-large wp-image-2526\" alt=\"3C Catene -\" srcset=\"https:\/\/www.catene3c.it\/wp-content\/uploads\/2023\/12\/3c-catene-finitura-tropicalizata-1024x410.jpg 1024w, https:\/\/www.catene3c.it\/wp-content\/uploads\/2023\/12\/3c-catene-finitura-tropicalizata-300x120.jpg 300w, https:\/\/www.catene3c.it\/wp-content\/uploads\/2023\/12\/3c-catene-finitura-tropicalizata-768x307.jpg 768w, https:\/\/www.catene3c.it\/wp-content\/uploads\/2023\/12\/3c-catene-finitura-tropicalizata-1536x615.jpg 1536w, https:\/\/www.catene3c.it\/wp-content\/uploads\/2023\/12\/3c-catene-finitura-tropicalizata-600x240.jpg 600w, https:\/\/www.catene3c.it\/wp-content\/uploads\/2023\/12\/3c-catene-finitura-tropicalizata.jpg 1772w\" sizes=\"(max-width: 800px) 100vw, 800px\" title=\"3C Catene -\">\t\t\t\t\t\t\t\t<\/a>\n\t\t\t\t\t\t\t\t\t\t\t\t\t\t\t<\/div>\n\t\t\t\t<div class=\"elementor-element elementor-element-49587c7 elementor-widget elementor-widget-image\" data-id=\"49587c7\" data-element_type=\"widget\" data-e-type=\"widget\" data-widget_type=\"image.default\">\n\t\t\t\t\t\t\t\t\t\t\t\t\t\t\t\t<a href=\"https:\/\/www.catene3c.it\/wp-content\/uploads\/2023\/12\/3c-catene-finitura-tropicalizzata-bg.jpg\" data-elementor-open-lightbox=\"yes\" data-e-action-hash=\"#elementor-action%3Aaction%3Dlightbox%26settings%3DeyJpZCI6MjY0NiwidXJsIjoiaHR0cHM6XC9cL3d3dy5jYXRlbmUzYy5pdFwvd3AtY29udGVudFwvdXBsb2Fkc1wvMjAyM1wvMTJcLzNjLWNhdGVuZS1maW5pdHVyYS10cm9waWNhbGl6emF0YS1iZy5qcGcifQ%3D%3D\">\n\t\t\t\t\t\t\t<img decoding=\"async\" width=\"800\" height=\"320\" src=\"https:\/\/www.catene3c.it\/wp-content\/uploads\/2023\/12\/3c-catene-finitura-tropicalizzata-bg-1024x410.jpg\" class=\"attachment-large size-large wp-image-2646\" alt=\"3C Catene -\" srcset=\"https:\/\/www.catene3c.it\/wp-content\/uploads\/2023\/12\/3c-catene-finitura-tropicalizzata-bg-1024x410.jpg 1024w, https:\/\/www.catene3c.it\/wp-content\/uploads\/2023\/12\/3c-catene-finitura-tropicalizzata-bg-300x120.jpg 300w, https:\/\/www.catene3c.it\/wp-content\/uploads\/2023\/12\/3c-catene-finitura-tropicalizzata-bg-768x307.jpg 768w, https:\/\/www.catene3c.it\/wp-content\/uploads\/2023\/12\/3c-catene-finitura-tropicalizzata-bg-1536x615.jpg 1536w, https:\/\/www.catene3c.it\/wp-content\/uploads\/2023\/12\/3c-catene-finitura-tropicalizzata-bg-600x240.jpg 600w, https:\/\/www.catene3c.it\/wp-content\/uploads\/2023\/12\/3c-catene-finitura-tropicalizzata-bg.jpg 1622w\" sizes=\"(max-width: 800px) 100vw, 800px\" title=\"3C Catene -\">\t\t\t\t\t\t\t\t<\/a>\n\t\t\t\t\t\t\t\t\t\t\t\t\t\t\t<\/div>\n\t\t\t\t<\/div>\n\t\t<div class=\"elementor-element elementor-element-d8f75a9 e-con-full e-flex e-con e-child\" data-id=\"d8f75a9\" data-element_type=\"container\" data-e-type=\"container\">\n\t\t\t\t<div class=\"elementor-element elementor-element-593c6b9 elementor-widget elementor-widget-text-editor\" data-id=\"593c6b9\" data-element_type=\"widget\" data-e-type=\"widget\" data-widget_type=\"text-editor.default\">\n\t\t\t\t\t\t\t\t\t<p><strong>Beschichtungsart:<\/strong> ELEKTROGALVANISCHE VERZINKUNG. Die Behandlung besteht darin, die Kette mit einer sch\u00fctzenden Zinkschicht zu \u00fcberziehen, die ihr nicht nur ein \u00e4sthetisches Aussehen verleiht, sondern auch den Oxidationsprozess bei Kontakt mit Witterungseinfl\u00fcssen verlangsamt. Die f\u00fcr diese Oberfl\u00e4che typische gelbe Farbe ist auf eine abschlie\u00dfende &#8222;Passivierungs&#8220;-Behandlung zur\u00fcckzuf\u00fchren, die ihr das endg\u00fcltige Aussehen verleiht, das allgemein als TROPENFESTE AUSF\u00dcHRUNG bekannt ist.  <\/p>\n<p><strong>Oberfl\u00e4cheneigenschaften:<\/strong> Die Standardschichtst\u00e4rke der tropenfesten Verzinkung ist 5 micron. Bei gr\u00f6\u00dferen Schichtst\u00e4rken sind wir in der Lage, geeignete Qualit\u00e4tspl\u00e4ne je nach Kundenanforderung zu erf\u00fcllen. <\/p>\n<p><strong>Anwendungsbereich: <\/strong> die gelb verzinkte Kette ist sowohl f\u00fcr den Innen- als auch f\u00fcr den Au\u00dfenbereich geeignet.<\/p>\n<p><strong>Einsatzbereiche: <\/strong> Bekleidung, Schuhe\/Lederwaren, Landwirtschaft, Inneneinrichtung, Eisenwaren, Blumeng\u00e4rtnereien, Industrie im allgemeinen, Industrieanlagen, Nautik, Tierparks.<\/p>\n<p><strong>Eignung:<\/strong> REACH, ROHS.<\/p>\n\t\t\t\t\t\t\t\t<\/div>\n\t\t\t\t<\/div>\n\t\t\t\t\t<\/div>\n\t\t\t\t<\/div>\n\t\t<div class=\"elementor-element elementor-element-56505e2 e-flex e-con-boxed e-con e-parent\" data-id=\"56505e2\" data-element_type=\"container\" data-e-type=\"container\">\n\t\t\t\t\t<div class=\"e-con-inner\">\n\t\t\t\t<div class=\"elementor-element elementor-element-0ed047f elementor-mobile-align-justify elementor-widget elementor-widget-button\" data-id=\"0ed047f\" data-element_type=\"widget\" data-e-type=\"widget\" data-widget_type=\"button.default\">\n\t\t\t\t\t\t\t\t\t\t<a class=\"elementor-button elementor-button-link elementor-size-sm\" href=\"https:\/\/www.catene3c.it\/de\/oberflaechenbehandlungen\/\">\n\t\t\t\t\t\t<span class=\"elementor-button-content-wrapper\">\n\t\t\t\t\t\t\t\t\t<span class=\"elementor-button-text\">Zur\u00fcck zu den Oberfl\u00e4chenbehandlungen<\/span>\n\t\t\t\t\t<\/span>\n\t\t\t\t\t<\/a>\n\t\t\t\t\t\t\t\t<\/div>\n\t\t\t\t<div class=\"elementor-element elementor-element-69e7ea6 elementor-mobile-align-justify elementor-widget elementor-widget-button\" data-id=\"69e7ea6\" data-element_type=\"widget\" data-e-type=\"widget\" data-widget_type=\"button.default\">\n\t\t\t\t\t\t\t\t\t\t<a class=\"elementor-button elementor-button-link elementor-size-sm\" href=\"https:\/\/www.catene3c.it\/de\/katalog\/\">\n\t\t\t\t\t\t<span class=\"elementor-button-content-wrapper\">\n\t\t\t\t\t\t\t\t\t<span class=\"elementor-button-text\">Sehen Sie unseren Katalog<\/span>\n\t\t\t\t\t<\/span>\n\t\t\t\t\t<\/a>\n\t\t\t\t\t\t\t\t<\/div>\n\t\t\t\t<div class=\"elementor-element elementor-element-228b948 elementor-mobile-align-justify show-for-catalogo elementor-widget elementor-widget-button\" data-id=\"228b948\" data-element_type=\"widget\" data-e-type=\"widget\" id=\"go-back\" data-widget_type=\"button.default\">\n\t\t\t\t\t\t\t\t\t\t<a class=\"elementor-button elementor-button-link elementor-size-sm\" href=\"#\">\n\t\t\t\t\t\t<span class=\"elementor-button-content-wrapper\">\n\t\t\t\t\t\t\t\t\t<span class=\"elementor-button-text\">Zur\u00fcck zum Katalog<\/span>\n\t\t\t\t\t<\/span>\n\t\t\t\t\t<\/a>\n\t\t\t\t\t\t\t\t<\/div>\n\t\t\t\t\t<\/div>\n\t\t\t\t<\/div>\n\t\t\t\t<\/div>\n\t\t","protected":false},"excerpt":{"rendered":"<p>Beschichtungsart: ELEKTROGALVANISCHE VERZINKUNG. Die Behandlung besteht darin, die Kette mit einer sch\u00fctzenden Zinkschicht zu \u00fcberziehen, die ihr nicht nur ein \u00e4sthetisches Aussehen verleiht, sondern auch den Oxidationsprozess bei Kontakt mit Witterungseinfl\u00fcssen verlangsamt. Die f\u00fcr diese Oberfl\u00e4che typische gelbe Farbe ist auf eine abschlie\u00dfende &#8222;Passivierungs&#8220;-Behandlung zur\u00fcckzuf\u00fchren, die ihr das endg\u00fcltige Aussehen verleiht, das allgemein als TROPENFESTE [&hellip;]<\/p>\n","protected":false},"author":6,"featured_media":0,"parent":7728,"menu_order":0,"comment_status":"closed","ping_status":"closed","template":"","meta":{"footnotes":""},"class_list":["post-8018","page","type-page","status-publish","hentry"],"_links":{"self":[{"href":"https:\/\/www.catene3c.it\/de\/wp-json\/wp\/v2\/pages\/8018","targetHints":{"allow":["GET"]}}],"collection":[{"href":"https:\/\/www.catene3c.it\/de\/wp-json\/wp\/v2\/pages"}],"about":[{"href":"https:\/\/www.catene3c.it\/de\/wp-json\/wp\/v2\/types\/page"}],"author":[{"embeddable":true,"href":"https:\/\/www.catene3c.it\/de\/wp-json\/wp\/v2\/users\/6"}],"replies":[{"embeddable":true,"href":"https:\/\/www.catene3c.it\/de\/wp-json\/wp\/v2\/comments?post=8018"}],"version-history":[{"count":2,"href":"https:\/\/www.catene3c.it\/de\/wp-json\/wp\/v2\/pages\/8018\/revisions"}],"predecessor-version":[{"id":8840,"href":"https:\/\/www.catene3c.it\/de\/wp-json\/wp\/v2\/pages\/8018\/revisions\/8840"}],"up":[{"embeddable":true,"href":"https:\/\/www.catene3c.it\/de\/wp-json\/wp\/v2\/pages\/7728"}],"wp:attachment":[{"href":"https:\/\/www.catene3c.it\/de\/wp-json\/wp\/v2\/media?parent=8018"}],"curies":[{"name":"wp","href":"https:\/\/api.w.org\/{rel}","templated":true}]}}