{"id":7597,"date":"2024-03-18T16:28:41","date_gmt":"2024-03-18T15:28:41","guid":{"rendered":"https:\/\/www.catene3c.it\/gadget-y-llaveros\/"},"modified":"2024-06-09T15:54:13","modified_gmt":"2024-06-09T13:54:13","slug":"gadget-y-llaveros","status":"publish","type":"page","link":"https:\/\/www.catene3c.it\/es\/sectores-de-aplicacion\/gadget-y-llaveros\/","title":{"rendered":"Gadget y llaveros"},"content":{"rendered":"\t\t<div data-elementor-type=\"wp-page\" data-elementor-id=\"7597\" class=\"elementor elementor-7597 elementor-6931\" data-elementor-post-type=\"page\">\n\t\t\t\t<div class=\"elementor-element elementor-element-3695405 e-con-full e-flex e-con e-parent\" data-id=\"3695405\" data-element_type=\"container\" data-e-type=\"container\">\n\t\t\t\t<div class=\"elementor-element elementor-element-3551789 elementor-widget elementor-widget-template\" data-id=\"3551789\" data-element_type=\"widget\" data-e-type=\"widget\" data-widget_type=\"template.default\">\n\t\t\t\t<div class=\"elementor-widget-container\">\n\t\t\t\t\t\t\t<div class=\"elementor-template\">\n\t\t\t\t\t<div data-elementor-type=\"container\" data-elementor-id=\"8464\" class=\"elementor elementor-8464 elementor-2010\" data-elementor-post-type=\"elementor_library\">\n\t\t\t\t<div class=\"elementor-element elementor-element-113d4101 e-flex e-con-boxed e-con e-parent\" data-id=\"113d4101\" data-element_type=\"container\" data-e-type=\"container\" data-settings=\"{&quot;background_background&quot;:&quot;classic&quot;}\">\n\t\t\t\t\t<div class=\"e-con-inner\">\n\t\t\t\t<div class=\"elementor-element elementor-element-f435937 elementor-widget elementor-widget-shortcode\" data-id=\"f435937\" data-element_type=\"widget\" data-e-type=\"widget\" data-widget_type=\"shortcode.default\">\n\t\t\t\t\t\t\t<div class=\"elementor-shortcode\"><nav aria-label=\"breadcrumbs\" class=\"rank-math-breadcrumb\"><p><span class=\"last\">Home<\/span><\/p><\/nav><\/div>\n\t\t\t\t\t\t<\/div>\n\t\t\t\t\t<\/div>\n\t\t\t\t<\/div>\n\t\t\t\t<\/div>\n\t\t\t\t<\/div>\n\t\t\t\t\t\t<\/div>\n\t\t\t\t<\/div>\n\t\t\t\t<\/div>\n\t\t<div class=\"elementor-element elementor-element-ce860b7 e-flex e-con-boxed e-con e-parent\" data-id=\"ce860b7\" data-element_type=\"container\" data-e-type=\"container\">\n\t\t\t\t\t<div class=\"e-con-inner\">\n\t\t<div class=\"elementor-element elementor-element-0e38830 e-con-full e-flex e-con e-child\" data-id=\"0e38830\" data-element_type=\"container\" data-e-type=\"container\" data-settings=\"{&quot;background_background&quot;:&quot;classic&quot;}\">\n\t\t\t\t<\/div>\n\t\t<div class=\"elementor-element elementor-element-f975f49 e-con-full e-flex e-con e-child\" data-id=\"f975f49\" data-element_type=\"container\" data-e-type=\"container\">\n\t\t\t\t<div class=\"elementor-element elementor-element-19290bb elementor-widget elementor-widget-text-editor\" data-id=\"19290bb\" data-element_type=\"widget\" data-e-type=\"widget\" data-widget_type=\"text-editor.default\">\n\t\t\t\t\t\t\t\t\t<p>3C CATENE est\u00e1 especializada en la producci\u00f3n de cadenas para gadget y llaveros.<\/p>\n<p>Las cadenas pueden suministrarse soldadas o sin soldar y tambi\u00e9n cortadas directamente en trozos de la longitud deseada y con todos los acabados disponibles en el cat\u00e1logo.<\/p>\n<p>Tambi\u00e9n pueden suministrarse ya montadas con accesorios para que est\u00e9n listas para su uso inmediato.<\/p>\n\t\t\t\t\t\t\t\t<\/div>\n\t\t\t\t<div class=\"elementor-element elementor-element-3397ab5 elementor-mobile-align-justify elementor-widget elementor-widget-button\" data-id=\"3397ab5\" data-element_type=\"widget\" data-e-type=\"widget\" data-widget_type=\"button.default\">\n\t\t\t\t\t\t\t\t\t\t<a class=\"elementor-button elementor-button-link elementor-size-sm\" href=\"https:\/\/www.catene3c.it\/settori-di-utilizzo\/\">\n\t\t\t\t\t\t<span class=\"elementor-button-content-wrapper\">\n\t\t\t\t\t\t\t\t\t<span class=\"elementor-button-text\">Volver a los campos de uso<\/span>\n\t\t\t\t\t<\/span>\n\t\t\t\t\t<\/a>\n\t\t\t\t\t\t\t\t<\/div>\n\t\t\t\t<\/div>\n\t\t\t\t\t<\/div>\n\t\t\t\t<\/div>\n\t\t\t\t<\/div>\n\t\t","protected":false},"excerpt":{"rendered":"<p>3C CATENE est\u00e1 especializada en la producci\u00f3n de cadenas para gadget y llaveros. Las cadenas pueden suministrarse soldadas o sin soldar y tambi\u00e9n cortadas directamente en trozos de la longitud deseada y con todos los acabados disponibles en el cat\u00e1logo. Tambi\u00e9n pueden suministrarse ya montadas con accesorios para que est\u00e9n listas para su uso inmediato. [&hellip;]<\/p>\n","protected":false},"author":6,"featured_media":6850,"parent":7774,"menu_order":0,"comment_status":"closed","ping_status":"closed","template":"","meta":{"footnotes":""},"class_list":["post-7597","page","type-page","status-publish","has-post-thumbnail","hentry"],"_links":{"self":[{"href":"https:\/\/www.catene3c.it\/es\/wp-json\/wp\/v2\/pages\/7597","targetHints":{"allow":["GET"]}}],"collection":[{"href":"https:\/\/www.catene3c.it\/es\/wp-json\/wp\/v2\/pages"}],"about":[{"href":"https:\/\/www.catene3c.it\/es\/wp-json\/wp\/v2\/types\/page"}],"author":[{"embeddable":true,"href":"https:\/\/www.catene3c.it\/es\/wp-json\/wp\/v2\/users\/6"}],"replies":[{"embeddable":true,"href":"https:\/\/www.catene3c.it\/es\/wp-json\/wp\/v2\/comments?post=7597"}],"version-history":[{"count":1,"href":"https:\/\/www.catene3c.it\/es\/wp-json\/wp\/v2\/pages\/7597\/revisions"}],"predecessor-version":[{"id":7598,"href":"https:\/\/www.catene3c.it\/es\/wp-json\/wp\/v2\/pages\/7597\/revisions\/7598"}],"up":[{"embeddable":true,"href":"https:\/\/www.catene3c.it\/es\/wp-json\/wp\/v2\/pages\/7774"}],"wp:featuredmedia":[{"embeddable":true,"href":"https:\/\/www.catene3c.it\/es\/wp-json\/wp\/v2\/media\/6850"}],"wp:attachment":[{"href":"https:\/\/www.catene3c.it\/es\/wp-json\/wp\/v2\/media?parent=7597"}],"curies":[{"name":"wp","href":"https:\/\/api.w.org\/{rel}","templated":true}]}}