{"id":7712,"date":"2023-09-19T17:09:57","date_gmt":"2023-09-19T15:09:57","guid":{"rendered":"https:\/\/www.catene3c.it\/historia\/"},"modified":"2024-06-03T22:57:05","modified_gmt":"2024-06-03T20:57:05","slug":"historia","status":"publish","type":"page","link":"https:\/\/www.catene3c.it\/es\/historia\/","title":{"rendered":"Historia"},"content":{"rendered":"\t\t<div data-elementor-type=\"wp-page\" data-elementor-id=\"7712\" class=\"elementor elementor-7712 elementor-969\" data-elementor-post-type=\"page\">\n\t\t\t\t<div class=\"elementor-element elementor-element-e3ef7ed e-con-full e-flex e-con e-parent\" data-id=\"e3ef7ed\" data-element_type=\"container\" data-e-type=\"container\">\n\t\t\t\t<div class=\"elementor-element elementor-element-d5f8e5d elementor-widget elementor-widget-template\" data-id=\"d5f8e5d\" data-element_type=\"widget\" data-e-type=\"widget\" data-widget_type=\"template.default\">\n\t\t\t\t<div class=\"elementor-widget-container\">\n\t\t\t\t\t\t\t<div class=\"elementor-template\">\n\t\t\t\t\t<div data-elementor-type=\"container\" data-elementor-id=\"8464\" class=\"elementor elementor-8464 elementor-2010\" data-elementor-post-type=\"elementor_library\">\n\t\t\t\t<div class=\"elementor-element elementor-element-113d4101 e-flex e-con-boxed e-con e-parent\" data-id=\"113d4101\" data-element_type=\"container\" data-e-type=\"container\" data-settings=\"{&quot;background_background&quot;:&quot;classic&quot;}\">\n\t\t\t\t\t<div class=\"e-con-inner\">\n\t\t\t\t<div class=\"elementor-element elementor-element-f435937 elementor-widget elementor-widget-shortcode\" data-id=\"f435937\" data-element_type=\"widget\" data-e-type=\"widget\" data-widget_type=\"shortcode.default\">\n\t\t\t\t\t\t\t<div class=\"elementor-shortcode\"><nav aria-label=\"breadcrumbs\" class=\"rank-math-breadcrumb\"><p><span class=\"last\">Home<\/span><\/p><\/nav><\/div>\n\t\t\t\t\t\t<\/div>\n\t\t\t\t\t<\/div>\n\t\t\t\t<\/div>\n\t\t\t\t<\/div>\n\t\t\t\t<\/div>\n\t\t\t\t\t\t<\/div>\n\t\t\t\t<\/div>\n\t\t\t\t<\/div>\n\t\t<div class=\"elementor-element elementor-element-83b13f4 e-flex e-con-boxed e-con e-parent\" data-id=\"83b13f4\" data-element_type=\"container\" data-e-type=\"container\">\n\t\t\t\t\t<div class=\"e-con-inner\">\n\t\t<div class=\"elementor-element elementor-element-89956d8 e-flex e-con-boxed e-con e-child\" data-id=\"89956d8\" data-element_type=\"container\" data-e-type=\"container\">\n\t\t\t\t\t<div class=\"e-con-inner\">\n\t\t\t\t<div class=\"elementor-element elementor-element-65f56cd elementor-widget-mobile__width-initial elementor-widget elementor-widget-image\" data-id=\"65f56cd\" data-element_type=\"widget\" data-e-type=\"widget\" data-widget_type=\"image.default\">\n\t\t\t\t\t\t\t\t\t\t\t\t\t\t\t<img fetchpriority=\"high\" decoding=\"async\" width=\"800\" height=\"600\" src=\"https:\/\/www.catene3c.it\/wp-content\/uploads\/2024\/03\/3C-Catene-Storia-01-1024x768.webp\" class=\"attachment-large size-large wp-image-7011\" alt=\"3C Catene -\" srcset=\"https:\/\/www.catene3c.it\/wp-content\/uploads\/2024\/03\/3C-Catene-Storia-01-1024x768.webp 1024w, https:\/\/www.catene3c.it\/wp-content\/uploads\/2024\/03\/3C-Catene-Storia-01-300x225.webp 300w, https:\/\/www.catene3c.it\/wp-content\/uploads\/2024\/03\/3C-Catene-Storia-01-768x576.webp 768w, https:\/\/www.catene3c.it\/wp-content\/uploads\/2024\/03\/3C-Catene-Storia-01-600x450.webp 600w, https:\/\/www.catene3c.it\/wp-content\/uploads\/2024\/03\/3C-Catene-Storia-01.webp 1200w\" sizes=\"(max-width: 800px) 100vw, 800px\" title=\"3C Catene -\">\t\t\t\t\t\t\t\t\t\t\t\t\t\t\t<\/div>\n\t\t\t\t<div class=\"elementor-element elementor-element-cd8b704 elementor-widget-mobile__width-initial elementor-widget elementor-widget-image\" data-id=\"cd8b704\" data-element_type=\"widget\" data-e-type=\"widget\" data-widget_type=\"image.default\">\n\t\t\t\t\t\t\t\t\t\t\t\t\t\t\t<img decoding=\"async\" width=\"800\" height=\"600\" src=\"https:\/\/www.catene3c.it\/wp-content\/uploads\/2024\/03\/3C-Catene-Storia-02-1024x768.webp\" class=\"attachment-large size-large wp-image-7016\" alt=\"3C Catene -\" srcset=\"https:\/\/www.catene3c.it\/wp-content\/uploads\/2024\/03\/3C-Catene-Storia-02-1024x768.webp 1024w, https:\/\/www.catene3c.it\/wp-content\/uploads\/2024\/03\/3C-Catene-Storia-02-300x225.webp 300w, https:\/\/www.catene3c.it\/wp-content\/uploads\/2024\/03\/3C-Catene-Storia-02-768x576.webp 768w, https:\/\/www.catene3c.it\/wp-content\/uploads\/2024\/03\/3C-Catene-Storia-02-600x450.webp 600w, https:\/\/www.catene3c.it\/wp-content\/uploads\/2024\/03\/3C-Catene-Storia-02.webp 1200w\" sizes=\"(max-width: 800px) 100vw, 800px\" title=\"3C Catene -\">\t\t\t\t\t\t\t\t\t\t\t\t\t\t\t<\/div>\n\t\t\t\t<div class=\"elementor-element elementor-element-ec12fe8 elementor-widget-mobile__width-initial elementor-widget elementor-widget-image\" data-id=\"ec12fe8\" data-element_type=\"widget\" data-e-type=\"widget\" data-widget_type=\"image.default\">\n\t\t\t\t\t\t\t\t\t\t\t\t\t\t\t<img decoding=\"async\" width=\"800\" height=\"600\" src=\"https:\/\/www.catene3c.it\/wp-content\/uploads\/2024\/03\/3C-Catene-Storia-03-1024x768.webp\" class=\"attachment-large size-large wp-image-7021\" alt=\"3C Catene -\" srcset=\"https:\/\/www.catene3c.it\/wp-content\/uploads\/2024\/03\/3C-Catene-Storia-03-1024x768.webp 1024w, https:\/\/www.catene3c.it\/wp-content\/uploads\/2024\/03\/3C-Catene-Storia-03-300x225.webp 300w, https:\/\/www.catene3c.it\/wp-content\/uploads\/2024\/03\/3C-Catene-Storia-03-768x576.webp 768w, https:\/\/www.catene3c.it\/wp-content\/uploads\/2024\/03\/3C-Catene-Storia-03-600x450.webp 600w, https:\/\/www.catene3c.it\/wp-content\/uploads\/2024\/03\/3C-Catene-Storia-03.webp 1200w\" sizes=\"(max-width: 800px) 100vw, 800px\" title=\"3C Catene -\">\t\t\t\t\t\t\t\t\t\t\t\t\t\t\t<\/div>\n\t\t\t\t<div class=\"elementor-element elementor-element-d8a5bff elementor-widget-mobile__width-initial elementor-widget elementor-widget-image\" data-id=\"d8a5bff\" data-element_type=\"widget\" data-e-type=\"widget\" data-widget_type=\"image.default\">\n\t\t\t\t\t\t\t\t\t\t\t\t\t\t\t<img loading=\"lazy\" decoding=\"async\" width=\"800\" height=\"600\" src=\"https:\/\/www.catene3c.it\/wp-content\/uploads\/2024\/03\/3C-Catene-Storia-04-1024x768.webp\" class=\"attachment-large size-large wp-image-7026\" alt=\"3C Catene -\" srcset=\"https:\/\/www.catene3c.it\/wp-content\/uploads\/2024\/03\/3C-Catene-Storia-04-1024x768.webp 1024w, https:\/\/www.catene3c.it\/wp-content\/uploads\/2024\/03\/3C-Catene-Storia-04-300x225.webp 300w, https:\/\/www.catene3c.it\/wp-content\/uploads\/2024\/03\/3C-Catene-Storia-04-768x576.webp 768w, https:\/\/www.catene3c.it\/wp-content\/uploads\/2024\/03\/3C-Catene-Storia-04-600x450.webp 600w, https:\/\/www.catene3c.it\/wp-content\/uploads\/2024\/03\/3C-Catene-Storia-04.webp 1200w\" sizes=\"(max-width: 800px) 100vw, 800px\" title=\"3C Catene -\">\t\t\t\t\t\t\t\t\t\t\t\t\t\t\t<\/div>\n\t\t\t\t\t<\/div>\n\t\t\t\t<\/div>\n\t\t\t\t<div class=\"elementor-element elementor-element-4f90fef elementor-widget elementor-widget-text-editor\" data-id=\"4f90fef\" data-element_type=\"widget\" data-e-type=\"widget\" data-widget_type=\"text-editor.default\">\n\t\t\t\t\t\t\t\t\t<p>Nuestra historia, marcada por los valores antes que por los resultados econ\u00f3micos, se caracteriza por fruct\u00edferas relaciones y colaboraciones en el territorio, que a\u00f1aden valor a nuestra producci\u00f3n de cadenas de metal.<\/p>\n<p>Fundada en 1973 como sociedad de personas por Giampietro Cortiana y otros socios, en 1988 pasamos a ser propietarios \u00fanicos nosotros, los hijos Walter y Luca. Desde entonces juntos hemos llevado a la empresa a un \u00e9xito creciente en el mercado. En 2007, la transformaci\u00f3n de la empresa en SRL consolid\u00f3 nuestra posici\u00f3n en el mercado internacional.<\/p>\n<p>En marzo de 2000, obtuvimos la certificaci\u00f3n de Calidad UNI-EN-ISO 9001, esforz\u00e1ndonos por mejorar continuamente para satisfacer las necesidades siempre cambiantes del mercado.<\/p>\n<p>En abril de 2020, tambi\u00e9n obtuvimos la certificaci\u00f3n medioambiental UNI-EN-ISO 14001, lo que demuestra nuestro compromiso permanente con la sostenibilidad empresarial.<\/p>\n<p>Nuestros reconocimientos, como el 3er puesto en el proyecto BenchArt (empresas artesanales excelentes de Lombard\u00eda por \u00abcalidad e innovaci\u00f3n en la producci\u00f3n\u00bb) en 2009 y el 1er premio en el concurso WELFARE INDEX SME (sector artesanal) en 2017, dan fe de nuestra excelencia en la producci\u00f3n de cadenas de metal de peque\u00f1as dimensiones.<\/p>\n<p>Estamos orgullosamente afiliados a Confartigianato Imprese y colaboramos activamente con el mundo universitario y cient\u00edfico en proyectos innovadores y de investigaci\u00f3n en la zona de Lecco.<\/p>\n<p>Adem\u00e1s, promovemos colaboraciones con escuelas, asociaciones e instituciones de la zona para implicar a j\u00f3venes y estudiantes en proyectos de orientaci\u00f3n y alternancia escuela-trabajo, difundiendo as\u00ed la cultura, la \u00e9tica y los valores del oficio artesano, fundamentales en nuestro sector para la producci\u00f3n de cadenas de metal.<\/p>\n<p>Nuestra historia evoluciona constantemente, con la mirada puesta en el pasado pero siempre orientada hacia el futuro.<\/p>\n\t\t\t\t\t\t\t\t<\/div>\n\t\t\t\t\t<\/div>\n\t\t\t\t<\/div>\n\t\t\t\t<\/div>\n\t\t","protected":false},"excerpt":{"rendered":"<p>Nuestra historia, marcada por los valores antes que por los resultados econ\u00f3micos, se caracteriza por fruct\u00edferas relaciones y colaboraciones en el territorio, que a\u00f1aden valor a nuestra producci\u00f3n de cadenas de metal. Fundada en 1973 como sociedad de personas por Giampietro Cortiana y otros socios, en 1988 pasamos a ser propietarios \u00fanicos nosotros, los hijos [&hellip;]<\/p>\n","protected":false},"author":6,"featured_media":0,"parent":0,"menu_order":0,"comment_status":"closed","ping_status":"closed","template":"","meta":{"footnotes":""},"class_list":["post-7712","page","type-page","status-publish","hentry"],"_links":{"self":[{"href":"https:\/\/www.catene3c.it\/es\/wp-json\/wp\/v2\/pages\/7712","targetHints":{"allow":["GET"]}}],"collection":[{"href":"https:\/\/www.catene3c.it\/es\/wp-json\/wp\/v2\/pages"}],"about":[{"href":"https:\/\/www.catene3c.it\/es\/wp-json\/wp\/v2\/types\/page"}],"author":[{"embeddable":true,"href":"https:\/\/www.catene3c.it\/es\/wp-json\/wp\/v2\/users\/6"}],"replies":[{"embeddable":true,"href":"https:\/\/www.catene3c.it\/es\/wp-json\/wp\/v2\/comments?post=7712"}],"version-history":[{"count":1,"href":"https:\/\/www.catene3c.it\/es\/wp-json\/wp\/v2\/pages\/7712\/revisions"}],"predecessor-version":[{"id":7713,"href":"https:\/\/www.catene3c.it\/es\/wp-json\/wp\/v2\/pages\/7712\/revisions\/7713"}],"wp:attachment":[{"href":"https:\/\/www.catene3c.it\/es\/wp-json\/wp\/v2\/media?parent=7712"}],"curies":[{"name":"wp","href":"https:\/\/api.w.org\/{rel}","templated":true}]}}