{"id":7718,"date":"2023-09-19T17:11:06","date_gmt":"2023-09-19T15:11:06","guid":{"rendered":"https:\/\/www.catene3c.it\/proceso-de-produccion\/"},"modified":"2024-06-03T23:06:46","modified_gmt":"2024-06-03T21:06:46","slug":"proceso-de-produccion","status":"publish","type":"page","link":"https:\/\/www.catene3c.it\/es\/proceso-de-produccion\/","title":{"rendered":"Proceso de producci\u00f3n"},"content":{"rendered":"\t\t<div data-elementor-type=\"wp-page\" data-elementor-id=\"7718\" class=\"elementor elementor-7718 elementor-973\" data-elementor-post-type=\"page\">\n\t\t\t\t<div class=\"elementor-element elementor-element-e7c1ea2 e-con-full e-flex e-con e-parent\" data-id=\"e7c1ea2\" data-element_type=\"container\" data-e-type=\"container\">\n\t\t\t\t<div class=\"elementor-element elementor-element-431d23d elementor-widget elementor-widget-template\" data-id=\"431d23d\" data-element_type=\"widget\" data-e-type=\"widget\" data-widget_type=\"template.default\">\n\t\t\t\t<div class=\"elementor-widget-container\">\n\t\t\t\t\t\t\t<div class=\"elementor-template\">\n\t\t\t\t\t<div data-elementor-type=\"container\" data-elementor-id=\"8464\" class=\"elementor elementor-8464 elementor-2010\" data-elementor-post-type=\"elementor_library\">\n\t\t\t\t<div class=\"elementor-element elementor-element-113d4101 e-flex e-con-boxed e-con e-parent\" data-id=\"113d4101\" data-element_type=\"container\" data-e-type=\"container\" data-settings=\"{&quot;background_background&quot;:&quot;classic&quot;}\">\n\t\t\t\t\t<div class=\"e-con-inner\">\n\t\t\t\t<div class=\"elementor-element elementor-element-f435937 elementor-widget elementor-widget-shortcode\" data-id=\"f435937\" data-element_type=\"widget\" data-e-type=\"widget\" data-widget_type=\"shortcode.default\">\n\t\t\t\t\t\t\t<div class=\"elementor-shortcode\"><nav aria-label=\"breadcrumbs\" class=\"rank-math-breadcrumb\"><p><span class=\"last\">Home<\/span><\/p><\/nav><\/div>\n\t\t\t\t\t\t<\/div>\n\t\t\t\t\t<\/div>\n\t\t\t\t<\/div>\n\t\t\t\t<\/div>\n\t\t\t\t<\/div>\n\t\t\t\t\t\t<\/div>\n\t\t\t\t<\/div>\n\t\t\t\t<\/div>\n\t\t<div class=\"elementor-element elementor-element-c8f9a50 e-flex e-con-boxed e-con e-parent\" data-id=\"c8f9a50\" data-element_type=\"container\" data-e-type=\"container\">\n\t\t\t\t\t<div class=\"e-con-inner\">\n\t\t<div class=\"elementor-element elementor-element-56de393 e-flex e-con-boxed e-con e-child\" data-id=\"56de393\" data-element_type=\"container\" data-e-type=\"container\">\n\t\t\t\t\t<div class=\"e-con-inner\">\n\t\t\t\t<div class=\"elementor-element elementor-element-ae6f2f7 elementor-widget-mobile__width-initial elementor-widget elementor-widget-image\" data-id=\"ae6f2f7\" data-element_type=\"widget\" data-e-type=\"widget\" data-widget_type=\"image.default\">\n\t\t\t\t\t\t\t\t\t\t\t\t\t\t\t<img fetchpriority=\"high\" decoding=\"async\" width=\"800\" height=\"1000\" src=\"https:\/\/www.catene3c.it\/wp-content\/uploads\/2024\/01\/3C-Catene-processo-produttivo-01.webp\" class=\"attachment-large size-large wp-image-2975\" alt=\"3C Catene -\" srcset=\"https:\/\/www.catene3c.it\/wp-content\/uploads\/2024\/01\/3C-Catene-processo-produttivo-01.webp 800w, https:\/\/www.catene3c.it\/wp-content\/uploads\/2024\/01\/3C-Catene-processo-produttivo-01-240x300.webp 240w, https:\/\/www.catene3c.it\/wp-content\/uploads\/2024\/01\/3C-Catene-processo-produttivo-01-768x960.webp 768w, https:\/\/www.catene3c.it\/wp-content\/uploads\/2024\/01\/3C-Catene-processo-produttivo-01-600x750.webp 600w\" sizes=\"(max-width: 800px) 100vw, 800px\" title=\"3C Catene -\">\t\t\t\t\t\t\t\t\t\t\t\t\t\t\t<\/div>\n\t\t\t\t<div class=\"elementor-element elementor-element-b2afd29 elementor-widget-mobile__width-initial elementor-widget elementor-widget-image\" data-id=\"b2afd29\" data-element_type=\"widget\" data-e-type=\"widget\" data-widget_type=\"image.default\">\n\t\t\t\t\t\t\t\t\t\t\t\t\t\t\t<img decoding=\"async\" width=\"800\" height=\"1000\" src=\"https:\/\/www.catene3c.it\/wp-content\/uploads\/2024\/03\/3C-Catene-Processo-produttivo-azienda-02.webp\" class=\"attachment-large size-large wp-image-7040\" alt=\"3C Catene -\" srcset=\"https:\/\/www.catene3c.it\/wp-content\/uploads\/2024\/03\/3C-Catene-Processo-produttivo-azienda-02.webp 800w, https:\/\/www.catene3c.it\/wp-content\/uploads\/2024\/03\/3C-Catene-Processo-produttivo-azienda-02-240x300.webp 240w, https:\/\/www.catene3c.it\/wp-content\/uploads\/2024\/03\/3C-Catene-Processo-produttivo-azienda-02-768x960.webp 768w, https:\/\/www.catene3c.it\/wp-content\/uploads\/2024\/03\/3C-Catene-Processo-produttivo-azienda-02-600x750.webp 600w\" sizes=\"(max-width: 800px) 100vw, 800px\" title=\"3C Catene -\">\t\t\t\t\t\t\t\t\t\t\t\t\t\t\t<\/div>\n\t\t\t\t<div class=\"elementor-element elementor-element-9f7e870 elementor-widget-mobile__width-initial elementor-widget elementor-widget-image\" data-id=\"9f7e870\" data-element_type=\"widget\" data-e-type=\"widget\" data-widget_type=\"image.default\">\n\t\t\t\t\t\t\t\t\t\t\t\t\t\t\t<img decoding=\"async\" width=\"800\" height=\"1000\" src=\"https:\/\/www.catene3c.it\/wp-content\/uploads\/2024\/02\/3C-Catene-Processo-produttivo-azienda-2.webp\" class=\"attachment-large size-large wp-image-4857\" alt=\"3C Catene -\" srcset=\"https:\/\/www.catene3c.it\/wp-content\/uploads\/2024\/02\/3C-Catene-Processo-produttivo-azienda-2.webp 800w, https:\/\/www.catene3c.it\/wp-content\/uploads\/2024\/02\/3C-Catene-Processo-produttivo-azienda-2-240x300.webp 240w, https:\/\/www.catene3c.it\/wp-content\/uploads\/2024\/02\/3C-Catene-Processo-produttivo-azienda-2-768x960.webp 768w, https:\/\/www.catene3c.it\/wp-content\/uploads\/2024\/02\/3C-Catene-Processo-produttivo-azienda-2-600x750.webp 600w\" sizes=\"(max-width: 800px) 100vw, 800px\" title=\"3C Catene -\">\t\t\t\t\t\t\t\t\t\t\t\t\t\t\t<\/div>\n\t\t\t\t<div class=\"elementor-element elementor-element-774b08b elementor-widget-mobile__width-initial elementor-widget elementor-widget-image\" data-id=\"774b08b\" data-element_type=\"widget\" data-e-type=\"widget\" data-widget_type=\"image.default\">\n\t\t\t\t\t\t\t\t\t\t\t\t\t\t\t<img loading=\"lazy\" decoding=\"async\" width=\"800\" height=\"1000\" src=\"https:\/\/www.catene3c.it\/wp-content\/uploads\/2024\/01\/3C-Catene-processo-produttivo-04.webp\" class=\"attachment-large size-large wp-image-2987\" alt=\"3C Catene -\" srcset=\"https:\/\/www.catene3c.it\/wp-content\/uploads\/2024\/01\/3C-Catene-processo-produttivo-04.webp 800w, https:\/\/www.catene3c.it\/wp-content\/uploads\/2024\/01\/3C-Catene-processo-produttivo-04-240x300.webp 240w, https:\/\/www.catene3c.it\/wp-content\/uploads\/2024\/01\/3C-Catene-processo-produttivo-04-768x960.webp 768w, https:\/\/www.catene3c.it\/wp-content\/uploads\/2024\/01\/3C-Catene-processo-produttivo-04-600x750.webp 600w\" sizes=\"(max-width: 800px) 100vw, 800px\" title=\"3C Catene -\">\t\t\t\t\t\t\t\t\t\t\t\t\t\t\t<\/div>\n\t\t\t\t\t<\/div>\n\t\t\t\t<\/div>\n\t\t\t\t<div class=\"elementor-element elementor-element-6956c70 elementor-widget elementor-widget-text-editor\" data-id=\"6956c70\" data-element_type=\"widget\" data-e-type=\"widget\" data-widget_type=\"text-editor.default\">\n\t\t\t\t\t\t\t\t\t<p>Nuestro parque de 37 plegadoras-soldadoras con un ciclo de producci\u00f3n autom\u00e1tico de gran capacidad nos convierte hoy en d\u00eda en el principal fabricante de cadenas soldadas de peque\u00f1as dimensiones en Italia. Cada d\u00eda producimos 35.000 metros de cadena con di\u00e1metros comprendidos entre 1,30 y 3,90 mm.<\/p>\n<p>Dise\u00f1amos y desarrollamos nuestra maquinaria internamente, manteni\u00e9ndola tecnol\u00f3gicamente actualizada para garantizar la eficacia y la calidad del proceso de producci\u00f3n. Gracias a ello, somos muy competitivos en t\u00e9rminos de relaci\u00f3n calidad-precio y flexibilidad de producci\u00f3n, garantizando altos niveles de funcionalidad, dimensiones y forma de nuestros productos.<\/p>\n<p>S\u00f3lo utilizamos materiales de alta calidad, como acero con bajo contenido en carbono y acero inoxidable AISI 304 y AISI 316. Partiendo del alambre, nuestras m\u00e1quinas realizan el corte, el doblado y la soldadura de una sola vez para formar los eslabones individuales que componen la cadena de hilo continuo.<\/p>\n<p>Durante el proceso de producci\u00f3n de las cadenas, todos nuestros productos se someten a estrictos controles de calidad, lo que garantiza unas dimensiones declaradas y garantizadas y la coherencia de la calidad desde el primero hasta el \u00faltimo eslab\u00f3n de la cadena. Nuestras tolerancias dimensionales superan las normas actuales del mercado, garantizando la coherencia entre las dimensiones nominales y las reales del producto.<\/p>\n<p>Gracias a la ausencia de sustancias peligrosas en nuestros procesos, garantizamos la seguridad de nuestros productos y el respeto por el medio ambiente.<\/p>\n<p>Nos encargamos internamente de todas la elaboraciones accesorias y el embalaje de las cadenas, dej\u00e1ndolas listas para la venta o para su uso inmediato. Para los tratamientos superficiales, contamos con socios externos cualificados en la zona.<\/p>\n<p>Adem\u00e1s de la producci\u00f3n de cadenas, nuestro proceso de producci\u00f3n permite fabricar eslabones individuales con los mismos materiales de alta calidad.<\/p><p>Adem\u00e1s, somos extremadamente flexibles en cuanto a las cantidades de suministro, aceptando pedidos tanto de grandes lotes como de unos pocos cientos de metros de cadena.<\/p>\t\t\t\t\t\t\t\t<\/div>\n\t\t\t\t\t<\/div>\n\t\t\t\t<\/div>\n\t\t\t\t<\/div>\n\t\t","protected":false},"excerpt":{"rendered":"<p>Nuestro parque de 37 plegadoras-soldadoras con un ciclo de producci\u00f3n autom\u00e1tico de gran capacidad nos convierte hoy en d\u00eda en el principal fabricante de cadenas soldadas de peque\u00f1as dimensiones en Italia. Cada d\u00eda producimos 35.000 metros de cadena con di\u00e1metros comprendidos entre 1,30 y 3,90 mm. Dise\u00f1amos y desarrollamos nuestra maquinaria internamente, manteni\u00e9ndola tecnol\u00f3gicamente actualizada [&hellip;]<\/p>\n","protected":false},"author":6,"featured_media":0,"parent":0,"menu_order":0,"comment_status":"closed","ping_status":"closed","template":"","meta":{"footnotes":""},"class_list":["post-7718","page","type-page","status-publish","hentry"],"_links":{"self":[{"href":"https:\/\/www.catene3c.it\/es\/wp-json\/wp\/v2\/pages\/7718","targetHints":{"allow":["GET"]}}],"collection":[{"href":"https:\/\/www.catene3c.it\/es\/wp-json\/wp\/v2\/pages"}],"about":[{"href":"https:\/\/www.catene3c.it\/es\/wp-json\/wp\/v2\/types\/page"}],"author":[{"embeddable":true,"href":"https:\/\/www.catene3c.it\/es\/wp-json\/wp\/v2\/users\/6"}],"replies":[{"embeddable":true,"href":"https:\/\/www.catene3c.it\/es\/wp-json\/wp\/v2\/comments?post=7718"}],"version-history":[{"count":1,"href":"https:\/\/www.catene3c.it\/es\/wp-json\/wp\/v2\/pages\/7718\/revisions"}],"predecessor-version":[{"id":7719,"href":"https:\/\/www.catene3c.it\/es\/wp-json\/wp\/v2\/pages\/7718\/revisions\/7719"}],"wp:attachment":[{"href":"https:\/\/www.catene3c.it\/es\/wp-json\/wp\/v2\/media?parent=7718"}],"curies":[{"name":"wp","href":"https:\/\/api.w.org\/{rel}","templated":true}]}}