{"id":7720,"date":"2023-09-19T17:10:29","date_gmt":"2023-09-19T15:10:29","guid":{"rendered":"https:\/\/www.catene3c.it\/politica-de-empresa\/"},"modified":"2026-02-21T16:38:52","modified_gmt":"2026-02-21T15:38:52","slug":"politica-de-empresa","status":"publish","type":"page","link":"https:\/\/www.catene3c.it\/es\/politica-de-empresa\/","title":{"rendered":"Pol\u00edtica de empresa"},"content":{"rendered":"\t\t<div data-elementor-type=\"wp-page\" data-elementor-id=\"7720\" class=\"elementor elementor-7720 elementor-971\" data-elementor-post-type=\"page\">\n\t\t\t\t<div class=\"elementor-element elementor-element-64f8ff4 e-con-full e-flex e-con e-parent\" data-id=\"64f8ff4\" data-element_type=\"container\" data-e-type=\"container\">\n\t\t\t\t<div class=\"elementor-element elementor-element-76d9ec2 elementor-widget elementor-widget-template\" data-id=\"76d9ec2\" data-element_type=\"widget\" data-e-type=\"widget\" data-widget_type=\"template.default\">\n\t\t\t\t<div class=\"elementor-widget-container\">\n\t\t\t\t\t\t\t<div class=\"elementor-template\">\n\t\t\t\t\t<div data-elementor-type=\"container\" data-elementor-id=\"8464\" class=\"elementor elementor-8464 elementor-2010\" data-elementor-post-type=\"elementor_library\">\n\t\t\t\t<div class=\"elementor-element elementor-element-113d4101 e-flex e-con-boxed e-con e-parent\" data-id=\"113d4101\" data-element_type=\"container\" data-e-type=\"container\" data-settings=\"{&quot;background_background&quot;:&quot;classic&quot;}\">\n\t\t\t\t\t<div class=\"e-con-inner\">\n\t\t\t\t<div class=\"elementor-element elementor-element-f435937 elementor-widget elementor-widget-shortcode\" data-id=\"f435937\" data-element_type=\"widget\" data-e-type=\"widget\" data-widget_type=\"shortcode.default\">\n\t\t\t\t\t\t\t<div class=\"elementor-shortcode\"><nav aria-label=\"breadcrumbs\" class=\"rank-math-breadcrumb\"><p><span class=\"last\">Home<\/span><\/p><\/nav><\/div>\n\t\t\t\t\t\t<\/div>\n\t\t\t\t\t<\/div>\n\t\t\t\t<\/div>\n\t\t\t\t<\/div>\n\t\t\t\t<\/div>\n\t\t\t\t\t\t<\/div>\n\t\t\t\t<\/div>\n\t\t\t\t<\/div>\n\t\t<div class=\"elementor-element elementor-element-4d2d331 e-flex e-con-boxed e-con e-parent\" data-id=\"4d2d331\" data-element_type=\"container\" data-e-type=\"container\">\n\t\t\t\t\t<div class=\"e-con-inner\">\n\t\t<div class=\"elementor-element elementor-element-7653ee1 e-flex e-con-boxed e-con e-child\" data-id=\"7653ee1\" data-element_type=\"container\" data-e-type=\"container\">\n\t\t\t\t\t<div class=\"e-con-inner\">\n\t\t\t\t<div class=\"elementor-element elementor-element-9fc1bf9 elementor-widget elementor-widget-image\" data-id=\"9fc1bf9\" data-element_type=\"widget\" data-e-type=\"widget\" data-widget_type=\"image.default\">\n\t\t\t\t\t\t\t\t\t\t\t\t\t\t\t<img fetchpriority=\"high\" decoding=\"async\" width=\"800\" height=\"600\" src=\"https:\/\/www.catene3c.it\/wp-content\/uploads\/2024\/03\/3C-Catene-Politica-aziendale-01-1024x768.webp\" class=\"attachment-large size-large wp-image-7119\" alt=\"3C Catene -\" srcset=\"https:\/\/www.catene3c.it\/wp-content\/uploads\/2024\/03\/3C-Catene-Politica-aziendale-01-1024x768.webp 1024w, https:\/\/www.catene3c.it\/wp-content\/uploads\/2024\/03\/3C-Catene-Politica-aziendale-01-300x225.webp 300w, https:\/\/www.catene3c.it\/wp-content\/uploads\/2024\/03\/3C-Catene-Politica-aziendale-01-768x576.webp 768w, https:\/\/www.catene3c.it\/wp-content\/uploads\/2024\/03\/3C-Catene-Politica-aziendale-01-600x450.webp 600w, https:\/\/www.catene3c.it\/wp-content\/uploads\/2024\/03\/3C-Catene-Politica-aziendale-01.webp 1200w\" sizes=\"(max-width: 800px) 100vw, 800px\" title=\"3C Catene -\">\t\t\t\t\t\t\t\t\t\t\t\t\t\t\t<\/div>\n\t\t\t\t<div class=\"elementor-element elementor-element-1a84c93 elementor-widget elementor-widget-image\" data-id=\"1a84c93\" data-element_type=\"widget\" data-e-type=\"widget\" data-widget_type=\"image.default\">\n\t\t\t\t\t\t\t\t\t\t\t\t\t\t\t<img decoding=\"async\" width=\"800\" height=\"600\" src=\"https:\/\/www.catene3c.it\/wp-content\/uploads\/2024\/03\/3C-Catene-Politica-aziendale-02-1024x768.webp\" class=\"attachment-large size-large wp-image-7124\" alt=\"3C Catene -\" srcset=\"https:\/\/www.catene3c.it\/wp-content\/uploads\/2024\/03\/3C-Catene-Politica-aziendale-02-1024x768.webp 1024w, https:\/\/www.catene3c.it\/wp-content\/uploads\/2024\/03\/3C-Catene-Politica-aziendale-02-300x225.webp 300w, https:\/\/www.catene3c.it\/wp-content\/uploads\/2024\/03\/3C-Catene-Politica-aziendale-02-768x576.webp 768w, https:\/\/www.catene3c.it\/wp-content\/uploads\/2024\/03\/3C-Catene-Politica-aziendale-02-600x450.webp 600w, https:\/\/www.catene3c.it\/wp-content\/uploads\/2024\/03\/3C-Catene-Politica-aziendale-02.webp 1200w\" sizes=\"(max-width: 800px) 100vw, 800px\" title=\"3C Catene -\">\t\t\t\t\t\t\t\t\t\t\t\t\t\t\t<\/div>\n\t\t\t\t<div class=\"elementor-element elementor-element-ecbb3cd elementor-widget elementor-widget-image\" data-id=\"ecbb3cd\" data-element_type=\"widget\" data-e-type=\"widget\" data-widget_type=\"image.default\">\n\t\t\t\t\t\t\t\t\t\t\t\t\t\t\t<img decoding=\"async\" width=\"800\" height=\"600\" src=\"https:\/\/www.catene3c.it\/wp-content\/uploads\/2024\/03\/3C-Catene-Politica-aziendale-03-1024x768.webp\" class=\"attachment-large size-large wp-image-7129\" alt=\"3C Catene -\" srcset=\"https:\/\/www.catene3c.it\/wp-content\/uploads\/2024\/03\/3C-Catene-Politica-aziendale-03-1024x768.webp 1024w, https:\/\/www.catene3c.it\/wp-content\/uploads\/2024\/03\/3C-Catene-Politica-aziendale-03-300x225.webp 300w, https:\/\/www.catene3c.it\/wp-content\/uploads\/2024\/03\/3C-Catene-Politica-aziendale-03-768x576.webp 768w, https:\/\/www.catene3c.it\/wp-content\/uploads\/2024\/03\/3C-Catene-Politica-aziendale-03-600x450.webp 600w, https:\/\/www.catene3c.it\/wp-content\/uploads\/2024\/03\/3C-Catene-Politica-aziendale-03.webp 1200w\" sizes=\"(max-width: 800px) 100vw, 800px\" title=\"3C Catene -\">\t\t\t\t\t\t\t\t\t\t\t\t\t\t\t<\/div>\n\t\t\t\t<div class=\"elementor-element elementor-element-2723db4 elementor-widget elementor-widget-image\" data-id=\"2723db4\" data-element_type=\"widget\" data-e-type=\"widget\" data-widget_type=\"image.default\">\n\t\t\t\t\t\t\t\t\t\t\t\t\t\t\t<img loading=\"lazy\" decoding=\"async\" width=\"800\" height=\"600\" src=\"https:\/\/www.catene3c.it\/wp-content\/uploads\/2024\/03\/3C-Catene-Politica-aziendale-04-1024x768.webp\" class=\"attachment-large size-large wp-image-7134\" alt=\"3C Catene -\" srcset=\"https:\/\/www.catene3c.it\/wp-content\/uploads\/2024\/03\/3C-Catene-Politica-aziendale-04-1024x768.webp 1024w, https:\/\/www.catene3c.it\/wp-content\/uploads\/2024\/03\/3C-Catene-Politica-aziendale-04-300x225.webp 300w, https:\/\/www.catene3c.it\/wp-content\/uploads\/2024\/03\/3C-Catene-Politica-aziendale-04-768x576.webp 768w, https:\/\/www.catene3c.it\/wp-content\/uploads\/2024\/03\/3C-Catene-Politica-aziendale-04-600x450.webp 600w, https:\/\/www.catene3c.it\/wp-content\/uploads\/2024\/03\/3C-Catene-Politica-aziendale-04.webp 1200w\" sizes=\"(max-width: 800px) 100vw, 800px\" title=\"3C Catene -\">\t\t\t\t\t\t\t\t\t\t\t\t\t\t\t<\/div>\n\t\t\t\t\t<\/div>\n\t\t\t\t<\/div>\n\t\t\t\t<div class=\"elementor-element elementor-element-a3be3d5 elementor-widget elementor-widget-text-editor\" data-id=\"a3be3d5\" data-element_type=\"widget\" data-e-type=\"widget\" data-widget_type=\"text-editor.default\">\n\t\t\t\t\t\t\t\t\t<p>Con el fin de lograr un \u00fanico Sistema de Empresa eficaz, todos los aspectos relacionados con la Calidad, el Medio Ambiente y la Salud\/Seguridad est\u00e1n integrados en \u00e9l. Los sistemas de calidad y medio ambiente cuentan con las certificaciones ISO 9001:2015 e ISO 14001:2015. <\/p><p>La pol\u00edtica de la empresa se actualiza constantemente de acuerdo con la legislaci\u00f3n pertinente y se formaliza en todos los niveles de la empresa, para permitir un control eficaz a nivel organizativo y de los distintos procesos mediante la aplicaci\u00f3n de procedimientos y la participaci\u00f3n de todas las funciones de la empresa.<br>La pol\u00edtica empresarial debe responder siempre y en todo momento a los valores y la visi\u00f3n de la empresa para alcanzar sus objetivos.<\/p><p>Todas las personas deben estar capacitadas para desempe\u00f1ar sus respectivas tareas de forma responsable mediante una formaci\u00f3n adecuada y la puesta en com\u00fan\/aplicaci\u00f3n de procedimientos operativos espec\u00edficos para cada \u00e1rea empresarial y fase de trabajo.<br>Se organizan controles y auditor\u00edas a todos los niveles para garantizar la aplicaci\u00f3n de la ley y la normativa empresarial en los distintos procesos empresariales.<\/p>\t\t\t\t\t\t\t\t<\/div>\n\t\t\t\t<div class=\"elementor-element elementor-element-d42ff57 elementor-widget elementor-widget-text-editor\" data-id=\"d42ff57\" data-element_type=\"widget\" data-e-type=\"widget\" data-widget_type=\"text-editor.default\">\n\t\t\t\t\t\t\t\t\t<h5>Pol\u00edtica de la calidad<\/h5><ul><li>La satisfacci\u00f3n de las necesidades del cliente es el primer objetivo de la empresa. Queremos conseguirla con la calidad de nuestros productos y servicios, a un precio competitivo, gracias a la profesionalidad de todo nuestro personal. Con ello pretendemos conservar clientes que conf\u00eden siempre en nuestra empresa.<\/li><li>La investigaci\u00f3n innovadora, tanto de productos como de procesos, es una constante en todas las actividades de nuestra empresa para aumentar el rendimiento, protegiendo siempre la seguridad de los productos y el medio ambiente.<\/li><li>\u2022 En nuestra organizaci\u00f3n, las personas son siempre el centro, a trav\u00e9s de su participaci\u00f3n y responsabilidad en el proyecto y compartiendo la filosof\u00eda de la empresa. Cada empleado debe ser siempre consciente de sus \u00e1reas de responsabilidad y de d\u00f3nde concentrar sus esfuerzos. El trabajo en equipo y la implicaci\u00f3n de todo el personal a todos los niveles se fomentan siempre en todos los \u00e1mbitos de actuaci\u00f3n.<\/li><li>Los proveedores y los recursos externos se consideran parte integrante del patrimonio de producci\u00f3n de la empresa; deben compartir nuestra visi\u00f3n empresarial y estar contentos de trabajar con nosotros.<\/li><\/ul>\t\t\t\t\t\t\t\t<\/div>\n\t\t\t\t<div class=\"elementor-element elementor-element-385995e elementor-widget elementor-widget-text-editor\" data-id=\"385995e\" data-element_type=\"widget\" data-e-type=\"widget\" data-widget_type=\"text-editor.default\">\n\t\t\t\t\t\t\t\t\t<h5>Pol\u00edtica medioambiental<\/h5>\n<ul>\n<li>Nos comprometemos a ir m\u00e1s all\u00e1 del cumplimiento de toda la normativa medioambiental adoptando estrategias espec\u00edficas para minimizar el impacto negativo de nuestros procesos de producci\u00f3n y gesti\u00f3n.<\/li>\n<li>En todos los procesos empresariales, adem\u00e1s de los objetivos de rendimiento y la b\u00fasqueda de la m\u00e1xima eficiencia mediante la eliminaci\u00f3n de todas las formas de derroche de recursos, siempre tenemos en cuenta la prevenci\u00f3n de la contaminaci\u00f3n en todas sus formas.<\/li>\n<li>Queremos reducir al m\u00e1ximo la producci\u00f3n de residuos de nuestras actividades empresariales.<\/li>\n<li>Con el tiempo, pretendemos aumentar progresivamente la proporci\u00f3n de energ\u00eda autogenerada en relaci\u00f3n con nuestras necesidades para ser cada vez m\u00e1s sostenibles.<\/li>\n<\/ul>\t\t\t\t\t\t\t\t<\/div>\n\t\t\t\t<div class=\"elementor-element elementor-element-1b234ff elementor-widget elementor-widget-text-editor\" data-id=\"1b234ff\" data-element_type=\"widget\" data-e-type=\"widget\" data-widget_type=\"text-editor.default\">\n\t\t\t\t\t\t\t\t\t<h5>Pol\u00edtica de la seguridad<\/h5><ul><li>Siempre queremos garantizar la seguridad de las personas que trabajan con nosotros, preservando al mismo tiempo su salud. Para ello, nos aseguramos de que los entornos de trabajo y las instalaciones, maquinaria y equipos sean siempre adecuados y conformes, y de que los procesos empresariales sean siempre respetuosos con las personas.<\/li><li>\u2022 El objetivo es producir y vender \u00fanicamente productos seguros y no perjudiciales para la salud de las personas que los utilizan.<\/li><li>\u2022 Pretendemos crear una mentalidad empresarial en la que cada figura implicada interprete la \u00abseguridad\/salud en el trabajo\u00bb como una filosof\u00eda de vida con un comportamiento establecido y consciente que vaya mucho m\u00e1s all\u00e1 de las meras obligaciones legislativas.<\/li><li>\u2022 Siempre intentamos crear relaciones humanas en la base de cualquier relaci\u00f3n de dependencia en la que todos puedan trabajar con serenidad, evitando en la medida de lo posible las fuentes de estr\u00e9s que son causas potenciales de accidentes y enfermedades profesionales.<\/li><\/ul>\t\t\t\t\t\t\t\t<\/div>\n\t\t\t\t\t<\/div>\n\t\t\t\t<\/div>\n\t\t\t\t<\/div>\n\t\t","protected":false},"excerpt":{"rendered":"<p>Con el fin de lograr un \u00fanico Sistema de Empresa eficaz, todos los aspectos relacionados con la Calidad, el Medio Ambiente y la Salud\/Seguridad est\u00e1n integrados en \u00e9l. Los sistemas de calidad y medio ambiente cuentan con las certificaciones ISO 9001:2015 e ISO 14001:2015. La pol\u00edtica de la empresa se actualiza constantemente de acuerdo con [&hellip;]<\/p>\n","protected":false},"author":6,"featured_media":0,"parent":0,"menu_order":0,"comment_status":"closed","ping_status":"closed","template":"","meta":{"footnotes":""},"class_list":["post-7720","page","type-page","status-publish","hentry"],"_links":{"self":[{"href":"https:\/\/www.catene3c.it\/es\/wp-json\/wp\/v2\/pages\/7720","targetHints":{"allow":["GET"]}}],"collection":[{"href":"https:\/\/www.catene3c.it\/es\/wp-json\/wp\/v2\/pages"}],"about":[{"href":"https:\/\/www.catene3c.it\/es\/wp-json\/wp\/v2\/types\/page"}],"author":[{"embeddable":true,"href":"https:\/\/www.catene3c.it\/es\/wp-json\/wp\/v2\/users\/6"}],"replies":[{"embeddable":true,"href":"https:\/\/www.catene3c.it\/es\/wp-json\/wp\/v2\/comments?post=7720"}],"version-history":[{"count":2,"href":"https:\/\/www.catene3c.it\/es\/wp-json\/wp\/v2\/pages\/7720\/revisions"}],"predecessor-version":[{"id":11378,"href":"https:\/\/www.catene3c.it\/es\/wp-json\/wp\/v2\/pages\/7720\/revisions\/11378"}],"wp:attachment":[{"href":"https:\/\/www.catene3c.it\/es\/wp-json\/wp\/v2\/media?parent=7720"}],"curies":[{"name":"wp","href":"https:\/\/api.w.org\/{rel}","templated":true}]}}