{"id":7736,"date":"2023-09-15T15:58:45","date_gmt":"2023-09-15T13:58:45","guid":{"rendered":"https:\/\/www.catene3c.it\/personalizaciones\/"},"modified":"2024-06-03T23:38:38","modified_gmt":"2024-06-03T21:38:38","slug":"personalizaciones","status":"publish","type":"page","link":"https:\/\/www.catene3c.it\/es\/personalizaciones\/","title":{"rendered":"Personalizaciones"},"content":{"rendered":"\t\t<div data-elementor-type=\"wp-page\" data-elementor-id=\"7736\" class=\"elementor elementor-7736 elementor-892\" data-elementor-post-type=\"page\">\n\t\t\t\t<div class=\"elementor-element elementor-element-152bc81 e-con-full e-flex e-con e-parent\" data-id=\"152bc81\" data-element_type=\"container\" data-e-type=\"container\">\n\t\t\t\t<div class=\"elementor-element elementor-element-cd27ab5 elementor-widget elementor-widget-template\" data-id=\"cd27ab5\" data-element_type=\"widget\" data-e-type=\"widget\" data-widget_type=\"template.default\">\n\t\t\t\t<div class=\"elementor-widget-container\">\n\t\t\t\t\t\t\t<div class=\"elementor-template\">\n\t\t\t\t\t<div data-elementor-type=\"container\" data-elementor-id=\"8464\" class=\"elementor elementor-8464 elementor-2010\" data-elementor-post-type=\"elementor_library\">\n\t\t\t\t<div class=\"elementor-element elementor-element-113d4101 e-flex e-con-boxed e-con e-parent\" data-id=\"113d4101\" data-element_type=\"container\" data-e-type=\"container\" data-settings=\"{&quot;background_background&quot;:&quot;classic&quot;}\">\n\t\t\t\t\t<div class=\"e-con-inner\">\n\t\t\t\t<div class=\"elementor-element elementor-element-f435937 elementor-widget elementor-widget-shortcode\" data-id=\"f435937\" data-element_type=\"widget\" data-e-type=\"widget\" data-widget_type=\"shortcode.default\">\n\t\t\t\t\t\t\t<div class=\"elementor-shortcode\"><nav aria-label=\"breadcrumbs\" class=\"rank-math-breadcrumb\"><p><span class=\"last\">Home<\/span><\/p><\/nav><\/div>\n\t\t\t\t\t\t<\/div>\n\t\t\t\t\t<\/div>\n\t\t\t\t<\/div>\n\t\t\t\t<\/div>\n\t\t\t\t<\/div>\n\t\t\t\t\t\t<\/div>\n\t\t\t\t<\/div>\n\t\t\t\t<\/div>\n\t\t<div class=\"elementor-element elementor-element-b166326 e-flex e-con-boxed e-con e-parent\" data-id=\"b166326\" data-element_type=\"container\" data-e-type=\"container\">\n\t\t\t\t\t<div class=\"e-con-inner\">\n\t\t\t\t<div class=\"elementor-element elementor-element-f2b8c61 elementor-widget elementor-widget-text-editor\" data-id=\"f2b8c61\" data-element_type=\"widget\" data-e-type=\"widget\" data-widget_type=\"text-editor.default\">\n\t\t\t\t\t\t\t\t\t<p>Todos los art\u00edculos pueden personalizarse, en caso de que las normas indicadas en el cat\u00e1logo no se adapten a sus necesidades y al tipo de aplicaci\u00f3n final<\/p>\n\t\t\t\t\t\t\t\t<\/div>\n\t\t\t\t<div class=\"elementor-element elementor-element-b211f4c elementor-widget elementor-widget-image-box\" data-id=\"b211f4c\" data-element_type=\"widget\" data-e-type=\"widget\" data-widget_type=\"image-box.default\">\n\t\t\t\t\t<div class=\"elementor-image-box-wrapper\"><div class=\"elementor-image-box-content\"><h5 class=\"elementor-image-box-title\">Acabados<\/h5><p class=\"elementor-image-box-description\">Seg\u00fan los campos de aplicaci\u00f3n, en funci\u00f3n del aspecto est\u00e9tico o de la resistencia a la intemperie. Los posibles revestimientos son los tratamientos electrogalv\u00e1nicos y el recubrimiento en polvo.<\/p><\/div><\/div>\t\t\t\t<\/div>\n\t\t\t\t<div class=\"elementor-element elementor-element-600437b elementor-widget elementor-widget-image-box\" data-id=\"600437b\" data-element_type=\"widget\" data-e-type=\"widget\" data-widget_type=\"image-box.default\">\n\t\t\t\t\t<div class=\"elementor-image-box-wrapper\"><div class=\"elementor-image-box-content\"><h5 class=\"elementor-image-box-title\">Embalajes y tama\u00f1os<\/h5><p class=\"elementor-image-box-description\">En funci\u00f3n de las necesidades pr\u00e1cticas y de uso.<\/p><\/div><\/div>\t\t\t\t<\/div>\n\t\t\t\t<div class=\"elementor-element elementor-element-5eeed70 elementor-widget elementor-widget-image-box\" data-id=\"5eeed70\" data-element_type=\"widget\" data-e-type=\"widget\" data-widget_type=\"image-box.default\">\n\t\t\t\t\t<div class=\"elementor-image-box-wrapper\"><div class=\"elementor-image-box-content\"><h5 class=\"elementor-image-box-title\">Dimensiones y forma<\/h5><p class=\"elementor-image-box-description\">Al fabricar directamente la maquinaria y los equipos, tambi\u00e9n podemos producir art\u00edculos no est\u00e1ndar seg\u00fan sus requisitos (siempre dentro de la gama de di\u00e1metros de 1,30-3,90 mm).<\/p><\/div><\/div>\t\t\t\t<\/div>\n\t\t\t\t<div class=\"elementor-element elementor-element-1182a34 elementor-widget elementor-widget-image-box\" data-id=\"1182a34\" data-element_type=\"widget\" data-e-type=\"widget\" data-widget_type=\"image-box.default\">\n\t\t\t\t\t<div class=\"elementor-image-box-wrapper\"><div class=\"elementor-image-box-content\"><h5 class=\"elementor-image-box-title\">Separaci\u00f3n de las cadenas<\/h5><p class=\"elementor-image-box-description\">En el tama\u00f1o deseado para tener directamente el componente listo para usar.<\/p><\/div><\/div>\t\t\t\t<\/div>\n\t\t\t\t<div class=\"elementor-element elementor-element-4a2f2d9 elementor-widget elementor-widget-image-box\" data-id=\"4a2f2d9\" data-element_type=\"widget\" data-e-type=\"widget\" data-widget_type=\"image-box.default\">\n\t\t\t\t\t<div class=\"elementor-image-box-wrapper\"><div class=\"elementor-image-box-content\"><h5 class=\"elementor-image-box-title\">Funcionalidad<\/h5><p class=\"elementor-image-box-description\">Los trozos tambi\u00e9n pueden completarse con diversos accesorios ensamblados que los completan y aumentan su funcionalidad. La ventaja es tener el producto listo para su uso directamente, evitando costosos y largos procesos de ensamblaje y embalaje, as\u00ed como la gesti\u00f3n de embalajes de cart\u00f3n y pl\u00e1stico como residuos para su eliminaci\u00f3n.<\/p><\/div><\/div>\t\t\t\t<\/div>\n\t\t<div class=\"elementor-element elementor-element-bfdfeee e-grid box-custom e-con-boxed e-con e-child\" data-id=\"bfdfeee\" data-element_type=\"container\" data-e-type=\"container\">\n\t\t\t\t\t<div class=\"e-con-inner\">\n\t\t\t\t<div class=\"elementor-element elementor-element-0e06bcf elementor-position-top elementor-widget elementor-widget-image-box\" data-id=\"0e06bcf\" data-element_type=\"widget\" data-e-type=\"widget\" data-widget_type=\"image-box.default\">\n\t\t\t\t\t<div class=\"elementor-image-box-wrapper\"><figure class=\"elementor-image-box-img\"><a href=\"#elementor-action%3Aaction%3Dlightbox%26settings%3DeyJ1cmwiOiJodHRwczpcL1wvd3d3LmNhdGVuZTNjLml0XC93cC1jb250ZW50XC91cGxvYWRzXC8yMDI0XC8wMVwvM0MtQ2F0ZW5lLXBlcnNvbmFsaXp6YXppb25pLTAxLndlYnAiLCJ0eXBlIjoiaW1hZ2UifQ%3D%3D\" tabindex=\"-1\"><img fetchpriority=\"high\" decoding=\"async\" width=\"300\" height=\"225\" src=\"https:\/\/www.catene3c.it\/wp-content\/uploads\/2024\/01\/3C-Catene-personalizzazioni-01-300x225.webp\" class=\"attachment-medium size-medium wp-image-2193\" alt=\"3C Catene -\" title=\"3C Catene -\" srcset=\"https:\/\/www.catene3c.it\/wp-content\/uploads\/2024\/01\/3C-Catene-personalizzazioni-01-300x225.webp 300w, https:\/\/www.catene3c.it\/wp-content\/uploads\/2024\/01\/3C-Catene-personalizzazioni-01-1024x769.webp 1024w, https:\/\/www.catene3c.it\/wp-content\/uploads\/2024\/01\/3C-Catene-personalizzazioni-01-768x577.webp 768w, https:\/\/www.catene3c.it\/wp-content\/uploads\/2024\/01\/3C-Catene-personalizzazioni-01-600x451.webp 600w, https:\/\/www.catene3c.it\/wp-content\/uploads\/2024\/01\/3C-Catene-personalizzazioni-01.webp 1181w\" sizes=\"(max-width: 300px) 100vw, 300px\" \/><\/a><\/figure><div class=\"elementor-image-box-content\"><h5 class=\"elementor-image-box-title\"><a href=\"#elementor-action%3Aaction%3Dlightbox%26settings%3DeyJ1cmwiOiJodHRwczpcL1wvd3d3LmNhdGVuZTNjLml0XC93cC1jb250ZW50XC91cGxvYWRzXC8yMDI0XC8wMVwvM0MtQ2F0ZW5lLXBlcnNvbmFsaXp6YXppb25pLTAxLndlYnAiLCJ0eXBlIjoiaW1hZ2UifQ%3D%3D\">Trozo de cadena con ganchos en S<\/a><\/h5><\/div><\/div>\t\t\t\t<\/div>\n\t\t\t\t<div class=\"elementor-element elementor-element-8cd0c99 elementor-position-top elementor-widget elementor-widget-image-box\" data-id=\"8cd0c99\" data-element_type=\"widget\" data-e-type=\"widget\" data-widget_type=\"image-box.default\">\n\t\t\t\t\t<div class=\"elementor-image-box-wrapper\"><figure class=\"elementor-image-box-img\"><a href=\"#elementor-action%3Aaction%3Dlightbox%26settings%3DeyJ1cmwiOiJodHRwczpcL1wvd3d3LmNhdGVuZTNjLml0XC93cC1jb250ZW50XC91cGxvYWRzXC8yMDI0XC8wMVwvM0MtQ2F0ZW5lLXBlcnNvbmFsaXp6YXppb25pLTAyLndlYnAiLCJ0eXBlIjoiaW1hZ2UifQ%3D%3D\" tabindex=\"-1\"><img decoding=\"async\" width=\"300\" height=\"225\" src=\"https:\/\/www.catene3c.it\/wp-content\/uploads\/2024\/01\/3C-Catene-personalizzazioni-02-300x225.webp\" class=\"attachment-medium size-medium wp-image-2194\" alt=\"3C Catene -\" title=\"3C Catene -\" srcset=\"https:\/\/www.catene3c.it\/wp-content\/uploads\/2024\/01\/3C-Catene-personalizzazioni-02-300x225.webp 300w, https:\/\/www.catene3c.it\/wp-content\/uploads\/2024\/01\/3C-Catene-personalizzazioni-02-1024x766.webp 1024w, https:\/\/www.catene3c.it\/wp-content\/uploads\/2024\/01\/3C-Catene-personalizzazioni-02-768x575.webp 768w, https:\/\/www.catene3c.it\/wp-content\/uploads\/2024\/01\/3C-Catene-personalizzazioni-02-600x449.webp 600w, https:\/\/www.catene3c.it\/wp-content\/uploads\/2024\/01\/3C-Catene-personalizzazioni-02.webp 1181w\" sizes=\"(max-width: 300px) 100vw, 300px\" \/><\/a><\/figure><div class=\"elementor-image-box-content\"><h5 class=\"elementor-image-box-title\"><a href=\"#elementor-action%3Aaction%3Dlightbox%26settings%3DeyJ1cmwiOiJodHRwczpcL1wvd3d3LmNhdGVuZTNjLml0XC93cC1jb250ZW50XC91cGxvYWRzXC8yMDI0XC8wMVwvM0MtQ2F0ZW5lLXBlcnNvbmFsaXp6YXppb25pLTAyLndlYnAiLCJ0eXBlIjoiaW1hZ2UifQ%3D%3D\">Trozo de cadena con anillos bris\u00e9<\/a><\/h5><\/div><\/div>\t\t\t\t<\/div>\n\t\t\t\t<div class=\"elementor-element elementor-element-a042942 elementor-position-top elementor-widget elementor-widget-image-box\" data-id=\"a042942\" data-element_type=\"widget\" data-e-type=\"widget\" data-widget_type=\"image-box.default\">\n\t\t\t\t\t<div class=\"elementor-image-box-wrapper\"><figure class=\"elementor-image-box-img\"><a href=\"#elementor-action%3Aaction%3Dlightbox%26settings%3DeyJ1cmwiOiJodHRwczpcL1wvd3d3LmNhdGVuZTNjLml0XC93cC1jb250ZW50XC91cGxvYWRzXC8yMDI0XC8wMVwvM0MtQ2F0ZW5lLXBlcnNvbmFsaXp6YXppb25pLTAzLndlYnAiLCJ0eXBlIjoiaW1hZ2UifQ%3D%3D\" tabindex=\"-1\"><img decoding=\"async\" width=\"300\" height=\"225\" src=\"https:\/\/www.catene3c.it\/wp-content\/uploads\/2024\/01\/3C-Catene-personalizzazioni-03-300x225.webp\" class=\"attachment-medium size-medium wp-image-2195\" alt=\"3C Catene -\" title=\"3C Catene -\" srcset=\"https:\/\/www.catene3c.it\/wp-content\/uploads\/2024\/01\/3C-Catene-personalizzazioni-03-300x225.webp 300w, https:\/\/www.catene3c.it\/wp-content\/uploads\/2024\/01\/3C-Catene-personalizzazioni-03-1024x766.webp 1024w, https:\/\/www.catene3c.it\/wp-content\/uploads\/2024\/01\/3C-Catene-personalizzazioni-03-768x575.webp 768w, https:\/\/www.catene3c.it\/wp-content\/uploads\/2024\/01\/3C-Catene-personalizzazioni-03-600x449.webp 600w, https:\/\/www.catene3c.it\/wp-content\/uploads\/2024\/01\/3C-Catene-personalizzazioni-03.webp 1181w\" sizes=\"(max-width: 300px) 100vw, 300px\" \/><\/a><\/figure><div class=\"elementor-image-box-content\"><h5 class=\"elementor-image-box-title\"><a href=\"#elementor-action%3Aaction%3Dlightbox%26settings%3DeyJ1cmwiOiJodHRwczpcL1wvd3d3LmNhdGVuZTNjLml0XC93cC1jb250ZW50XC91cGxvYWRzXC8yMDI0XC8wMVwvM0MtQ2F0ZW5lLXBlcnNvbmFsaXp6YXppb25pLTAzLndlYnAiLCJ0eXBlIjoiaW1hZ2UifQ%3D%3D\">Trozo de cadena con mosquetones<\/a><\/h5><\/div><\/div>\t\t\t\t<\/div>\n\t\t\t\t<div class=\"elementor-element elementor-element-e9bbaed elementor-position-top elementor-widget elementor-widget-image-box\" data-id=\"e9bbaed\" data-element_type=\"widget\" data-e-type=\"widget\" data-widget_type=\"image-box.default\">\n\t\t\t\t\t<div class=\"elementor-image-box-wrapper\"><figure class=\"elementor-image-box-img\"><a href=\"#elementor-action%3Aaction%3Dlightbox%26settings%3DeyJ1cmwiOiJodHRwczpcL1wvd3d3LmNhdGVuZTNjLml0XC93cC1jb250ZW50XC91cGxvYWRzXC8yMDI0XC8wMVwvM0MtQ2F0ZW5lLXBlcnNvbmFsaXp6YXppb25pLTA0LndlYnAiLCJ0eXBlIjoiaW1hZ2UifQ%3D%3D\" tabindex=\"-1\"><img loading=\"lazy\" decoding=\"async\" width=\"300\" height=\"225\" src=\"https:\/\/www.catene3c.it\/wp-content\/uploads\/2024\/01\/3C-Catene-personalizzazioni-04-300x225.webp\" class=\"attachment-medium size-medium wp-image-2196\" alt=\"3C Catene -\" title=\"3C Catene -\" srcset=\"https:\/\/www.catene3c.it\/wp-content\/uploads\/2024\/01\/3C-Catene-personalizzazioni-04-300x225.webp 300w, https:\/\/www.catene3c.it\/wp-content\/uploads\/2024\/01\/3C-Catene-personalizzazioni-04-1024x768.webp 1024w, https:\/\/www.catene3c.it\/wp-content\/uploads\/2024\/01\/3C-Catene-personalizzazioni-04-768x576.webp 768w, https:\/\/www.catene3c.it\/wp-content\/uploads\/2024\/01\/3C-Catene-personalizzazioni-04-600x450.webp 600w, https:\/\/www.catene3c.it\/wp-content\/uploads\/2024\/01\/3C-Catene-personalizzazioni-04.webp 1181w\" sizes=\"(max-width: 300px) 100vw, 300px\" \/><\/a><\/figure><div class=\"elementor-image-box-content\"><h5 class=\"elementor-image-box-title\"><a href=\"#elementor-action%3Aaction%3Dlightbox%26settings%3DeyJ1cmwiOiJodHRwczpcL1wvd3d3LmNhdGVuZTNjLml0XC93cC1jb250ZW50XC91cGxvYWRzXC8yMDI0XC8wMVwvM0MtQ2F0ZW5lLXBlcnNvbmFsaXp6YXppb25pLTA0LndlYnAiLCJ0eXBlIjoiaW1hZ2UifQ%3D%3D\">Trozo de cadena con anillo bris\u00e9 y mosquet\u00f3n<\/a><\/h5><\/div><\/div>\t\t\t\t<\/div>\n\t\t\t\t<div class=\"elementor-element elementor-element-21ca8e0 elementor-position-top elementor-widget elementor-widget-image-box\" data-id=\"21ca8e0\" data-element_type=\"widget\" data-e-type=\"widget\" data-widget_type=\"image-box.default\">\n\t\t\t\t\t<div class=\"elementor-image-box-wrapper\"><figure class=\"elementor-image-box-img\"><a href=\"#elementor-action%3Aaction%3Dlightbox%26settings%3DeyJ1cmwiOiJodHRwczpcL1wvd3d3LmNhdGVuZTNjLml0XC93cC1jb250ZW50XC91cGxvYWRzXC8yMDI0XC8wMVwvM0MtQ2F0ZW5lLXBlcnNvbmFsaXp6YXppb25pLTA1LndlYnAiLCJ0eXBlIjoiaW1hZ2UifQ%3D%3D\" tabindex=\"-1\"><img loading=\"lazy\" decoding=\"async\" width=\"300\" height=\"225\" src=\"https:\/\/www.catene3c.it\/wp-content\/uploads\/2024\/01\/3C-Catene-personalizzazioni-05-300x225.webp\" class=\"attachment-medium size-medium wp-image-2197\" alt=\"3C Catene -\" title=\"3C Catene -\" srcset=\"https:\/\/www.catene3c.it\/wp-content\/uploads\/2024\/01\/3C-Catene-personalizzazioni-05-300x225.webp 300w, https:\/\/www.catene3c.it\/wp-content\/uploads\/2024\/01\/3C-Catene-personalizzazioni-05-1024x769.webp 1024w, https:\/\/www.catene3c.it\/wp-content\/uploads\/2024\/01\/3C-Catene-personalizzazioni-05-768x577.webp 768w, https:\/\/www.catene3c.it\/wp-content\/uploads\/2024\/01\/3C-Catene-personalizzazioni-05-600x451.webp 600w, https:\/\/www.catene3c.it\/wp-content\/uploads\/2024\/01\/3C-Catene-personalizzazioni-05.webp 1181w\" sizes=\"(max-width: 300px) 100vw, 300px\" \/><\/a><\/figure><div class=\"elementor-image-box-content\"><h5 class=\"elementor-image-box-title\"><a href=\"#elementor-action%3Aaction%3Dlightbox%26settings%3DeyJ1cmwiOiJodHRwczpcL1wvd3d3LmNhdGVuZTNjLml0XC93cC1jb250ZW50XC91cGxvYWRzXC8yMDI0XC8wMVwvM0MtQ2F0ZW5lLXBlcnNvbmFsaXp6YXppb25pLTA1LndlYnAiLCJ0eXBlIjoiaW1hZ2UifQ%3D%3D\">Trozo de cadena con diferentes ganchos<\/a><\/h5><\/div><\/div>\t\t\t\t<\/div>\n\t\t\t\t<div class=\"elementor-element elementor-element-37c0aa4 elementor-position-top elementor-widget elementor-widget-image-box\" data-id=\"37c0aa4\" data-element_type=\"widget\" data-e-type=\"widget\" data-widget_type=\"image-box.default\">\n\t\t\t\t\t<div class=\"elementor-image-box-wrapper\"><figure class=\"elementor-image-box-img\"><a href=\"#elementor-action%3Aaction%3Dlightbox%26settings%3DeyJ1cmwiOiJodHRwczpcL1wvd3d3LmNhdGVuZTNjLml0XC93cC1jb250ZW50XC91cGxvYWRzXC8yMDI0XC8wMVwvM0MtQ2F0ZW5lLXBlcnNvbmFsaXp6YXppb25pLTA2LndlYnAiLCJ0eXBlIjoiaW1hZ2UifQ%3D%3D\" tabindex=\"-1\"><img loading=\"lazy\" decoding=\"async\" width=\"300\" height=\"225\" src=\"https:\/\/www.catene3c.it\/wp-content\/uploads\/2024\/01\/3C-Catene-personalizzazioni-06-300x225.webp\" class=\"attachment-medium size-medium wp-image-2198\" alt=\"3C Catene -\" title=\"3C Catene -\" srcset=\"https:\/\/www.catene3c.it\/wp-content\/uploads\/2024\/01\/3C-Catene-personalizzazioni-06-300x225.webp 300w, https:\/\/www.catene3c.it\/wp-content\/uploads\/2024\/01\/3C-Catene-personalizzazioni-06-1024x767.webp 1024w, https:\/\/www.catene3c.it\/wp-content\/uploads\/2024\/01\/3C-Catene-personalizzazioni-06-768x576.webp 768w, https:\/\/www.catene3c.it\/wp-content\/uploads\/2024\/01\/3C-Catene-personalizzazioni-06-600x450.webp 600w, https:\/\/www.catene3c.it\/wp-content\/uploads\/2024\/01\/3C-Catene-personalizzazioni-06.webp 1181w\" sizes=\"(max-width: 300px) 100vw, 300px\" \/><\/a><\/figure><div class=\"elementor-image-box-content\"><h5 class=\"elementor-image-box-title\"><a href=\"#elementor-action%3Aaction%3Dlightbox%26settings%3DeyJ1cmwiOiJodHRwczpcL1wvd3d3LmNhdGVuZTNjLml0XC93cC1jb250ZW50XC91cGxvYWRzXC8yMDI0XC8wMVwvM0MtQ2F0ZW5lLXBlcnNvbmFsaXp6YXppb25pLTA2LndlYnAiLCJ0eXBlIjoiaW1hZ2UifQ%3D%3D\">Trozo de cadena con mosquet\u00f3n<\/a><\/h5><\/div><\/div>\t\t\t\t<\/div>\n\t\t\t\t<div class=\"elementor-element elementor-element-91cf750 elementor-position-top elementor-widget elementor-widget-image-box\" data-id=\"91cf750\" data-element_type=\"widget\" data-e-type=\"widget\" data-widget_type=\"image-box.default\">\n\t\t\t\t\t<div class=\"elementor-image-box-wrapper\"><figure class=\"elementor-image-box-img\"><a href=\"#elementor-action%3Aaction%3Dlightbox%26settings%3DeyJ1cmwiOiJodHRwczpcL1wvd3d3LmNhdGVuZTNjLml0XC93cC1jb250ZW50XC91cGxvYWRzXC8yMDI0XC8wMVwvM0MtQ2F0ZW5lLXBlcnNvbmFsaXp6YXppb25pLTA3LTEud2VicCIsInR5cGUiOiJpbWFnZSJ9\" tabindex=\"-1\"><img loading=\"lazy\" decoding=\"async\" width=\"300\" height=\"187\" src=\"https:\/\/www.catene3c.it\/wp-content\/uploads\/2024\/01\/3C-Catene-personalizzazioni-07-1-300x187.webp\" class=\"attachment-medium size-medium wp-image-3773\" alt=\"3C Catene -\" title=\"3C Catene -\" srcset=\"https:\/\/www.catene3c.it\/wp-content\/uploads\/2024\/01\/3C-Catene-personalizzazioni-07-1-300x187.webp 300w, https:\/\/www.catene3c.it\/wp-content\/uploads\/2024\/01\/3C-Catene-personalizzazioni-07-1-1024x640.webp 1024w, https:\/\/www.catene3c.it\/wp-content\/uploads\/2024\/01\/3C-Catene-personalizzazioni-07-1-768x480.webp 768w, https:\/\/www.catene3c.it\/wp-content\/uploads\/2024\/01\/3C-Catene-personalizzazioni-07-1-600x375.webp 600w, https:\/\/www.catene3c.it\/wp-content\/uploads\/2024\/01\/3C-Catene-personalizzazioni-07-1.webp 1181w\" sizes=\"(max-width: 300px) 100vw, 300px\" \/><\/a><\/figure><div class=\"elementor-image-box-content\"><h5 class=\"elementor-image-box-title\"><a href=\"#elementor-action%3Aaction%3Dlightbox%26settings%3DeyJ1cmwiOiJodHRwczpcL1wvd3d3LmNhdGVuZTNjLml0XC93cC1jb250ZW50XC91cGxvYWRzXC8yMDI0XC8wMVwvM0MtQ2F0ZW5lLXBlcnNvbmFsaXp6YXppb25pLTA3LTEud2VicCIsInR5cGUiOiJpbWFnZSJ9\">Kit porta macetas colgante<\/a><\/h5><\/div><\/div>\t\t\t\t<\/div>\n\t\t\t\t<div class=\"elementor-element elementor-element-459636d elementor-position-top elementor-widget elementor-widget-image-box\" data-id=\"459636d\" data-element_type=\"widget\" data-e-type=\"widget\" data-widget_type=\"image-box.default\">\n\t\t\t\t\t<div class=\"elementor-image-box-wrapper\"><figure class=\"elementor-image-box-img\"><a href=\"#elementor-action%3Aaction%3Dlightbox%26settings%3DeyJ1cmwiOiJodHRwczpcL1wvd3d3LmNhdGVuZTNjLml0XC93cC1jb250ZW50XC91cGxvYWRzXC8yMDI0XC8wMVwvM0MtQ2F0ZW5lLXBlcnNvbmFsaXp6YXppb25pLTA4LndlYnAiLCJ0eXBlIjoiaW1hZ2UifQ%3D%3D\" tabindex=\"-1\"><img loading=\"lazy\" decoding=\"async\" width=\"300\" height=\"231\" src=\"https:\/\/www.catene3c.it\/wp-content\/uploads\/2024\/01\/3C-Catene-personalizzazioni-08-300x231.webp\" class=\"attachment-medium size-medium wp-image-2200\" alt=\"3C Catene -\" title=\"3C Catene -\" srcset=\"https:\/\/www.catene3c.it\/wp-content\/uploads\/2024\/01\/3C-Catene-personalizzazioni-08-300x231.webp 300w, https:\/\/www.catene3c.it\/wp-content\/uploads\/2024\/01\/3C-Catene-personalizzazioni-08-1024x787.webp 1024w, https:\/\/www.catene3c.it\/wp-content\/uploads\/2024\/01\/3C-Catene-personalizzazioni-08-768x590.webp 768w, https:\/\/www.catene3c.it\/wp-content\/uploads\/2024\/01\/3C-Catene-personalizzazioni-08-600x461.webp 600w, https:\/\/www.catene3c.it\/wp-content\/uploads\/2024\/01\/3C-Catene-personalizzazioni-08.webp 1181w\" sizes=\"(max-width: 300px) 100vw, 300px\" \/><\/a><\/figure><div class=\"elementor-image-box-content\"><h5 class=\"elementor-image-box-title\"><a href=\"#elementor-action%3Aaction%3Dlightbox%26settings%3DeyJ1cmwiOiJodHRwczpcL1wvd3d3LmNhdGVuZTNjLml0XC93cC1jb250ZW50XC91cGxvYWRzXC8yMDI0XC8wMVwvM0MtQ2F0ZW5lLXBlcnNvbmFsaXp6YXppb25pLTA4LndlYnAiLCJ0eXBlIjoiaW1hZ2UifQ%3D%3D\">Varios art\u00edculos ensamblados en bolsas<\/a><\/h5><\/div><\/div>\t\t\t\t<\/div>\n\t\t\t\t<div class=\"elementor-element elementor-element-97ef0ee elementor-position-top elementor-widget elementor-widget-image-box\" data-id=\"97ef0ee\" data-element_type=\"widget\" data-e-type=\"widget\" data-widget_type=\"image-box.default\">\n\t\t\t\t\t<div class=\"elementor-image-box-wrapper\"><figure class=\"elementor-image-box-img\"><a href=\"#elementor-action%3Aaction%3Dlightbox%26settings%3DeyJ1cmwiOiJodHRwczpcL1wvd3d3LmNhdGVuZTNjLml0XC93cC1jb250ZW50XC91cGxvYWRzXC8yMDI0XC8wMVwvM0MtQ2F0ZW5lLXBlcnNvbmFsaXp6YXppb25pLTA5LndlYnAiLCJ0eXBlIjoiaW1hZ2UifQ%3D%3D\" tabindex=\"-1\"><img loading=\"lazy\" decoding=\"async\" width=\"300\" height=\"200\" src=\"https:\/\/www.catene3c.it\/wp-content\/uploads\/2024\/01\/3C-Catene-personalizzazioni-09-300x200.webp\" class=\"attachment-medium size-medium wp-image-2201\" alt=\"3C Catene -\" title=\"3C Catene -\" srcset=\"https:\/\/www.catene3c.it\/wp-content\/uploads\/2024\/01\/3C-Catene-personalizzazioni-09-300x200.webp 300w, https:\/\/www.catene3c.it\/wp-content\/uploads\/2024\/01\/3C-Catene-personalizzazioni-09-1024x684.webp 1024w, https:\/\/www.catene3c.it\/wp-content\/uploads\/2024\/01\/3C-Catene-personalizzazioni-09-768x513.webp 768w, https:\/\/www.catene3c.it\/wp-content\/uploads\/2024\/01\/3C-Catene-personalizzazioni-09-600x401.webp 600w, https:\/\/www.catene3c.it\/wp-content\/uploads\/2024\/01\/3C-Catene-personalizzazioni-09.webp 1181w\" sizes=\"(max-width: 300px) 100vw, 300px\" \/><\/a><\/figure><div class=\"elementor-image-box-content\"><h5 class=\"elementor-image-box-title\"><a href=\"#elementor-action%3Aaction%3Dlightbox%26settings%3DeyJ1cmwiOiJodHRwczpcL1wvd3d3LmNhdGVuZTNjLml0XC93cC1jb250ZW50XC91cGxvYWRzXC8yMDI0XC8wMVwvM0MtQ2F0ZW5lLXBlcnNvbmFsaXp6YXppb25pLTA5LndlYnAiLCJ0eXBlIjoiaW1hZ2UifQ%3D%3D\">Trozo de cadena con ganchos en S cerrados<\/a><\/h5><\/div><\/div>\t\t\t\t<\/div>\n\t\t\t\t\t<\/div>\n\t\t\t\t<\/div>\n\t\t\t\t\t<\/div>\n\t\t\t\t<\/div>\n\t\t\t\t<\/div>\n\t\t","protected":false},"excerpt":{"rendered":"<p>Todos los art\u00edculos pueden personalizarse, en caso de que las normas indicadas en el cat\u00e1logo no se adapten a sus necesidades y al tipo de aplicaci\u00f3n final Acabados Seg\u00fan los campos de aplicaci\u00f3n, en funci\u00f3n del aspecto est\u00e9tico o de la resistencia a la intemperie. Los posibles revestimientos son los tratamientos electrogalv\u00e1nicos y el recubrimiento [&hellip;]<\/p>\n","protected":false},"author":6,"featured_media":0,"parent":0,"menu_order":0,"comment_status":"closed","ping_status":"closed","template":"","meta":{"footnotes":""},"class_list":["post-7736","page","type-page","status-publish","hentry"],"_links":{"self":[{"href":"https:\/\/www.catene3c.it\/es\/wp-json\/wp\/v2\/pages\/7736","targetHints":{"allow":["GET"]}}],"collection":[{"href":"https:\/\/www.catene3c.it\/es\/wp-json\/wp\/v2\/pages"}],"about":[{"href":"https:\/\/www.catene3c.it\/es\/wp-json\/wp\/v2\/types\/page"}],"author":[{"embeddable":true,"href":"https:\/\/www.catene3c.it\/es\/wp-json\/wp\/v2\/users\/6"}],"replies":[{"embeddable":true,"href":"https:\/\/www.catene3c.it\/es\/wp-json\/wp\/v2\/comments?post=7736"}],"version-history":[{"count":1,"href":"https:\/\/www.catene3c.it\/es\/wp-json\/wp\/v2\/pages\/7736\/revisions"}],"predecessor-version":[{"id":7737,"href":"https:\/\/www.catene3c.it\/es\/wp-json\/wp\/v2\/pages\/7736\/revisions\/7737"}],"wp:attachment":[{"href":"https:\/\/www.catene3c.it\/es\/wp-json\/wp\/v2\/media?parent=7736"}],"curies":[{"name":"wp","href":"https:\/\/api.w.org\/{rel}","templated":true}]}}