{"id":7740,"date":"2023-10-30T12:41:15","date_gmt":"2023-10-30T11:41:15","guid":{"rendered":"https:\/\/www.catene3c.it\/embalajes-por-producto\/"},"modified":"2026-02-21T16:34:41","modified_gmt":"2026-02-21T15:34:41","slug":"embalajes-por-producto","status":"publish","type":"page","link":"https:\/\/www.catene3c.it\/es\/embalajes-por-producto\/","title":{"rendered":"Embalajes por producto"},"content":{"rendered":"\t\t<div data-elementor-type=\"wp-page\" data-elementor-id=\"7740\" class=\"elementor elementor-7740 elementor-1262\" data-elementor-post-type=\"page\">\n\t\t\t\t<div class=\"elementor-element elementor-element-ed22825 e-con-full e-flex e-con e-parent\" data-id=\"ed22825\" data-element_type=\"container\" data-e-type=\"container\">\n\t\t\t\t<div class=\"elementor-element elementor-element-8544950 elementor-widget elementor-widget-template\" data-id=\"8544950\" data-element_type=\"widget\" data-e-type=\"widget\" data-widget_type=\"template.default\">\n\t\t\t\t<div class=\"elementor-widget-container\">\n\t\t\t\t\t\t\t<div class=\"elementor-template\">\n\t\t\t\t\t<div data-elementor-type=\"container\" data-elementor-id=\"8464\" class=\"elementor elementor-8464 elementor-2010\" data-elementor-post-type=\"elementor_library\">\n\t\t\t\t<div class=\"elementor-element elementor-element-113d4101 e-flex e-con-boxed e-con e-parent\" data-id=\"113d4101\" data-element_type=\"container\" data-e-type=\"container\" data-settings=\"{&quot;background_background&quot;:&quot;classic&quot;}\">\n\t\t\t\t\t<div class=\"e-con-inner\">\n\t\t\t\t<div class=\"elementor-element elementor-element-f435937 elementor-widget elementor-widget-shortcode\" data-id=\"f435937\" data-element_type=\"widget\" data-e-type=\"widget\" data-widget_type=\"shortcode.default\">\n\t\t\t\t\t\t\t<div class=\"elementor-shortcode\"><nav aria-label=\"breadcrumbs\" class=\"rank-math-breadcrumb\"><p><span class=\"last\">Home<\/span><\/p><\/nav><\/div>\n\t\t\t\t\t\t<\/div>\n\t\t\t\t\t<\/div>\n\t\t\t\t<\/div>\n\t\t\t\t<\/div>\n\t\t\t\t<\/div>\n\t\t\t\t\t\t<\/div>\n\t\t\t\t<\/div>\n\t\t\t\t<\/div>\n\t\t<div class=\"elementor-element elementor-element-c67606e e-flex e-con-boxed e-con e-parent\" data-id=\"c67606e\" data-element_type=\"container\" data-e-type=\"container\">\n\t\t\t\t\t<div class=\"e-con-inner\">\n\t\t\t\t<div class=\"elementor-element elementor-element-d341eea elementor-widget elementor-widget-text-editor\" data-id=\"d341eea\" data-element_type=\"widget\" data-e-type=\"widget\" data-widget_type=\"text-editor.default\">\n\t\t\t\t\t\t\t\t\t<p>El tipo de embalaje se elige en funci\u00f3n de la cadena, el modo de env\u00edo y el \u00e1mbito de aplicaci\u00f3n del art\u00edculo, con el fin de preservar la integridad del contenido hasta su destino.<\/p><p>En cada embalaje se coloca una etiqueta con un c\u00f3digo de barras que contiene de forma exclusiva toda la informaci\u00f3n necesaria para identificar el art\u00edculo.<br>En el caso de los embalajes que contienen varios tipos de cadenas, se genera una lista de embalaje que se adjunta a la documentaci\u00f3n para facilitar los controles de entrada.<\/p>\t\t\t\t\t\t\t\t<\/div>\n\t\t<div class=\"elementor-element elementor-element-8355f8a e-grid e-con-boxed e-con e-child\" data-id=\"8355f8a\" data-element_type=\"container\" data-e-type=\"container\">\n\t\t\t\t\t<div class=\"e-con-inner\">\n\t\t\t\t<div class=\"elementor-element elementor-element-b117124 elementor-position-top elementor-widget elementor-widget-image-box\" data-id=\"b117124\" data-element_type=\"widget\" data-e-type=\"widget\" data-widget_type=\"image-box.default\">\n\t\t\t\t\t<div class=\"elementor-image-box-wrapper\"><figure class=\"elementor-image-box-img\"><img decoding=\"async\" width=\"200\" height=\"121\" src=\"https:\/\/www.catene3c.it\/wp-content\/uploads\/2023\/12\/3c-catene-imballi-fusto-ferro.jpg\" class=\"attachment-medium size-medium wp-image-2763\" alt=\"3C Catene -\" title=\"3C Catene -\"><\/figure><div class=\"elementor-image-box-content\"><h5 class=\"elementor-image-box-title\">BARRIL de hierro<\/h5><p class=\"elementor-image-box-description\">Dimensiones:<br>\u00f8 60 cm - h 90 cm<\/p><\/div><\/div>\t\t\t\t<\/div>\n\t\t\t\t<div class=\"elementor-element elementor-element-90d75f4 elementor-position-top elementor-widget elementor-widget-image-box\" data-id=\"90d75f4\" data-element_type=\"widget\" data-e-type=\"widget\" data-widget_type=\"image-box.default\">\n\t\t\t\t\t<div class=\"elementor-image-box-wrapper\"><figure class=\"elementor-image-box-img\"><img decoding=\"async\" width=\"200\" height=\"121\" src=\"https:\/\/www.catene3c.it\/wp-content\/uploads\/2023\/12\/3c-catene-imballi-cartonbox.jpg\" class=\"attachment-medium size-medium wp-image-2759\" alt=\"3C Catene -\" title=\"3C Catene -\"><\/figure><div class=\"elementor-image-box-content\"><h5 class=\"elementor-image-box-title\">CARTONBOX<\/h5><p class=\"elementor-image-box-description\">Dimensiones:<br>120 X 80 cm - h 86 cm<br>120 X 80 cm - h 42 cm<br>60 X 80 cm - h 42 cm<\/p><\/div><\/div>\t\t\t\t<\/div>\n\t\t\t\t<div class=\"elementor-element elementor-element-b4aec90 elementor-position-top elementor-widget elementor-widget-image-box\" data-id=\"b4aec90\" data-element_type=\"widget\" data-e-type=\"widget\" data-widget_type=\"image-box.default\">\n\t\t\t\t\t<div class=\"elementor-image-box-wrapper\"><figure class=\"elementor-image-box-img\"><img decoding=\"async\" width=\"200\" height=\"121\" src=\"https:\/\/www.catene3c.it\/wp-content\/uploads\/2024\/03\/3c-catene-imballi-bancale-1.webp\" class=\"attachment-medium size-medium wp-image-6655\" alt=\"3C Catene -\" title=\"3C Catene -\"><\/figure><div class=\"elementor-image-box-content\"><h5 class=\"elementor-image-box-title\">PAL\u00c9<\/h5><p class=\"elementor-image-box-description\">Dimensiones:<br>120 X 80 cm<br>60 X 80 cm<\/p><\/div><\/div>\t\t\t\t<\/div>\n\t\t\t\t\t<\/div>\n\t\t\t\t<\/div>\n\t\t\t\t\t<\/div>\n\t\t\t\t<\/div>\n\t\t<div class=\"elementor-element elementor-element-0122e13 e-flex e-con-boxed e-con e-parent\" data-id=\"0122e13\" data-element_type=\"container\" data-e-type=\"container\">\n\t\t\t\t\t<div class=\"e-con-inner\">\n\t\t\t\t<div class=\"elementor-element elementor-element-02b6212 elementor-widget elementor-widget-heading\" data-id=\"02b6212\" data-element_type=\"widget\" data-e-type=\"widget\" data-widget_type=\"heading.default\">\n\t\t\t\t\t<h3 class=\"elementor-heading-title elementor-size-default\">60 X 80 cm Tabla de informaci\u00f3n sobre el <font class=\"evidenza\">etiquetado medioambiental<\/font> de los embalajes<\/h3>\t\t\t\t<\/div>\n\t\t\t\t<div class=\"elementor-element elementor-element-b0e4f51 elementor-widget elementor-widget-text-editor\" data-id=\"b0e4f51\" data-element_type=\"widget\" data-e-type=\"widget\" data-widget_type=\"text-editor.default\">\n\t\t\t\t\t\t\t\t\t<p>Informaci\u00f3n sobre el tipo de envase\/embalaje de nuestros productos y el canal de eliminaci\u00f3n correcto<\/p>\t\t\t\t\t\t\t\t<\/div>\n\t\t\t\t<div class=\"elementor-element elementor-element-305f9b6 elementor-widget elementor-widget-jet-table\" data-id=\"305f9b6\" data-element_type=\"widget\" data-e-type=\"widget\" data-widget_type=\"jet-table.default\">\n\t\t\t\t<div class=\"elementor-widget-container\">\n\t\t\t\t\t<div class=\"elementor-jet-table jet-elements\">\n\t\t<div class=\"jet-table-wrapper jet-table-responsive-tablet jet-table-responsive-mobile\">\n\t\t\t<table class=\"jet-table jet-table--fa5-compat\">\n\t\t\t\t<thead class=\"jet-table__head\"><tr class=\"jet-table__head-row\"><th class=\"jet-table__cell elementor-repeater-item-a6f4736 jet-table__head-cell\" scope=\"col\"><div class=\"jet-table__cell-inner\"><div class=\"jet-table__cell-content\"><div class=\"jet-table__cell-text\">Embalaje<\/div><\/div><\/div><\/th><th class=\"jet-table__cell elementor-repeater-item-ebdd58f jet-table__head-cell\" scope=\"col\"><div class=\"jet-table__cell-inner\"><div class=\"jet-table__cell-content\"><div class=\"jet-table__cell-text\">Material<\/div><\/div><\/div><\/th><th class=\"jet-table__cell elementor-repeater-item-5422a23 jet-table__head-cell\" scope=\"col\"><div class=\"jet-table__cell-inner\"><div class=\"jet-table__cell-content\"><div class=\"jet-table__cell-text\">Reciclable<\/div><\/div><\/div><\/th><th class=\"jet-table__cell elementor-repeater-item-264cd61 jet-table__head-cell\" scope=\"col\"><div class=\"jet-table__cell-inner\"><div class=\"jet-table__cell-content\"><div class=\"jet-table__cell-text\">Eliminaci\u00f3n<\/div><\/div><\/div><\/th><\/tr><\/thead>\n\t\t\t\t\t\t\t\t<tbody class=\"jet-table__body\"><tr class=\"jet-table__body-row elementor-repeater-item-098ded6\"><td class=\"jet-table__cell elementor-repeater-item-8d73d9a jet-table__body-cell\"><div class=\"jet-table__cell-inner\"><div class=\"jet-table__cell-content\"><div class=\"jet-table__cell-text\">bobina de metal<\/div><\/div><\/div><\/td><td class=\"jet-table__cell elementor-repeater-item-431d998 jet-table__body-cell\"><div class=\"jet-table__cell-inner\"><div class=\"jet-table__cell-content\"><div class=\"jet-table__cell-text\">FE40 (acero)<\/div><\/div><\/div><\/td><td class=\"jet-table__cell elementor-repeater-item-7d3c816 jet-table__body-cell\"><div class=\"jet-table__cell-inner\"><div class=\"jet-table__cell-content\"><div class=\"jet-table__cell-text\">SI<\/div><\/div><\/div><\/td><td class=\"jet-table__cell elementor-repeater-item-d69ac1c jet-table__body-cell\"><div class=\"jet-table__cell-inner\"><div class=\"jet-table__cell-content\"><div class=\"jet-table__cell-text\">METALES<\/div><\/div><\/div><\/td><\/tr><tr class=\"jet-table__body-row elementor-repeater-item-fb10df3\"><td class=\"jet-table__cell elementor-repeater-item-3bb64a2 jet-table__body-cell\"><div class=\"jet-table__cell-inner\"><div class=\"jet-table__cell-content\"><div class=\"jet-table__cell-text\">METALES bobina de pl\u00e1stico<\/div><\/div><\/div><\/td><td class=\"jet-table__cell elementor-repeater-item-8dcb369 jet-table__body-cell\"><div class=\"jet-table__cell-inner\"><div class=\"jet-table__cell-content\"><div class=\"jet-table__cell-text\">07 OTHER (pl\u00e1stico ABS)<\/div><\/div><\/div><\/td><td class=\"jet-table__cell elementor-repeater-item-169b16c jet-table__body-cell\"><div class=\"jet-table__cell-inner\"><div class=\"jet-table__cell-content\"><div class=\"jet-table__cell-text\">SI<\/div><\/div><\/div><\/td><td class=\"jet-table__cell elementor-repeater-item-6c02a7e jet-table__body-cell\"><div class=\"jet-table__cell-inner\"><div class=\"jet-table__cell-content\"><div class=\"jet-table__cell-text\">Recogida selectiva PL\u00c1STICO<\/div><\/div><\/div><\/td><\/tr><tr class=\"jet-table__body-row elementor-repeater-item-1d5d1f5\"><td class=\"jet-table__cell elementor-repeater-item-30315b8 jet-table__body-cell\"><div class=\"jet-table__cell-inner\"><div class=\"jet-table__cell-content\"><div class=\"jet-table__cell-text\">abrazadera de pl\u00e1stico<\/div><\/div><\/div><\/td><td class=\"jet-table__cell elementor-repeater-item-3adb9b2 jet-table__body-cell\"><div class=\"jet-table__cell-inner\"><div class=\"jet-table__cell-content\"><div class=\"jet-table__cell-text\">PP6 (poliamida 66)<\/div><\/div><\/div><\/td><td class=\"jet-table__cell elementor-repeater-item-dccc091 jet-table__body-cell\"><div class=\"jet-table__cell-inner\"><div class=\"jet-table__cell-content\"><div class=\"jet-table__cell-text\">SI<\/div><\/div><\/div><\/td><td class=\"jet-table__cell elementor-repeater-item-d042246 jet-table__body-cell\"><div class=\"jet-table__cell-inner\"><div class=\"jet-table__cell-content\"><div class=\"jet-table__cell-text\">Recogida selectiva PL\u00c1STICO<\/div><\/div><\/div><\/td><\/tr><tr class=\"jet-table__body-row elementor-repeater-item-ab303b0\"><td class=\"jet-table__cell elementor-repeater-item-0527cf3 jet-table__body-cell\"><div class=\"jet-table__cell-inner\"><div class=\"jet-table__cell-content\"><div class=\"jet-table__cell-text\">bolsa de pl\u00e1stico<\/div><\/div><\/div><\/td><td class=\"jet-table__cell elementor-repeater-item-bc4cd56 jet-table__body-cell\"><div class=\"jet-table__cell-inner\"><div class=\"jet-table__cell-content\"><div class=\"jet-table__cell-text\">LDLP4 (polietileno y baja densidad)<\/div><\/div><\/div><\/td><td class=\"jet-table__cell elementor-repeater-item-87092fd jet-table__body-cell\"><div class=\"jet-table__cell-inner\"><div class=\"jet-table__cell-content\"><div class=\"jet-table__cell-text\">SI<\/div><\/div><\/div><\/td><td class=\"jet-table__cell elementor-repeater-item-822e197 jet-table__body-cell\"><div class=\"jet-table__cell-inner\"><div class=\"jet-table__cell-content\"><div class=\"jet-table__cell-text\">Recogida selectiva PL\u00c1STICO<\/div><\/div><\/div><\/td><\/tr><tr class=\"jet-table__body-row elementor-repeater-item-37a19f3\"><td class=\"jet-table__cell elementor-repeater-item-56a834c jet-table__body-cell\"><div class=\"jet-table__cell-inner\"><div class=\"jet-table__cell-content\"><div class=\"jet-table__cell-text\">saco de rafia<\/div><\/div><\/div><\/td><td class=\"jet-table__cell elementor-repeater-item-3a44247 jet-table__body-cell\"><div class=\"jet-table__cell-inner\"><div class=\"jet-table__cell-content\"><div class=\"jet-table__cell-text\">PP5 (polipropileno)<\/div><\/div><\/div><\/td><td class=\"jet-table__cell elementor-repeater-item-85e6067 jet-table__body-cell\"><div class=\"jet-table__cell-inner\"><div class=\"jet-table__cell-content\"><div class=\"jet-table__cell-text\">SI<\/div><\/div><\/div><\/td><td class=\"jet-table__cell elementor-repeater-item-033e377 jet-table__body-cell\"><div class=\"jet-table__cell-inner\"><div class=\"jet-table__cell-content\"><div class=\"jet-table__cell-text\">consulte la normativa municipal<\/div><\/div><\/div><\/td><\/tr><tr class=\"jet-table__body-row elementor-repeater-item-4371f40\"><td class=\"jet-table__cell elementor-repeater-item-1218c6e jet-table__body-cell\"><div class=\"jet-table__cell-inner\"><div class=\"jet-table__cell-content\"><div class=\"jet-table__cell-text\">caja de cart\u00f3n<\/div><\/div><\/div><\/td><td class=\"jet-table__cell elementor-repeater-item-fcf842f jet-table__body-cell\"><div class=\"jet-table__cell-inner\"><div class=\"jet-table__cell-content\"><div class=\"jet-table__cell-text\">PAP20 (papel)<\/div><\/div><\/div><\/td><td class=\"jet-table__cell elementor-repeater-item-db41ac4 jet-table__body-cell\"><div class=\"jet-table__cell-inner\"><div class=\"jet-table__cell-content\"><div class=\"jet-table__cell-text\">SI<\/div><\/div><\/div><\/td><td class=\"jet-table__cell elementor-repeater-item-e5c94b8 jet-table__body-cell\"><div class=\"jet-table__cell-inner\"><div class=\"jet-table__cell-content\"><div class=\"jet-table__cell-text\">recogida selectiva PAPEL<\/div><\/div><\/div><\/td><\/tr><tr class=\"jet-table__body-row elementor-repeater-item-d03e75c\"><td class=\"jet-table__cell elementor-repeater-item-71ef0e4 jet-table__body-cell\"><div class=\"jet-table__cell-inner\"><div class=\"jet-table__cell-content\"><div class=\"jet-table__cell-text\">pal\u00e9 de madera<\/div><\/div><\/div><\/td><td class=\"jet-table__cell elementor-repeater-item-a755ad3 jet-table__body-cell\"><div class=\"jet-table__cell-inner\"><div class=\"jet-table__cell-content\"><div class=\"jet-table__cell-text\">FOR50 (madera)<\/div><\/div><\/div><\/td><td class=\"jet-table__cell elementor-repeater-item-cc14651 jet-table__body-cell\"><div class=\"jet-table__cell-inner\"><div class=\"jet-table__cell-content\"><div class=\"jet-table__cell-text\">SI<\/div><\/div><\/div><\/td><td class=\"jet-table__cell elementor-repeater-item-e96ea90 jet-table__body-cell\"><div class=\"jet-table__cell-inner\"><div class=\"jet-table__cell-content\"><div class=\"jet-table__cell-text\">MADERA (al final de su vida \u00fatil)<\/div><\/div><\/div><\/td><\/tr><tr class=\"jet-table__body-row elementor-repeater-item-2114710\"><td class=\"jet-table__cell elementor-repeater-item-bb33e89 jet-table__body-cell\"><div class=\"jet-table__cell-inner\"><div class=\"jet-table__cell-content\"><div class=\"jet-table__cell-text\">cartonbox<\/div><\/div><\/div><\/td><td class=\"jet-table__cell elementor-repeater-item-0f1ada5 jet-table__body-cell\"><div class=\"jet-table__cell-inner\"><div class=\"jet-table__cell-content\"><div class=\"jet-table__cell-text\">PAP20 (papel)<\/div><\/div><\/div><\/td><td class=\"jet-table__cell elementor-repeater-item-654a910 jet-table__body-cell\"><div class=\"jet-table__cell-inner\"><div class=\"jet-table__cell-content\"><div class=\"jet-table__cell-text\">SI<\/div><\/div><\/div><\/td><td class=\"jet-table__cell elementor-repeater-item-e307211 jet-table__body-cell\"><div class=\"jet-table__cell-inner\"><div class=\"jet-table__cell-content\"><div class=\"jet-table__cell-text\">recogida selectiva de PAPEL (al final de su vida \u00fatil)<\/div><\/div><\/div><\/td><\/tr><tr class=\"jet-table__body-row elementor-repeater-item-23596f0\"><td class=\"jet-table__cell elementor-repeater-item-1ea20d0 jet-table__body-cell\"><div class=\"jet-table__cell-inner\"><div class=\"jet-table__cell-content\"><div class=\"jet-table__cell-text\">pel\u00edcula extensible<\/div><\/div><\/div><\/td><td class=\"jet-table__cell elementor-repeater-item-40455b8 jet-table__body-cell\"><div class=\"jet-table__cell-inner\"><div class=\"jet-table__cell-content\"><div class=\"jet-table__cell-text\">LDLPE4 (polietileno de baja densidad)<\/div><\/div><\/div><\/td><td class=\"jet-table__cell elementor-repeater-item-80f93c4 jet-table__body-cell\"><div class=\"jet-table__cell-inner\"><div class=\"jet-table__cell-content\"><div class=\"jet-table__cell-text\">SI<\/div><\/div><\/div><\/td><td class=\"jet-table__cell elementor-repeater-item-8220b28 jet-table__body-cell\"><div class=\"jet-table__cell-inner\"><div class=\"jet-table__cell-content\"><div class=\"jet-table__cell-text\">Recogida selectiva PL\u00c1STICO<\/div><\/div><\/div><\/td><\/tr><tr class=\"jet-table__body-row elementor-repeater-item-e87cb97\"><td class=\"jet-table__cell elementor-repeater-item-74b82c9 jet-table__body-cell\"><div class=\"jet-table__cell-inner\"><div class=\"jet-table__cell-content\"><div class=\"jet-table__cell-text\">barril de pl\u00e1stico<\/div><\/div><\/div><\/td><td class=\"jet-table__cell elementor-repeater-item-01c8d80 jet-table__body-cell\"><div class=\"jet-table__cell-inner\"><div class=\"jet-table__cell-content\"><div class=\"jet-table__cell-text\">HDPE2 (polietileno de alta densidad)<\/div><\/div><\/div><\/td><td class=\"jet-table__cell elementor-repeater-item-0b9dcf1 jet-table__body-cell\"><div class=\"jet-table__cell-inner\"><div class=\"jet-table__cell-content\"><div class=\"jet-table__cell-text\">SI<\/div><\/div><\/div><\/td><td class=\"jet-table__cell elementor-repeater-item-c733979 jet-table__body-cell\"><div class=\"jet-table__cell-inner\"><div class=\"jet-table__cell-content\"><div class=\"jet-table__cell-text\">recogida selectiva de PL\u00c1STICO (al final de su vida \u00fatil)<\/div><\/div><\/div><\/td><\/tr><tr class=\"jet-table__body-row elementor-repeater-item-c83e51f\"><td class=\"jet-table__cell elementor-repeater-item-df4f608 jet-table__body-cell\"><div class=\"jet-table__cell-inner\"><div class=\"jet-table__cell-content\"><div class=\"jet-table__cell-text\">barril de metal<\/div><\/div><\/div><\/td><td class=\"jet-table__cell elementor-repeater-item-bc2c96e jet-table__body-cell\"><div class=\"jet-table__cell-inner\"><div class=\"jet-table__cell-content\"><div class=\"jet-table__cell-text\">FE40 (acero)<\/div><\/div><\/div><\/td><td class=\"jet-table__cell elementor-repeater-item-c7ceb57 jet-table__body-cell\"><div class=\"jet-table__cell-inner\"><div class=\"jet-table__cell-content\"><div class=\"jet-table__cell-text\">SI<\/div><\/div><\/div><\/td><td class=\"jet-table__cell elementor-repeater-item-dc8a3f4 jet-table__body-cell\"><div class=\"jet-table__cell-inner\"><div class=\"jet-table__cell-content\"><div class=\"jet-table__cell-text\">METALES (al final de su vida \u00fatil)<\/div><\/div><\/div><\/td><\/tr><tr class=\"jet-table__body-row elementor-repeater-item-730603e\"><td class=\"jet-table__cell elementor-repeater-item-4fe6a4b jet-table__body-cell\"><div class=\"jet-table__cell-inner\"><div class=\"jet-table__cell-content\"><div class=\"jet-table__cell-text\">fleje de pl\u00e1stico<\/div><\/div><\/div><\/td><td class=\"jet-table__cell elementor-repeater-item-52b0b5c jet-table__body-cell\"><div class=\"jet-table__cell-inner\"><div class=\"jet-table__cell-content\"><div class=\"jet-table__cell-text\">PET1 (tereftalato de polietileno)<\/div><\/div><\/div><\/td><td class=\"jet-table__cell elementor-repeater-item-0529857 jet-table__body-cell\"><div class=\"jet-table__cell-inner\"><div class=\"jet-table__cell-content\"><div class=\"jet-table__cell-text\">SI<\/div><\/div><\/div><\/td><td class=\"jet-table__cell elementor-repeater-item-cdc01d3 jet-table__body-cell\"><div class=\"jet-table__cell-inner\"><div class=\"jet-table__cell-content\"><div class=\"jet-table__cell-text\">Recogida selectiva PL\u00c1STICO<\/div><\/div><\/div><\/td><\/tr><\/tbody>\n\t\t\t<\/table>\n\t\t<\/div>\n\n\t\t<\/div>\t\t\t\t<\/div>\n\t\t\t\t<\/div>\n\t\t\t\t\t<\/div>\n\t\t\t\t<\/div>\n\t\t\t\t<\/div>\n\t\t","protected":false},"excerpt":{"rendered":"<p>El tipo de embalaje se elige en funci\u00f3n de la cadena, el modo de env\u00edo y el \u00e1mbito de aplicaci\u00f3n del art\u00edculo, con el fin de preservar la integridad del contenido hasta su destino. En cada embalaje se coloca una etiqueta con un c\u00f3digo de barras que contiene de forma exclusiva toda la informaci\u00f3n necesaria [&hellip;]<\/p>\n","protected":false},"author":6,"featured_media":0,"parent":0,"menu_order":0,"comment_status":"closed","ping_status":"closed","template":"","meta":{"footnotes":""},"class_list":["post-7740","page","type-page","status-publish","hentry"],"_links":{"self":[{"href":"https:\/\/www.catene3c.it\/es\/wp-json\/wp\/v2\/pages\/7740","targetHints":{"allow":["GET"]}}],"collection":[{"href":"https:\/\/www.catene3c.it\/es\/wp-json\/wp\/v2\/pages"}],"about":[{"href":"https:\/\/www.catene3c.it\/es\/wp-json\/wp\/v2\/types\/page"}],"author":[{"embeddable":true,"href":"https:\/\/www.catene3c.it\/es\/wp-json\/wp\/v2\/users\/6"}],"replies":[{"embeddable":true,"href":"https:\/\/www.catene3c.it\/es\/wp-json\/wp\/v2\/comments?post=7740"}],"version-history":[{"count":4,"href":"https:\/\/www.catene3c.it\/es\/wp-json\/wp\/v2\/pages\/7740\/revisions"}],"predecessor-version":[{"id":11374,"href":"https:\/\/www.catene3c.it\/es\/wp-json\/wp\/v2\/pages\/7740\/revisions\/11374"}],"wp:attachment":[{"href":"https:\/\/www.catene3c.it\/es\/wp-json\/wp\/v2\/media?parent=7740"}],"curies":[{"name":"wp","href":"https:\/\/api.w.org\/{rel}","templated":true}]}}