{"id":7515,"date":"2023-09-19T17:09:57","date_gmt":"2023-09-19T15:09:57","guid":{"rendered":"https:\/\/www.catene3c.it\/histoire\/"},"modified":"2024-06-01T18:22:01","modified_gmt":"2024-06-01T16:22:01","slug":"histoire","status":"publish","type":"page","link":"https:\/\/www.catene3c.it\/fr\/histoire\/","title":{"rendered":"Histoire"},"content":{"rendered":"\t\t<div data-elementor-type=\"wp-page\" data-elementor-id=\"7515\" class=\"elementor elementor-7515 elementor-969\" data-elementor-post-type=\"page\">\n\t\t\t\t<div class=\"elementor-element elementor-element-e3ef7ed e-con-full e-flex e-con e-parent\" data-id=\"e3ef7ed\" data-element_type=\"container\" data-e-type=\"container\">\n\t\t\t\t<div class=\"elementor-element elementor-element-d5f8e5d elementor-widget elementor-widget-template\" data-id=\"d5f8e5d\" data-element_type=\"widget\" data-e-type=\"widget\" data-widget_type=\"template.default\">\n\t\t\t\t<div class=\"elementor-widget-container\">\n\t\t\t\t\t\t\t<div class=\"elementor-template\">\n\t\t\t\t\t<div data-elementor-type=\"container\" data-elementor-id=\"8462\" class=\"elementor elementor-8462 elementor-2010\" data-elementor-post-type=\"elementor_library\">\n\t\t\t\t<div class=\"elementor-element elementor-element-113d4101 e-flex e-con-boxed e-con e-parent\" data-id=\"113d4101\" data-element_type=\"container\" data-e-type=\"container\" data-settings=\"{&quot;background_background&quot;:&quot;classic&quot;}\">\n\t\t\t\t\t<div class=\"e-con-inner\">\n\t\t\t\t<div class=\"elementor-element elementor-element-f435937 elementor-widget elementor-widget-shortcode\" data-id=\"f435937\" data-element_type=\"widget\" data-e-type=\"widget\" data-widget_type=\"shortcode.default\">\n\t\t\t\t\t\t\t<div class=\"elementor-shortcode\"><nav aria-label=\"breadcrumbs\" class=\"rank-math-breadcrumb\"><p><span class=\"last\">Home<\/span><\/p><\/nav><\/div>\n\t\t\t\t\t\t<\/div>\n\t\t\t\t\t<\/div>\n\t\t\t\t<\/div>\n\t\t\t\t<\/div>\n\t\t\t\t<\/div>\n\t\t\t\t\t\t<\/div>\n\t\t\t\t<\/div>\n\t\t\t\t<\/div>\n\t\t<div class=\"elementor-element elementor-element-83b13f4 e-flex e-con-boxed e-con e-parent\" data-id=\"83b13f4\" data-element_type=\"container\" data-e-type=\"container\">\n\t\t\t\t\t<div class=\"e-con-inner\">\n\t\t<div class=\"elementor-element elementor-element-89956d8 e-flex e-con-boxed e-con e-child\" data-id=\"89956d8\" data-element_type=\"container\" data-e-type=\"container\">\n\t\t\t\t\t<div class=\"e-con-inner\">\n\t\t\t\t<div class=\"elementor-element elementor-element-65f56cd elementor-widget-mobile__width-initial elementor-widget elementor-widget-image\" data-id=\"65f56cd\" data-element_type=\"widget\" data-e-type=\"widget\" data-widget_type=\"image.default\">\n\t\t\t\t\t\t\t\t\t\t\t\t\t\t\t<img fetchpriority=\"high\" decoding=\"async\" width=\"800\" height=\"600\" src=\"https:\/\/www.catene3c.it\/wp-content\/uploads\/2024\/03\/3C-Catene-Storia-01-1024x768.webp\" class=\"attachment-large size-large wp-image-7009\" alt=\"3C Catene -\" srcset=\"https:\/\/www.catene3c.it\/wp-content\/uploads\/2024\/03\/3C-Catene-Storia-01-1024x768.webp 1024w, https:\/\/www.catene3c.it\/wp-content\/uploads\/2024\/03\/3C-Catene-Storia-01-300x225.webp 300w, https:\/\/www.catene3c.it\/wp-content\/uploads\/2024\/03\/3C-Catene-Storia-01-768x576.webp 768w, https:\/\/www.catene3c.it\/wp-content\/uploads\/2024\/03\/3C-Catene-Storia-01-600x450.webp 600w, https:\/\/www.catene3c.it\/wp-content\/uploads\/2024\/03\/3C-Catene-Storia-01.webp 1200w\" sizes=\"(max-width: 800px) 100vw, 800px\" title=\"3C Catene -\">\t\t\t\t\t\t\t\t\t\t\t\t\t\t\t<\/div>\n\t\t\t\t<div class=\"elementor-element elementor-element-cd8b704 elementor-widget-mobile__width-initial elementor-widget elementor-widget-image\" data-id=\"cd8b704\" data-element_type=\"widget\" data-e-type=\"widget\" data-widget_type=\"image.default\">\n\t\t\t\t\t\t\t\t\t\t\t\t\t\t\t<img decoding=\"async\" width=\"800\" height=\"600\" src=\"https:\/\/www.catene3c.it\/wp-content\/uploads\/2024\/03\/3C-Catene-Storia-02-1024x768.webp\" class=\"attachment-large size-large wp-image-7014\" alt=\"3C Catene -\" srcset=\"https:\/\/www.catene3c.it\/wp-content\/uploads\/2024\/03\/3C-Catene-Storia-02-1024x768.webp 1024w, https:\/\/www.catene3c.it\/wp-content\/uploads\/2024\/03\/3C-Catene-Storia-02-300x225.webp 300w, https:\/\/www.catene3c.it\/wp-content\/uploads\/2024\/03\/3C-Catene-Storia-02-768x576.webp 768w, https:\/\/www.catene3c.it\/wp-content\/uploads\/2024\/03\/3C-Catene-Storia-02-600x450.webp 600w, https:\/\/www.catene3c.it\/wp-content\/uploads\/2024\/03\/3C-Catene-Storia-02.webp 1200w\" sizes=\"(max-width: 800px) 100vw, 800px\" title=\"3C Catene -\">\t\t\t\t\t\t\t\t\t\t\t\t\t\t\t<\/div>\n\t\t\t\t<div class=\"elementor-element elementor-element-ec12fe8 elementor-widget-mobile__width-initial elementor-widget elementor-widget-image\" data-id=\"ec12fe8\" data-element_type=\"widget\" data-e-type=\"widget\" data-widget_type=\"image.default\">\n\t\t\t\t\t\t\t\t\t\t\t\t\t\t\t<img decoding=\"async\" width=\"800\" height=\"600\" src=\"https:\/\/www.catene3c.it\/wp-content\/uploads\/2024\/03\/3C-Catene-Storia-03-1024x768.webp\" class=\"attachment-large size-large wp-image-7019\" alt=\"3C Catene -\" srcset=\"https:\/\/www.catene3c.it\/wp-content\/uploads\/2024\/03\/3C-Catene-Storia-03-1024x768.webp 1024w, https:\/\/www.catene3c.it\/wp-content\/uploads\/2024\/03\/3C-Catene-Storia-03-300x225.webp 300w, https:\/\/www.catene3c.it\/wp-content\/uploads\/2024\/03\/3C-Catene-Storia-03-768x576.webp 768w, https:\/\/www.catene3c.it\/wp-content\/uploads\/2024\/03\/3C-Catene-Storia-03-600x450.webp 600w, https:\/\/www.catene3c.it\/wp-content\/uploads\/2024\/03\/3C-Catene-Storia-03.webp 1200w\" sizes=\"(max-width: 800px) 100vw, 800px\" title=\"3C Catene -\">\t\t\t\t\t\t\t\t\t\t\t\t\t\t\t<\/div>\n\t\t\t\t<div class=\"elementor-element elementor-element-d8a5bff elementor-widget-mobile__width-initial elementor-widget elementor-widget-image\" data-id=\"d8a5bff\" data-element_type=\"widget\" data-e-type=\"widget\" data-widget_type=\"image.default\">\n\t\t\t\t\t\t\t\t\t\t\t\t\t\t\t<img loading=\"lazy\" decoding=\"async\" width=\"800\" height=\"600\" src=\"https:\/\/www.catene3c.it\/wp-content\/uploads\/2024\/03\/3C-Catene-Storia-04-1024x768.webp\" class=\"attachment-large size-large wp-image-7024\" alt=\"3C Catene -\" srcset=\"https:\/\/www.catene3c.it\/wp-content\/uploads\/2024\/03\/3C-Catene-Storia-04-1024x768.webp 1024w, https:\/\/www.catene3c.it\/wp-content\/uploads\/2024\/03\/3C-Catene-Storia-04-300x225.webp 300w, https:\/\/www.catene3c.it\/wp-content\/uploads\/2024\/03\/3C-Catene-Storia-04-768x576.webp 768w, https:\/\/www.catene3c.it\/wp-content\/uploads\/2024\/03\/3C-Catene-Storia-04-600x450.webp 600w, https:\/\/www.catene3c.it\/wp-content\/uploads\/2024\/03\/3C-Catene-Storia-04.webp 1200w\" sizes=\"(max-width: 800px) 100vw, 800px\" title=\"3C Catene -\">\t\t\t\t\t\t\t\t\t\t\t\t\t\t\t<\/div>\n\t\t\t\t\t<\/div>\n\t\t\t\t<\/div>\n\t\t\t\t<div class=\"elementor-element elementor-element-4f90fef elementor-widget elementor-widget-text-editor\" data-id=\"4f90fef\" data-element_type=\"widget\" data-e-type=\"widget\" data-widget_type=\"text-editor.default\">\n\t\t\t\t\t\t\t\t\t<p>Notre histoire, plac\u00e9e sous le signe des valeurs avant celui des r\u00e9sultats \u00e9conomiques, se distingue par des relations et des collaborations f\u00e9condes dans la r\u00e9gion, qui apportent une valeur ajout\u00e9e \u00e0 notre production de cha\u00eenes en m\u00e9tal.<\/p>\n<p>Fond\u00e9e en 1973 par Giampietro Cortiana et d\u2019autres associ\u00e9s comme soci\u00e9t\u00e9 de personnes, l\u2019entreprise a \u00e9t\u00e9 reprise en 1988 par nous, ses deux fils, Walter et Luca, qui en sommes devenus les propri\u00e9taires exclusifs. Depuis lors, nous conduisons ensemble l\u2019entreprise vers un succ\u00e8s croissant sur le march\u00e9. En 2007, la transformation de l\u2019entreprise en soci\u00e9t\u00e9 \u00e0 responsabilit\u00e9 limit\u00e9e a renforc\u00e9 notre position sur le march\u00e9 international.<\/p>\n<p>En mars 2000, nous avons obtenu la certification de Qualit\u00e9 UNI-EN-ISO 9001, en nous engageant dans une d\u00e9marche d\u2019am\u00e9lioration continue afin de r\u00e9pondre aux exigences en constante \u00e9volution du march\u00e9.<\/p>\n<p>En avril 2020, nous avons \u00e9galement obtenu la certification environnementale UNI-EN-ISO 14001, preuve, s\u2019il en faut, de notre engagement continu en faveur de la durabilit\u00e9 de l\u2019entreprise.<\/p>\n<p>Nos reconnaissances, telles que la 3\u00e8me place dans le projet BenchArt (entreprises artisanales lombardes d\u2019excellence en termes de \u00ab qualit\u00e9 et innovation dans la production \u00bb) en 2009 et le 1er prix obtenu dans le cadre du concours WELFARE INDEX PMI (secteur artisanal) en 2017, attestent de notre excellence dans la production de cha\u00eenes en m\u00e9tal de petite taille.<\/p>\n<p>Fiers d\u2019\u00eatre affili\u00e9s \u00e0 Confartigianato Imprese, nous collaborons activement avec le monde universitaire et scientifique \u00e0 des projets innovants et de recherche dans la r\u00e9gion de Lecco.<\/p>\n<p>Par ailleurs, nous promouvons la collaboration avec des \u00e9coles, des associations et des collectivit\u00e9s locales afin d\u2019impliquer les jeunes et les lyc\u00e9ens dans des projets d\u2019orientation et d\u2019alternance \u00e9cole-travail, en diffusant ainsi la culture, l\u2019\u00e9thique et les valeurs du m\u00e9tier d\u2019artisan, qui sont fondamentales dans notre secteur pour la production de cha\u00eenes en m\u00e9tal.<\/p>\n<p>Notre parcours est en constante \u00e9volution, notre regard est \u00e0 la fois port\u00e9 sur le pass\u00e9 et toujours tourn\u00e9 vers l\u2019avenir.<\/p>\n\t\t\t\t\t\t\t\t<\/div>\n\t\t\t\t\t<\/div>\n\t\t\t\t<\/div>\n\t\t\t\t<\/div>\n\t\t","protected":false},"excerpt":{"rendered":"<p>Notre histoire, plac\u00e9e sous le signe des valeurs avant celui des r\u00e9sultats \u00e9conomiques, se distingue par des relations et des collaborations f\u00e9condes dans la r\u00e9gion, qui apportent une valeur ajout\u00e9e \u00e0 notre production de cha\u00eenes en m\u00e9tal. Fond\u00e9e en 1973 par Giampietro Cortiana et d\u2019autres associ\u00e9s comme soci\u00e9t\u00e9 de personnes, l\u2019entreprise a \u00e9t\u00e9 reprise en [&hellip;]<\/p>\n","protected":false},"author":6,"featured_media":0,"parent":0,"menu_order":0,"comment_status":"closed","ping_status":"closed","template":"","meta":{"footnotes":""},"class_list":["post-7515","page","type-page","status-publish","hentry"],"_links":{"self":[{"href":"https:\/\/www.catene3c.it\/fr\/wp-json\/wp\/v2\/pages\/7515","targetHints":{"allow":["GET"]}}],"collection":[{"href":"https:\/\/www.catene3c.it\/fr\/wp-json\/wp\/v2\/pages"}],"about":[{"href":"https:\/\/www.catene3c.it\/fr\/wp-json\/wp\/v2\/types\/page"}],"author":[{"embeddable":true,"href":"https:\/\/www.catene3c.it\/fr\/wp-json\/wp\/v2\/users\/6"}],"replies":[{"embeddable":true,"href":"https:\/\/www.catene3c.it\/fr\/wp-json\/wp\/v2\/comments?post=7515"}],"version-history":[{"count":1,"href":"https:\/\/www.catene3c.it\/fr\/wp-json\/wp\/v2\/pages\/7515\/revisions"}],"predecessor-version":[{"id":7516,"href":"https:\/\/www.catene3c.it\/fr\/wp-json\/wp\/v2\/pages\/7515\/revisions\/7516"}],"wp:attachment":[{"href":"https:\/\/www.catene3c.it\/fr\/wp-json\/wp\/v2\/media?parent=7515"}],"curies":[{"name":"wp","href":"https:\/\/api.w.org\/{rel}","templated":true}]}}