{"id":7517,"date":"2023-09-19T17:10:29","date_gmt":"2023-09-19T15:10:29","guid":{"rendered":"https:\/\/www.catene3c.it\/politique-de-lentreprise\/"},"modified":"2026-02-21T16:37:27","modified_gmt":"2026-02-21T15:37:27","slug":"politique-de-lentreprise","status":"publish","type":"page","link":"https:\/\/www.catene3c.it\/fr\/politique-de-lentreprise\/","title":{"rendered":"Politique de l\u2019entreprise"},"content":{"rendered":"\t\t<div data-elementor-type=\"wp-page\" data-elementor-id=\"7517\" class=\"elementor elementor-7517 elementor-971\" data-elementor-post-type=\"page\">\n\t\t\t\t<div class=\"elementor-element elementor-element-64f8ff4 e-con-full e-flex e-con e-parent\" data-id=\"64f8ff4\" data-element_type=\"container\" data-e-type=\"container\">\n\t\t\t\t<div class=\"elementor-element elementor-element-76d9ec2 elementor-widget elementor-widget-template\" data-id=\"76d9ec2\" data-element_type=\"widget\" data-e-type=\"widget\" data-widget_type=\"template.default\">\n\t\t\t\t<div class=\"elementor-widget-container\">\n\t\t\t\t\t\t\t<div class=\"elementor-template\">\n\t\t\t\t\t<div data-elementor-type=\"container\" data-elementor-id=\"8462\" class=\"elementor elementor-8462 elementor-2010\" data-elementor-post-type=\"elementor_library\">\n\t\t\t\t<div class=\"elementor-element elementor-element-113d4101 e-flex e-con-boxed e-con e-parent\" data-id=\"113d4101\" data-element_type=\"container\" data-e-type=\"container\" data-settings=\"{&quot;background_background&quot;:&quot;classic&quot;}\">\n\t\t\t\t\t<div class=\"e-con-inner\">\n\t\t\t\t<div class=\"elementor-element elementor-element-f435937 elementor-widget elementor-widget-shortcode\" data-id=\"f435937\" data-element_type=\"widget\" data-e-type=\"widget\" data-widget_type=\"shortcode.default\">\n\t\t\t\t\t\t\t<div class=\"elementor-shortcode\"><nav aria-label=\"breadcrumbs\" class=\"rank-math-breadcrumb\"><p><span class=\"last\">Home<\/span><\/p><\/nav><\/div>\n\t\t\t\t\t\t<\/div>\n\t\t\t\t\t<\/div>\n\t\t\t\t<\/div>\n\t\t\t\t<\/div>\n\t\t\t\t<\/div>\n\t\t\t\t\t\t<\/div>\n\t\t\t\t<\/div>\n\t\t\t\t<\/div>\n\t\t<div class=\"elementor-element elementor-element-4d2d331 e-flex e-con-boxed e-con e-parent\" data-id=\"4d2d331\" data-element_type=\"container\" data-e-type=\"container\">\n\t\t\t\t\t<div class=\"e-con-inner\">\n\t\t<div class=\"elementor-element elementor-element-7653ee1 e-flex e-con-boxed e-con e-child\" data-id=\"7653ee1\" data-element_type=\"container\" data-e-type=\"container\">\n\t\t\t\t\t<div class=\"e-con-inner\">\n\t\t\t\t<div class=\"elementor-element elementor-element-9fc1bf9 elementor-widget elementor-widget-image\" data-id=\"9fc1bf9\" data-element_type=\"widget\" data-e-type=\"widget\" data-widget_type=\"image.default\">\n\t\t\t\t\t\t\t\t\t\t\t\t\t\t\t<img fetchpriority=\"high\" decoding=\"async\" width=\"800\" height=\"600\" src=\"https:\/\/www.catene3c.it\/wp-content\/uploads\/2024\/03\/3C-Catene-Politica-aziendale-01-1024x768.webp\" class=\"attachment-large size-large wp-image-7117\" alt=\"3C Catene -\" srcset=\"https:\/\/www.catene3c.it\/wp-content\/uploads\/2024\/03\/3C-Catene-Politica-aziendale-01-1024x768.webp 1024w, https:\/\/www.catene3c.it\/wp-content\/uploads\/2024\/03\/3C-Catene-Politica-aziendale-01-300x225.webp 300w, https:\/\/www.catene3c.it\/wp-content\/uploads\/2024\/03\/3C-Catene-Politica-aziendale-01-768x576.webp 768w, https:\/\/www.catene3c.it\/wp-content\/uploads\/2024\/03\/3C-Catene-Politica-aziendale-01-600x450.webp 600w, https:\/\/www.catene3c.it\/wp-content\/uploads\/2024\/03\/3C-Catene-Politica-aziendale-01.webp 1200w\" sizes=\"(max-width: 800px) 100vw, 800px\" title=\"3C Catene -\">\t\t\t\t\t\t\t\t\t\t\t\t\t\t\t<\/div>\n\t\t\t\t<div class=\"elementor-element elementor-element-1a84c93 elementor-widget elementor-widget-image\" data-id=\"1a84c93\" data-element_type=\"widget\" data-e-type=\"widget\" data-widget_type=\"image.default\">\n\t\t\t\t\t\t\t\t\t\t\t\t\t\t\t<img decoding=\"async\" width=\"800\" height=\"600\" src=\"https:\/\/www.catene3c.it\/wp-content\/uploads\/2024\/03\/3C-Catene-Politica-aziendale-02-1024x768.webp\" class=\"attachment-large size-large wp-image-7122\" alt=\"3C Catene -\" srcset=\"https:\/\/www.catene3c.it\/wp-content\/uploads\/2024\/03\/3C-Catene-Politica-aziendale-02-1024x768.webp 1024w, https:\/\/www.catene3c.it\/wp-content\/uploads\/2024\/03\/3C-Catene-Politica-aziendale-02-300x225.webp 300w, https:\/\/www.catene3c.it\/wp-content\/uploads\/2024\/03\/3C-Catene-Politica-aziendale-02-768x576.webp 768w, https:\/\/www.catene3c.it\/wp-content\/uploads\/2024\/03\/3C-Catene-Politica-aziendale-02-600x450.webp 600w, https:\/\/www.catene3c.it\/wp-content\/uploads\/2024\/03\/3C-Catene-Politica-aziendale-02.webp 1200w\" sizes=\"(max-width: 800px) 100vw, 800px\" title=\"3C Catene -\">\t\t\t\t\t\t\t\t\t\t\t\t\t\t\t<\/div>\n\t\t\t\t<div class=\"elementor-element elementor-element-ecbb3cd elementor-widget elementor-widget-image\" data-id=\"ecbb3cd\" data-element_type=\"widget\" data-e-type=\"widget\" data-widget_type=\"image.default\">\n\t\t\t\t\t\t\t\t\t\t\t\t\t\t\t<img decoding=\"async\" width=\"800\" height=\"600\" src=\"https:\/\/www.catene3c.it\/wp-content\/uploads\/2024\/03\/3C-Catene-Politica-aziendale-03-1024x768.webp\" class=\"attachment-large size-large wp-image-7127\" alt=\"3C Catene -\" srcset=\"https:\/\/www.catene3c.it\/wp-content\/uploads\/2024\/03\/3C-Catene-Politica-aziendale-03-1024x768.webp 1024w, https:\/\/www.catene3c.it\/wp-content\/uploads\/2024\/03\/3C-Catene-Politica-aziendale-03-300x225.webp 300w, https:\/\/www.catene3c.it\/wp-content\/uploads\/2024\/03\/3C-Catene-Politica-aziendale-03-768x576.webp 768w, https:\/\/www.catene3c.it\/wp-content\/uploads\/2024\/03\/3C-Catene-Politica-aziendale-03-600x450.webp 600w, https:\/\/www.catene3c.it\/wp-content\/uploads\/2024\/03\/3C-Catene-Politica-aziendale-03.webp 1200w\" sizes=\"(max-width: 800px) 100vw, 800px\" title=\"3C Catene -\">\t\t\t\t\t\t\t\t\t\t\t\t\t\t\t<\/div>\n\t\t\t\t<div class=\"elementor-element elementor-element-2723db4 elementor-widget elementor-widget-image\" data-id=\"2723db4\" data-element_type=\"widget\" data-e-type=\"widget\" data-widget_type=\"image.default\">\n\t\t\t\t\t\t\t\t\t\t\t\t\t\t\t<img loading=\"lazy\" decoding=\"async\" width=\"800\" height=\"600\" src=\"https:\/\/www.catene3c.it\/wp-content\/uploads\/2024\/03\/3C-Catene-Politica-aziendale-04-1024x768.webp\" class=\"attachment-large size-large wp-image-7132\" alt=\"3C Catene -\" srcset=\"https:\/\/www.catene3c.it\/wp-content\/uploads\/2024\/03\/3C-Catene-Politica-aziendale-04-1024x768.webp 1024w, https:\/\/www.catene3c.it\/wp-content\/uploads\/2024\/03\/3C-Catene-Politica-aziendale-04-300x225.webp 300w, https:\/\/www.catene3c.it\/wp-content\/uploads\/2024\/03\/3C-Catene-Politica-aziendale-04-768x576.webp 768w, https:\/\/www.catene3c.it\/wp-content\/uploads\/2024\/03\/3C-Catene-Politica-aziendale-04-600x450.webp 600w, https:\/\/www.catene3c.it\/wp-content\/uploads\/2024\/03\/3C-Catene-Politica-aziendale-04.webp 1200w\" sizes=\"(max-width: 800px) 100vw, 800px\" title=\"3C Catene -\">\t\t\t\t\t\t\t\t\t\t\t\t\t\t\t<\/div>\n\t\t\t\t\t<\/div>\n\t\t\t\t<\/div>\n\t\t\t\t<div class=\"elementor-element elementor-element-a3be3d5 elementor-widget elementor-widget-text-editor\" data-id=\"a3be3d5\" data-element_type=\"widget\" data-e-type=\"widget\" data-widget_type=\"text-editor.default\">\n\t\t\t\t\t\t\t\t\t<p>Afin d\u2019obtenir un Syst\u00e8me d\u2019entreprise unique et performant, tous les aspects li\u00e9s \u00e0 la Qualit\u00e9, \u00e0 l\u2019Environnement et \u00e0 la Sant\u00e9\/S\u00e9curit\u00e9 y sont int\u00e9gr\u00e9s. Les syst\u00e8mes de Qualit\u00e9 et d\u2019Environnement sont certifi\u00e9s ISO 9001:2015 et ISO 14001:2015. <\/p><p>Notre Politique d\u2019entreprise est constamment mise \u00e0 jour conform\u00e9ment aux lois en vigueur et formalis\u00e9e \u00e0 tous les niveaux de sa structure, afin d\u2019en permettre un contr\u00f4le efficace au niveau de l\u2019organisation et des diff\u00e9rents processus par l\u2019application des proc\u00e9dures et l\u2019implication de toutes les fonctions qui y sont rattach\u00e9es.<br>Notre Politique d\u2019entreprise doit toujours et partout r\u00e9pondre aux valeurs et \u00e0 la vision entrepreneuriale afin d\u2019atteindre les objectifs fix\u00e9s.<\/p><p>Tous les acteurs doivent \u00eatre mis dans les conditions d\u2019accomplir leurs t\u00e2ches respectives de mani\u00e8re responsable gr\u00e2ce \u00e0 une formation ad\u00e9quate et au partage\/\u00e0 l\u2019application de proc\u00e9dures op\u00e9rationnelles sp\u00e9cifiques pour chaque branche d\u2019activit\u00e9 et chaque \u00e9tape op\u00e9rationnelle.<br>Des contr\u00f4les et des v\u00e9rifications sont effectu\u00e9s \u00e0 tous les niveaux afin de garantir l\u2019application des normes l\u00e9gales et des dispositions r\u00e9glementaires de l\u2019entreprise dans ses diff\u00e9rents processus.<\/p>\t\t\t\t\t\t\t\t<\/div>\n\t\t\t\t<div class=\"elementor-element elementor-element-d42ff57 elementor-widget elementor-widget-text-editor\" data-id=\"d42ff57\" data-element_type=\"widget\" data-e-type=\"widget\" data-widget_type=\"text-editor.default\">\n\t\t\t\t\t\t\t\t\t<h5>Politique en mati\u00e8re de qualit\u00e9<\/h5><ul><li>La satisfaction des exigences du Client est la priorit\u00e9 de l\u2019entreprise. Nous souhaitons y parvenir par la qualit\u00e9 de nos produits et services, \u00e0 des prix d\u00e9fiant toute concurrence, et par le professionnalisme de l\u2019ensemble de notre personnel. Ce faisant, nous visons \u00e0 fid\u00e9liser notre client\u00e8le afin que sa confiance en notre entreprise ne se d\u00e9mente jamais.<\/li><li>La recherche innovante, tant au niveau du produit que du processus, est une constante dans toutes les activit\u00e9s de l\u2019entreprise afin d\u2019en accro\u00eetre les performances, tout en assurant syst\u00e9matiquement la s\u00e9curit\u00e9 du produit et la protection de l\u2019environnement.<\/li><li>La personne est toujours au c\u0153ur de notre organisation, par sa participation et sa responsabilit\u00e9 dans le projet et par le partage de la philosophie de l\u2019entreprise. Chaque collaborateur doit toujours \u00eatre conscient de ses propres domaines de comp\u00e9tence et des points sur lesquels concentrer ses efforts. Le travail d\u2019\u00e9quipe et l\u2019implication de l\u2019ensemble du personnel \u00e0 tous les niveaux sont toujours encourag\u00e9s dans chaque secteur concern\u00e9.<\/li><li>Les fournisseurs et les ressources externes sont consid\u00e9r\u00e9s comme faisant partie int\u00e9grante du patrimoine productif de l\u2019entreprise ; ils sont appel\u00e9s \u00e0 partager notre vision entrepreneuriale et \u00e0 travailler avec nous en toute satisfaction.<\/li><\/ul>\t\t\t\t\t\t\t\t<\/div>\n\t\t\t\t<div class=\"elementor-element elementor-element-385995e elementor-widget elementor-widget-text-editor\" data-id=\"385995e\" data-element_type=\"widget\" data-e-type=\"widget\" data-widget_type=\"text-editor.default\">\n\t\t\t\t\t\t\t\t\t<h5>Politique en mati\u00e8re d\u2019environnement<\/h5>\n<ul>\n<li>Nous nous engageons \u00e0 aller au-del\u00e0 du respect de chaque r\u00e9glementation en mati\u00e8re d\u2019environnement en adoptant des strat\u00e9gies sp\u00e9cifiques visant \u00e0 r\u00e9duire au minimum l\u2019impact n\u00e9gatif de nos processus de production et de gestion.<\/li>\n<li>Dans chaque processus d\u2019entreprise, outre les objectifs de performance et la recherche de la meilleure efficacit\u00e9 par l\u2019\u00e9limination de toute forme de gaspillage des ressources, nous avons toujours \u00e0 c\u0153ur la pr\u00e9vention de la pollution sous toutes ses formes.<\/li>\n<li>Nous tenons \u00e0 r\u00e9duire le plus possible la production de d\u00e9chets issus de notre exploitation.<\/li>\n<li>Nous visons, au fil du temps, \u00e0 accro\u00eetre constamment la part de la production d\u2019\u00e9nergie autog\u00e9n\u00e9r\u00e9e par rapport \u00e0 nos besoins, afin d\u2019\u00eatre encore plus durables.<\/li>\n<\/ul>\t\t\t\t\t\t\t\t<\/div>\n\t\t\t\t<div class=\"elementor-element elementor-element-1b234ff elementor-widget elementor-widget-text-editor\" data-id=\"1b234ff\" data-element_type=\"widget\" data-e-type=\"widget\" data-widget_type=\"text-editor.default\">\n\t\t\t\t\t\t\t\t\t<h5>Politique en mati\u00e8re de s\u00e9curit\u00e9<\/h5><ul><li>Nous veillons \u00e0 toujours assurer la s\u00e9curit\u00e9 des personnes qui travaillent avec nous, ainsi qu\u2019\u00e0 pr\u00e9server leur sant\u00e9. Pour cela, nous faisons en sorte que les lieux de travail et les installations, machines et \u00e9quipements soient toujours adapt\u00e9s et conformes, et que les processus d\u2019entreprise soient toujours respectueux des personnes.<\/li><li>Notre objectif est de ne produire et de ne vendre que des produits s\u00fbrs et non nocifs pour la sant\u00e9 de celles et ceux qui les utilisent.<\/li><li>Nous aspirons \u00e0 cr\u00e9er une mentalit\u00e9 d\u2019entreprise dans laquelle chaque personne impliqu\u00e9e interpr\u00e8te la \u00ab s\u00e9curit\u00e9\/sant\u00e9 sur les lieux de travail \u00bb comme une philosophie de vie en adoptant un comportement consolid\u00e9 et conscient, qui va bien au-del\u00e0 des simples obligations l\u00e9gislatives.<\/li><li>Nous nous effor\u00e7ons toujours de tisser des liens humains qui sont \u00e0 la base de toute relation de d\u00e9pendance, afin que chacun puisse travailler en toute s\u00e9r\u00e9nit\u00e9, en \u00e9vitant autant que possible les sources de stress qui sont des causes potentielles d\u2019accidents du travail et de maladies professionnelles.<\/li><\/ul>\t\t\t\t\t\t\t\t<\/div>\n\t\t\t\t\t<\/div>\n\t\t\t\t<\/div>\n\t\t\t\t<\/div>\n\t\t","protected":false},"excerpt":{"rendered":"<p>Afin d\u2019obtenir un Syst\u00e8me d\u2019entreprise unique et performant, tous les aspects li\u00e9s \u00e0 la Qualit\u00e9, \u00e0 l\u2019Environnement et \u00e0 la Sant\u00e9\/S\u00e9curit\u00e9 y sont int\u00e9gr\u00e9s. Les syst\u00e8mes de Qualit\u00e9 et d\u2019Environnement sont certifi\u00e9s ISO 9001:2015 et ISO 14001:2015. Notre Politique d\u2019entreprise est constamment mise \u00e0 jour conform\u00e9ment aux lois en vigueur et formalis\u00e9e \u00e0 tous les [&hellip;]<\/p>\n","protected":false},"author":6,"featured_media":0,"parent":0,"menu_order":0,"comment_status":"closed","ping_status":"closed","template":"","meta":{"footnotes":""},"class_list":["post-7517","page","type-page","status-publish","hentry"],"_links":{"self":[{"href":"https:\/\/www.catene3c.it\/fr\/wp-json\/wp\/v2\/pages\/7517","targetHints":{"allow":["GET"]}}],"collection":[{"href":"https:\/\/www.catene3c.it\/fr\/wp-json\/wp\/v2\/pages"}],"about":[{"href":"https:\/\/www.catene3c.it\/fr\/wp-json\/wp\/v2\/types\/page"}],"author":[{"embeddable":true,"href":"https:\/\/www.catene3c.it\/fr\/wp-json\/wp\/v2\/users\/6"}],"replies":[{"embeddable":true,"href":"https:\/\/www.catene3c.it\/fr\/wp-json\/wp\/v2\/comments?post=7517"}],"version-history":[{"count":2,"href":"https:\/\/www.catene3c.it\/fr\/wp-json\/wp\/v2\/pages\/7517\/revisions"}],"predecessor-version":[{"id":11376,"href":"https:\/\/www.catene3c.it\/fr\/wp-json\/wp\/v2\/pages\/7517\/revisions\/11376"}],"wp:attachment":[{"href":"https:\/\/www.catene3c.it\/fr\/wp-json\/wp\/v2\/media?parent=7517"}],"curies":[{"name":"wp","href":"https:\/\/api.w.org\/{rel}","templated":true}]}}