{"id":7519,"date":"2023-09-19T17:11:06","date_gmt":"2023-09-19T15:11:06","guid":{"rendered":"https:\/\/www.catene3c.it\/processus-de-production\/"},"modified":"2024-06-01T18:29:50","modified_gmt":"2024-06-01T16:29:50","slug":"processus-de-production","status":"publish","type":"page","link":"https:\/\/www.catene3c.it\/fr\/processus-de-production\/","title":{"rendered":"Processus de production"},"content":{"rendered":"\t\t<div data-elementor-type=\"wp-page\" data-elementor-id=\"7519\" class=\"elementor elementor-7519 elementor-973\" data-elementor-post-type=\"page\">\n\t\t\t\t<div class=\"elementor-element elementor-element-e7c1ea2 e-con-full e-flex e-con e-parent\" data-id=\"e7c1ea2\" data-element_type=\"container\" data-e-type=\"container\">\n\t\t\t\t<div class=\"elementor-element elementor-element-431d23d elementor-widget elementor-widget-template\" data-id=\"431d23d\" data-element_type=\"widget\" data-e-type=\"widget\" data-widget_type=\"template.default\">\n\t\t\t\t<div class=\"elementor-widget-container\">\n\t\t\t\t\t\t\t<div class=\"elementor-template\">\n\t\t\t\t\t<div data-elementor-type=\"container\" data-elementor-id=\"8462\" class=\"elementor elementor-8462 elementor-2010\" data-elementor-post-type=\"elementor_library\">\n\t\t\t\t<div class=\"elementor-element elementor-element-113d4101 e-flex e-con-boxed e-con e-parent\" data-id=\"113d4101\" data-element_type=\"container\" data-e-type=\"container\" data-settings=\"{&quot;background_background&quot;:&quot;classic&quot;}\">\n\t\t\t\t\t<div class=\"e-con-inner\">\n\t\t\t\t<div class=\"elementor-element elementor-element-f435937 elementor-widget elementor-widget-shortcode\" data-id=\"f435937\" data-element_type=\"widget\" data-e-type=\"widget\" data-widget_type=\"shortcode.default\">\n\t\t\t\t\t\t\t<div class=\"elementor-shortcode\"><nav aria-label=\"breadcrumbs\" class=\"rank-math-breadcrumb\"><p><span class=\"last\">Home<\/span><\/p><\/nav><\/div>\n\t\t\t\t\t\t<\/div>\n\t\t\t\t\t<\/div>\n\t\t\t\t<\/div>\n\t\t\t\t<\/div>\n\t\t\t\t<\/div>\n\t\t\t\t\t\t<\/div>\n\t\t\t\t<\/div>\n\t\t\t\t<\/div>\n\t\t<div class=\"elementor-element elementor-element-c8f9a50 e-flex e-con-boxed e-con e-parent\" data-id=\"c8f9a50\" data-element_type=\"container\" data-e-type=\"container\">\n\t\t\t\t\t<div class=\"e-con-inner\">\n\t\t<div class=\"elementor-element elementor-element-56de393 e-flex e-con-boxed e-con e-child\" data-id=\"56de393\" data-element_type=\"container\" data-e-type=\"container\">\n\t\t\t\t\t<div class=\"e-con-inner\">\n\t\t\t\t<div class=\"elementor-element elementor-element-ae6f2f7 elementor-widget-mobile__width-initial elementor-widget elementor-widget-image\" data-id=\"ae6f2f7\" data-element_type=\"widget\" data-e-type=\"widget\" data-widget_type=\"image.default\">\n\t\t\t\t\t\t\t\t\t\t\t\t\t\t\t<img fetchpriority=\"high\" decoding=\"async\" width=\"800\" height=\"1000\" src=\"https:\/\/www.catene3c.it\/wp-content\/uploads\/2024\/01\/3C-Catene-processo-produttivo-01.webp\" class=\"attachment-large size-large wp-image-2973\" alt=\"3C Catene -\" srcset=\"https:\/\/www.catene3c.it\/wp-content\/uploads\/2024\/01\/3C-Catene-processo-produttivo-01.webp 800w, https:\/\/www.catene3c.it\/wp-content\/uploads\/2024\/01\/3C-Catene-processo-produttivo-01-240x300.webp 240w, https:\/\/www.catene3c.it\/wp-content\/uploads\/2024\/01\/3C-Catene-processo-produttivo-01-768x960.webp 768w, https:\/\/www.catene3c.it\/wp-content\/uploads\/2024\/01\/3C-Catene-processo-produttivo-01-600x750.webp 600w\" sizes=\"(max-width: 800px) 100vw, 800px\" title=\"3C Catene -\">\t\t\t\t\t\t\t\t\t\t\t\t\t\t\t<\/div>\n\t\t\t\t<div class=\"elementor-element elementor-element-b2afd29 elementor-widget-mobile__width-initial elementor-widget elementor-widget-image\" data-id=\"b2afd29\" data-element_type=\"widget\" data-e-type=\"widget\" data-widget_type=\"image.default\">\n\t\t\t\t\t\t\t\t\t\t\t\t\t\t\t<img decoding=\"async\" width=\"800\" height=\"1000\" src=\"https:\/\/www.catene3c.it\/wp-content\/uploads\/2024\/03\/3C-Catene-Processo-produttivo-azienda-02.webp\" class=\"attachment-large size-large wp-image-7038\" alt=\"3C Catene -\" srcset=\"https:\/\/www.catene3c.it\/wp-content\/uploads\/2024\/03\/3C-Catene-Processo-produttivo-azienda-02.webp 800w, https:\/\/www.catene3c.it\/wp-content\/uploads\/2024\/03\/3C-Catene-Processo-produttivo-azienda-02-240x300.webp 240w, https:\/\/www.catene3c.it\/wp-content\/uploads\/2024\/03\/3C-Catene-Processo-produttivo-azienda-02-768x960.webp 768w, https:\/\/www.catene3c.it\/wp-content\/uploads\/2024\/03\/3C-Catene-Processo-produttivo-azienda-02-600x750.webp 600w\" sizes=\"(max-width: 800px) 100vw, 800px\" title=\"3C Catene -\">\t\t\t\t\t\t\t\t\t\t\t\t\t\t\t<\/div>\n\t\t\t\t<div class=\"elementor-element elementor-element-9f7e870 elementor-widget-mobile__width-initial elementor-widget elementor-widget-image\" data-id=\"9f7e870\" data-element_type=\"widget\" data-e-type=\"widget\" data-widget_type=\"image.default\">\n\t\t\t\t\t\t\t\t\t\t\t\t\t\t\t<img decoding=\"async\" width=\"800\" height=\"1000\" src=\"https:\/\/www.catene3c.it\/wp-content\/uploads\/2024\/02\/3C-Catene-Processo-produttivo-azienda-2.webp\" class=\"attachment-large size-large wp-image-4855\" alt=\"3C Catene -\" srcset=\"https:\/\/www.catene3c.it\/wp-content\/uploads\/2024\/02\/3C-Catene-Processo-produttivo-azienda-2.webp 800w, https:\/\/www.catene3c.it\/wp-content\/uploads\/2024\/02\/3C-Catene-Processo-produttivo-azienda-2-240x300.webp 240w, https:\/\/www.catene3c.it\/wp-content\/uploads\/2024\/02\/3C-Catene-Processo-produttivo-azienda-2-768x960.webp 768w, https:\/\/www.catene3c.it\/wp-content\/uploads\/2024\/02\/3C-Catene-Processo-produttivo-azienda-2-600x750.webp 600w\" sizes=\"(max-width: 800px) 100vw, 800px\" title=\"3C Catene -\">\t\t\t\t\t\t\t\t\t\t\t\t\t\t\t<\/div>\n\t\t\t\t<div class=\"elementor-element elementor-element-774b08b elementor-widget-mobile__width-initial elementor-widget elementor-widget-image\" data-id=\"774b08b\" data-element_type=\"widget\" data-e-type=\"widget\" data-widget_type=\"image.default\">\n\t\t\t\t\t\t\t\t\t\t\t\t\t\t\t<img loading=\"lazy\" decoding=\"async\" width=\"800\" height=\"1000\" src=\"https:\/\/www.catene3c.it\/wp-content\/uploads\/2024\/01\/3C-Catene-processo-produttivo-04.webp\" class=\"attachment-large size-large wp-image-2985\" alt=\"3C Catene -\" srcset=\"https:\/\/www.catene3c.it\/wp-content\/uploads\/2024\/01\/3C-Catene-processo-produttivo-04.webp 800w, https:\/\/www.catene3c.it\/wp-content\/uploads\/2024\/01\/3C-Catene-processo-produttivo-04-240x300.webp 240w, https:\/\/www.catene3c.it\/wp-content\/uploads\/2024\/01\/3C-Catene-processo-produttivo-04-768x960.webp 768w, https:\/\/www.catene3c.it\/wp-content\/uploads\/2024\/01\/3C-Catene-processo-produttivo-04-600x750.webp 600w\" sizes=\"(max-width: 800px) 100vw, 800px\" title=\"3C Catene -\">\t\t\t\t\t\t\t\t\t\t\t\t\t\t\t<\/div>\n\t\t\t\t\t<\/div>\n\t\t\t\t<\/div>\n\t\t\t\t<div class=\"elementor-element elementor-element-6956c70 elementor-widget elementor-widget-text-editor\" data-id=\"6956c70\" data-element_type=\"widget\" data-e-type=\"widget\" data-widget_type=\"text-editor.default\">\n\t\t\t\t\t\t\t\t\t<p>Notre parc de machines, compos\u00e9 de 37 plieuses-soudeuses \u00e0 cycle de production automatique de grande capacit\u00e9, fait de nous aujourd\u2019hui le premier fabricant de cha\u00eenes soud\u00e9es de petite taille en Italie. Nous produisons en effet chaque jour 35 000 m\u00e8tres de cha\u00eenes d\u2019un diam\u00e8tre compris entre 1,30 et 3,90 mm.<\/p>\n<p>Nous concevons et d\u00e9veloppons nos machines en interne, en les maintenant toujours \u00e0 la pointe de la technologie afin de garantir performance et qualit\u00e9 dans le processus de production. C\u2019est pourquoi nous sommes tr\u00e8s comp\u00e9titifs en termes de rapport qualit\u00e9-prix et de flexibilit\u00e9 de production, ce qui nous permet de garantir des standards \u00e9lev\u00e9s en termes de fonctionnalit\u00e9, de dimensions et de formes de nos produits.<\/p>\n<p>Nous n\u2019utilisons que des mat\u00e9riaux de premi\u00e8re qualit\u00e9, tels que l\u2019acier \u00e0 faible teneur en carbone et l\u2019acier inoxydable AISI 304 et AISI 316. En partant du fil m\u00e9tallique, nos machines effectuent en une seule op\u00e9ration la coupe, le pliage et la soudure pour former les diff\u00e9rentes mailles qui constituent la cha\u00eene en fil continu.<\/p>\n<p>Au cours du processus de production des cha\u00eenes, tous nos produits font l\u2019objet de contr\u00f4les de qualit\u00e9 tr\u00e8s stricts, ce qui permet de garantir des dimensions d\u00e9clar\u00e9es et une constance qualitative de la premi\u00e8re \u00e0 la derni\u00e8re maille de la cha\u00eene. Nos tol\u00e9rances dimensionnelles d\u00e9passent les standards actuels du march\u00e9, assurant ainsi une coh\u00e9rence entre les dimensions nominales et les dimensions effectives du produit.<\/p>\n<p>Gr\u00e2ce \u00e0 l\u2019absence de substances dangereuses dans nos processus, nous garantissons la s\u00e9curit\u00e9 de nos produits et le respect de l\u2019environnement.<\/p>\n<p>Nous g\u00e9rons en interne tous les traitements compl\u00e9mentaires et le conditionnement des cha\u00eenes qui sont ainsi pr\u00eates \u00e0 la vente ou \u00e0 l\u2019emploi imm\u00e9diat. Pour les traitements de surface, nous faisons appel \u00e0 des partenaires externes qualifi\u00e9s pr\u00e9sents dans la r\u00e9gion.<\/p>\n<p>Outre la production de cha\u00eenes, notre processus de production permet la fabrication de mailles simples en utilisant les m\u00eames mat\u00e9riaux de premi\u00e8re qualit\u00e9.<\/p><p>De plus, nous sommes extr\u00eamement flexibles pour ce qui est des quantit\u00e9s \u00e0 fournir car nous acceptons des commandes aussi bien pour des lots importants que pour quelques centaines de m\u00e8tres de cha\u00eene.<\/p>\t\t\t\t\t\t\t\t<\/div>\n\t\t\t\t\t<\/div>\n\t\t\t\t<\/div>\n\t\t\t\t<\/div>\n\t\t","protected":false},"excerpt":{"rendered":"<p>Notre parc de machines, compos\u00e9 de 37 plieuses-soudeuses \u00e0 cycle de production automatique de grande capacit\u00e9, fait de nous aujourd\u2019hui le premier fabricant de cha\u00eenes soud\u00e9es de petite taille en Italie. Nous produisons en effet chaque jour 35 000 m\u00e8tres de cha\u00eenes d\u2019un diam\u00e8tre compris entre 1,30 et 3,90 mm. Nous concevons et d\u00e9veloppons nos [&hellip;]<\/p>\n","protected":false},"author":6,"featured_media":0,"parent":0,"menu_order":0,"comment_status":"closed","ping_status":"closed","template":"","meta":{"footnotes":""},"class_list":["post-7519","page","type-page","status-publish","hentry"],"_links":{"self":[{"href":"https:\/\/www.catene3c.it\/fr\/wp-json\/wp\/v2\/pages\/7519","targetHints":{"allow":["GET"]}}],"collection":[{"href":"https:\/\/www.catene3c.it\/fr\/wp-json\/wp\/v2\/pages"}],"about":[{"href":"https:\/\/www.catene3c.it\/fr\/wp-json\/wp\/v2\/types\/page"}],"author":[{"embeddable":true,"href":"https:\/\/www.catene3c.it\/fr\/wp-json\/wp\/v2\/users\/6"}],"replies":[{"embeddable":true,"href":"https:\/\/www.catene3c.it\/fr\/wp-json\/wp\/v2\/comments?post=7519"}],"version-history":[{"count":1,"href":"https:\/\/www.catene3c.it\/fr\/wp-json\/wp\/v2\/pages\/7519\/revisions"}],"predecessor-version":[{"id":7520,"href":"https:\/\/www.catene3c.it\/fr\/wp-json\/wp\/v2\/pages\/7519\/revisions\/7520"}],"wp:attachment":[{"href":"https:\/\/www.catene3c.it\/fr\/wp-json\/wp\/v2\/media?parent=7519"}],"curies":[{"name":"wp","href":"https:\/\/api.w.org\/{rel}","templated":true}]}}