{"id":7529,"date":"2023-10-30T12:40:57","date_gmt":"2023-10-30T11:40:57","guid":{"rendered":"https:\/\/www.catene3c.it\/conditionnements\/"},"modified":"2024-06-01T21:50:16","modified_gmt":"2024-06-01T19:50:16","slug":"conditionnements","status":"publish","type":"page","link":"https:\/\/www.catene3c.it\/fr\/conditionnements\/","title":{"rendered":"Conditionnements"},"content":{"rendered":"\t\t<div data-elementor-type=\"wp-page\" data-elementor-id=\"7529\" class=\"elementor elementor-7529 elementor-1260\" data-elementor-post-type=\"page\">\n\t\t\t\t<div class=\"elementor-element elementor-element-19ebc67 e-con-full e-flex e-con e-parent\" data-id=\"19ebc67\" data-element_type=\"container\" data-e-type=\"container\">\n\t\t\t\t<div class=\"elementor-element elementor-element-6fa53a4 elementor-widget elementor-widget-template\" data-id=\"6fa53a4\" data-element_type=\"widget\" data-e-type=\"widget\" data-widget_type=\"template.default\">\n\t\t\t\t<div class=\"elementor-widget-container\">\n\t\t\t\t\t\t\t<div class=\"elementor-template\">\n\t\t\t\t\t<div data-elementor-type=\"container\" data-elementor-id=\"8462\" class=\"elementor elementor-8462 elementor-2010\" data-elementor-post-type=\"elementor_library\">\n\t\t\t\t<div class=\"elementor-element elementor-element-113d4101 e-flex e-con-boxed e-con e-parent\" data-id=\"113d4101\" data-element_type=\"container\" data-e-type=\"container\" data-settings=\"{&quot;background_background&quot;:&quot;classic&quot;}\">\n\t\t\t\t\t<div class=\"e-con-inner\">\n\t\t\t\t<div class=\"elementor-element elementor-element-f435937 elementor-widget elementor-widget-shortcode\" data-id=\"f435937\" data-element_type=\"widget\" data-e-type=\"widget\" data-widget_type=\"shortcode.default\">\n\t\t\t\t\t\t\t<div class=\"elementor-shortcode\"><nav aria-label=\"breadcrumbs\" class=\"rank-math-breadcrumb\"><p><span class=\"last\">Home<\/span><\/p><\/nav><\/div>\n\t\t\t\t\t\t<\/div>\n\t\t\t\t\t<\/div>\n\t\t\t\t<\/div>\n\t\t\t\t<\/div>\n\t\t\t\t<\/div>\n\t\t\t\t\t\t<\/div>\n\t\t\t\t<\/div>\n\t\t\t\t<\/div>\n\t\t<div class=\"elementor-element elementor-element-f0395f0 e-flex e-con-boxed e-con e-parent\" data-id=\"f0395f0\" data-element_type=\"container\" data-e-type=\"container\">\n\t\t\t\t\t<div class=\"e-con-inner\">\n\t\t\t\t<div class=\"elementor-element elementor-element-002d536 elementor-widget elementor-widget-text-editor\" data-id=\"002d536\" data-element_type=\"widget\" data-e-type=\"widget\" data-widget_type=\"text-editor.default\">\n\t\t\t\t\t\t\t\t\t<p>Nous vous pr\u00e9sentons nos conditionnements standards, \u00e9tant toutefois entendu que toutes les cha\u00eenes peuvent \u00eatre fournies avec un packaging personnalis\u00e9. Nous pouvons \u00e9galement g\u00e9rer vos conditionnements et vos \u00e9tiquettes et vous fournir directement la cha\u00eene pr\u00eate \u00e0 l\u2019emploi avec votre propre marque.<br \/>Une \u00e9tiquette \u00e0 code-barres EAN 13 est appos\u00e9e sur chaque conditionnement : elle indique de mani\u00e8re unique toutes les informations utiles \u00e0 l\u2019identification de l\u2019article.<\/p>\n\t\t\t\t\t\t\t\t<\/div>\n\t\t<div class=\"elementor-element elementor-element-094f85f e-grid e-con-boxed e-con e-child\" data-id=\"094f85f\" data-element_type=\"container\" data-e-type=\"container\">\n\t\t\t\t\t<div class=\"e-con-inner\">\n\t\t\t\t<div class=\"elementor-element elementor-element-a64c295 elementor-position-top elementor-widget elementor-widget-image-box\" data-id=\"a64c295\" data-element_type=\"widget\" data-e-type=\"widget\" data-widget_type=\"image-box.default\">\n\t\t\t\t\t<div class=\"elementor-image-box-wrapper\"><figure class=\"elementor-image-box-img\"><a href=\"https:\/\/www.catene3c.it\/confezioni-catene\/filo-continuo\/\" tabindex=\"-1\"><img fetchpriority=\"high\" decoding=\"async\" width=\"300\" height=\"200\" src=\"https:\/\/www.catene3c.it\/wp-content\/uploads\/2024\/01\/3C-Catene-Filo-continuo-300x200.webp\" class=\"attachment-medium size-medium wp-image-3963\" alt=\"3C Catene -\" title=\"3C Catene -\" srcset=\"https:\/\/www.catene3c.it\/wp-content\/uploads\/2024\/01\/3C-Catene-Filo-continuo-300x200.webp 300w, https:\/\/www.catene3c.it\/wp-content\/uploads\/2024\/01\/3C-Catene-Filo-continuo-1024x683.webp 1024w, https:\/\/www.catene3c.it\/wp-content\/uploads\/2024\/01\/3C-Catene-Filo-continuo-768x512.webp 768w, https:\/\/www.catene3c.it\/wp-content\/uploads\/2024\/01\/3C-Catene-Filo-continuo-600x400.webp 600w, https:\/\/www.catene3c.it\/wp-content\/uploads\/2024\/01\/3C-Catene-Filo-continuo.webp 1200w\" sizes=\"(max-width: 300px) 100vw, 300px\" \/><\/a><\/figure><div class=\"elementor-image-box-content\"><h5 class=\"elementor-image-box-title\"><a href=\"https:\/\/www.catene3c.it\/confezioni-catene\/filo-continuo\/\">Fil continu<\/a><\/h5><\/div><\/div>\t\t\t\t<\/div>\n\t\t\t\t<div class=\"elementor-element elementor-element-a595a2b elementor-position-top elementor-widget elementor-widget-image-box\" data-id=\"a595a2b\" data-element_type=\"widget\" data-e-type=\"widget\" data-widget_type=\"image-box.default\">\n\t\t\t\t\t<div class=\"elementor-image-box-wrapper\"><figure class=\"elementor-image-box-img\"><a href=\"https:\/\/www.catene3c.it\/confezioni-catene\/matassa-1-legame\/\" tabindex=\"-1\"><img decoding=\"async\" width=\"768\" height=\"512\" src=\"https:\/\/www.catene3c.it\/wp-content\/uploads\/2024\/01\/3C-Catene-Matassa-1-legame-768x512.webp\" class=\"attachment-medium_large size-medium_large wp-image-3937\" alt=\"3C Catene -\" title=\"3C Catene -\" srcset=\"https:\/\/www.catene3c.it\/wp-content\/uploads\/2024\/01\/3C-Catene-Matassa-1-legame-768x512.webp 768w, https:\/\/www.catene3c.it\/wp-content\/uploads\/2024\/01\/3C-Catene-Matassa-1-legame-300x200.webp 300w, https:\/\/www.catene3c.it\/wp-content\/uploads\/2024\/01\/3C-Catene-Matassa-1-legame-1024x683.webp 1024w, https:\/\/www.catene3c.it\/wp-content\/uploads\/2024\/01\/3C-Catene-Matassa-1-legame-600x400.webp 600w, https:\/\/www.catene3c.it\/wp-content\/uploads\/2024\/01\/3C-Catene-Matassa-1-legame.webp 1200w\" sizes=\"(max-width: 768px) 100vw, 768px\" \/><\/a><\/figure><div class=\"elementor-image-box-content\"><h5 class=\"elementor-image-box-title\"><a href=\"https:\/\/www.catene3c.it\/confezioni-catene\/matassa-1-legame\/\">Liasse 1 attache<\/a><\/h5><\/div><\/div>\t\t\t\t<\/div>\n\t\t\t\t<div class=\"elementor-element elementor-element-85c2e6f elementor-position-top elementor-widget elementor-widget-image-box\" data-id=\"85c2e6f\" data-element_type=\"widget\" data-e-type=\"widget\" data-widget_type=\"image-box.default\">\n\t\t\t\t\t<div class=\"elementor-image-box-wrapper\"><figure class=\"elementor-image-box-img\"><a href=\"https:\/\/www.catene3c.it\/confezioni-catene\/matassa-2-legami\/\" tabindex=\"-1\"><img decoding=\"async\" width=\"768\" height=\"512\" src=\"https:\/\/www.catene3c.it\/wp-content\/uploads\/2024\/01\/3C-Catene-Matassa-2-legami-768x512.webp\" class=\"attachment-medium_large size-medium_large wp-image-3942\" alt=\"3C Catene -\" title=\"3C Catene -\" srcset=\"https:\/\/www.catene3c.it\/wp-content\/uploads\/2024\/01\/3C-Catene-Matassa-2-legami-768x512.webp 768w, https:\/\/www.catene3c.it\/wp-content\/uploads\/2024\/01\/3C-Catene-Matassa-2-legami-300x200.webp 300w, https:\/\/www.catene3c.it\/wp-content\/uploads\/2024\/01\/3C-Catene-Matassa-2-legami-1024x683.webp 1024w, https:\/\/www.catene3c.it\/wp-content\/uploads\/2024\/01\/3C-Catene-Matassa-2-legami-600x400.webp 600w, https:\/\/www.catene3c.it\/wp-content\/uploads\/2024\/01\/3C-Catene-Matassa-2-legami.webp 1200w\" sizes=\"(max-width: 768px) 100vw, 768px\" \/><\/a><\/figure><div class=\"elementor-image-box-content\"><h5 class=\"elementor-image-box-title\"><a href=\"https:\/\/www.catene3c.it\/confezioni-catene\/matassa-2-legami\/\">Liasse 2 attaches<\/a><\/h5><\/div><\/div>\t\t\t\t<\/div>\n\t\t\t\t<div class=\"elementor-element elementor-element-eb25d59 elementor-position-top elementor-widget elementor-widget-image-box\" data-id=\"eb25d59\" data-element_type=\"widget\" data-e-type=\"widget\" data-widget_type=\"image-box.default\">\n\t\t\t\t\t<div class=\"elementor-image-box-wrapper\"><figure class=\"elementor-image-box-img\"><a href=\"https:\/\/www.catene3c.it\/confezioni-catene\/matassa-in-scatola\/\" tabindex=\"-1\"><img loading=\"lazy\" decoding=\"async\" width=\"768\" height=\"512\" src=\"https:\/\/www.catene3c.it\/wp-content\/uploads\/2024\/01\/3C-Catene-Matasse-in-scatola-768x512.webp\" class=\"attachment-medium_large size-medium_large wp-image-3947\" alt=\"3C Catene -\" title=\"3C Catene -\" srcset=\"https:\/\/www.catene3c.it\/wp-content\/uploads\/2024\/01\/3C-Catene-Matasse-in-scatola-768x512.webp 768w, https:\/\/www.catene3c.it\/wp-content\/uploads\/2024\/01\/3C-Catene-Matasse-in-scatola-300x200.webp 300w, https:\/\/www.catene3c.it\/wp-content\/uploads\/2024\/01\/3C-Catene-Matasse-in-scatola-1024x683.webp 1024w, https:\/\/www.catene3c.it\/wp-content\/uploads\/2024\/01\/3C-Catene-Matasse-in-scatola-600x400.webp 600w, https:\/\/www.catene3c.it\/wp-content\/uploads\/2024\/01\/3C-Catene-Matasse-in-scatola.webp 1200w\" sizes=\"(max-width: 768px) 100vw, 768px\" \/><\/a><\/figure><div class=\"elementor-image-box-content\"><h5 class=\"elementor-image-box-title\"><a href=\"https:\/\/www.catene3c.it\/confezioni-catene\/matassa-in-scatola\/\">Liasse en bo\u00eete<\/a><\/h5><\/div><\/div>\t\t\t\t<\/div>\n\t\t\t\t<div class=\"elementor-element elementor-element-5cd275e elementor-position-top elementor-widget elementor-widget-image-box\" data-id=\"5cd275e\" data-element_type=\"widget\" data-e-type=\"widget\" data-widget_type=\"image-box.default\">\n\t\t\t\t\t<div class=\"elementor-image-box-wrapper\"><figure class=\"elementor-image-box-img\"><a href=\"https:\/\/www.catene3c.it\/confezioni-catene\/filo-continuo-in-scatola\/\" tabindex=\"-1\"><img loading=\"lazy\" decoding=\"async\" width=\"768\" height=\"512\" src=\"https:\/\/www.catene3c.it\/wp-content\/uploads\/2024\/01\/3C-Catene-filo-continuo-in-scatola-768x512.webp\" class=\"attachment-medium_large size-medium_large wp-image-3932\" alt=\"3C Catene -\" title=\"3C Catene -\" srcset=\"https:\/\/www.catene3c.it\/wp-content\/uploads\/2024\/01\/3C-Catene-filo-continuo-in-scatola-768x512.webp 768w, https:\/\/www.catene3c.it\/wp-content\/uploads\/2024\/01\/3C-Catene-filo-continuo-in-scatola-300x200.webp 300w, https:\/\/www.catene3c.it\/wp-content\/uploads\/2024\/01\/3C-Catene-filo-continuo-in-scatola-1024x683.webp 1024w, https:\/\/www.catene3c.it\/wp-content\/uploads\/2024\/01\/3C-Catene-filo-continuo-in-scatola-600x400.webp 600w, https:\/\/www.catene3c.it\/wp-content\/uploads\/2024\/01\/3C-Catene-filo-continuo-in-scatola.webp 1200w\" sizes=\"(max-width: 768px) 100vw, 768px\" \/><\/a><\/figure><div class=\"elementor-image-box-content\"><h5 class=\"elementor-image-box-title\"><a href=\"https:\/\/www.catene3c.it\/confezioni-catene\/filo-continuo-in-scatola\/\">Fil continu en bo\u00eete<\/a><\/h5><\/div><\/div>\t\t\t\t<\/div>\n\t\t\t\t<div class=\"elementor-element elementor-element-60ed9e0 elementor-position-top elementor-widget elementor-widget-image-box\" data-id=\"60ed9e0\" data-element_type=\"widget\" data-e-type=\"widget\" data-widget_type=\"image-box.default\">\n\t\t\t\t\t<div class=\"elementor-image-box-wrapper\"><figure class=\"elementor-image-box-img\"><a href=\"https:\/\/www.catene3c.it\/confezioni-catene\/bobina-in-plastica\/\" tabindex=\"-1\"><img loading=\"lazy\" decoding=\"async\" width=\"768\" height=\"512\" src=\"https:\/\/www.catene3c.it\/wp-content\/uploads\/2024\/01\/3C-Catene-Bobine-in-plastica-768x512.webp\" class=\"attachment-medium_large size-medium_large wp-image-3927\" alt=\"3C Catene -\" title=\"3C Catene -\" srcset=\"https:\/\/www.catene3c.it\/wp-content\/uploads\/2024\/01\/3C-Catene-Bobine-in-plastica-768x512.webp 768w, https:\/\/www.catene3c.it\/wp-content\/uploads\/2024\/01\/3C-Catene-Bobine-in-plastica-300x200.webp 300w, https:\/\/www.catene3c.it\/wp-content\/uploads\/2024\/01\/3C-Catene-Bobine-in-plastica-1024x683.webp 1024w, https:\/\/www.catene3c.it\/wp-content\/uploads\/2024\/01\/3C-Catene-Bobine-in-plastica-600x400.webp 600w, https:\/\/www.catene3c.it\/wp-content\/uploads\/2024\/01\/3C-Catene-Bobine-in-plastica.webp 1200w\" sizes=\"(max-width: 768px) 100vw, 768px\" \/><\/a><\/figure><div class=\"elementor-image-box-content\"><h5 class=\"elementor-image-box-title\"><a href=\"https:\/\/www.catene3c.it\/confezioni-catene\/bobina-in-plastica\/\">Bobine en plastique<\/a><\/h5><\/div><\/div>\t\t\t\t<\/div>\n\t\t\t\t<div class=\"elementor-element elementor-element-64e2af1 elementor-position-top elementor-widget elementor-widget-image-box\" data-id=\"64e2af1\" data-element_type=\"widget\" data-e-type=\"widget\" data-widget_type=\"image-box.default\">\n\t\t\t\t\t<div class=\"elementor-image-box-wrapper\"><figure class=\"elementor-image-box-img\"><a href=\"https:\/\/www.catene3c.it\/confezioni-catene\/bobina-in-metallo\/\" tabindex=\"-1\"><img loading=\"lazy\" decoding=\"async\" width=\"768\" height=\"512\" src=\"https:\/\/www.catene3c.it\/wp-content\/uploads\/2024\/01\/3C-Catene-Bobine-in-metallo-768x512.webp\" class=\"attachment-medium_large size-medium_large wp-image-3917\" alt=\"3C Catene -\" title=\"3C Catene -\" srcset=\"https:\/\/www.catene3c.it\/wp-content\/uploads\/2024\/01\/3C-Catene-Bobine-in-metallo-768x512.webp 768w, https:\/\/www.catene3c.it\/wp-content\/uploads\/2024\/01\/3C-Catene-Bobine-in-metallo-300x200.webp 300w, https:\/\/www.catene3c.it\/wp-content\/uploads\/2024\/01\/3C-Catene-Bobine-in-metallo-1024x683.webp 1024w, https:\/\/www.catene3c.it\/wp-content\/uploads\/2024\/01\/3C-Catene-Bobine-in-metallo-600x400.webp 600w, https:\/\/www.catene3c.it\/wp-content\/uploads\/2024\/01\/3C-Catene-Bobine-in-metallo.webp 1200w\" sizes=\"(max-width: 768px) 100vw, 768px\" \/><\/a><\/figure><div class=\"elementor-image-box-content\"><h5 class=\"elementor-image-box-title\"><a href=\"https:\/\/www.catene3c.it\/confezioni-catene\/bobina-in-metallo\/\">Bobine en m\u00e9tal<\/a><\/h5><\/div><\/div>\t\t\t\t<\/div>\n\t\t\t\t<div class=\"elementor-element elementor-element-88d2fbc elementor-position-top elementor-widget elementor-widget-image-box\" data-id=\"88d2fbc\" data-element_type=\"widget\" data-e-type=\"widget\" data-widget_type=\"image-box.default\">\n\t\t\t\t\t<div class=\"elementor-image-box-wrapper\"><figure class=\"elementor-image-box-img\"><a href=\"https:\/\/www.catene3c.it\/confezioni-catene\/spezzone-in-matassa\/\" tabindex=\"-1\"><img loading=\"lazy\" decoding=\"async\" width=\"768\" height=\"512\" src=\"https:\/\/www.catene3c.it\/wp-content\/uploads\/2024\/01\/3C-Catene-Spezzoni-in-matasse-768x512.webp\" class=\"attachment-medium_large size-medium_large wp-image-3952\" alt=\"3C Catene -\" title=\"3C Catene -\" srcset=\"https:\/\/www.catene3c.it\/wp-content\/uploads\/2024\/01\/3C-Catene-Spezzoni-in-matasse-768x512.webp 768w, https:\/\/www.catene3c.it\/wp-content\/uploads\/2024\/01\/3C-Catene-Spezzoni-in-matasse-300x200.webp 300w, https:\/\/www.catene3c.it\/wp-content\/uploads\/2024\/01\/3C-Catene-Spezzoni-in-matasse-1024x683.webp 1024w, https:\/\/www.catene3c.it\/wp-content\/uploads\/2024\/01\/3C-Catene-Spezzoni-in-matasse-600x400.webp 600w, https:\/\/www.catene3c.it\/wp-content\/uploads\/2024\/01\/3C-Catene-Spezzoni-in-matasse.webp 1200w\" sizes=\"(max-width: 768px) 100vw, 768px\" \/><\/a><\/figure><div class=\"elementor-image-box-content\"><h5 class=\"elementor-image-box-title\"><a href=\"https:\/\/www.catene3c.it\/confezioni-catene\/spezzone-in-matassa\/\">Portion en liasse<\/a><\/h5><\/div><\/div>\t\t\t\t<\/div>\n\t\t\t\t\t<\/div>\n\t\t\t\t<\/div>\n\t\t\t\t\t<\/div>\n\t\t\t\t<\/div>\n\t\t\t\t<\/div>\n\t\t","protected":false},"excerpt":{"rendered":"<p>Nous vous pr\u00e9sentons nos conditionnements standards, \u00e9tant toutefois entendu que toutes les cha\u00eenes peuvent \u00eatre fournies avec un packaging personnalis\u00e9. Nous pouvons \u00e9galement g\u00e9rer vos conditionnements et vos \u00e9tiquettes et vous fournir directement la cha\u00eene pr\u00eate \u00e0 l\u2019emploi avec votre propre marque.Une \u00e9tiquette \u00e0 code-barres EAN 13 est appos\u00e9e sur chaque conditionnement : elle indique [&hellip;]<\/p>\n","protected":false},"author":6,"featured_media":0,"parent":0,"menu_order":0,"comment_status":"closed","ping_status":"closed","template":"","meta":{"footnotes":""},"class_list":["post-7529","page","type-page","status-publish","hentry"],"_links":{"self":[{"href":"https:\/\/www.catene3c.it\/fr\/wp-json\/wp\/v2\/pages\/7529","targetHints":{"allow":["GET"]}}],"collection":[{"href":"https:\/\/www.catene3c.it\/fr\/wp-json\/wp\/v2\/pages"}],"about":[{"href":"https:\/\/www.catene3c.it\/fr\/wp-json\/wp\/v2\/types\/page"}],"author":[{"embeddable":true,"href":"https:\/\/www.catene3c.it\/fr\/wp-json\/wp\/v2\/users\/6"}],"replies":[{"embeddable":true,"href":"https:\/\/www.catene3c.it\/fr\/wp-json\/wp\/v2\/comments?post=7529"}],"version-history":[{"count":1,"href":"https:\/\/www.catene3c.it\/fr\/wp-json\/wp\/v2\/pages\/7529\/revisions"}],"predecessor-version":[{"id":7530,"href":"https:\/\/www.catene3c.it\/fr\/wp-json\/wp\/v2\/pages\/7529\/revisions\/7530"}],"wp:attachment":[{"href":"https:\/\/www.catene3c.it\/fr\/wp-json\/wp\/v2\/media?parent=7529"}],"curies":[{"name":"wp","href":"https:\/\/api.w.org\/{rel}","templated":true}]}}