{"id":7531,"date":"2023-09-15T15:58:45","date_gmt":"2023-09-15T13:58:45","guid":{"rendered":"https:\/\/www.catene3c.it\/personnalisations\/"},"modified":"2025-08-25T09:28:26","modified_gmt":"2025-08-25T07:28:26","slug":"personnalisations","status":"publish","type":"page","link":"https:\/\/www.catene3c.it\/fr\/personnalisations\/","title":{"rendered":"Personnalisations"},"content":{"rendered":"\t\t<div data-elementor-type=\"wp-page\" data-elementor-id=\"7531\" class=\"elementor elementor-7531 elementor-892\" data-elementor-post-type=\"page\">\n\t\t\t\t<div class=\"elementor-element elementor-element-152bc81 e-con-full e-flex e-con e-parent\" data-id=\"152bc81\" data-element_type=\"container\" data-e-type=\"container\">\n\t\t\t\t<div class=\"elementor-element elementor-element-cd27ab5 elementor-widget elementor-widget-template\" data-id=\"cd27ab5\" data-element_type=\"widget\" data-e-type=\"widget\" data-widget_type=\"template.default\">\n\t\t\t\t<div class=\"elementor-widget-container\">\n\t\t\t\t\t\t\t<div class=\"elementor-template\">\n\t\t\t\t\t<div data-elementor-type=\"container\" data-elementor-id=\"8462\" class=\"elementor elementor-8462 elementor-2010\" data-elementor-post-type=\"elementor_library\">\n\t\t\t\t<div class=\"elementor-element elementor-element-113d4101 e-flex e-con-boxed e-con e-parent\" data-id=\"113d4101\" data-element_type=\"container\" data-e-type=\"container\" data-settings=\"{&quot;background_background&quot;:&quot;classic&quot;}\">\n\t\t\t\t\t<div class=\"e-con-inner\">\n\t\t\t\t<div class=\"elementor-element elementor-element-f435937 elementor-widget elementor-widget-shortcode\" data-id=\"f435937\" data-element_type=\"widget\" data-e-type=\"widget\" data-widget_type=\"shortcode.default\">\n\t\t\t\t\t\t\t<div class=\"elementor-shortcode\"><nav aria-label=\"breadcrumbs\" class=\"rank-math-breadcrumb\"><p><span class=\"last\">Home<\/span><\/p><\/nav><\/div>\n\t\t\t\t\t\t<\/div>\n\t\t\t\t\t<\/div>\n\t\t\t\t<\/div>\n\t\t\t\t<\/div>\n\t\t\t\t<\/div>\n\t\t\t\t\t\t<\/div>\n\t\t\t\t<\/div>\n\t\t\t\t<\/div>\n\t\t<div class=\"elementor-element elementor-element-b166326 e-flex e-con-boxed e-con e-parent\" data-id=\"b166326\" data-element_type=\"container\" data-e-type=\"container\">\n\t\t\t\t\t<div class=\"e-con-inner\">\n\t\t\t\t<div class=\"elementor-element elementor-element-f2b8c61 elementor-widget elementor-widget-text-editor\" data-id=\"f2b8c61\" data-element_type=\"widget\" data-e-type=\"widget\" data-widget_type=\"text-editor.default\">\n\t\t\t\t\t\t\t\t\t<p>Tous les articles peuvent \u00eatre personnalis\u00e9s si les standards indiqu\u00e9s dans le catalogue ne conviennent pas \u00e0 vos exigences et au type d\u2019application finale<\/p>\n\t\t\t\t\t\t\t\t<\/div>\n\t\t\t\t<div class=\"elementor-element elementor-element-b211f4c elementor-widget elementor-widget-image-box\" data-id=\"b211f4c\" data-element_type=\"widget\" data-e-type=\"widget\" data-widget_type=\"image-box.default\">\n\t\t\t\t\t<div class=\"elementor-image-box-wrapper\"><div class=\"elementor-image-box-content\"><h5 class=\"elementor-image-box-title\">Finitions<\/h5><p class=\"elementor-image-box-description\">En fonction des secteurs d\u2019application, de l\u2019aspect esth\u00e9tique ou de la r\u00e9sistance aux agents atmosph\u00e9riques. Les Rev\u00eatements possibles sont les traitements \u00e9lectro-galvaniques et le rev\u00eatement par poudre.<\/p><\/div><\/div>\t\t\t\t<\/div>\n\t\t\t\t<div class=\"elementor-element elementor-element-600437b elementor-widget elementor-widget-image-box\" data-id=\"600437b\" data-element_type=\"widget\" data-e-type=\"widget\" data-widget_type=\"image-box.default\">\n\t\t\t\t\t<div class=\"elementor-image-box-wrapper\"><div class=\"elementor-image-box-content\"><h5 class=\"elementor-image-box-title\">Conditionnements et m\u00e9trages<\/h5><p class=\"elementor-image-box-description\">En fonction des aspects pratiques et des exigences d\u2019utilisation.<\/p><\/div><\/div>\t\t\t\t<\/div>\n\t\t\t\t<div class=\"elementor-element elementor-element-5eeed70 elementor-widget elementor-widget-image-box\" data-id=\"5eeed70\" data-element_type=\"widget\" data-e-type=\"widget\" data-widget_type=\"image-box.default\">\n\t\t\t\t\t<div class=\"elementor-image-box-wrapper\"><div class=\"elementor-image-box-content\"><h5 class=\"elementor-image-box-title\">Dimensions et formes<\/h5><p class=\"elementor-image-box-description\">En fabriquant directement les machines et les \u00e9quipements, nous sommes \u00e9galement en mesure de produire des articles non standards, selon vos exigences (toujours dans la fourchette de diam\u00e8tre de 1,30 \u00e0 3,90 mm).<\/p><\/div><\/div>\t\t\t\t<\/div>\n\t\t\t\t<div class=\"elementor-element elementor-element-1182a34 elementor-widget elementor-widget-image-box\" data-id=\"1182a34\" data-element_type=\"widget\" data-e-type=\"widget\" data-widget_type=\"image-box.default\">\n\t\t\t\t\t<div class=\"elementor-image-box-wrapper\"><div class=\"elementor-image-box-content\"><h5 class=\"elementor-image-box-title\">Fractionnement des cha\u00eenes<\/h5><p class=\"elementor-image-box-description\">Dans la taille souhait\u00e9e pour que la pi\u00e8ce soit directement pr\u00eate \u00e0 l\u2019emploi.<\/p><\/div><\/div>\t\t\t\t<\/div>\n\t\t\t\t<div class=\"elementor-element elementor-element-4a2f2d9 elementor-widget elementor-widget-image-box\" data-id=\"4a2f2d9\" data-element_type=\"widget\" data-e-type=\"widget\" data-widget_type=\"image-box.default\">\n\t\t\t\t\t<div class=\"elementor-image-box-wrapper\"><div class=\"elementor-image-box-content\"><h5 class=\"elementor-image-box-title\">Fonctionnalit\u00e9<\/h5><p class=\"elementor-image-box-description\">Les portions peuvent \u00e9galement \u00eatre assorties de divers accessoires assembl\u00e9s qui les compl\u00e8tent et en augmentent la fonctionnalit\u00e9. L\u2019avantage est que le produit est imm\u00e9diatement pr\u00eat \u00e0 l\u2019emploi, ce qui permet d\u2019\u00e9viter les op\u00e9rations d\u2019assemblage et de conditionnement, co\u00fbteuses et contraignantes, et que les emballages en carton et en plastique peuvent \u00eatre trait\u00e9s comme des d\u00e9chets \u00e0 \u00e9liminer.<\/p><\/div><\/div>\t\t\t\t<\/div>\n\t\t<div class=\"elementor-element elementor-element-bfdfeee e-grid box-custom e-con-boxed e-con e-child\" data-id=\"bfdfeee\" data-element_type=\"container\" data-e-type=\"container\">\n\t\t\t\t\t<div class=\"e-con-inner\">\n\t\t\t\t<div class=\"elementor-element elementor-element-0e06bcf elementor-position-top elementor-widget elementor-widget-image-box\" data-id=\"0e06bcf\" data-element_type=\"widget\" data-e-type=\"widget\" data-widget_type=\"image-box.default\">\n\t\t\t\t\t<div class=\"elementor-image-box-wrapper\"><figure class=\"elementor-image-box-img\"><a href=\"#elementor-action%3Aaction%3Dlightbox%26settings%3DeyJ1cmwiOiJodHRwczpcL1wvd3d3LmNhdGVuZTNjLml0XC93cC1jb250ZW50XC91cGxvYWRzXC8yMDI0XC8wMVwvM0MtQ2F0ZW5lLXBlcnNvbmFsaXp6YXppb25pLTAxLndlYnAiLCJ0eXBlIjoiaW1hZ2UifQ%3D%3D\" tabindex=\"-1\"><img fetchpriority=\"high\" decoding=\"async\" width=\"300\" height=\"225\" src=\"https:\/\/www.catene3c.it\/wp-content\/uploads\/2024\/01\/3C-Catene-personalizzazioni-01-300x225.webp\" class=\"attachment-medium size-medium wp-image-2905\" alt=\"3C Catene -\" title=\"3C Catene -\" srcset=\"https:\/\/www.catene3c.it\/wp-content\/uploads\/2024\/01\/3C-Catene-personalizzazioni-01-300x225.webp 300w, https:\/\/www.catene3c.it\/wp-content\/uploads\/2024\/01\/3C-Catene-personalizzazioni-01-1024x769.webp 1024w, https:\/\/www.catene3c.it\/wp-content\/uploads\/2024\/01\/3C-Catene-personalizzazioni-01-768x577.webp 768w, https:\/\/www.catene3c.it\/wp-content\/uploads\/2024\/01\/3C-Catene-personalizzazioni-01-600x451.webp 600w, https:\/\/www.catene3c.it\/wp-content\/uploads\/2024\/01\/3C-Catene-personalizzazioni-01.webp 1181w\" sizes=\"(max-width: 300px) 100vw, 300px\" \/><\/a><\/figure><div class=\"elementor-image-box-content\"><h5 class=\"elementor-image-box-title\"><a href=\"#elementor-action%3Aaction%3Dlightbox%26settings%3DeyJ1cmwiOiJodHRwczpcL1wvd3d3LmNhdGVuZTNjLml0XC93cC1jb250ZW50XC91cGxvYWRzXC8yMDI0XC8wMVwvM0MtQ2F0ZW5lLXBlcnNvbmFsaXp6YXppb25pLTAxLndlYnAiLCJ0eXBlIjoiaW1hZ2UifQ%3D%3D\">Portion de cha\u00eene avec crochets en S<\/a><\/h5><\/div><\/div>\t\t\t\t<\/div>\n\t\t\t\t<div class=\"elementor-element elementor-element-8cd0c99 elementor-position-top elementor-widget elementor-widget-image-box\" data-id=\"8cd0c99\" data-element_type=\"widget\" data-e-type=\"widget\" data-widget_type=\"image-box.default\">\n\t\t\t\t\t<div class=\"elementor-image-box-wrapper\"><figure class=\"elementor-image-box-img\"><a href=\"#elementor-action%3Aaction%3Dlightbox%26settings%3DeyJ1cmwiOiJodHRwczpcL1wvd3d3LmNhdGVuZTNjLml0XC93cC1jb250ZW50XC91cGxvYWRzXC8yMDI0XC8wMVwvM0MtQ2F0ZW5lLXBlcnNvbmFsaXp6YXppb25pLTAyLndlYnAiLCJ0eXBlIjoiaW1hZ2UifQ%3D%3D\" tabindex=\"-1\"><img decoding=\"async\" width=\"300\" height=\"225\" src=\"https:\/\/www.catene3c.it\/wp-content\/uploads\/2024\/01\/3C-Catene-personalizzazioni-02-300x225.webp\" class=\"attachment-medium size-medium wp-image-2909\" alt=\"3C Catene -\" title=\"3C Catene -\" srcset=\"https:\/\/www.catene3c.it\/wp-content\/uploads\/2024\/01\/3C-Catene-personalizzazioni-02-300x225.webp 300w, https:\/\/www.catene3c.it\/wp-content\/uploads\/2024\/01\/3C-Catene-personalizzazioni-02-1024x766.webp 1024w, https:\/\/www.catene3c.it\/wp-content\/uploads\/2024\/01\/3C-Catene-personalizzazioni-02-768x575.webp 768w, https:\/\/www.catene3c.it\/wp-content\/uploads\/2024\/01\/3C-Catene-personalizzazioni-02-600x449.webp 600w, https:\/\/www.catene3c.it\/wp-content\/uploads\/2024\/01\/3C-Catene-personalizzazioni-02.webp 1181w\" sizes=\"(max-width: 300px) 100vw, 300px\" \/><\/a><\/figure><div class=\"elementor-image-box-content\"><h5 class=\"elementor-image-box-title\"><a href=\"#elementor-action%3Aaction%3Dlightbox%26settings%3DeyJ1cmwiOiJodHRwczpcL1wvd3d3LmNhdGVuZTNjLml0XC93cC1jb250ZW50XC91cGxvYWRzXC8yMDI0XC8wMVwvM0MtQ2F0ZW5lLXBlcnNvbmFsaXp6YXppb25pLTAyLndlYnAiLCJ0eXBlIjoiaW1hZ2UifQ%3D%3D\">Portion de cha\u00eene avec anneaux bris\u00e9s<\/a><\/h5><\/div><\/div>\t\t\t\t<\/div>\n\t\t\t\t<div class=\"elementor-element elementor-element-a042942 elementor-position-top elementor-widget elementor-widget-image-box\" data-id=\"a042942\" data-element_type=\"widget\" data-e-type=\"widget\" data-widget_type=\"image-box.default\">\n\t\t\t\t\t<div class=\"elementor-image-box-wrapper\"><figure class=\"elementor-image-box-img\"><a href=\"#elementor-action%3Aaction%3Dlightbox%26settings%3DeyJ1cmwiOiJodHRwczpcL1wvd3d3LmNhdGVuZTNjLml0XC93cC1jb250ZW50XC91cGxvYWRzXC8yMDI0XC8wMVwvM0MtQ2F0ZW5lLXBlcnNvbmFsaXp6YXppb25pLTAzLndlYnAiLCJ0eXBlIjoiaW1hZ2UifQ%3D%3D\" tabindex=\"-1\"><img decoding=\"async\" width=\"300\" height=\"225\" src=\"https:\/\/www.catene3c.it\/wp-content\/uploads\/2024\/01\/3C-Catene-personalizzazioni-03-300x225.webp\" class=\"attachment-medium size-medium wp-image-2913\" alt=\"3C Catene -\" title=\"3C Catene -\" srcset=\"https:\/\/www.catene3c.it\/wp-content\/uploads\/2024\/01\/3C-Catene-personalizzazioni-03-300x225.webp 300w, https:\/\/www.catene3c.it\/wp-content\/uploads\/2024\/01\/3C-Catene-personalizzazioni-03-1024x766.webp 1024w, https:\/\/www.catene3c.it\/wp-content\/uploads\/2024\/01\/3C-Catene-personalizzazioni-03-768x575.webp 768w, https:\/\/www.catene3c.it\/wp-content\/uploads\/2024\/01\/3C-Catene-personalizzazioni-03-600x449.webp 600w, https:\/\/www.catene3c.it\/wp-content\/uploads\/2024\/01\/3C-Catene-personalizzazioni-03.webp 1181w\" sizes=\"(max-width: 300px) 100vw, 300px\" \/><\/a><\/figure><div class=\"elementor-image-box-content\"><h5 class=\"elementor-image-box-title\"><a href=\"#elementor-action%3Aaction%3Dlightbox%26settings%3DeyJ1cmwiOiJodHRwczpcL1wvd3d3LmNhdGVuZTNjLml0XC93cC1jb250ZW50XC91cGxvYWRzXC8yMDI0XC8wMVwvM0MtQ2F0ZW5lLXBlcnNvbmFsaXp6YXppb25pLTAzLndlYnAiLCJ0eXBlIjoiaW1hZ2UifQ%3D%3D\">Portion de cha\u00eene avec mousquetons<\/a><\/h5><\/div><\/div>\t\t\t\t<\/div>\n\t\t\t\t<div class=\"elementor-element elementor-element-e9bbaed elementor-position-top elementor-widget elementor-widget-image-box\" data-id=\"e9bbaed\" data-element_type=\"widget\" data-e-type=\"widget\" data-widget_type=\"image-box.default\">\n\t\t\t\t\t<div class=\"elementor-image-box-wrapper\"><figure class=\"elementor-image-box-img\"><a href=\"#elementor-action%3Aaction%3Dlightbox%26settings%3DeyJ1cmwiOiJodHRwczpcL1wvd3d3LmNhdGVuZTNjLml0XC93cC1jb250ZW50XC91cGxvYWRzXC8yMDI0XC8wMVwvM0MtQ2F0ZW5lLXBlcnNvbmFsaXp6YXppb25pLTA0LndlYnAiLCJ0eXBlIjoiaW1hZ2UifQ%3D%3D\" tabindex=\"-1\"><img loading=\"lazy\" decoding=\"async\" width=\"300\" height=\"225\" src=\"https:\/\/www.catene3c.it\/wp-content\/uploads\/2024\/01\/3C-Catene-personalizzazioni-04-300x225.webp\" class=\"attachment-medium size-medium wp-image-2917\" alt=\"3C Catene -\" title=\"3C Catene -\" srcset=\"https:\/\/www.catene3c.it\/wp-content\/uploads\/2024\/01\/3C-Catene-personalizzazioni-04-300x225.webp 300w, https:\/\/www.catene3c.it\/wp-content\/uploads\/2024\/01\/3C-Catene-personalizzazioni-04-1024x768.webp 1024w, https:\/\/www.catene3c.it\/wp-content\/uploads\/2024\/01\/3C-Catene-personalizzazioni-04-768x576.webp 768w, https:\/\/www.catene3c.it\/wp-content\/uploads\/2024\/01\/3C-Catene-personalizzazioni-04-600x450.webp 600w, https:\/\/www.catene3c.it\/wp-content\/uploads\/2024\/01\/3C-Catene-personalizzazioni-04.webp 1181w\" sizes=\"(max-width: 300px) 100vw, 300px\" \/><\/a><\/figure><div class=\"elementor-image-box-content\"><h5 class=\"elementor-image-box-title\"><a href=\"#elementor-action%3Aaction%3Dlightbox%26settings%3DeyJ1cmwiOiJodHRwczpcL1wvd3d3LmNhdGVuZTNjLml0XC93cC1jb250ZW50XC91cGxvYWRzXC8yMDI0XC8wMVwvM0MtQ2F0ZW5lLXBlcnNvbmFsaXp6YXppb25pLTA0LndlYnAiLCJ0eXBlIjoiaW1hZ2UifQ%3D%3D\">Portion de cha\u00eene avec anneau bris\u00e9 et mousqueton<\/a><\/h5><\/div><\/div>\t\t\t\t<\/div>\n\t\t\t\t<div class=\"elementor-element elementor-element-21ca8e0 elementor-position-top elementor-widget elementor-widget-image-box\" data-id=\"21ca8e0\" data-element_type=\"widget\" data-e-type=\"widget\" data-widget_type=\"image-box.default\">\n\t\t\t\t\t<div class=\"elementor-image-box-wrapper\"><figure class=\"elementor-image-box-img\"><a href=\"#elementor-action%3Aaction%3Dlightbox%26settings%3DeyJ1cmwiOiJodHRwczpcL1wvd3d3LmNhdGVuZTNjLml0XC93cC1jb250ZW50XC91cGxvYWRzXC8yMDI0XC8wMVwvM0MtQ2F0ZW5lLXBlcnNvbmFsaXp6YXppb25pLTA1LndlYnAiLCJ0eXBlIjoiaW1hZ2UifQ%3D%3D\" tabindex=\"-1\"><img loading=\"lazy\" decoding=\"async\" width=\"300\" height=\"225\" src=\"https:\/\/www.catene3c.it\/wp-content\/uploads\/2024\/01\/3C-Catene-personalizzazioni-05-300x225.webp\" class=\"attachment-medium size-medium wp-image-2921\" alt=\"3C Catene -\" title=\"3C Catene -\" srcset=\"https:\/\/www.catene3c.it\/wp-content\/uploads\/2024\/01\/3C-Catene-personalizzazioni-05-300x225.webp 300w, https:\/\/www.catene3c.it\/wp-content\/uploads\/2024\/01\/3C-Catene-personalizzazioni-05-1024x769.webp 1024w, https:\/\/www.catene3c.it\/wp-content\/uploads\/2024\/01\/3C-Catene-personalizzazioni-05-768x577.webp 768w, https:\/\/www.catene3c.it\/wp-content\/uploads\/2024\/01\/3C-Catene-personalizzazioni-05-600x451.webp 600w, https:\/\/www.catene3c.it\/wp-content\/uploads\/2024\/01\/3C-Catene-personalizzazioni-05.webp 1181w\" sizes=\"(max-width: 300px) 100vw, 300px\" \/><\/a><\/figure><div class=\"elementor-image-box-content\"><h5 class=\"elementor-image-box-title\"><a href=\"#elementor-action%3Aaction%3Dlightbox%26settings%3DeyJ1cmwiOiJodHRwczpcL1wvd3d3LmNhdGVuZTNjLml0XC93cC1jb250ZW50XC91cGxvYWRzXC8yMDI0XC8wMVwvM0MtQ2F0ZW5lLXBlcnNvbmFsaXp6YXppb25pLTA1LndlYnAiLCJ0eXBlIjoiaW1hZ2UifQ%3D%3D\">Portion de cha\u00eene avec crochets divers<\/a><\/h5><\/div><\/div>\t\t\t\t<\/div>\n\t\t\t\t<div class=\"elementor-element elementor-element-37c0aa4 elementor-position-top elementor-widget elementor-widget-image-box\" data-id=\"37c0aa4\" data-element_type=\"widget\" data-e-type=\"widget\" data-widget_type=\"image-box.default\">\n\t\t\t\t\t<div class=\"elementor-image-box-wrapper\"><figure class=\"elementor-image-box-img\"><a href=\"#elementor-action%3Aaction%3Dlightbox%26settings%3DeyJ1cmwiOiJodHRwczpcL1wvd3d3LmNhdGVuZTNjLml0XC93cC1jb250ZW50XC91cGxvYWRzXC8yMDI0XC8wMVwvM0MtQ2F0ZW5lLXBlcnNvbmFsaXp6YXppb25pLTA2LndlYnAiLCJ0eXBlIjoiaW1hZ2UifQ%3D%3D\" tabindex=\"-1\"><img loading=\"lazy\" decoding=\"async\" width=\"300\" height=\"225\" src=\"https:\/\/www.catene3c.it\/wp-content\/uploads\/2024\/01\/3C-Catene-personalizzazioni-06-300x225.webp\" class=\"attachment-medium size-medium wp-image-2925\" alt=\"3C Catene -\" title=\"3C Catene -\" srcset=\"https:\/\/www.catene3c.it\/wp-content\/uploads\/2024\/01\/3C-Catene-personalizzazioni-06-300x225.webp 300w, https:\/\/www.catene3c.it\/wp-content\/uploads\/2024\/01\/3C-Catene-personalizzazioni-06-1024x767.webp 1024w, https:\/\/www.catene3c.it\/wp-content\/uploads\/2024\/01\/3C-Catene-personalizzazioni-06-768x576.webp 768w, https:\/\/www.catene3c.it\/wp-content\/uploads\/2024\/01\/3C-Catene-personalizzazioni-06-600x450.webp 600w, https:\/\/www.catene3c.it\/wp-content\/uploads\/2024\/01\/3C-Catene-personalizzazioni-06.webp 1181w\" sizes=\"(max-width: 300px) 100vw, 300px\" \/><\/a><\/figure><div class=\"elementor-image-box-content\"><h5 class=\"elementor-image-box-title\"><a href=\"#elementor-action%3Aaction%3Dlightbox%26settings%3DeyJ1cmwiOiJodHRwczpcL1wvd3d3LmNhdGVuZTNjLml0XC93cC1jb250ZW50XC91cGxvYWRzXC8yMDI0XC8wMVwvM0MtQ2F0ZW5lLXBlcnNvbmFsaXp6YXppb25pLTA2LndlYnAiLCJ0eXBlIjoiaW1hZ2UifQ%3D%3D\">Portion de cha\u00eene avec mousqueton<\/a><\/h5><\/div><\/div>\t\t\t\t<\/div>\n\t\t\t\t<div class=\"elementor-element elementor-element-91cf750 elementor-position-top elementor-widget elementor-widget-image-box\" data-id=\"91cf750\" data-element_type=\"widget\" data-e-type=\"widget\" data-widget_type=\"image-box.default\">\n\t\t\t\t\t<div class=\"elementor-image-box-wrapper\"><figure class=\"elementor-image-box-img\"><a href=\"#elementor-action%3Aaction%3Dlightbox%26settings%3DeyJ1cmwiOiJodHRwczpcL1wvd3d3LmNhdGVuZTNjLml0XC93cC1jb250ZW50XC91cGxvYWRzXC8yMDI0XC8wMVwvM0MtQ2F0ZW5lLXBlcnNvbmFsaXp6YXppb25pLTA3LTEud2VicCIsInR5cGUiOiJpbWFnZSJ9\" tabindex=\"-1\"><img loading=\"lazy\" decoding=\"async\" width=\"300\" height=\"187\" src=\"https:\/\/www.catene3c.it\/wp-content\/uploads\/2024\/01\/3C-Catene-personalizzazioni-07-1-300x187.webp\" class=\"attachment-medium size-medium wp-image-3775\" alt=\"3C Catene -\" title=\"3C Catene -\" srcset=\"https:\/\/www.catene3c.it\/wp-content\/uploads\/2024\/01\/3C-Catene-personalizzazioni-07-1-300x187.webp 300w, https:\/\/www.catene3c.it\/wp-content\/uploads\/2024\/01\/3C-Catene-personalizzazioni-07-1-1024x640.webp 1024w, https:\/\/www.catene3c.it\/wp-content\/uploads\/2024\/01\/3C-Catene-personalizzazioni-07-1-768x480.webp 768w, https:\/\/www.catene3c.it\/wp-content\/uploads\/2024\/01\/3C-Catene-personalizzazioni-07-1-600x375.webp 600w, https:\/\/www.catene3c.it\/wp-content\/uploads\/2024\/01\/3C-Catene-personalizzazioni-07-1.webp 1181w\" sizes=\"(max-width: 300px) 100vw, 300px\" \/><\/a><\/figure><div class=\"elementor-image-box-content\"><h5 class=\"elementor-image-box-title\"><a href=\"#elementor-action%3Aaction%3Dlightbox%26settings%3DeyJ1cmwiOiJodHRwczpcL1wvd3d3LmNhdGVuZTNjLml0XC93cC1jb250ZW50XC91cGxvYWRzXC8yMDI0XC8wMVwvM0MtQ2F0ZW5lLXBlcnNvbmFsaXp6YXppb25pLTA3LTEud2VicCIsInR5cGUiOiJpbWFnZSJ9\">Kit cache-pot \u00e0 suspendre<\/a><\/h5><\/div><\/div>\t\t\t\t<\/div>\n\t\t\t\t<div class=\"elementor-element elementor-element-459636d elementor-position-top elementor-widget elementor-widget-image-box\" data-id=\"459636d\" data-element_type=\"widget\" data-e-type=\"widget\" data-widget_type=\"image-box.default\">\n\t\t\t\t\t<div class=\"elementor-image-box-wrapper\"><figure class=\"elementor-image-box-img\"><a href=\"#elementor-action%3Aaction%3Dlightbox%26settings%3DeyJ1cmwiOiJodHRwczpcL1wvd3d3LmNhdGVuZTNjLml0XC93cC1jb250ZW50XC91cGxvYWRzXC8yMDI0XC8wMVwvM0MtQ2F0ZW5lLXBlcnNvbmFsaXp6YXppb25pLTA4LndlYnAiLCJ0eXBlIjoiaW1hZ2UifQ%3D%3D\" tabindex=\"-1\"><img loading=\"lazy\" decoding=\"async\" width=\"300\" height=\"231\" src=\"https:\/\/www.catene3c.it\/wp-content\/uploads\/2024\/01\/3C-Catene-personalizzazioni-08-300x231.webp\" class=\"attachment-medium size-medium wp-image-2933\" alt=\"3C Catene -\" title=\"3C Catene -\" srcset=\"https:\/\/www.catene3c.it\/wp-content\/uploads\/2024\/01\/3C-Catene-personalizzazioni-08-300x231.webp 300w, https:\/\/www.catene3c.it\/wp-content\/uploads\/2024\/01\/3C-Catene-personalizzazioni-08-1024x787.webp 1024w, https:\/\/www.catene3c.it\/wp-content\/uploads\/2024\/01\/3C-Catene-personalizzazioni-08-768x590.webp 768w, https:\/\/www.catene3c.it\/wp-content\/uploads\/2024\/01\/3C-Catene-personalizzazioni-08-600x461.webp 600w, https:\/\/www.catene3c.it\/wp-content\/uploads\/2024\/01\/3C-Catene-personalizzazioni-08.webp 1181w\" sizes=\"(max-width: 300px) 100vw, 300px\" \/><\/a><\/figure><div class=\"elementor-image-box-content\"><h5 class=\"elementor-image-box-title\"><a href=\"#elementor-action%3Aaction%3Dlightbox%26settings%3DeyJ1cmwiOiJodHRwczpcL1wvd3d3LmNhdGVuZTNjLml0XC93cC1jb250ZW50XC91cGxvYWRzXC8yMDI0XC8wMVwvM0MtQ2F0ZW5lLXBlcnNvbmFsaXp6YXppb25pLTA4LndlYnAiLCJ0eXBlIjoiaW1hZ2UifQ%3D%3D\">Articles divers assembl\u00e9s en sachets<\/a><\/h5><\/div><\/div>\t\t\t\t<\/div>\n\t\t\t\t<div class=\"elementor-element elementor-element-97ef0ee elementor-position-top elementor-widget elementor-widget-image-box\" data-id=\"97ef0ee\" data-element_type=\"widget\" data-e-type=\"widget\" data-widget_type=\"image-box.default\">\n\t\t\t\t\t<div class=\"elementor-image-box-wrapper\"><figure class=\"elementor-image-box-img\"><a href=\"#elementor-action%3Aaction%3Dlightbox%26settings%3DeyJ1cmwiOiJodHRwczpcL1wvd3d3LmNhdGVuZTNjLml0XC93cC1jb250ZW50XC91cGxvYWRzXC8yMDI0XC8wMVwvM0MtQ2F0ZW5lLXBlcnNvbmFsaXp6YXppb25pLTA5LndlYnAiLCJ0eXBlIjoiaW1hZ2UifQ%3D%3D\" tabindex=\"-1\"><img loading=\"lazy\" decoding=\"async\" width=\"300\" height=\"200\" src=\"https:\/\/www.catene3c.it\/wp-content\/uploads\/2024\/01\/3C-Catene-personalizzazioni-09-300x200.webp\" class=\"attachment-medium size-medium wp-image-2937\" alt=\"3C Catene -\" title=\"3C Catene -\" srcset=\"https:\/\/www.catene3c.it\/wp-content\/uploads\/2024\/01\/3C-Catene-personalizzazioni-09-300x200.webp 300w, https:\/\/www.catene3c.it\/wp-content\/uploads\/2024\/01\/3C-Catene-personalizzazioni-09-1024x684.webp 1024w, https:\/\/www.catene3c.it\/wp-content\/uploads\/2024\/01\/3C-Catene-personalizzazioni-09-768x513.webp 768w, https:\/\/www.catene3c.it\/wp-content\/uploads\/2024\/01\/3C-Catene-personalizzazioni-09-600x401.webp 600w, https:\/\/www.catene3c.it\/wp-content\/uploads\/2024\/01\/3C-Catene-personalizzazioni-09.webp 1181w\" sizes=\"(max-width: 300px) 100vw, 300px\" \/><\/a><\/figure><div class=\"elementor-image-box-content\"><h5 class=\"elementor-image-box-title\"><a href=\"#elementor-action%3Aaction%3Dlightbox%26settings%3DeyJ1cmwiOiJodHRwczpcL1wvd3d3LmNhdGVuZTNjLml0XC93cC1jb250ZW50XC91cGxvYWRzXC8yMDI0XC8wMVwvM0MtQ2F0ZW5lLXBlcnNvbmFsaXp6YXppb25pLTA5LndlYnAiLCJ0eXBlIjoiaW1hZ2UifQ%3D%3D\">Portion de cha\u00eene avec crochets en S ferm\u00e9s<\/a><\/h5><\/div><\/div>\t\t\t\t<\/div>\n\t\t\t\t\t<\/div>\n\t\t\t\t<\/div>\n\t\t\t\t\t<\/div>\n\t\t\t\t<\/div>\n\t\t\t\t<\/div>\n\t\t","protected":false},"excerpt":{"rendered":"<p>Tous les articles peuvent \u00eatre personnalis\u00e9s si les standards indiqu\u00e9s dans le catalogue ne conviennent pas \u00e0 vos exigences et au type d\u2019application finale Finitions En fonction des secteurs d\u2019application, de l\u2019aspect esth\u00e9tique ou de la r\u00e9sistance aux agents atmosph\u00e9riques. Les Rev\u00eatements possibles sont les traitements \u00e9lectro-galvaniques et le rev\u00eatement par poudre. Conditionnements et m\u00e9trages [&hellip;]<\/p>\n","protected":false},"author":6,"featured_media":0,"parent":0,"menu_order":0,"comment_status":"closed","ping_status":"closed","template":"","meta":{"footnotes":""},"class_list":["post-7531","page","type-page","status-publish","hentry"],"_links":{"self":[{"href":"https:\/\/www.catene3c.it\/fr\/wp-json\/wp\/v2\/pages\/7531","targetHints":{"allow":["GET"]}}],"collection":[{"href":"https:\/\/www.catene3c.it\/fr\/wp-json\/wp\/v2\/pages"}],"about":[{"href":"https:\/\/www.catene3c.it\/fr\/wp-json\/wp\/v2\/types\/page"}],"author":[{"embeddable":true,"href":"https:\/\/www.catene3c.it\/fr\/wp-json\/wp\/v2\/users\/6"}],"replies":[{"embeddable":true,"href":"https:\/\/www.catene3c.it\/fr\/wp-json\/wp\/v2\/comments?post=7531"}],"version-history":[{"count":4,"href":"https:\/\/www.catene3c.it\/fr\/wp-json\/wp\/v2\/pages\/7531\/revisions"}],"predecessor-version":[{"id":10507,"href":"https:\/\/www.catene3c.it\/fr\/wp-json\/wp\/v2\/pages\/7531\/revisions\/10507"}],"wp:attachment":[{"href":"https:\/\/www.catene3c.it\/fr\/wp-json\/wp\/v2\/media?parent=7531"}],"curies":[{"name":"wp","href":"https:\/\/api.w.org\/{rel}","templated":true}]}}