{"id":7635,"date":"2024-03-18T16:29:54","date_gmt":"2024-03-18T15:29:54","guid":{"rendered":"https:\/\/www.catene3c.it\/corps-de-metier\/regulateurs-de-tirage\/"},"modified":"2025-08-06T18:09:38","modified_gmt":"2025-08-06T16:09:38","slug":"regulateurs-de-tirage","status":"publish","type":"page","link":"https:\/\/www.catene3c.it\/fr\/secteurs-dutilisation\/regulateurs-de-tirage\/","title":{"rendered":"R\u00e9gulateurs de tirage"},"content":{"rendered":"\t\t<div data-elementor-type=\"wp-page\" data-elementor-id=\"7635\" class=\"elementor elementor-7635 elementor-6936\" data-elementor-post-type=\"page\">\n\t\t\t\t<div class=\"elementor-element elementor-element-3695405 e-con-full e-flex e-con e-parent\" data-id=\"3695405\" data-element_type=\"container\" data-e-type=\"container\">\n\t\t\t\t<div class=\"elementor-element elementor-element-3551789 elementor-widget elementor-widget-template\" data-id=\"3551789\" data-element_type=\"widget\" data-e-type=\"widget\" data-widget_type=\"template.default\">\n\t\t\t\t<div class=\"elementor-widget-container\">\n\t\t\t\t\t\t\t<div class=\"elementor-template\">\n\t\t\t\t\t<div data-elementor-type=\"container\" data-elementor-id=\"8462\" class=\"elementor elementor-8462 elementor-2010\" data-elementor-post-type=\"elementor_library\">\n\t\t\t\t<div class=\"elementor-element elementor-element-113d4101 e-flex e-con-boxed e-con e-parent\" data-id=\"113d4101\" data-element_type=\"container\" data-e-type=\"container\" data-settings=\"{&quot;background_background&quot;:&quot;classic&quot;}\">\n\t\t\t\t\t<div class=\"e-con-inner\">\n\t\t\t\t<div class=\"elementor-element elementor-element-f435937 elementor-widget elementor-widget-shortcode\" data-id=\"f435937\" data-element_type=\"widget\" data-e-type=\"widget\" data-widget_type=\"shortcode.default\">\n\t\t\t\t\t\t\t<div class=\"elementor-shortcode\"><nav aria-label=\"breadcrumbs\" class=\"rank-math-breadcrumb\"><p><span class=\"last\">Home<\/span><\/p><\/nav><\/div>\n\t\t\t\t\t\t<\/div>\n\t\t\t\t\t<\/div>\n\t\t\t\t<\/div>\n\t\t\t\t<\/div>\n\t\t\t\t<\/div>\n\t\t\t\t\t\t<\/div>\n\t\t\t\t<\/div>\n\t\t\t\t<\/div>\n\t\t<div class=\"elementor-element elementor-element-ce860b7 e-flex e-con-boxed e-con e-parent\" data-id=\"ce860b7\" data-element_type=\"container\" data-e-type=\"container\">\n\t\t\t\t\t<div class=\"e-con-inner\">\n\t\t<div class=\"elementor-element elementor-element-0e38830 e-con-full e-flex e-con e-child\" data-id=\"0e38830\" data-element_type=\"container\" data-e-type=\"container\" data-settings=\"{&quot;background_background&quot;:&quot;classic&quot;}\">\n\t\t\t\t<\/div>\n\t\t<div class=\"elementor-element elementor-element-f975f49 e-con-full e-flex e-con e-child\" data-id=\"f975f49\" data-element_type=\"container\" data-e-type=\"container\">\n\t\t\t\t<div class=\"elementor-element elementor-element-19290bb elementor-widget elementor-widget-text-editor\" data-id=\"19290bb\" data-element_type=\"widget\" data-e-type=\"widget\" data-widget_type=\"text-editor.default\">\n\t\t\t\t\t\t\t\t\t<p>3C CATENE est sp\u00e9cialis\u00e9e dans la fabrication de cha\u00eenes pour r\u00e9gulateurs de tirage des chaudi\u00e8res.<br><span style=\"text-align: var(--text-align); color: var( --e-global-color-text ); font-family: var( --e-global-typography-62c4f24-font-family ), Sans-serif; font-size: var( --e-global-typography-62c4f24-font-size ); font-weight: var( --e-global-typography-62c4f24-font-weight ); letter-spacing: var( --e-global-typography-62c4f24-letter-spacing ); word-spacing: var( --e-global-typography-62c4f24-word-spacing );\">Le r\u00e9gulateur de tirage module l\u2019intensit\u00e9 de la chaleur en fonction de la demande de l\u2019installation, ce qui permet d\u2019obtenir la temp\u00e9rature d\u2019eau souhait\u00e9e tout en r\u00e9alisant d\u2019importantes \u00e9conomies de combustible.<\/span><\/p>\n<p>Les cha\u00eenes peuvent \u00e9galement \u00eatre fournies directement en portions de la longueur souhait\u00e9e et avec des crochets ou des anneaux aux extr\u00e9mit\u00e9s pour permettre de les fixer \u00e0 la structure, et peuvent \u00eatre fournies avec toutes les dimensions et finitions figurant dans notre catalogue.<\/p><p>Pour une dur\u00e9e de vie plus longue, des cha\u00eenes en acier inox peuvent \u00e9galement \u00eatre fournies afin de pr\u00e9venir la formation de rouille et maintenir la surface toujours brillante et propre.<\/p>\t\t\t\t\t\t\t\t<\/div>\n\t\t\t\t<div class=\"elementor-element elementor-element-3397ab5 elementor-mobile-align-justify elementor-widget elementor-widget-button\" data-id=\"3397ab5\" data-element_type=\"widget\" data-e-type=\"widget\" data-widget_type=\"button.default\">\n\t\t\t\t\t\t\t\t\t\t<a class=\"elementor-button elementor-button-link elementor-size-sm\" href=\"https:\/\/www.catene3c.it\/fr\/secteurs-dutilisation\/\">\n\t\t\t\t\t\t<span class=\"elementor-button-content-wrapper\">\n\t\t\t\t\t\t\t\t\t<span class=\"elementor-button-text\">Retour aux corps de m\u00e9tier<\/span>\n\t\t\t\t\t<\/span>\n\t\t\t\t\t<\/a>\n\t\t\t\t\t\t\t\t<\/div>\n\t\t\t\t<\/div>\n\t\t\t\t\t<\/div>\n\t\t\t\t<\/div>\n\t\t\t\t<\/div>\n\t\t","protected":false},"excerpt":{"rendered":"<p>3C CATENE est sp\u00e9cialis\u00e9e dans la fabrication de cha\u00eenes pour r\u00e9gulateurs de tirage des chaudi\u00e8res.Le r\u00e9gulateur de tirage module l\u2019intensit\u00e9 de la chaleur en fonction de la demande de l\u2019installation, ce qui permet d\u2019obtenir la temp\u00e9rature d\u2019eau souhait\u00e9e tout en r\u00e9alisant d\u2019importantes \u00e9conomies de combustible. Les cha\u00eenes peuvent \u00e9galement \u00eatre fournies directement en portions de [&hellip;]<\/p>\n","protected":false},"author":6,"featured_media":6843,"parent":7537,"menu_order":0,"comment_status":"closed","ping_status":"closed","template":"","meta":{"footnotes":""},"class_list":["post-7635","page","type-page","status-publish","has-post-thumbnail","hentry"],"_links":{"self":[{"href":"https:\/\/www.catene3c.it\/fr\/wp-json\/wp\/v2\/pages\/7635","targetHints":{"allow":["GET"]}}],"collection":[{"href":"https:\/\/www.catene3c.it\/fr\/wp-json\/wp\/v2\/pages"}],"about":[{"href":"https:\/\/www.catene3c.it\/fr\/wp-json\/wp\/v2\/types\/page"}],"author":[{"embeddable":true,"href":"https:\/\/www.catene3c.it\/fr\/wp-json\/wp\/v2\/users\/6"}],"replies":[{"embeddable":true,"href":"https:\/\/www.catene3c.it\/fr\/wp-json\/wp\/v2\/comments?post=7635"}],"version-history":[{"count":5,"href":"https:\/\/www.catene3c.it\/fr\/wp-json\/wp\/v2\/pages\/7635\/revisions"}],"predecessor-version":[{"id":10476,"href":"https:\/\/www.catene3c.it\/fr\/wp-json\/wp\/v2\/pages\/7635\/revisions\/10476"}],"up":[{"embeddable":true,"href":"https:\/\/www.catene3c.it\/fr\/wp-json\/wp\/v2\/pages\/7537"}],"wp:featuredmedia":[{"embeddable":true,"href":"https:\/\/www.catene3c.it\/fr\/wp-json\/wp\/v2\/media\/6843"}],"wp:attachment":[{"href":"https:\/\/www.catene3c.it\/fr\/wp-json\/wp\/v2\/media?parent=7635"}],"curies":[{"name":"wp","href":"https:\/\/api.w.org\/{rel}","templated":true}]}}