{"id":7843,"date":"2023-12-06T17:01:00","date_gmt":"2023-12-06T16:01:00","guid":{"rendered":"https:\/\/www.catene3c.it\/conditionnements\/fil-continu-en-boite\/"},"modified":"2024-07-15T09:25:28","modified_gmt":"2024-07-15T07:25:28","slug":"fil-continu-en-boite","status":"publish","type":"page","link":"https:\/\/www.catene3c.it\/fr\/conditionnements\/fil-continu-en-boite\/","title":{"rendered":"Fil continu en bo\u00eete"},"content":{"rendered":"\t\t<div data-elementor-type=\"wp-page\" data-elementor-id=\"7843\" class=\"elementor elementor-7843 elementor-1526\" data-elementor-post-type=\"page\">\n\t\t\t\t<div class=\"elementor-element elementor-element-9173a92 e-con-full e-flex e-con e-parent\" data-id=\"9173a92\" data-element_type=\"container\" data-e-type=\"container\">\n\t\t\t\t<div class=\"elementor-element elementor-element-f99c58b elementor-widget elementor-widget-template\" data-id=\"f99c58b\" data-element_type=\"widget\" data-e-type=\"widget\" data-widget_type=\"template.default\">\n\t\t\t\t<div class=\"elementor-widget-container\">\n\t\t\t\t\t\t\t<div class=\"elementor-template\">\n\t\t\t\t\t<div data-elementor-type=\"container\" data-elementor-id=\"8462\" class=\"elementor elementor-8462 elementor-2010\" data-elementor-post-type=\"elementor_library\">\n\t\t\t\t<div class=\"elementor-element elementor-element-113d4101 e-flex e-con-boxed e-con e-parent\" data-id=\"113d4101\" data-element_type=\"container\" data-e-type=\"container\" data-settings=\"{&quot;background_background&quot;:&quot;classic&quot;}\">\n\t\t\t\t\t<div class=\"e-con-inner\">\n\t\t\t\t<div class=\"elementor-element elementor-element-f435937 elementor-widget elementor-widget-shortcode\" data-id=\"f435937\" data-element_type=\"widget\" data-e-type=\"widget\" data-widget_type=\"shortcode.default\">\n\t\t\t\t\t\t\t<div class=\"elementor-shortcode\"><nav aria-label=\"breadcrumbs\" class=\"rank-math-breadcrumb\"><p><span class=\"last\">Home<\/span><\/p><\/nav><\/div>\n\t\t\t\t\t\t<\/div>\n\t\t\t\t\t<\/div>\n\t\t\t\t<\/div>\n\t\t\t\t<\/div>\n\t\t\t\t<\/div>\n\t\t\t\t\t\t<\/div>\n\t\t\t\t<\/div>\n\t\t\t\t<\/div>\n\t\t<div class=\"elementor-element elementor-element-2ca8b84 e-flex e-con-boxed e-con e-parent\" data-id=\"2ca8b84\" data-element_type=\"container\" data-e-type=\"container\">\n\t\t\t\t\t<div class=\"e-con-inner\">\n\t\t\t\t<div class=\"elementor-element elementor-element-9882f95 elementor-widget elementor-widget-text-editor\" data-id=\"9882f95\" data-element_type=\"widget\" data-e-type=\"widget\" data-widget_type=\"text-editor.default\">\n\t\t\t\t\t\t\t\t\t<p>La cha\u00eene est fournie sous forme de fil continu \u00e0 l\u2019int\u00e9rieur de bo\u00eetes en carton.<br \/>La pr\u00e9sence d\u2019un trou de sortie en forme de croix permet d\u2019extraire plus facilement la cha\u00eene de la bo\u00eete.<\/p>\n<p style=\"font-weight: 400;\">Taille des bo\u00eetes :<br \/><strong>PETITE<\/strong> : 20 x 20 cm \u2013 h 15 cm<br \/><strong>GRANDE<\/strong> : 28,5 x 20 cm \u2013 h 19 cm<\/p>\n\t\t\t\t\t\t\t\t<\/div>\n\t\t<div class=\"elementor-element elementor-element-42c5cc7 e-flex e-con-boxed e-con e-child\" data-id=\"42c5cc7\" data-element_type=\"container\" data-e-type=\"container\">\n\t\t\t\t\t<div class=\"e-con-inner\">\n\t\t\t\t<div class=\"elementor-element elementor-element-a549848 elementor-widget elementor-widget-image\" data-id=\"a549848\" data-element_type=\"widget\" data-e-type=\"widget\" data-widget_type=\"image.default\">\n\t\t\t\t\t\t\t\t\t\t\t\t\t\t\t<img fetchpriority=\"high\" decoding=\"async\" width=\"800\" height=\"534\" src=\"https:\/\/www.catene3c.it\/wp-content\/uploads\/2024\/01\/3C-Catene-filo-continuo-in-scatola-1024x683.webp\" class=\"attachment-large size-large wp-image-3934\" alt=\"3C Catene -\" srcset=\"https:\/\/www.catene3c.it\/wp-content\/uploads\/2024\/01\/3C-Catene-filo-continuo-in-scatola-1024x683.webp 1024w, https:\/\/www.catene3c.it\/wp-content\/uploads\/2024\/01\/3C-Catene-filo-continuo-in-scatola-300x200.webp 300w, https:\/\/www.catene3c.it\/wp-content\/uploads\/2024\/01\/3C-Catene-filo-continuo-in-scatola-768x512.webp 768w, https:\/\/www.catene3c.it\/wp-content\/uploads\/2024\/01\/3C-Catene-filo-continuo-in-scatola-600x400.webp 600w, https:\/\/www.catene3c.it\/wp-content\/uploads\/2024\/01\/3C-Catene-filo-continuo-in-scatola.webp 1200w\" sizes=\"(max-width: 800px) 100vw, 800px\" title=\"3C Catene -\">\t\t\t\t\t\t\t\t\t\t\t\t\t\t\t<\/div>\n\t\t\t\t\t<\/div>\n\t\t\t\t<\/div>\n\t\t\t\t\t<\/div>\n\t\t\t\t<\/div>\n\t\t<div class=\"elementor-element elementor-element-417af00 e-flex e-con-boxed e-con e-parent\" data-id=\"417af00\" data-element_type=\"container\" data-e-type=\"container\">\n\t\t\t\t\t<div class=\"e-con-inner\">\n\t\t\t\t<div class=\"elementor-element elementor-element-c372601 elementor-mobile-align-justify elementor-widget elementor-widget-button\" data-id=\"c372601\" data-element_type=\"widget\" data-e-type=\"widget\" data-widget_type=\"button.default\">\n\t\t\t\t\t\t\t\t\t\t<a class=\"elementor-button elementor-button-link elementor-size-sm\" href=\"https:\/\/www.catene3c.it\/fr\/conditionnements\/\">\n\t\t\t\t\t\t<span class=\"elementor-button-content-wrapper\">\n\t\t\t\t\t\t\t\t\t<span class=\"elementor-button-text\">Retour \u00e0 l'emballage<\/span>\n\t\t\t\t\t<\/span>\n\t\t\t\t\t<\/a>\n\t\t\t\t\t\t\t\t<\/div>\n\t\t\t\t<div class=\"elementor-element elementor-element-99c6123 elementor-mobile-align-justify elementor-widget elementor-widget-button\" data-id=\"99c6123\" data-element_type=\"widget\" data-e-type=\"widget\" data-widget_type=\"button.default\">\n\t\t\t\t\t\t\t\t\t\t<a class=\"elementor-button elementor-button-link elementor-size-sm\" href=\"https:\/\/www.catene3c.it\/fr\/catalogue\/\">\n\t\t\t\t\t\t<span class=\"elementor-button-content-wrapper\">\n\t\t\t\t\t\t\t\t\t<span class=\"elementor-button-text\">Consultez notre catalogue<\/span>\n\t\t\t\t\t<\/span>\n\t\t\t\t\t<\/a>\n\t\t\t\t\t\t\t\t<\/div>\n\t\t\t\t<div class=\"elementor-element elementor-element-bac087c elementor-mobile-align-justify show-for-catalogo elementor-widget elementor-widget-button\" data-id=\"bac087c\" data-element_type=\"widget\" data-e-type=\"widget\" data-widget_type=\"button.default\">\n\t\t\t\t\t\t\t\t\t\t<a class=\"elementor-button elementor-button-link elementor-size-sm\" href=\"#\">\n\t\t\t\t\t\t<span class=\"elementor-button-content-wrapper\">\n\t\t\t\t\t\t\t\t\t<span class=\"elementor-button-text\">Retour au catalogue<\/span>\n\t\t\t\t\t<\/span>\n\t\t\t\t\t<\/a>\n\t\t\t\t\t\t\t\t<\/div>\n\t\t\t\t\t<\/div>\n\t\t\t\t<\/div>\n\t\t\t\t<\/div>\n\t\t","protected":false},"excerpt":{"rendered":"<p>La cha\u00eene est fournie sous forme de fil continu \u00e0 l\u2019int\u00e9rieur de bo\u00eetes en carton.La pr\u00e9sence d\u2019un trou de sortie en forme de croix permet d\u2019extraire plus facilement la cha\u00eene de la bo\u00eete. Taille des bo\u00eetes :PETITE : 20 x 20 cm \u2013 h 15 cmGRANDE : 28,5 x 20 cm \u2013 h 19 cm [&hellip;]<\/p>\n","protected":false},"author":6,"featured_media":0,"parent":7529,"menu_order":0,"comment_status":"closed","ping_status":"closed","template":"","meta":{"footnotes":""},"class_list":["post-7843","page","type-page","status-publish","hentry"],"_links":{"self":[{"href":"https:\/\/www.catene3c.it\/fr\/wp-json\/wp\/v2\/pages\/7843","targetHints":{"allow":["GET"]}}],"collection":[{"href":"https:\/\/www.catene3c.it\/fr\/wp-json\/wp\/v2\/pages"}],"about":[{"href":"https:\/\/www.catene3c.it\/fr\/wp-json\/wp\/v2\/types\/page"}],"author":[{"embeddable":true,"href":"https:\/\/www.catene3c.it\/fr\/wp-json\/wp\/v2\/users\/6"}],"replies":[{"embeddable":true,"href":"https:\/\/www.catene3c.it\/fr\/wp-json\/wp\/v2\/comments?post=7843"}],"version-history":[{"count":3,"href":"https:\/\/www.catene3c.it\/fr\/wp-json\/wp\/v2\/pages\/7843\/revisions"}],"predecessor-version":[{"id":8853,"href":"https:\/\/www.catene3c.it\/fr\/wp-json\/wp\/v2\/pages\/7843\/revisions\/8853"}],"up":[{"embeddable":true,"href":"https:\/\/www.catene3c.it\/fr\/wp-json\/wp\/v2\/pages\/7529"}],"wp:attachment":[{"href":"https:\/\/www.catene3c.it\/fr\/wp-json\/wp\/v2\/media?parent=7843"}],"curies":[{"name":"wp","href":"https:\/\/api.w.org\/{rel}","templated":true}]}}