{"id":7847,"date":"2023-12-06T17:03:00","date_gmt":"2023-12-06T16:03:00","guid":{"rendered":"https:\/\/www.catene3c.it\/conditionnements\/liasse-2-attaches\/"},"modified":"2024-07-15T09:26:28","modified_gmt":"2024-07-15T07:26:28","slug":"liasse-2-attaches","status":"publish","type":"page","link":"https:\/\/www.catene3c.it\/fr\/conditionnements\/liasse-2-attaches\/","title":{"rendered":"Liasse 2 attaches"},"content":{"rendered":"\t\t<div data-elementor-type=\"wp-page\" data-elementor-id=\"7847\" class=\"elementor elementor-7847 elementor-1530\" data-elementor-post-type=\"page\">\n\t\t\t\t<div class=\"elementor-element elementor-element-6b3947f e-con-full e-flex e-con e-parent\" data-id=\"6b3947f\" data-element_type=\"container\" data-e-type=\"container\">\n\t\t\t\t<div class=\"elementor-element elementor-element-c04e69b elementor-widget elementor-widget-template\" data-id=\"c04e69b\" data-element_type=\"widget\" data-e-type=\"widget\" data-widget_type=\"template.default\">\n\t\t\t\t<div class=\"elementor-widget-container\">\n\t\t\t\t\t\t\t<div class=\"elementor-template\">\n\t\t\t\t\t<div data-elementor-type=\"container\" data-elementor-id=\"8462\" class=\"elementor elementor-8462 elementor-2010\" data-elementor-post-type=\"elementor_library\">\n\t\t\t\t<div class=\"elementor-element elementor-element-113d4101 e-flex e-con-boxed e-con e-parent\" data-id=\"113d4101\" data-element_type=\"container\" data-e-type=\"container\" data-settings=\"{&quot;background_background&quot;:&quot;classic&quot;}\">\n\t\t\t\t\t<div class=\"e-con-inner\">\n\t\t\t\t<div class=\"elementor-element elementor-element-f435937 elementor-widget elementor-widget-shortcode\" data-id=\"f435937\" data-element_type=\"widget\" data-e-type=\"widget\" data-widget_type=\"shortcode.default\">\n\t\t\t\t\t\t\t<div class=\"elementor-shortcode\"><nav aria-label=\"breadcrumbs\" class=\"rank-math-breadcrumb\"><p><span class=\"last\">Home<\/span><\/p><\/nav><\/div>\n\t\t\t\t\t\t<\/div>\n\t\t\t\t\t<\/div>\n\t\t\t\t<\/div>\n\t\t\t\t<\/div>\n\t\t\t\t<\/div>\n\t\t\t\t\t\t<\/div>\n\t\t\t\t<\/div>\n\t\t\t\t<\/div>\n\t\t<div class=\"elementor-element elementor-element-082074a e-flex e-con-boxed e-con e-parent\" data-id=\"082074a\" data-element_type=\"container\" data-e-type=\"container\">\n\t\t\t\t\t<div class=\"e-con-inner\">\n\t\t\t\t<div class=\"elementor-element elementor-element-9711980 elementor-widget elementor-widget-text-editor\" data-id=\"9711980\" data-element_type=\"widget\" data-e-type=\"widget\" data-widget_type=\"text-editor.default\">\n\t\t\t\t\t\t\t\t\t<p>La cha\u00eene est fournie sous forme de liasses de diff\u00e9rents m\u00e9trages en fonction des demandes. En coupant les deux attaches, on obtient un fil continu de cha\u00eene de la longueur d\u00e9finie.<\/p>\n\t\t\t\t\t\t\t\t<\/div>\n\t\t<div class=\"elementor-element elementor-element-5b1833a e-flex e-con-boxed e-con e-child\" data-id=\"5b1833a\" data-element_type=\"container\" data-e-type=\"container\">\n\t\t\t\t\t<div class=\"e-con-inner\">\n\t\t\t\t<div class=\"elementor-element elementor-element-fb9caaf elementor-widget elementor-widget-image\" data-id=\"fb9caaf\" data-element_type=\"widget\" data-e-type=\"widget\" data-widget_type=\"image.default\">\n\t\t\t\t\t\t\t\t\t\t\t\t\t\t\t<img fetchpriority=\"high\" decoding=\"async\" width=\"800\" height=\"534\" src=\"https:\/\/www.catene3c.it\/wp-content\/uploads\/2024\/03\/3C-Catene-Matassa-2-legami-zincata-6-1024x683.webp\" class=\"attachment-large size-large wp-image-6450\" alt=\"3C Catene -\" srcset=\"https:\/\/www.catene3c.it\/wp-content\/uploads\/2024\/03\/3C-Catene-Matassa-2-legami-zincata-6-1024x683.webp 1024w, https:\/\/www.catene3c.it\/wp-content\/uploads\/2024\/03\/3C-Catene-Matassa-2-legami-zincata-6-300x200.webp 300w, https:\/\/www.catene3c.it\/wp-content\/uploads\/2024\/03\/3C-Catene-Matassa-2-legami-zincata-6-768x512.webp 768w, https:\/\/www.catene3c.it\/wp-content\/uploads\/2024\/03\/3C-Catene-Matassa-2-legami-zincata-6-1536x1024.webp 1536w, https:\/\/www.catene3c.it\/wp-content\/uploads\/2024\/03\/3C-Catene-Matassa-2-legami-zincata-6-600x400.webp 600w, https:\/\/www.catene3c.it\/wp-content\/uploads\/2024\/03\/3C-Catene-Matassa-2-legami-zincata-6.webp 1920w\" sizes=\"(max-width: 800px) 100vw, 800px\" title=\"3C Catene -\">\t\t\t\t\t\t\t\t\t\t\t\t\t\t\t<\/div>\n\t\t\t\t\t<\/div>\n\t\t\t\t<\/div>\n\t\t\t\t\t<\/div>\n\t\t\t\t<\/div>\n\t\t<div class=\"elementor-element elementor-element-8e6411e e-flex e-con-boxed e-con e-parent\" data-id=\"8e6411e\" data-element_type=\"container\" data-e-type=\"container\">\n\t\t\t\t\t<div class=\"e-con-inner\">\n\t\t\t\t<div class=\"elementor-element elementor-element-849040f elementor-mobile-align-justify elementor-widget elementor-widget-button\" data-id=\"849040f\" data-element_type=\"widget\" data-e-type=\"widget\" data-widget_type=\"button.default\">\n\t\t\t\t\t\t\t\t\t\t<a class=\"elementor-button elementor-button-link elementor-size-sm\" href=\"https:\/\/www.catene3c.it\/fr\/conditionnements\/\">\n\t\t\t\t\t\t<span class=\"elementor-button-content-wrapper\">\n\t\t\t\t\t\t\t\t\t<span class=\"elementor-button-text\">Retour \u00e0 l'emballage<\/span>\n\t\t\t\t\t<\/span>\n\t\t\t\t\t<\/a>\n\t\t\t\t\t\t\t\t<\/div>\n\t\t\t\t<div class=\"elementor-element elementor-element-32e2b47 elementor-mobile-align-justify elementor-widget elementor-widget-button\" data-id=\"32e2b47\" data-element_type=\"widget\" data-e-type=\"widget\" data-widget_type=\"button.default\">\n\t\t\t\t\t\t\t\t\t\t<a class=\"elementor-button elementor-button-link elementor-size-sm\" href=\"https:\/\/www.catene3c.it\/fr\/catalogue\/\">\n\t\t\t\t\t\t<span class=\"elementor-button-content-wrapper\">\n\t\t\t\t\t\t\t\t\t<span class=\"elementor-button-text\">Consultez notre catalogue<\/span>\n\t\t\t\t\t<\/span>\n\t\t\t\t\t<\/a>\n\t\t\t\t\t\t\t\t<\/div>\n\t\t\t\t<div class=\"elementor-element elementor-element-27aee32 elementor-mobile-align-justify show-for-catalogo elementor-widget elementor-widget-button\" data-id=\"27aee32\" data-element_type=\"widget\" data-e-type=\"widget\" id=\"go-back\" data-widget_type=\"button.default\">\n\t\t\t\t\t\t\t\t\t\t<a class=\"elementor-button elementor-button-link elementor-size-sm\" href=\"#\">\n\t\t\t\t\t\t<span class=\"elementor-button-content-wrapper\">\n\t\t\t\t\t\t\t\t\t<span class=\"elementor-button-text\">Retour au catalogue<\/span>\n\t\t\t\t\t<\/span>\n\t\t\t\t\t<\/a>\n\t\t\t\t\t\t\t\t<\/div>\n\t\t\t\t\t<\/div>\n\t\t\t\t<\/div>\n\t\t\t\t<\/div>\n\t\t","protected":false},"excerpt":{"rendered":"<p>La cha\u00eene est fournie sous forme de liasses de diff\u00e9rents m\u00e9trages en fonction des demandes. En coupant les deux attaches, on obtient un fil continu de cha\u00eene de la longueur d\u00e9finie. Retour \u00e0 l&#8217;emballage Consultez notre catalogue Retour au catalogue<\/p>\n","protected":false},"author":6,"featured_media":0,"parent":7529,"menu_order":0,"comment_status":"closed","ping_status":"closed","template":"","meta":{"footnotes":""},"class_list":["post-7847","page","type-page","status-publish","hentry"],"_links":{"self":[{"href":"https:\/\/www.catene3c.it\/fr\/wp-json\/wp\/v2\/pages\/7847","targetHints":{"allow":["GET"]}}],"collection":[{"href":"https:\/\/www.catene3c.it\/fr\/wp-json\/wp\/v2\/pages"}],"about":[{"href":"https:\/\/www.catene3c.it\/fr\/wp-json\/wp\/v2\/types\/page"}],"author":[{"embeddable":true,"href":"https:\/\/www.catene3c.it\/fr\/wp-json\/wp\/v2\/users\/6"}],"replies":[{"embeddable":true,"href":"https:\/\/www.catene3c.it\/fr\/wp-json\/wp\/v2\/comments?post=7847"}],"version-history":[{"count":3,"href":"https:\/\/www.catene3c.it\/fr\/wp-json\/wp\/v2\/pages\/7847\/revisions"}],"predecessor-version":[{"id":8874,"href":"https:\/\/www.catene3c.it\/fr\/wp-json\/wp\/v2\/pages\/7847\/revisions\/8874"}],"up":[{"embeddable":true,"href":"https:\/\/www.catene3c.it\/fr\/wp-json\/wp\/v2\/pages\/7529"}],"wp:attachment":[{"href":"https:\/\/www.catene3c.it\/fr\/wp-json\/wp\/v2\/media?parent=7847"}],"curies":[{"name":"wp","href":"https:\/\/api.w.org\/{rel}","templated":true}]}}