{"id":7968,"date":"2023-12-06T17:10:00","date_gmt":"2023-12-06T16:10:00","guid":{"rendered":"https:\/\/www.catene3c.it\/finitions\/chaine-brillante\/"},"modified":"2024-07-15T09:27:14","modified_gmt":"2024-07-15T07:27:14","slug":"chaine-brillante","status":"publish","type":"page","link":"https:\/\/www.catene3c.it\/fr\/finitions\/chaine-brillante\/","title":{"rendered":"Cha\u00eene brillante"},"content":{"rendered":"\t\t<div data-elementor-type=\"wp-page\" data-elementor-id=\"7968\" class=\"elementor elementor-7968 elementor-1492\" data-elementor-post-type=\"page\">\n\t\t\t\t<div class=\"elementor-element elementor-element-f05d972 e-con-full e-flex e-con e-parent\" data-id=\"f05d972\" data-element_type=\"container\" data-e-type=\"container\">\n\t\t\t\t<div class=\"elementor-element elementor-element-5678842 elementor-widget elementor-widget-template\" data-id=\"5678842\" data-element_type=\"widget\" data-e-type=\"widget\" data-widget_type=\"template.default\">\n\t\t\t\t<div class=\"elementor-widget-container\">\n\t\t\t\t\t\t\t<div class=\"elementor-template\">\n\t\t\t\t\t<div data-elementor-type=\"container\" data-elementor-id=\"8462\" class=\"elementor elementor-8462 elementor-2010\" data-elementor-post-type=\"elementor_library\">\n\t\t\t\t<div class=\"elementor-element elementor-element-113d4101 e-flex e-con-boxed e-con e-parent\" data-id=\"113d4101\" data-element_type=\"container\" data-e-type=\"container\" data-settings=\"{&quot;background_background&quot;:&quot;classic&quot;}\">\n\t\t\t\t\t<div class=\"e-con-inner\">\n\t\t\t\t<div class=\"elementor-element elementor-element-f435937 elementor-widget elementor-widget-shortcode\" data-id=\"f435937\" data-element_type=\"widget\" data-e-type=\"widget\" data-widget_type=\"shortcode.default\">\n\t\t\t\t\t\t\t<div class=\"elementor-shortcode\"><nav aria-label=\"breadcrumbs\" class=\"rank-math-breadcrumb\"><p><span class=\"last\">Home<\/span><\/p><\/nav><\/div>\n\t\t\t\t\t\t<\/div>\n\t\t\t\t\t<\/div>\n\t\t\t\t<\/div>\n\t\t\t\t<\/div>\n\t\t\t\t<\/div>\n\t\t\t\t\t\t<\/div>\n\t\t\t\t<\/div>\n\t\t\t\t<\/div>\n\t\t<div class=\"elementor-element elementor-element-b4e19f5 e-flex e-con-boxed e-con e-parent\" data-id=\"b4e19f5\" data-element_type=\"container\" data-e-type=\"container\">\n\t\t\t\t\t<div class=\"e-con-inner\">\n\t\t<div class=\"elementor-element elementor-element-03594e0 e-con-full e-flex e-con e-child\" data-id=\"03594e0\" data-element_type=\"container\" data-e-type=\"container\">\n\t\t\t\t<div class=\"elementor-element elementor-element-1661094 elementor-widget elementor-widget-image\" data-id=\"1661094\" data-element_type=\"widget\" data-e-type=\"widget\" data-widget_type=\"image.default\">\n\t\t\t\t\t\t\t\t\t\t\t\t\t\t\t\t<a href=\"https:\/\/www.catene3c.it\/wp-content\/uploads\/2023\/12\/3c-catene-finitura-lucida.jpg\" data-elementor-open-lightbox=\"yes\" data-e-action-hash=\"#elementor-action%3Aaction%3Dlightbox%26settings%3DeyJpZCI6MjU2MSwidXJsIjoiaHR0cHM6XC9cL3d3dy5jYXRlbmUzYy5pdFwvd3AtY29udGVudFwvdXBsb2Fkc1wvMjAyM1wvMTJcLzNjLWNhdGVuZS1maW5pdHVyYS1sdWNpZGEuanBnIn0%3D\">\n\t\t\t\t\t\t\t<img fetchpriority=\"high\" decoding=\"async\" width=\"800\" height=\"320\" src=\"https:\/\/www.catene3c.it\/wp-content\/uploads\/2023\/12\/3c-catene-finitura-lucida-1024x410.jpg\" class=\"attachment-large size-large wp-image-2561\" alt=\"3C Catene -\" srcset=\"https:\/\/www.catene3c.it\/wp-content\/uploads\/2023\/12\/3c-catene-finitura-lucida-1024x410.jpg 1024w, https:\/\/www.catene3c.it\/wp-content\/uploads\/2023\/12\/3c-catene-finitura-lucida-300x120.jpg 300w, https:\/\/www.catene3c.it\/wp-content\/uploads\/2023\/12\/3c-catene-finitura-lucida-768x307.jpg 768w, https:\/\/www.catene3c.it\/wp-content\/uploads\/2023\/12\/3c-catene-finitura-lucida-1536x615.jpg 1536w, https:\/\/www.catene3c.it\/wp-content\/uploads\/2023\/12\/3c-catene-finitura-lucida-600x240.jpg 600w, https:\/\/www.catene3c.it\/wp-content\/uploads\/2023\/12\/3c-catene-finitura-lucida.jpg 1772w\" sizes=\"(max-width: 800px) 100vw, 800px\" title=\"3C Catene -\">\t\t\t\t\t\t\t\t<\/a>\n\t\t\t\t\t\t\t\t\t\t\t\t\t\t\t<\/div>\n\t\t\t\t<div class=\"elementor-element elementor-element-baa10d5 elementor-widget elementor-widget-image\" data-id=\"baa10d5\" data-element_type=\"widget\" data-e-type=\"widget\" data-widget_type=\"image.default\">\n\t\t\t\t\t\t\t\t\t\t\t\t\t\t\t\t<a href=\"https:\/\/www.catene3c.it\/wp-content\/uploads\/2023\/12\/3c-catene-finitura-lucida-bg.jpg\" data-elementor-open-lightbox=\"yes\" data-e-action-hash=\"#elementor-action%3Aaction%3Dlightbox%26settings%3DeyJpZCI6MjU2OSwidXJsIjoiaHR0cHM6XC9cL3d3dy5jYXRlbmUzYy5pdFwvd3AtY29udGVudFwvdXBsb2Fkc1wvMjAyM1wvMTJcLzNjLWNhdGVuZS1maW5pdHVyYS1sdWNpZGEtYmcuanBnIn0%3D\">\n\t\t\t\t\t\t\t<img decoding=\"async\" width=\"800\" height=\"322\" src=\"https:\/\/www.catene3c.it\/wp-content\/uploads\/2023\/12\/3c-catene-finitura-lucida-bg.jpg\" class=\"attachment-large size-large wp-image-2569\" alt=\"3C Catene -\" srcset=\"https:\/\/www.catene3c.it\/wp-content\/uploads\/2023\/12\/3c-catene-finitura-lucida-bg.jpg 1000w, https:\/\/www.catene3c.it\/wp-content\/uploads\/2023\/12\/3c-catene-finitura-lucida-bg-300x121.jpg 300w, https:\/\/www.catene3c.it\/wp-content\/uploads\/2023\/12\/3c-catene-finitura-lucida-bg-768x310.jpg 768w, https:\/\/www.catene3c.it\/wp-content\/uploads\/2023\/12\/3c-catene-finitura-lucida-bg-600x242.jpg 600w\" sizes=\"(max-width: 800px) 100vw, 800px\" title=\"3C Catene -\">\t\t\t\t\t\t\t\t<\/a>\n\t\t\t\t\t\t\t\t\t\t\t\t\t\t\t<\/div>\n\t\t\t\t<\/div>\n\t\t<div class=\"elementor-element elementor-element-b7fca43 e-con-full e-flex e-con e-child\" data-id=\"b7fca43\" data-element_type=\"container\" data-e-type=\"container\">\n\t\t\t\t<div class=\"elementor-element elementor-element-87b6b71 elementor-widget elementor-widget-text-editor\" data-id=\"87b6b71\" data-element_type=\"widget\" data-e-type=\"widget\" data-widget_type=\"text-editor.default\">\n\t\t\t\t\t\t\t\t\t<p><strong>Typologie de rev\u00eatement:<\/strong> AUCUNE. La cha\u00eene brillante pr\u00e9sente la superficie brillante et propre apr\u00e8s un traitement de polissage en tonneaux avec de la sciure de bois. <\/p>\n<p><strong>Caract\u00e9ristiques du rev\u00eatement:<\/strong> superficie brillante et homog\u00e8ne. Au contact avec les agents atmosph\u00e9riques la cha\u00eene peut s\u2019oxyder. La finition est adapt\u00e9e \u00e0 l\u2019\u00e9ventuelle galvanisation et\/ou vernissage successif.  <\/p>\n<p><strong>Domaine d\u2019application:<\/strong> finition appropri\u00e9e exclusivement aux environnements internes ou lorsqu&rsquo;une protection contre la corrosion n&rsquo;est pas n\u00e9cessaire.<\/p>\n<p><strong>Secteurs d\u2019utilisation:<\/strong> n\u00e9cessite d\u2019un rev\u00eatement galvanique et\/ou d\u2019un vernissage avant l\u2019utilisation finale.<\/p>\n<p><strong>Idon\u00e9it\u00e9:<\/strong> REACH, ROHS.<\/p>\n\t\t\t\t\t\t\t\t<\/div>\n\t\t\t\t<\/div>\n\t\t\t\t\t<\/div>\n\t\t\t\t<\/div>\n\t\t<div class=\"elementor-element elementor-element-4ba319b e-flex e-con-boxed e-con e-parent\" data-id=\"4ba319b\" data-element_type=\"container\" data-e-type=\"container\">\n\t\t\t\t\t<div class=\"e-con-inner\">\n\t\t\t\t<div class=\"elementor-element elementor-element-d9cfb1a elementor-mobile-align-justify elementor-widget elementor-widget-button\" data-id=\"d9cfb1a\" data-element_type=\"widget\" data-e-type=\"widget\" data-widget_type=\"button.default\">\n\t\t\t\t\t\t\t\t\t\t<a class=\"elementor-button elementor-button-link elementor-size-sm\" href=\"https:\/\/www.catene3c.it\/fr\/finitions\/\">\n\t\t\t\t\t\t<span class=\"elementor-button-content-wrapper\">\n\t\t\t\t\t\t\t\t\t<span class=\"elementor-button-text\">Retour aux finitions<\/span>\n\t\t\t\t\t<\/span>\n\t\t\t\t\t<\/a>\n\t\t\t\t\t\t\t\t<\/div>\n\t\t\t\t<div class=\"elementor-element elementor-element-6813a5f elementor-mobile-align-justify elementor-widget elementor-widget-button\" data-id=\"6813a5f\" data-element_type=\"widget\" data-e-type=\"widget\" data-widget_type=\"button.default\">\n\t\t\t\t\t\t\t\t\t\t<a class=\"elementor-button elementor-button-link elementor-size-sm\" href=\"https:\/\/www.catene3c.it\/fr\/catalogue\/\">\n\t\t\t\t\t\t<span class=\"elementor-button-content-wrapper\">\n\t\t\t\t\t\t\t\t\t<span class=\"elementor-button-text\">Consultez notre catalogue<\/span>\n\t\t\t\t\t<\/span>\n\t\t\t\t\t<\/a>\n\t\t\t\t\t\t\t\t<\/div>\n\t\t\t\t<div class=\"elementor-element elementor-element-b30a140 elementor-mobile-align-justify show-for-catalogo elementor-widget elementor-widget-button\" data-id=\"b30a140\" data-element_type=\"widget\" data-e-type=\"widget\" id=\"go-back\" data-widget_type=\"button.default\">\n\t\t\t\t\t\t\t\t\t\t<a class=\"elementor-button elementor-button-link elementor-size-sm\" href=\"#\">\n\t\t\t\t\t\t<span class=\"elementor-button-content-wrapper\">\n\t\t\t\t\t\t\t\t\t<span class=\"elementor-button-text\">Retour au catalogue<\/span>\n\t\t\t\t\t<\/span>\n\t\t\t\t\t<\/a>\n\t\t\t\t\t\t\t\t<\/div>\n\t\t\t\t\t<\/div>\n\t\t\t\t<\/div>\n\t\t\t\t<\/div>\n\t\t","protected":false},"excerpt":{"rendered":"<p>Typologie de rev\u00eatement: AUCUNE. La cha\u00eene brillante pr\u00e9sente la superficie brillante et propre apr\u00e8s un traitement de polissage en tonneaux avec de la sciure de bois. Caract\u00e9ristiques du rev\u00eatement: superficie brillante et homog\u00e8ne. Au contact avec les agents atmosph\u00e9riques la cha\u00eene peut s\u2019oxyder. La finition est adapt\u00e9e \u00e0 l\u2019\u00e9ventuelle galvanisation et\/ou vernissage successif. Domaine d\u2019application: [&hellip;]<\/p>\n","protected":false},"author":6,"featured_media":0,"parent":7527,"menu_order":0,"comment_status":"closed","ping_status":"closed","template":"","meta":{"footnotes":""},"class_list":["post-7968","page","type-page","status-publish","hentry"],"_links":{"self":[{"href":"https:\/\/www.catene3c.it\/fr\/wp-json\/wp\/v2\/pages\/7968","targetHints":{"allow":["GET"]}}],"collection":[{"href":"https:\/\/www.catene3c.it\/fr\/wp-json\/wp\/v2\/pages"}],"about":[{"href":"https:\/\/www.catene3c.it\/fr\/wp-json\/wp\/v2\/types\/page"}],"author":[{"embeddable":true,"href":"https:\/\/www.catene3c.it\/fr\/wp-json\/wp\/v2\/users\/6"}],"replies":[{"embeddable":true,"href":"https:\/\/www.catene3c.it\/fr\/wp-json\/wp\/v2\/comments?post=7968"}],"version-history":[{"count":2,"href":"https:\/\/www.catene3c.it\/fr\/wp-json\/wp\/v2\/pages\/7968\/revisions"}],"predecessor-version":[{"id":8887,"href":"https:\/\/www.catene3c.it\/fr\/wp-json\/wp\/v2\/pages\/7968\/revisions\/8887"}],"up":[{"embeddable":true,"href":"https:\/\/www.catene3c.it\/fr\/wp-json\/wp\/v2\/pages\/7527"}],"wp:attachment":[{"href":"https:\/\/www.catene3c.it\/fr\/wp-json\/wp\/v2\/media?parent=7968"}],"curies":[{"name":"wp","href":"https:\/\/api.w.org\/{rel}","templated":true}]}}