{"id":7984,"date":"2023-12-06T17:11:00","date_gmt":"2023-12-06T16:11:00","guid":{"rendered":"https:\/\/www.catene3c.it\/finitions\/chaine-nickelee\/"},"modified":"2024-07-15T09:27:12","modified_gmt":"2024-07-15T07:27:12","slug":"chaine-nickelee","status":"publish","type":"page","link":"https:\/\/www.catene3c.it\/fr\/finitions\/chaine-nickelee\/","title":{"rendered":"Cha\u00eene nickel\u00e9e"},"content":{"rendered":"\t\t<div data-elementor-type=\"wp-page\" data-elementor-id=\"7984\" class=\"elementor elementor-7984 elementor-1494\" data-elementor-post-type=\"page\">\n\t\t\t\t<div class=\"elementor-element elementor-element-d7b2a3e e-con-full e-flex e-con e-parent\" data-id=\"d7b2a3e\" data-element_type=\"container\" data-e-type=\"container\">\n\t\t\t\t<div class=\"elementor-element elementor-element-30478c3 elementor-widget elementor-widget-template\" data-id=\"30478c3\" data-element_type=\"widget\" data-e-type=\"widget\" data-widget_type=\"template.default\">\n\t\t\t\t<div class=\"elementor-widget-container\">\n\t\t\t\t\t\t\t<div class=\"elementor-template\">\n\t\t\t\t\t<div data-elementor-type=\"container\" data-elementor-id=\"8462\" class=\"elementor elementor-8462 elementor-2010\" data-elementor-post-type=\"elementor_library\">\n\t\t\t\t<div class=\"elementor-element elementor-element-113d4101 e-flex e-con-boxed e-con e-parent\" data-id=\"113d4101\" data-element_type=\"container\" data-e-type=\"container\" data-settings=\"{&quot;background_background&quot;:&quot;classic&quot;}\">\n\t\t\t\t\t<div class=\"e-con-inner\">\n\t\t\t\t<div class=\"elementor-element elementor-element-f435937 elementor-widget elementor-widget-shortcode\" data-id=\"f435937\" data-element_type=\"widget\" data-e-type=\"widget\" data-widget_type=\"shortcode.default\">\n\t\t\t\t\t\t\t<div class=\"elementor-shortcode\"><nav aria-label=\"breadcrumbs\" class=\"rank-math-breadcrumb\"><p><span class=\"last\">Home<\/span><\/p><\/nav><\/div>\n\t\t\t\t\t\t<\/div>\n\t\t\t\t\t<\/div>\n\t\t\t\t<\/div>\n\t\t\t\t<\/div>\n\t\t\t\t<\/div>\n\t\t\t\t\t\t<\/div>\n\t\t\t\t<\/div>\n\t\t\t\t<\/div>\n\t\t<div class=\"elementor-element elementor-element-e3cf99f e-flex e-con-boxed e-con e-parent\" data-id=\"e3cf99f\" data-element_type=\"container\" data-e-type=\"container\">\n\t\t\t\t\t<div class=\"e-con-inner\">\n\t\t<div class=\"elementor-element elementor-element-d87f5c4 e-con-full e-flex e-con e-child\" data-id=\"d87f5c4\" data-element_type=\"container\" data-e-type=\"container\">\n\t\t\t\t<div class=\"elementor-element elementor-element-39619a0 elementor-widget elementor-widget-image\" data-id=\"39619a0\" data-element_type=\"widget\" data-e-type=\"widget\" data-widget_type=\"image.default\">\n\t\t\t\t\t\t\t\t\t\t\t\t\t\t\t\t<a href=\"https:\/\/www.catene3c.it\/wp-content\/uploads\/2023\/12\/3c-catene-finitura-nichelata.jpg\" data-elementor-open-lightbox=\"yes\" data-e-action-hash=\"#elementor-action%3Aaction%3Dlightbox%26settings%3DeyJpZCI6MjU1MywidXJsIjoiaHR0cHM6XC9cL3d3dy5jYXRlbmUzYy5pdFwvd3AtY29udGVudFwvdXBsb2Fkc1wvMjAyM1wvMTJcLzNjLWNhdGVuZS1maW5pdHVyYS1uaWNoZWxhdGEuanBnIn0%3D\">\n\t\t\t\t\t\t\t<img fetchpriority=\"high\" decoding=\"async\" width=\"800\" height=\"320\" src=\"https:\/\/www.catene3c.it\/wp-content\/uploads\/2023\/12\/3c-catene-finitura-nichelata-1024x410.jpg\" class=\"attachment-large size-large wp-image-2553\" alt=\"3C Catene -\" srcset=\"https:\/\/www.catene3c.it\/wp-content\/uploads\/2023\/12\/3c-catene-finitura-nichelata-1024x410.jpg 1024w, https:\/\/www.catene3c.it\/wp-content\/uploads\/2023\/12\/3c-catene-finitura-nichelata-300x120.jpg 300w, https:\/\/www.catene3c.it\/wp-content\/uploads\/2023\/12\/3c-catene-finitura-nichelata-768x307.jpg 768w, https:\/\/www.catene3c.it\/wp-content\/uploads\/2023\/12\/3c-catene-finitura-nichelata-1536x615.jpg 1536w, https:\/\/www.catene3c.it\/wp-content\/uploads\/2023\/12\/3c-catene-finitura-nichelata-600x240.jpg 600w, https:\/\/www.catene3c.it\/wp-content\/uploads\/2023\/12\/3c-catene-finitura-nichelata.jpg 1772w\" sizes=\"(max-width: 800px) 100vw, 800px\" title=\"3C Catene -\">\t\t\t\t\t\t\t\t<\/a>\n\t\t\t\t\t\t\t\t\t\t\t\t\t\t\t<\/div>\n\t\t\t\t<div class=\"elementor-element elementor-element-73bc4d2 elementor-widget elementor-widget-image\" data-id=\"73bc4d2\" data-element_type=\"widget\" data-e-type=\"widget\" data-widget_type=\"image.default\">\n\t\t\t\t\t\t\t\t\t\t\t\t\t\t\t\t<a href=\"https:\/\/www.catene3c.it\/wp-content\/uploads\/2023\/12\/3c-catene-finitura-nichelata-bg.jpg\" data-elementor-open-lightbox=\"yes\" data-e-action-hash=\"#elementor-action%3Aaction%3Dlightbox%26settings%3DeyJpZCI6MjU3MywidXJsIjoiaHR0cHM6XC9cL3d3dy5jYXRlbmUzYy5pdFwvd3AtY29udGVudFwvdXBsb2Fkc1wvMjAyM1wvMTJcLzNjLWNhdGVuZS1maW5pdHVyYS1uaWNoZWxhdGEtYmcuanBnIn0%3D\">\n\t\t\t\t\t\t\t<img decoding=\"async\" width=\"800\" height=\"322\" src=\"https:\/\/www.catene3c.it\/wp-content\/uploads\/2023\/12\/3c-catene-finitura-nichelata-bg.jpg\" class=\"attachment-large size-large wp-image-2573\" alt=\"3C Catene -\" srcset=\"https:\/\/www.catene3c.it\/wp-content\/uploads\/2023\/12\/3c-catene-finitura-nichelata-bg.jpg 1000w, https:\/\/www.catene3c.it\/wp-content\/uploads\/2023\/12\/3c-catene-finitura-nichelata-bg-300x121.jpg 300w, https:\/\/www.catene3c.it\/wp-content\/uploads\/2023\/12\/3c-catene-finitura-nichelata-bg-768x310.jpg 768w, https:\/\/www.catene3c.it\/wp-content\/uploads\/2023\/12\/3c-catene-finitura-nichelata-bg-600x242.jpg 600w\" sizes=\"(max-width: 800px) 100vw, 800px\" title=\"3C Catene -\">\t\t\t\t\t\t\t\t<\/a>\n\t\t\t\t\t\t\t\t\t\t\t\t\t\t\t<\/div>\n\t\t\t\t<\/div>\n\t\t<div class=\"elementor-element elementor-element-367d96f e-con-full e-flex e-con e-child\" data-id=\"367d96f\" data-element_type=\"container\" data-e-type=\"container\">\n\t\t\t\t<div class=\"elementor-element elementor-element-3a7858f elementor-widget elementor-widget-text-editor\" data-id=\"3a7858f\" data-element_type=\"widget\" data-e-type=\"widget\" data-widget_type=\"text-editor.default\">\n\t\t\t\t\t\t\t\t\t<p><strong>Typologie de rev\u00eatement: <\/strong> NICKELAGE \u00c9LECTRO-GALVANIQUE. Le traitement consiste \u00e0 rev\u00eatir la cha\u00eene d&rsquo;une fine couche de film protecteur de nickel qui, outre \u00e0 lui donner un aspect esth\u00e9tique, ralentit le processus d&rsquo;oxydation au contact des agents atmosph\u00e9riques. <\/p>\n<p><strong>Caract\u00e9ristiques du rev\u00eatement:<\/strong> l\u2019\u00e9paisseur standard du nickelage est de 1 micron (indicatif).<\/p>\n<p><strong>Domaine d\u2019application:<\/strong> la cha\u00eene nickel\u00e9e est appropri\u00e9e exclusivement aux environnements internes.<\/p>\n<p><strong>Secteurs d\u2019utilisation: <\/strong> v\u00eatements, chaussures\/articles en cuir, agriculture, ameublement d&rsquo;int\u00e9rieur.<\/p>\n<p><strong>Idon\u00e9it\u00e9:<\/strong> REACH, ROHS.<\/p>\n\t\t\t\t\t\t\t\t<\/div>\n\t\t\t\t<\/div>\n\t\t\t\t\t<\/div>\n\t\t\t\t<\/div>\n\t\t<div class=\"elementor-element elementor-element-7c9a60e e-flex e-con-boxed e-con e-parent\" data-id=\"7c9a60e\" data-element_type=\"container\" data-e-type=\"container\">\n\t\t\t\t\t<div class=\"e-con-inner\">\n\t\t\t\t<div class=\"elementor-element elementor-element-2036294 elementor-mobile-align-justify elementor-widget elementor-widget-button\" data-id=\"2036294\" data-element_type=\"widget\" data-e-type=\"widget\" data-widget_type=\"button.default\">\n\t\t\t\t\t\t\t\t\t\t<a class=\"elementor-button elementor-button-link elementor-size-sm\" href=\"https:\/\/www.catene3c.it\/fr\/finitions\/\">\n\t\t\t\t\t\t<span class=\"elementor-button-content-wrapper\">\n\t\t\t\t\t\t\t\t\t<span class=\"elementor-button-text\">Retour aux finitions<\/span>\n\t\t\t\t\t<\/span>\n\t\t\t\t\t<\/a>\n\t\t\t\t\t\t\t\t<\/div>\n\t\t\t\t<div class=\"elementor-element elementor-element-7549325 elementor-mobile-align-justify elementor-widget elementor-widget-button\" data-id=\"7549325\" data-element_type=\"widget\" data-e-type=\"widget\" data-widget_type=\"button.default\">\n\t\t\t\t\t\t\t\t\t\t<a class=\"elementor-button elementor-button-link elementor-size-sm\" href=\"https:\/\/www.catene3c.it\/fr\/catalogue\/\">\n\t\t\t\t\t\t<span class=\"elementor-button-content-wrapper\">\n\t\t\t\t\t\t\t\t\t<span class=\"elementor-button-text\">Consultez notre catalogue<\/span>\n\t\t\t\t\t<\/span>\n\t\t\t\t\t<\/a>\n\t\t\t\t\t\t\t\t<\/div>\n\t\t\t\t<div class=\"elementor-element elementor-element-0066d8a elementor-mobile-align-justify show-for-catalogo elementor-widget elementor-widget-button\" data-id=\"0066d8a\" data-element_type=\"widget\" data-e-type=\"widget\" id=\"go-back\" data-widget_type=\"button.default\">\n\t\t\t\t\t\t\t\t\t\t<a class=\"elementor-button elementor-button-link elementor-size-sm\" href=\"#\">\n\t\t\t\t\t\t<span class=\"elementor-button-content-wrapper\">\n\t\t\t\t\t\t\t\t\t<span class=\"elementor-button-text\">Retour au catalogue<\/span>\n\t\t\t\t\t<\/span>\n\t\t\t\t\t<\/a>\n\t\t\t\t\t\t\t\t<\/div>\n\t\t\t\t\t<\/div>\n\t\t\t\t<\/div>\n\t\t\t\t<\/div>\n\t\t","protected":false},"excerpt":{"rendered":"<p>Typologie de rev\u00eatement: NICKELAGE \u00c9LECTRO-GALVANIQUE. Le traitement consiste \u00e0 rev\u00eatir la cha\u00eene d&rsquo;une fine couche de film protecteur de nickel qui, outre \u00e0 lui donner un aspect esth\u00e9tique, ralentit le processus d&rsquo;oxydation au contact des agents atmosph\u00e9riques. Caract\u00e9ristiques du rev\u00eatement: l\u2019\u00e9paisseur standard du nickelage est de 1 micron (indicatif). Domaine d\u2019application: la cha\u00eene nickel\u00e9e est [&hellip;]<\/p>\n","protected":false},"author":6,"featured_media":0,"parent":7527,"menu_order":0,"comment_status":"closed","ping_status":"closed","template":"","meta":{"footnotes":""},"class_list":["post-7984","page","type-page","status-publish","hentry"],"_links":{"self":[{"href":"https:\/\/www.catene3c.it\/fr\/wp-json\/wp\/v2\/pages\/7984","targetHints":{"allow":["GET"]}}],"collection":[{"href":"https:\/\/www.catene3c.it\/fr\/wp-json\/wp\/v2\/pages"}],"about":[{"href":"https:\/\/www.catene3c.it\/fr\/wp-json\/wp\/v2\/types\/page"}],"author":[{"embeddable":true,"href":"https:\/\/www.catene3c.it\/fr\/wp-json\/wp\/v2\/users\/6"}],"replies":[{"embeddable":true,"href":"https:\/\/www.catene3c.it\/fr\/wp-json\/wp\/v2\/comments?post=7984"}],"version-history":[{"count":2,"href":"https:\/\/www.catene3c.it\/fr\/wp-json\/wp\/v2\/pages\/7984\/revisions"}],"predecessor-version":[{"id":8886,"href":"https:\/\/www.catene3c.it\/fr\/wp-json\/wp\/v2\/pages\/7984\/revisions\/8886"}],"up":[{"embeddable":true,"href":"https:\/\/www.catene3c.it\/fr\/wp-json\/wp\/v2\/pages\/7527"}],"wp:attachment":[{"href":"https:\/\/www.catene3c.it\/fr\/wp-json\/wp\/v2\/media?parent=7984"}],"curies":[{"name":"wp","href":"https:\/\/api.w.org\/{rel}","templated":true}]}}