{"id":8024,"date":"2023-12-06T17:18:00","date_gmt":"2023-12-06T16:18:00","guid":{"rendered":"https:\/\/www.catene3c.it\/finitions\/chaine-peinte\/"},"modified":"2024-07-15T09:26:38","modified_gmt":"2024-07-15T07:26:38","slug":"chaine-peinte","status":"publish","type":"page","link":"https:\/\/www.catene3c.it\/fr\/finitions\/chaine-peinte\/","title":{"rendered":"Cha\u00eene peinte"},"content":{"rendered":"\t\t<div data-elementor-type=\"wp-page\" data-elementor-id=\"8024\" class=\"elementor elementor-8024 elementor-1510\" data-elementor-post-type=\"page\">\n\t\t\t\t<div class=\"elementor-element elementor-element-bf25329 e-con-full e-flex e-con e-parent\" data-id=\"bf25329\" data-element_type=\"container\" data-e-type=\"container\">\n\t\t\t\t<div class=\"elementor-element elementor-element-9607b7e elementor-widget elementor-widget-template\" data-id=\"9607b7e\" data-element_type=\"widget\" data-e-type=\"widget\" data-widget_type=\"template.default\">\n\t\t\t\t<div class=\"elementor-widget-container\">\n\t\t\t\t\t\t\t<div class=\"elementor-template\">\n\t\t\t\t\t<div data-elementor-type=\"container\" data-elementor-id=\"8462\" class=\"elementor elementor-8462 elementor-2010\" data-elementor-post-type=\"elementor_library\">\n\t\t\t\t<div class=\"elementor-element elementor-element-113d4101 e-flex e-con-boxed e-con e-parent\" data-id=\"113d4101\" data-element_type=\"container\" data-e-type=\"container\" data-settings=\"{&quot;background_background&quot;:&quot;classic&quot;}\">\n\t\t\t\t\t<div class=\"e-con-inner\">\n\t\t\t\t<div class=\"elementor-element elementor-element-f435937 elementor-widget elementor-widget-shortcode\" data-id=\"f435937\" data-element_type=\"widget\" data-e-type=\"widget\" data-widget_type=\"shortcode.default\">\n\t\t\t\t\t\t\t<div class=\"elementor-shortcode\"><nav aria-label=\"breadcrumbs\" class=\"rank-math-breadcrumb\"><p><span class=\"last\">Home<\/span><\/p><\/nav><\/div>\n\t\t\t\t\t\t<\/div>\n\t\t\t\t\t<\/div>\n\t\t\t\t<\/div>\n\t\t\t\t<\/div>\n\t\t\t\t<\/div>\n\t\t\t\t\t\t<\/div>\n\t\t\t\t<\/div>\n\t\t\t\t<\/div>\n\t\t<div class=\"elementor-element elementor-element-8acff99 e-flex e-con-boxed e-con e-parent\" data-id=\"8acff99\" data-element_type=\"container\" data-e-type=\"container\">\n\t\t\t\t\t<div class=\"e-con-inner\">\n\t\t<div class=\"elementor-element elementor-element-6d4df5f e-con-full e-flex e-con e-child\" data-id=\"6d4df5f\" data-element_type=\"container\" data-e-type=\"container\">\n\t\t\t\t<div class=\"elementor-element elementor-element-2d26cd9 elementor-widget elementor-widget-image\" data-id=\"2d26cd9\" data-element_type=\"widget\" data-e-type=\"widget\" data-widget_type=\"image.default\">\n\t\t\t\t\t\t\t\t\t\t\t\t\t\t\t\t<a href=\"https:\/\/www.catene3c.it\/wp-content\/uploads\/2023\/12\/3c-catene-finitura-verniciata-tricolore.jpg\" data-elementor-open-lightbox=\"yes\" data-e-action-hash=\"#elementor-action%3Aaction%3Dlightbox%26settings%3DeyJpZCI6MjUyMSwidXJsIjoiaHR0cHM6XC9cL3d3dy5jYXRlbmUzYy5pdFwvd3AtY29udGVudFwvdXBsb2Fkc1wvMjAyM1wvMTJcLzNjLWNhdGVuZS1maW5pdHVyYS12ZXJuaWNpYXRhLXRyaWNvbG9yZS5qcGcifQ%3D%3D\">\n\t\t\t\t\t\t\t<img fetchpriority=\"high\" decoding=\"async\" width=\"500\" height=\"200\" src=\"https:\/\/www.catene3c.it\/wp-content\/uploads\/2023\/12\/3c-catene-finitura-verniciata-tricolore.jpg\" class=\"attachment-large size-large wp-image-2521\" alt=\"3C Catene -\" srcset=\"https:\/\/www.catene3c.it\/wp-content\/uploads\/2023\/12\/3c-catene-finitura-verniciata-tricolore.jpg 500w, https:\/\/www.catene3c.it\/wp-content\/uploads\/2023\/12\/3c-catene-finitura-verniciata-tricolore-300x120.jpg 300w\" sizes=\"(max-width: 500px) 100vw, 500px\" title=\"3C Catene -\">\t\t\t\t\t\t\t\t<\/a>\n\t\t\t\t\t\t\t\t\t\t\t\t\t\t\t<\/div>\n\t\t\t\t<div class=\"elementor-element elementor-element-37f2c8e elementor-widget elementor-widget-image\" data-id=\"37f2c8e\" data-element_type=\"widget\" data-e-type=\"widget\" data-widget_type=\"image.default\">\n\t\t\t\t\t\t\t\t\t\t\t\t\t\t\t\t<a href=\"https:\/\/www.catene3c.it\/wp-content\/uploads\/2023\/12\/3c-catene-finitura-verniciata-tricolore-bg.jpg\" data-elementor-open-lightbox=\"yes\" data-e-action-hash=\"#elementor-action%3Aaction%3Dlightbox%26settings%3DeyJpZCI6MjY0OSwidXJsIjoiaHR0cHM6XC9cL3d3dy5jYXRlbmUzYy5pdFwvd3AtY29udGVudFwvdXBsb2Fkc1wvMjAyM1wvMTJcLzNjLWNhdGVuZS1maW5pdHVyYS12ZXJuaWNpYXRhLXRyaWNvbG9yZS1iZy5qcGcifQ%3D%3D\">\n\t\t\t\t\t\t\t<img decoding=\"async\" width=\"800\" height=\"322\" src=\"https:\/\/www.catene3c.it\/wp-content\/uploads\/2023\/12\/3c-catene-finitura-verniciata-tricolore-bg.jpg\" class=\"attachment-large size-large wp-image-2649\" alt=\"3C Catene -\" srcset=\"https:\/\/www.catene3c.it\/wp-content\/uploads\/2023\/12\/3c-catene-finitura-verniciata-tricolore-bg.jpg 1000w, https:\/\/www.catene3c.it\/wp-content\/uploads\/2023\/12\/3c-catene-finitura-verniciata-tricolore-bg-300x121.jpg 300w, https:\/\/www.catene3c.it\/wp-content\/uploads\/2023\/12\/3c-catene-finitura-verniciata-tricolore-bg-768x310.jpg 768w, https:\/\/www.catene3c.it\/wp-content\/uploads\/2023\/12\/3c-catene-finitura-verniciata-tricolore-bg-600x242.jpg 600w\" sizes=\"(max-width: 800px) 100vw, 800px\" title=\"3C Catene -\">\t\t\t\t\t\t\t\t<\/a>\n\t\t\t\t\t\t\t\t\t\t\t\t\t\t\t<\/div>\n\t\t\t\t<div class=\"elementor-element elementor-element-13a0bc1 elementor-widget elementor-widget-gallery\" data-id=\"13a0bc1\" data-element_type=\"widget\" data-e-type=\"widget\" data-settings=\"{&quot;gap&quot;:{&quot;unit&quot;:&quot;px&quot;,&quot;size&quot;:0,&quot;sizes&quot;:[]},&quot;columns_tablet&quot;:7,&quot;columns_mobile&quot;:4,&quot;gap_tablet&quot;:{&quot;unit&quot;:&quot;px&quot;,&quot;size&quot;:0,&quot;sizes&quot;:[]},&quot;gap_mobile&quot;:{&quot;unit&quot;:&quot;px&quot;,&quot;size&quot;:0,&quot;sizes&quot;:[]},&quot;gallery_layout&quot;:&quot;grid&quot;,&quot;columns&quot;:4,&quot;link_to&quot;:&quot;file&quot;,&quot;aspect_ratio&quot;:&quot;3:2&quot;,&quot;overlay_background&quot;:&quot;yes&quot;,&quot;content_hover_animation&quot;:&quot;fade-in&quot;}\" data-widget_type=\"gallery.default\">\n\t\t\t\t\t\t\t<div class=\"elementor-gallery__container\">\n\t\t\t\t\t\t\t<a class=\"e-gallery-item elementor-gallery-item elementor-animated-content\" href=\"https:\/\/www.catene3c.it\/wp-content\/uploads\/2023\/12\/3c-catene-finitura-verniciata-bianca.jpg\" data-elementor-open-lightbox=\"yes\" data-elementor-lightbox-slideshow=\"13a0bc1\" data-e-action-hash=\"#elementor-action%3Aaction%3Dlightbox%26settings%3DeyJpZCI6MTg5MiwidXJsIjoiaHR0cHM6XC9cL3d3dy5jYXRlbmUzYy5pdFwvd3AtY29udGVudFwvdXBsb2Fkc1wvMjAyM1wvMTJcLzNjLWNhdGVuZS1maW5pdHVyYS12ZXJuaWNpYXRhLWJpYW5jYS5qcGciLCJzbGlkZXNob3ciOiIxM2EwYmMxIn0%3D\">\n\t\t\t\t\t<div class=\"e-gallery-image elementor-gallery-item__image\" data-thumbnail=\"https:\/\/www.catene3c.it\/wp-content\/uploads\/2023\/12\/3c-catene-finitura-verniciata-bianca-300x120.jpg\" data-width=\"300\" data-height=\"120\" aria-label=\"\" role=\"img\" ><\/div>\n\t\t\t\t\t\t\t\t\t\t\t<div class=\"elementor-gallery-item__overlay\"><\/div>\n\t\t\t\t\t\t\t\t\t\t\t\t\t\t<\/a>\n\t\t\t\t\t\t\t<a class=\"e-gallery-item elementor-gallery-item elementor-animated-content\" href=\"https:\/\/www.catene3c.it\/wp-content\/uploads\/2023\/12\/3c-catene-finitura-verniciata-blu.jpg\" data-elementor-open-lightbox=\"yes\" data-elementor-lightbox-slideshow=\"13a0bc1\" data-e-action-hash=\"#elementor-action%3Aaction%3Dlightbox%26settings%3DeyJpZCI6MTg5MSwidXJsIjoiaHR0cHM6XC9cL3d3dy5jYXRlbmUzYy5pdFwvd3AtY29udGVudFwvdXBsb2Fkc1wvMjAyM1wvMTJcLzNjLWNhdGVuZS1maW5pdHVyYS12ZXJuaWNpYXRhLWJsdS5qcGciLCJzbGlkZXNob3ciOiIxM2EwYmMxIn0%3D\">\n\t\t\t\t\t<div class=\"e-gallery-image elementor-gallery-item__image\" data-thumbnail=\"https:\/\/www.catene3c.it\/wp-content\/uploads\/2023\/12\/3c-catene-finitura-verniciata-blu-300x120.jpg\" data-width=\"300\" data-height=\"120\" aria-label=\"\" role=\"img\" ><\/div>\n\t\t\t\t\t\t\t\t\t\t\t<div class=\"elementor-gallery-item__overlay\"><\/div>\n\t\t\t\t\t\t\t\t\t\t\t\t\t\t<\/a>\n\t\t\t\t\t\t\t<a class=\"e-gallery-item elementor-gallery-item elementor-animated-content\" href=\"https:\/\/www.catene3c.it\/wp-content\/uploads\/2023\/12\/3c-catene-finitura-verniciata-nera.jpg\" data-elementor-open-lightbox=\"yes\" data-elementor-lightbox-slideshow=\"13a0bc1\" data-e-action-hash=\"#elementor-action%3Aaction%3Dlightbox%26settings%3DeyJpZCI6MTg5MCwidXJsIjoiaHR0cHM6XC9cL3d3dy5jYXRlbmUzYy5pdFwvd3AtY29udGVudFwvdXBsb2Fkc1wvMjAyM1wvMTJcLzNjLWNhdGVuZS1maW5pdHVyYS12ZXJuaWNpYXRhLW5lcmEuanBnIiwic2xpZGVzaG93IjoiMTNhMGJjMSJ9\">\n\t\t\t\t\t<div class=\"e-gallery-image elementor-gallery-item__image\" data-thumbnail=\"https:\/\/www.catene3c.it\/wp-content\/uploads\/2023\/12\/3c-catene-finitura-verniciata-nera-300x120.jpg\" data-width=\"300\" data-height=\"120\" aria-label=\"\" role=\"img\" ><\/div>\n\t\t\t\t\t\t\t\t\t\t\t<div class=\"elementor-gallery-item__overlay\"><\/div>\n\t\t\t\t\t\t\t\t\t\t\t\t\t\t<\/a>\n\t\t\t\t\t\t\t<a class=\"e-gallery-item elementor-gallery-item elementor-animated-content\" href=\"https:\/\/www.catene3c.it\/wp-content\/uploads\/2023\/12\/3c-catene-finitura-verniciata-rossa.jpg\" data-elementor-open-lightbox=\"yes\" data-elementor-lightbox-slideshow=\"13a0bc1\" data-e-action-hash=\"#elementor-action%3Aaction%3Dlightbox%26settings%3DeyJpZCI6MTg4OSwidXJsIjoiaHR0cHM6XC9cL3d3dy5jYXRlbmUzYy5pdFwvd3AtY29udGVudFwvdXBsb2Fkc1wvMjAyM1wvMTJcLzNjLWNhdGVuZS1maW5pdHVyYS12ZXJuaWNpYXRhLXJvc3NhLmpwZyIsInNsaWRlc2hvdyI6IjEzYTBiYzEifQ%3D%3D\">\n\t\t\t\t\t<div class=\"e-gallery-image elementor-gallery-item__image\" data-thumbnail=\"https:\/\/www.catene3c.it\/wp-content\/uploads\/2023\/12\/3c-catene-finitura-verniciata-rossa-300x120.jpg\" data-width=\"300\" data-height=\"120\" aria-label=\"\" role=\"img\" ><\/div>\n\t\t\t\t\t\t\t\t\t\t\t<div class=\"elementor-gallery-item__overlay\"><\/div>\n\t\t\t\t\t\t\t\t\t\t\t\t\t\t<\/a>\n\t\t\t\t\t\t\t<a class=\"e-gallery-item elementor-gallery-item elementor-animated-content\" href=\"https:\/\/www.catene3c.it\/wp-content\/uploads\/2023\/12\/3c-catene-finitura-verniciata-verde.jpg\" data-elementor-open-lightbox=\"yes\" data-elementor-lightbox-slideshow=\"13a0bc1\" data-e-action-hash=\"#elementor-action%3Aaction%3Dlightbox%26settings%3DeyJpZCI6MTg4OCwidXJsIjoiaHR0cHM6XC9cL3d3dy5jYXRlbmUzYy5pdFwvd3AtY29udGVudFwvdXBsb2Fkc1wvMjAyM1wvMTJcLzNjLWNhdGVuZS1maW5pdHVyYS12ZXJuaWNpYXRhLXZlcmRlLmpwZyIsInNsaWRlc2hvdyI6IjEzYTBiYzEifQ%3D%3D\">\n\t\t\t\t\t<div class=\"e-gallery-image elementor-gallery-item__image\" data-thumbnail=\"https:\/\/www.catene3c.it\/wp-content\/uploads\/2023\/12\/3c-catene-finitura-verniciata-verde-300x120.jpg\" data-width=\"300\" data-height=\"120\" aria-label=\"\" role=\"img\" ><\/div>\n\t\t\t\t\t\t\t\t\t\t\t<div class=\"elementor-gallery-item__overlay\"><\/div>\n\t\t\t\t\t\t\t\t\t\t\t\t\t\t<\/a>\n\t\t\t\t\t\t\t<a class=\"e-gallery-item elementor-gallery-item elementor-animated-content\" href=\"https:\/\/www.catene3c.it\/wp-content\/uploads\/2023\/12\/3c-catene-finitura-verniciata-gialla.jpg\" data-elementor-open-lightbox=\"yes\" data-elementor-lightbox-slideshow=\"13a0bc1\" data-e-action-hash=\"#elementor-action%3Aaction%3Dlightbox%26settings%3DeyJpZCI6MTg4NywidXJsIjoiaHR0cHM6XC9cL3d3dy5jYXRlbmUzYy5pdFwvd3AtY29udGVudFwvdXBsb2Fkc1wvMjAyM1wvMTJcLzNjLWNhdGVuZS1maW5pdHVyYS12ZXJuaWNpYXRhLWdpYWxsYS5qcGciLCJzbGlkZXNob3ciOiIxM2EwYmMxIn0%3D\">\n\t\t\t\t\t<div class=\"e-gallery-image elementor-gallery-item__image\" data-thumbnail=\"https:\/\/www.catene3c.it\/wp-content\/uploads\/2023\/12\/3c-catene-finitura-verniciata-gialla-300x120.jpg\" data-width=\"300\" data-height=\"120\" aria-label=\"\" role=\"img\" ><\/div>\n\t\t\t\t\t\t\t\t\t\t\t<div class=\"elementor-gallery-item__overlay\"><\/div>\n\t\t\t\t\t\t\t\t\t\t\t\t\t\t<\/a>\n\t\t\t\t\t\t\t<a class=\"e-gallery-item elementor-gallery-item elementor-animated-content\" href=\"https:\/\/www.catene3c.it\/wp-content\/uploads\/2023\/12\/3c-catene-finitura-verniciata-marrone.jpg\" data-elementor-open-lightbox=\"yes\" data-elementor-lightbox-slideshow=\"13a0bc1\" data-e-action-hash=\"#elementor-action%3Aaction%3Dlightbox%26settings%3DeyJpZCI6MTg4NiwidXJsIjoiaHR0cHM6XC9cL3d3dy5jYXRlbmUzYy5pdFwvd3AtY29udGVudFwvdXBsb2Fkc1wvMjAyM1wvMTJcLzNjLWNhdGVuZS1maW5pdHVyYS12ZXJuaWNpYXRhLW1hcnJvbmUuanBnIiwic2xpZGVzaG93IjoiMTNhMGJjMSJ9\">\n\t\t\t\t\t<div class=\"e-gallery-image elementor-gallery-item__image\" data-thumbnail=\"https:\/\/www.catene3c.it\/wp-content\/uploads\/2023\/12\/3c-catene-finitura-verniciata-marrone-300x120.jpg\" data-width=\"300\" data-height=\"120\" aria-label=\"\" role=\"img\" ><\/div>\n\t\t\t\t\t\t\t\t\t\t\t<div class=\"elementor-gallery-item__overlay\"><\/div>\n\t\t\t\t\t\t\t\t\t\t\t\t\t\t<\/a>\n\t\t\t\t\t<\/div>\n\t\t\t\t\t<\/div>\n\t\t\t\t<\/div>\n\t\t<div class=\"elementor-element elementor-element-6071b4f e-con-full e-flex e-con e-child\" data-id=\"6071b4f\" data-element_type=\"container\" data-e-type=\"container\">\n\t\t\t\t<div class=\"elementor-element elementor-element-aceebdf elementor-widget elementor-widget-text-editor\" data-id=\"aceebdf\" data-element_type=\"widget\" data-e-type=\"widget\" data-widget_type=\"text-editor.default\">\n\t\t\t\t\t\t\t\t\t<p><strong>Typologie de rev\u00eatement:<\/strong> PEINTURE \u00c0 LA POUDRE. Le traitement consiste \u00e0 peindre la cha\u00eene avec de la peinture \u00e0 la poudre et \u00e0 la cuire ensuite dans le four, o\u00f9 en raison de la temp\u00e9rature la peinture fond d\u2019abord puis se polym\u00e9rise en donnant une couche adh\u00e9rente. Outre \u00e0 donner un aspect esth\u00e9tique, la peinture ralentit le processus d&rsquo;oxydation au contact des agents atmosph\u00e9riques.  <\/p>\n<p><strong>Caract\u00e9ristiques du rev\u00eatement:<\/strong> l\u2019\u00e9paisseur standard de tropicalisation est de 100 micron. Pour augmenter la r\u00e9sistance aux agents atmosph\u00e9riques il est possible d\u2019avoir la peinture pr\u00e9-zingu\u00e9e. <\/p>\n<p><strong>Domaine d\u2019application:<\/strong> la cha\u00eene tropicalis\u00e9e est appropri\u00e9e aussi bien aux environnements internes qu\u2019\u00e0 ceux externes.<\/p>\n<p><strong>Secteurs d\u2019utilisation:<\/strong> v\u00eatements, chaussures\/articles en cuir, agriculture, ameublement d&rsquo;ext\u00e9rieur et d\u2019int\u00e9rieur, quincaillerie, floriculture, industrie en g\u00e9n\u00e9ral, installation industrielle, nautique, zootechnie.<\/p>\n<p><strong>Idon\u00e9it\u00e9:<\/strong> REACH, ROHS.<\/p>\n<p><strong>Note:<\/strong> peinture disponible dans les couleurs suivantes :<br \/>BLANC \u2013 BLEU \u2013 NOIR \u2013 ROUGE \u2013 VERT \u2013 JAUNE \u2013 MARRON.<\/p>\n<p>La finition peinte n\u2019est disponible que pour les cha\u00eenes \u00e0 partir d\u2019un diam\u00e8tre de 2 mm.<\/p>\n\t\t\t\t\t\t\t\t<\/div>\n\t\t\t\t<\/div>\n\t\t\t\t\t<\/div>\n\t\t\t\t<\/div>\n\t\t<div class=\"elementor-element elementor-element-9606cc7 e-flex e-con-boxed e-con e-parent\" data-id=\"9606cc7\" data-element_type=\"container\" data-e-type=\"container\">\n\t\t\t\t\t<div class=\"e-con-inner\">\n\t\t\t\t<div class=\"elementor-element elementor-element-282d883 elementor-mobile-align-justify elementor-widget elementor-widget-button\" data-id=\"282d883\" data-element_type=\"widget\" data-e-type=\"widget\" data-widget_type=\"button.default\">\n\t\t\t\t\t\t\t\t\t\t<a class=\"elementor-button elementor-button-link elementor-size-sm\" href=\"https:\/\/www.catene3c.it\/fr\/finitions\/\">\n\t\t\t\t\t\t<span class=\"elementor-button-content-wrapper\">\n\t\t\t\t\t\t\t\t\t<span class=\"elementor-button-text\">Retour aux finitions<\/span>\n\t\t\t\t\t<\/span>\n\t\t\t\t\t<\/a>\n\t\t\t\t\t\t\t\t<\/div>\n\t\t\t\t<div class=\"elementor-element elementor-element-75640b9 elementor-mobile-align-justify elementor-widget elementor-widget-button\" data-id=\"75640b9\" data-element_type=\"widget\" data-e-type=\"widget\" data-widget_type=\"button.default\">\n\t\t\t\t\t\t\t\t\t\t<a class=\"elementor-button elementor-button-link elementor-size-sm\" href=\"https:\/\/www.catene3c.it\/fr\/catalogue\/\">\n\t\t\t\t\t\t<span class=\"elementor-button-content-wrapper\">\n\t\t\t\t\t\t\t\t\t<span class=\"elementor-button-text\">Consultez notre catalogue<\/span>\n\t\t\t\t\t<\/span>\n\t\t\t\t\t<\/a>\n\t\t\t\t\t\t\t\t<\/div>\n\t\t\t\t<div class=\"elementor-element elementor-element-37caa2d elementor-mobile-align-justify show-for-catalogo elementor-widget elementor-widget-button\" data-id=\"37caa2d\" data-element_type=\"widget\" data-e-type=\"widget\" id=\"go-back\" data-widget_type=\"button.default\">\n\t\t\t\t\t\t\t\t\t\t<a class=\"elementor-button elementor-button-link elementor-size-sm\" href=\"#\">\n\t\t\t\t\t\t<span class=\"elementor-button-content-wrapper\">\n\t\t\t\t\t\t\t\t\t<span class=\"elementor-button-text\">Retour au catalogue<\/span>\n\t\t\t\t\t<\/span>\n\t\t\t\t\t<\/a>\n\t\t\t\t\t\t\t\t<\/div>\n\t\t\t\t\t<\/div>\n\t\t\t\t<\/div>\n\t\t\t\t<\/div>\n\t\t","protected":false},"excerpt":{"rendered":"<p>Typologie de rev\u00eatement: PEINTURE \u00c0 LA POUDRE. Le traitement consiste \u00e0 peindre la cha\u00eene avec de la peinture \u00e0 la poudre et \u00e0 la cuire ensuite dans le four, o\u00f9 en raison de la temp\u00e9rature la peinture fond d\u2019abord puis se polym\u00e9rise en donnant une couche adh\u00e9rente. Outre \u00e0 donner un aspect esth\u00e9tique, la peinture [&hellip;]<\/p>\n","protected":false},"author":6,"featured_media":0,"parent":7527,"menu_order":0,"comment_status":"closed","ping_status":"closed","template":"","meta":{"footnotes":""},"class_list":["post-8024","page","type-page","status-publish","hentry"],"_links":{"self":[{"href":"https:\/\/www.catene3c.it\/fr\/wp-json\/wp\/v2\/pages\/8024","targetHints":{"allow":["GET"]}}],"collection":[{"href":"https:\/\/www.catene3c.it\/fr\/wp-json\/wp\/v2\/pages"}],"about":[{"href":"https:\/\/www.catene3c.it\/fr\/wp-json\/wp\/v2\/types\/page"}],"author":[{"embeddable":true,"href":"https:\/\/www.catene3c.it\/fr\/wp-json\/wp\/v2\/users\/6"}],"replies":[{"embeddable":true,"href":"https:\/\/www.catene3c.it\/fr\/wp-json\/wp\/v2\/comments?post=8024"}],"version-history":[{"count":2,"href":"https:\/\/www.catene3c.it\/fr\/wp-json\/wp\/v2\/pages\/8024\/revisions"}],"predecessor-version":[{"id":8878,"href":"https:\/\/www.catene3c.it\/fr\/wp-json\/wp\/v2\/pages\/8024\/revisions\/8878"}],"up":[{"embeddable":true,"href":"https:\/\/www.catene3c.it\/fr\/wp-json\/wp\/v2\/pages\/7527"}],"wp:attachment":[{"href":"https:\/\/www.catene3c.it\/fr\/wp-json\/wp\/v2\/media?parent=8024"}],"curies":[{"name":"wp","href":"https:\/\/api.w.org\/{rel}","templated":true}]}}